{"id":12145,"date":"2021-03-29T14:55:11","date_gmt":"2021-03-29T14:55:11","guid":{"rendered":"https:\/\/multiprovenir.wpenginepowered.com\/etica-y-cumplimiento\/"},"modified":"2026-03-31T15:46:26","modified_gmt":"2026-03-31T15:46:26","slug":"etica-y-cumplimiento","status":"publish","type":"page","link":"https:\/\/www.provenir.com\/es\/etica-y-cumplimiento\/","title":{"rendered":"\u00c9tica y Cumplimiento"},"content":{"rendered":"<h1>\u00c9tica y Cumplimiento<\/h1>\n<div>\n<p>En Provenir, actuamos con integridad y responsabilidad en todo lo que hacemos. Animamos a cualquier persona a plantear inquietudes o reportar comportamientos que no parezcan adecuados, ya sea en relaci\u00f3n con la \u00e9tica, el cumplimiento o nuestros est\u00e1ndares de conducta.<\/p>\n<p>Todas las inquietudes se toman en serio, se tratan de forma confidencial y se revisan de manera independiente para garantizar que se aborden correctamente y sin represalias.<\/p>\n<p><a href=\"mailto:contact@provenir.com\">Cont\u00e1ctenos<\/a><\/div>\n<p><!--more--><br \/>\n<!-- {\"type\":\"layout\",\"children\":[{\"type\":\"section\",\"props\":{\"animation\":\"slide-bottom-small\",\"header_transparent\":true,\"header_transparent_noplaceholder\":true,\"header_transparent_text_color\":\"light\",\"image\":\"wp-content\/uploads\/hero-bg.svg\",\"image_position\":\"bottom-center\",\"image_size\":\"cover\",\"media_background\":\"#120226\",\"padding_bottom\":\"large\",\"padding_top\":\"large\",\"style\":\"secondary\",\"title_breakpoint\":\"xl\",\"title_position\":\"top-left\",\"title_rotation\":\"left\",\"vertical_align\":\"\",\"width\":\"default\"},\"children\":[{\"type\":\"row\",\"children\":[{\"type\":\"column\",\"props\":{\"image_position\":\"center-center\",\"position_sticky_breakpoint\":\"m\"},\"children\":[{\"type\":\"headline\",\"props\":{\"content\":\"\u00c9tica y Cumplimiento\",\"image_align\":\"left\",\"image_margin\":\"xsmall\",\"margin_bottom\":\"medium\",\"margin_top\":\"remove\",\"text_align\":\"center\",\"title_color\":\"background\",\"title_element\":\"h1\",\"title_style\":\"heading-medium\"}},{\"type\":\"text\",\"props\":{\"block_align\":\"center\",\"column_breakpoint\":\"m\",\"content\":\"\n\n<p>En Provenir, actuamos con integridad y responsabilidad en todo lo que hacemos. Animamos a cualquier persona a plantear inquietudes o reportar comportamientos que no parezcan adecuados, ya sea en relaci\u00f3n con la \u00e9tica, el cumplimiento o nuestros est\u00e1ndares de conducta.<\/p>\n\n\\n\\n\n\n<p>Todas las inquietudes se toman en serio, se tratan de forma confidencial y se revisan de manera independiente para garantizar que se aborden correctamente y sin represalias.<\/p>\n\n\\n<a href=\\\"mailto:contact@provenir.com\\\">Cont\u00e1ctenos<\/a>\",\"margin_bottom\":\"\",\"margin_top\":\"\",\"maxwidth\":\"2xlarge\",\"text_align\":\"center\",\"text_style\":\"large\"}}]}]},{\"type\":\"row\",\"children\":[{\"type\":\"column\",\"props\":{\"image_position\":\"center-center\",\"position_sticky_breakpoint\":\"m\"}}]}],\"name\":\"home-hero\"}],\"version\":\"5.0.25\",\"yooessentialsVersion\":\"3.0.2\"} --><\/p>\n","protected":false},"excerpt":{"rendered":"<p>\u00c9tica y Cumplimiento En Provenir, actuamos con integridad y responsabilidad en todo lo que hacemos. Animamos a cualquier persona a plantear inquietudes o reportar comportamientos que no parezcan adecuados, ya sea en relaci\u00f3n con la \u00e9tica, el cumplimiento o nuestros est\u00e1ndares de conducta. Todas las inquietudes se toman en serio, se tratan de forma confidencial [&hellip;]<\/p>\n","protected":false},"author":1,"featured_media":0,"parent":0,"menu_order":348,"comment_status":"closed","ping_status":"closed","template":"","meta":{"_acf_changed":false,"footnotes":""},"industry":[],"class_list":["post-12145","page","type-page","status-publish","hentry"],"acf":[],"yoast_head":"<!-- This site is optimized with the Yoast SEO Premium plugin v27.5 (Yoast SEO v27.5) - https:\/\/yoast.com\/product\/yoast-seo-premium-wordpress\/ -->\n<title>\u00c9tica y Cumplimiento - Provenir-ES<\/title>\n<meta name=\"description\" content=\"En Provenir nos comprometemos a seguir los m\u00e1s altos est\u00e1ndares de conducta comercial entre los empleados, clientes y cualquier otro sujeto vinculado a Provenir.\" \/>\n<meta name=\"robots\" content=\"index, follow, max-snippet:-1, max-image-preview:large, max-video-preview:-1\" \/>\n<link rel=\"canonical\" href=\"https:\/\/www.provenir.com\/es\/etica-y-cumplimiento\/\" \/>\n<meta property=\"og:locale\" content=\"es_ES\" \/>\n<meta property=\"og:type\" content=\"article\" \/>\n<meta property=\"og:title\" content=\"\u00c9tica y Cumplimiento\" \/>\n<meta property=\"og:description\" content=\"En Provenir nos comprometemos a seguir los m\u00e1s altos est\u00e1ndares de conducta comercial entre los empleados, clientes y cualquier otro sujeto vinculado a Provenir.\" \/>\n<meta property=\"og:url\" content=\"https:\/\/www.provenir.com\/es\/etica-y-cumplimiento\/\" \/>\n<meta property=\"og:site_name\" content=\"Provenir-ES\" \/>\n<meta property=\"article:modified_time\" content=\"2026-03-31T15:46:26+00:00\" \/>\n<meta name=\"twitter:card\" content=\"summary_large_image\" \/>\n<meta name=\"twitter:label1\" content=\"Est. reading time\" \/>\n\t<meta name=\"twitter:data1\" content=\"1 minuto\" \/>\n<script type=\"application\/ld+json\" class=\"yoast-schema-graph\">{\"@context\":\"https:\\\/\\\/schema.org\",\"@graph\":[{\"@type\":\"WebPage\",\"@id\":\"https:\\\/\\\/www.provenir.com\\\/es\\\/etica-y-cumplimiento\\\/\",\"url\":\"https:\\\/\\\/www.provenir.com\\\/es\\\/etica-y-cumplimiento\\\/\",\"name\":\"\u00c9tica y Cumplimiento - Provenir-ES\",\"isPartOf\":{\"@id\":\"https:\\\/\\\/www.provenir.com\\\/es\\\/#website\"},\"datePublished\":\"2021-03-29T14:55:11+00:00\",\"dateModified\":\"2026-03-31T15:46:26+00:00\",\"description\":\"En Provenir nos comprometemos a seguir los m\u00e1s altos est\u00e1ndares de conducta comercial entre los empleados, clientes y cualquier otro sujeto vinculado a Provenir.\",\"breadcrumb\":{\"@id\":\"https:\\\/\\\/www.provenir.com\\\/es\\\/etica-y-cumplimiento\\\/#breadcrumb\"},\"inLanguage\":\"es\",\"potentialAction\":[{\"@type\":\"ReadAction\",\"target\":[\"https:\\\/\\\/www.provenir.com\\\/es\\\/etica-y-cumplimiento\\\/\"]}]},{\"@type\":\"BreadcrumbList\",\"@id\":\"https:\\\/\\\/www.provenir.com\\\/es\\\/etica-y-cumplimiento\\\/#breadcrumb\",\"itemListElement\":[{\"@type\":\"ListItem\",\"position\":1,\"name\":\"Home\",\"item\":\"https:\\\/\\\/www.provenir.com\\\/es\\\/\"},{\"@type\":\"ListItem\",\"position\":2,\"name\":\"\u00c9tica y Cumplimiento\"}]},{\"@type\":\"WebSite\",\"@id\":\"https:\\\/\\\/www.provenir.com\\\/es\\\/#website\",\"url\":\"https:\\\/\\\/www.provenir.com\\\/es\\\/\",\"name\":\"Provenir-ES\",\"description\":\"Toma de decisiones sobre riesgo crediticio impulsada por IA\",\"potentialAction\":[{\"@type\":\"SearchAction\",\"target\":{\"@type\":\"EntryPoint\",\"urlTemplate\":\"https:\\\/\\\/www.provenir.com\\\/es\\\/?s={search_term_string}\"},\"query-input\":{\"@type\":\"PropertyValueSpecification\",\"valueRequired\":true,\"valueName\":\"search_term_string\"}}],\"inLanguage\":\"es\"}]}<\/script>\n<!-- \/ Yoast SEO Premium plugin. -->","yoast_head_json":{"title":"\u00c9tica y Cumplimiento - Provenir-ES","description":"En Provenir nos comprometemos a seguir los m\u00e1s altos est\u00e1ndares de conducta comercial entre los empleados, clientes y cualquier otro sujeto vinculado a Provenir.","robots":{"index":"index","follow":"follow","max-snippet":"max-snippet:-1","max-image-preview":"max-image-preview:large","max-video-preview":"max-video-preview:-1"},"canonical":"https:\/\/www.provenir.com\/es\/etica-y-cumplimiento\/","og_locale":"es_ES","og_type":"article","og_title":"\u00c9tica y Cumplimiento","og_description":"En Provenir nos comprometemos a seguir los m\u00e1s altos est\u00e1ndares de conducta comercial entre los empleados, clientes y cualquier otro sujeto vinculado a Provenir.","og_url":"https:\/\/www.provenir.com\/es\/etica-y-cumplimiento\/","og_site_name":"Provenir-ES","article_modified_time":"2026-03-31T15:46:26+00:00","twitter_card":"summary_large_image","twitter_misc":{"Est. reading time":"1 minuto"},"schema":{"@context":"https:\/\/schema.org","@graph":[{"@type":"WebPage","@id":"https:\/\/www.provenir.com\/es\/etica-y-cumplimiento\/","url":"https:\/\/www.provenir.com\/es\/etica-y-cumplimiento\/","name":"\u00c9tica y Cumplimiento - Provenir-ES","isPartOf":{"@id":"https:\/\/www.provenir.com\/es\/#website"},"datePublished":"2021-03-29T14:55:11+00:00","dateModified":"2026-03-31T15:46:26+00:00","description":"En Provenir nos comprometemos a seguir los m\u00e1s altos est\u00e1ndares de conducta comercial entre los empleados, clientes y cualquier otro sujeto vinculado a Provenir.","breadcrumb":{"@id":"https:\/\/www.provenir.com\/es\/etica-y-cumplimiento\/#breadcrumb"},"inLanguage":"es","potentialAction":[{"@type":"ReadAction","target":["https:\/\/www.provenir.com\/es\/etica-y-cumplimiento\/"]}]},{"@type":"BreadcrumbList","@id":"https:\/\/www.provenir.com\/es\/etica-y-cumplimiento\/#breadcrumb","itemListElement":[{"@type":"ListItem","position":1,"name":"Home","item":"https:\/\/www.provenir.com\/es\/"},{"@type":"ListItem","position":2,"name":"\u00c9tica y Cumplimiento"}]},{"@type":"WebSite","@id":"https:\/\/www.provenir.com\/es\/#website","url":"https:\/\/www.provenir.com\/es\/","name":"Provenir-ES","description":"Toma de decisiones sobre riesgo crediticio impulsada por IA","potentialAction":[{"@type":"SearchAction","target":{"@type":"EntryPoint","urlTemplate":"https:\/\/www.provenir.com\/es\/?s={search_term_string}"},"query-input":{"@type":"PropertyValueSpecification","valueRequired":true,"valueName":"search_term_string"}}],"inLanguage":"es"}]}},"_links":{"self":[{"href":"https:\/\/www.provenir.com\/es\/wp-json\/wp\/v2\/pages\/12145","targetHints":{"allow":["GET"]}}],"collection":[{"href":"https:\/\/www.provenir.com\/es\/wp-json\/wp\/v2\/pages"}],"about":[{"href":"https:\/\/www.provenir.com\/es\/wp-json\/wp\/v2\/types\/page"}],"author":[{"embeddable":true,"href":"https:\/\/www.provenir.com\/es\/wp-json\/wp\/v2\/users\/1"}],"replies":[{"embeddable":true,"href":"https:\/\/www.provenir.com\/es\/wp-json\/wp\/v2\/comments?post=12145"}],"version-history":[{"count":0,"href":"https:\/\/www.provenir.com\/es\/wp-json\/wp\/v2\/pages\/12145\/revisions"}],"wp:attachment":[{"href":"https:\/\/www.provenir.com\/es\/wp-json\/wp\/v2\/media?parent=12145"}],"wp:term":[{"taxonomy":"industry","embeddable":true,"href":"https:\/\/www.provenir.com\/es\/wp-json\/wp\/v2\/industry?post=12145"}],"curies":[{"name":"wp","href":"https:\/\/api.w.org\/{rel}","templated":true}]}}