{"id":12262,"date":"2021-04-01T07:34:17","date_gmt":"2021-04-01T07:34:17","guid":{"rendered":"https:\/\/multiprovenir.wpenginepowered.com\/liderazgo\/"},"modified":"2026-01-30T15:08:40","modified_gmt":"2026-01-30T15:08:40","slug":"liderazgo","status":"publish","type":"page","link":"https:\/\/www.provenir.com\/es\/liderazgo\/","title":{"rendered":"Liderazgo"},"content":{"rendered":"<h1>Nuestro <span class=\"uk-text-background\">Equipo de Liderazgo<\/span><\/h1>\n<div>Haciendo realidad tu visi\u00f3n.<\/div>\n<div>\n<p>En Provenir, nos enorgullecemos de nuestra cultura, talento y tecnolog\u00eda. Nuestro equipo de liderazgo re\u00fane a un grupo diverso e innovador de personas cuya experiencia colectiva hace de Provenir la empresa fuerte y progresiva que es hoy\u2026 y que seguir\u00e1 siendo ma\u00f1ana.<\/p>\n<p>Su liderazgo gu\u00eda a nuestro equipo, formado por las mentes m\u00e1s brillantes de todo el mundo, para ampliar los l\u00edmites de la innovaci\u00f3n y crear valor con la tecnolog\u00eda.<\/p>\n<\/div>\n<h2>Conoce a las personas <span class=\"uk-text-background\">que impulsan tu negocio hacia adelante.<\/span><\/h2>\n<ul>\n<li>\n<p>        <img decoding=\"async\" src=\"\/es\/wp-content\/uploads\/2024\/06\/leadership-larry-smith-2024.jpg\" alt=\"\"><\/p>\n<div>Larry Smith<\/div>\n<div>Fundador y CEO<\/div>\n<p><a href=\"https:\/\/www.linkedin.com\/in\/lawrence-smith-43a03959\/\"><span uk-icon=\"linkedin\"><\/span><\/a><\/p>\n<\/li>\n<li>\n<p>        <img decoding=\"async\" src=\"\/es\/wp-content\/uploads\/2024\/06\/leadership-andres-elizondo-2024.jpg\" alt=\"\"><\/p>\n<div>Andres Elizondo<\/div>\n<div>Director financiero\n<\/div>\n<p><a href=\"https:\/\/www.linkedin.com\/in\/elizondoandres\/\"><span uk-icon=\"linkedin\"><\/span><\/a><\/p>\n<\/li>\n<li>\n<p>        <img decoding=\"async\" src=\"\/es\/wp-content\/uploads\/2024\/06\/leadership-carol-hamilton-2024.jpg\" alt=\"\"><\/p>\n<div>Carol Hamilton<\/div>\n<div>Directora de Producto<\/div>\n<p><a href=\"https:\/\/www.linkedin.com\/in\/carolhamiltonuk\/\"><span uk-icon=\"linkedin\"><\/span><\/a><\/p>\n<\/li>\n<li>\n<p>        <img decoding=\"async\" src=\"\/es\/wp-content\/uploads\/2024\/07\/leadership-lori-copeland-2024.jpg\" alt=\"\"><\/p>\n<div>Lori Copeland<\/div>\n<div>Directora de personal<\/div>\n<p><a href=\"https:\/\/www.linkedin.com\/in\/lori-copeland-116aa81a\/\"><span uk-icon=\"linkedin\"><\/span><\/a><\/p>\n<\/li>\n<li>\n<p>        <img decoding=\"async\" src=\"\/es\/wp-content\/uploads\/sites\/5\/2025\/03\/leadership-anand-shah-2024.jpg\" alt=\"anand-shah\"><\/p>\n<div>Anand Shah<\/div>\n<div>Chief Technology Officer<\/div>\n<p><a href=\"https:\/\/www.linkedin.com\/in\/anand-shah-38892a12\/\"><span uk-icon=\"linkedin\"><\/span><\/a><\/p>\n<\/li>\n<li>\n<p>        <img decoding=\"async\" src=\"\/es\/wp-content\/uploads\/2024\/06\/leadership-jose-luis-vargas-2024.jpg\" alt=\"\"><\/p>\n<div>Jose Luis Vargas Favero<\/div>\n<div>\n<p>EVP &amp; GM LATAM<\/p>\n<\/div>\n<p><a href=\"https:\/\/www.linkedin.com\/in\/joseluisvargasfavero\/\"><span uk-icon=\"linkedin\"><\/span><\/a><\/p>\n<\/li>\n<li>\n<p>        <img decoding=\"async\" src=\"\/es\/wp-content\/uploads\/2024\/06\/leadership-ryan-morrison-2024-2.jpg\" alt=\"provenir\"><\/p>\n<div>Ryan Morrison<\/div>\n<div>\n<p>EVP, Provenir Internacional<\/p>\n<\/div>\n<p><a href=\"https:\/\/www.linkedin.com\/in\/ryanmorrison06\/\"><span uk-icon=\"linkedin\"><\/span><\/a><\/p>\n<\/li>\n<li>\n<p>        <img decoding=\"async\" src=\"\/es\/wp-content\/uploads\/sites\/5\/2025\/06\/leadership-claire-2025-edit02-scaled.jpg\" alt=\"claire\"><\/p>\n<div>Claire Hartley<\/div>\n<div>Directora de Cumplimiento, DPO<\/div>\n<p><a href=\"https:\/\/www.linkedin.com\/in\/clairebhartley\/\"><span uk-icon=\"linkedin\"><\/span><\/a><\/p>\n<\/li>\n<\/ul>\n<p><!--more--><br \/>\n<!-- {\"type\":\"layout\",\"children\":[{\"type\":\"section\",\"props\":{\"animation\":\"slide-bottom-small\",\"header_transparent\":true,\"header_transparent_noplaceholder\":true,\"header_transparent_text_color\":\"light\",\"image\":\"wp-content\\\/uploads\\\/sites\\\/5\\\/2024\\\/10\\\/background-glow-03.svg\",\"image_position\":\"bottom-center\",\"image_size\":\"cover\",\"media_focal_point\":\"top-center\",\"padding\":\"xlarge\",\"padding_remove_bottom\":false,\"padding_remove_top\":false,\"style\":\"default\",\"title_breakpoint\":\"xl\",\"title_position\":\"top-left\",\"title_rotation\":\"left\",\"vertical_align\":\"\",\"width\":\"default\"},\"children\":[{\"type\":\"row\",\"children\":[{\"type\":\"column\",\"props\":{\"image_position\":\"center-center\",\"position_sticky_breakpoint\":\"m\"},\"children\":[{\"type\":\"headline\",\"props\":{\"content\":\"Nuestro <span class=\\\"uk-text-background\\\">Equipo de Liderazgo<\\\/span>\",\"margin\":\"medium\",\"margin_remove_top\":true,\"text_align\":\"center\",\"title_element\":\"h1\",\"title_style\":\"heading-medium\"},\"name\":\"H2 main page title\"},{\"type\":\"text\",\"props\":{\"block_align\":\"center\",\"column_breakpoint\":\"m\",\"content\":\"Haciendo realidad tu visi\\u00f3n.\",\"margin\":\"default\",\"maxwidth\":\"2xlarge\",\"text_align\":\"center\",\"text_style\":\"lead\"}},{\"type\":\"text\",\"props\":{\"block_align\":\"center\",\"column_breakpoint\":\"m\",\"content\":\"\n\n<p>En Provenir, nos enorgullecemos de nuestra cultura, talento y tecnolog\\u00eda. Nuestro equipo de liderazgo re\\u00fane a un grupo diverso e innovador de personas cuya experiencia colectiva hace de Provenir la empresa fuerte y progresiva que es hoy\\u2026 y que seguir\\u00e1 siendo ma\\u00f1ana.<\\\/p>\\n\\n\n\n<p>Su liderazgo gu\\u00eda a nuestro equipo, formado por las mentes m\\u00e1s brillantes de todo el mundo, para ampliar los l\\u00edmites de la innovaci\\u00f3n y crear valor con la tecnolog\\u00eda.<\\\/p>\",\"margin\":\"small\",\"maxwidth\":\"2xlarge\",\"text_align\":\"center\"}},{\"type\":\"headline\",\"props\":{\"content\":\"Conoce a las personas <span class=\\\"uk-text-background\\\">que impulsan tu negocio hacia adelante.<\\\/span>\",\"margin\":\"medium\",\"margin_remove_top\":false,\"text_align\":\"center\",\"title_element\":\"h2\",\"title_style\":\"h1\"}},{\"type\":\"gallery\",\"props\":{\"blend\":false,\"content_margin\":\"remove\",\"content_style\":\"text-meta\",\"css\":\".el-image {\\n border-radius:8px;\\n}\\n\\n.uk-icon>* {\\n    color: #00e3d3;\\n}\\n\\n.el-content {\\n\\tfont-size:14px;\\n}\\n\\n.uk-overlay-default {\\n    --uk-inverse: light;\\n    backdrop-filter: blur(15px);\\n    background: rgba(23, 13, 53, 0.75);\\n    border-radius:5px;\\n}\",\"filter\":false,\"filter_align\":\"left\",\"filter_all\":true,\"filter_grid_breakpoint\":\"m\",\"filter_grid_width\":\"auto\",\"filter_position\":\"top\",\"filter_style\":\"tab\",\"grid_column_align\":false,\"grid_column_gap\":\"small\",\"grid_default\":\"1\",\"grid_divider\":false,\"grid_large\":\"4\",\"grid_medium\":\"4\",\"grid_parallax_justify\":false,\"grid_row_align\":false,\"grid_row_gap\":\"small\",\"grid_small\":\"2\",\"grid_xlarge\":\"4\",\"image_border\":\"rounded\",\"image_box_decoration\":\"shadow\",\"image_height\":\"1540\",\"image_orientation\":false,\"image_transition_border\":false,\"image_width\":\"1140\",\"item_animation\":true,\"lightbox\":false,\"lightbox_bg_close\":true,\"lightbox_image_orientation\":true,\"link_margin\":\"remove\",\"link_style\":\"link-text\",\"link_target\":true,\"link_text\":\"\",\"margin\":\"\",\"margin_remove_bottom\":false,\"meta_align\":\"below-title\",\"meta_element\":\"div\",\"meta_style\":\"text-meta\",\"overlay_hover\":false,\"overlay_link\":false,\"overlay_margin\":\"small\",\"overlay_mode\":\"caption\",\"overlay_padding\":\"small\",\"overlay_position\":\"bottom\",\"overlay_style\":\"overlay-default\",\"overlay_transition\":\"fade\",\"parallax_easing\":\"1\",\"show_content\":true,\"show_hover_image\":false,\"show_hover_video\":false,\"show_link\":true,\"show_meta\":false,\"show_title\":true,\"text_align\":\"left\",\"text_color\":\"\",\"title_element\":\"div\",\"title_hover_style\":\"reset\",\"title_margin\":\"small\",\"title_style\":\"h5\"},\"children\":[{\"type\":\"gallery_item\",\"props\":{\"content\":\"Fundador y CEO\",\"image\":\"wp-content\\\/uploads\\\/2024\\\/06\\\/leadership-larry-smith-2024.jpg\",\"link\":\"https:\\\/\\\/www.linkedin.com\\\/in\\\/lawrence-smith-43a03959\\\/\",\"link_text\":\"<span uk-icon=\\\"linkedin\\\"><\\\/span>\",\"title\":\"Larry Smith\"}},{\"type\":\"gallery_item\",\"props\":{\"content\":\"Director financiero\\n\",\"image\":\"wp-content\\\/uploads\\\/2024\\\/06\\\/leadership-andres-elizondo-2024.jpg\",\"link\":\"https:\\\/\\\/www.linkedin.com\\\/in\\\/elizondoandres\\\/\",\"link_text\":\"<span uk-icon=\\\"linkedin\\\"><\\\/span>\",\"title\":\"Andres Elizondo\"}},{\"type\":\"gallery_item\",\"props\":{\"content\":\"Directora de Producto\",\"image\":\"wp-content\\\/uploads\\\/2024\\\/06\\\/leadership-carol-hamilton-2024.jpg\",\"link\":\"https:\\\/\\\/www.linkedin.com\\\/in\\\/carolhamiltonuk\\\/\",\"link_text\":\"<span uk-icon=\\\"linkedin\\\"><\\\/span>\",\"title\":\"Carol Hamilton\"}},{\"type\":\"gallery_item\",\"props\":{\"content\":\"Directora de personal\",\"image\":\"wp-content\\\/uploads\\\/2024\\\/07\\\/leadership-lori-copeland-2024.jpg\",\"link\":\"https:\\\/\\\/www.linkedin.com\\\/in\\\/lori-copeland-116aa81a\\\/\",\"link_text\":\"<span uk-icon=\\\"linkedin\\\"><\\\/span>\",\"title\":\"Lori Copeland\"}},{\"type\":\"gallery_item\",\"props\":{\"content\":\"Chief Technology Officer\",\"image\":\"wp-content\\\/uploads\\\/sites\\\/5\\\/2025\\\/03\\\/leadership-anand-shah-2024.jpg\",\"image_alt\":\"anand-shah\",\"link\":\"https:\\\/\\\/www.linkedin.com\\\/in\\\/anand-shah-38892a12\\\/\",\"link_text\":\"<span uk-icon=\\\"linkedin\\\"><\\\/span>\",\"title\":\"Anand Shah\"}},{\"type\":\"gallery_item\",\"props\":{\"content\":\"\n\n<p>EVP &amp; GM LATAM<\\\/p>\",\"image\":\"wp-content\\\/uploads\\\/2024\\\/06\\\/leadership-jose-luis-vargas-2024.jpg\",\"link\":\"https:\\\/\\\/www.linkedin.com\\\/in\\\/joseluisvargasfavero\\\/\",\"link_text\":\"<span uk-icon=\\\"linkedin\\\"><\\\/span>\",\"title\":\"Jose Luis Vargas Favero\"}},{\"type\":\"gallery_item\",\"props\":{\"content\":\"\n\n<p>EVP, Provenir Internacional<\\\/p>\",\"image\":\"wp-content\\\/uploads\\\/2024\\\/06\\\/leadership-ryan-morrison-2024-2.jpg\",\"image_alt\":\"provenir\",\"image_focal_point\":\"top-center\",\"link\":\"https:\\\/\\\/www.linkedin.com\\\/in\\\/ryanmorrison06\\\/\",\"link_text\":\"<span uk-icon=\\\"linkedin\\\"><\\\/span>\",\"title\":\"Ryan Morrison\"}},{\"type\":\"gallery_item\",\"props\":{\"content\":\"Directora de Cumplimiento, DPO\",\"image\":\"wp-content\\\/uploads\\\/sites\\\/5\\\/2025\\\/06\\\/leadership-claire-2025-edit02-scaled.jpg\",\"image_alt\":\"claire\",\"link\":\"https:\\\/\\\/www.linkedin.com\\\/in\\\/clairebhartley\\\/\",\"link_text\":\"<span uk-icon=\\\"linkedin\\\"><\\\/span>\",\"title\":\"Claire Hartley\"}}]}]}]}],\"name\":\"Block - home-hero\"}],\"version\":\"4.5.21\",\"yooessentialsVersion\":\"2.3.12\"} --><\/p>\n","protected":false},"excerpt":{"rendered":"<p>Nuestro Equipo de Liderazgo Haciendo realidad tu visi\u00f3n. En Provenir, nos enorgullecemos de nuestra cultura, talento y tecnolog\u00eda. Nuestro equipo de liderazgo re\u00fane a un grupo diverso e innovador de personas cuya experiencia colectiva hace de Provenir la empresa fuerte y progresiva que es hoy\u2026 y que seguir\u00e1 siendo ma\u00f1ana. Su liderazgo gu\u00eda a nuestro [&hellip;]<\/p>\n","protected":false},"author":1,"featured_media":657,"parent":0,"menu_order":410,"comment_status":"closed","ping_status":"closed","template":"","meta":{"_acf_changed":false,"footnotes":""},"industry":[],"class_list":["post-12262","page","type-page","status-publish","has-post-thumbnail","hentry"],"acf":[],"yoast_head":"<!-- This site is optimized with the Yoast SEO Premium plugin v27.3 (Yoast SEO v27.3) - https:\/\/yoast.com\/product\/yoast-seo-premium-wordpress\/ -->\n<title>Haciendo realidad tu visi\u00f3n - Provenir-ES<\/title>\n<meta name=\"description\" content=\"Nuestro equipo re\u00fane a un grupo diverso e innovador de personas cuya experiencia colectiva hace de Provenir una empresa l\u00edder en herramientas de diagn\u00f3stico y evaluaci\u00f3n de riesgos.\" \/>\n<meta name=\"robots\" content=\"index, follow, max-snippet:-1, max-image-preview:large, max-video-preview:-1\" \/>\n<link rel=\"canonical\" href=\"https:\/\/www.provenir.com\/es\/liderazgo\/\" \/>\n<meta property=\"og:locale\" content=\"es_ES\" \/>\n<meta property=\"og:type\" content=\"article\" \/>\n<meta property=\"og:title\" content=\"Liderazgo\" \/>\n<meta property=\"og:description\" content=\"Nuestro equipo re\u00fane a un grupo diverso e innovador de personas cuya experiencia colectiva hace de Provenir una empresa l\u00edder en herramientas de diagn\u00f3stico y evaluaci\u00f3n de riesgos.\" \/>\n<meta property=\"og:url\" content=\"https:\/\/www.provenir.com\/es\/liderazgo\/\" \/>\n<meta property=\"og:site_name\" content=\"Provenir-ES\" \/>\n<meta property=\"article:modified_time\" content=\"2026-01-30T15:08:40+00:00\" \/>\n<meta name=\"twitter:card\" content=\"summary_large_image\" \/>\n<meta name=\"twitter:label1\" content=\"Est. reading time\" \/>\n\t<meta name=\"twitter:data1\" content=\"3 minutos\" \/>\n<script type=\"application\/ld+json\" class=\"yoast-schema-graph\">{\"@context\":\"https:\\\/\\\/schema.org\",\"@graph\":[{\"@type\":\"WebPage\",\"@id\":\"https:\\\/\\\/www.provenir.com\\\/es\\\/liderazgo\\\/\",\"url\":\"https:\\\/\\\/www.provenir.com\\\/es\\\/liderazgo\\\/\",\"name\":\"Haciendo realidad tu visi\u00f3n - Provenir-ES\",\"isPartOf\":{\"@id\":\"https:\\\/\\\/www.provenir.com\\\/es\\\/#website\"},\"primaryImageOfPage\":{\"@id\":\"https:\\\/\\\/www.provenir.com\\\/es\\\/liderazgo\\\/#primaryimage\"},\"image\":{\"@id\":\"https:\\\/\\\/www.provenir.com\\\/es\\\/liderazgo\\\/#primaryimage\"},\"thumbnailUrl\":\"https:\\\/\\\/www.provenir.com\\\/es\\\/wp-content\\\/uploads\\\/sites\\\/5\\\/2024\\\/06\\\/Provenir_Secondary-20yrs-STACKED.svg\",\"datePublished\":\"2021-04-01T07:34:17+00:00\",\"dateModified\":\"2026-01-30T15:08:40+00:00\",\"description\":\"Nuestro equipo re\u00fane a un grupo diverso e innovador de personas cuya experiencia colectiva hace de Provenir una empresa l\u00edder en herramientas de diagn\u00f3stico y evaluaci\u00f3n de riesgos.\",\"breadcrumb\":{\"@id\":\"https:\\\/\\\/www.provenir.com\\\/es\\\/liderazgo\\\/#breadcrumb\"},\"inLanguage\":\"es\",\"potentialAction\":[{\"@type\":\"ReadAction\",\"target\":[\"https:\\\/\\\/www.provenir.com\\\/es\\\/liderazgo\\\/\"]}]},{\"@type\":\"ImageObject\",\"inLanguage\":\"es\",\"@id\":\"https:\\\/\\\/www.provenir.com\\\/es\\\/liderazgo\\\/#primaryimage\",\"url\":\"https:\\\/\\\/www.provenir.com\\\/es\\\/wp-content\\\/uploads\\\/sites\\\/5\\\/2024\\\/06\\\/Provenir_Secondary-20yrs-STACKED.svg\",\"contentUrl\":\"https:\\\/\\\/www.provenir.com\\\/es\\\/wp-content\\\/uploads\\\/sites\\\/5\\\/2024\\\/06\\\/Provenir_Secondary-20yrs-STACKED.svg\"},{\"@type\":\"BreadcrumbList\",\"@id\":\"https:\\\/\\\/www.provenir.com\\\/es\\\/liderazgo\\\/#breadcrumb\",\"itemListElement\":[{\"@type\":\"ListItem\",\"position\":1,\"name\":\"Home\",\"item\":\"https:\\\/\\\/www.provenir.com\\\/es\\\/\"},{\"@type\":\"ListItem\",\"position\":2,\"name\":\"Liderazgo\"}]},{\"@type\":\"WebSite\",\"@id\":\"https:\\\/\\\/www.provenir.com\\\/es\\\/#website\",\"url\":\"https:\\\/\\\/www.provenir.com\\\/es\\\/\",\"name\":\"Provenir-ES\",\"description\":\"Toma de decisiones sobre riesgo crediticio impulsada por IA\",\"potentialAction\":[{\"@type\":\"SearchAction\",\"target\":{\"@type\":\"EntryPoint\",\"urlTemplate\":\"https:\\\/\\\/www.provenir.com\\\/es\\\/?s={search_term_string}\"},\"query-input\":{\"@type\":\"PropertyValueSpecification\",\"valueRequired\":true,\"valueName\":\"search_term_string\"}}],\"inLanguage\":\"es\"}]}<\/script>\n<!-- \/ Yoast SEO Premium plugin. -->","yoast_head_json":{"title":"Haciendo realidad tu visi\u00f3n - Provenir-ES","description":"Nuestro equipo re\u00fane a un grupo diverso e innovador de personas cuya experiencia colectiva hace de Provenir una empresa l\u00edder en herramientas de diagn\u00f3stico y evaluaci\u00f3n de riesgos.","robots":{"index":"index","follow":"follow","max-snippet":"max-snippet:-1","max-image-preview":"max-image-preview:large","max-video-preview":"max-video-preview:-1"},"canonical":"https:\/\/www.provenir.com\/es\/liderazgo\/","og_locale":"es_ES","og_type":"article","og_title":"Liderazgo","og_description":"Nuestro equipo re\u00fane a un grupo diverso e innovador de personas cuya experiencia colectiva hace de Provenir una empresa l\u00edder en herramientas de diagn\u00f3stico y evaluaci\u00f3n de riesgos.","og_url":"https:\/\/www.provenir.com\/es\/liderazgo\/","og_site_name":"Provenir-ES","article_modified_time":"2026-01-30T15:08:40+00:00","twitter_card":"summary_large_image","twitter_misc":{"Est. reading time":"3 minutos"},"schema":{"@context":"https:\/\/schema.org","@graph":[{"@type":"WebPage","@id":"https:\/\/www.provenir.com\/es\/liderazgo\/","url":"https:\/\/www.provenir.com\/es\/liderazgo\/","name":"Haciendo realidad tu visi\u00f3n - Provenir-ES","isPartOf":{"@id":"https:\/\/www.provenir.com\/es\/#website"},"primaryImageOfPage":{"@id":"https:\/\/www.provenir.com\/es\/liderazgo\/#primaryimage"},"image":{"@id":"https:\/\/www.provenir.com\/es\/liderazgo\/#primaryimage"},"thumbnailUrl":"https:\/\/www.provenir.com\/es\/wp-content\/uploads\/sites\/5\/2024\/06\/Provenir_Secondary-20yrs-STACKED.svg","datePublished":"2021-04-01T07:34:17+00:00","dateModified":"2026-01-30T15:08:40+00:00","description":"Nuestro equipo re\u00fane a un grupo diverso e innovador de personas cuya experiencia colectiva hace de Provenir una empresa l\u00edder en herramientas de diagn\u00f3stico y evaluaci\u00f3n de riesgos.","breadcrumb":{"@id":"https:\/\/www.provenir.com\/es\/liderazgo\/#breadcrumb"},"inLanguage":"es","potentialAction":[{"@type":"ReadAction","target":["https:\/\/www.provenir.com\/es\/liderazgo\/"]}]},{"@type":"ImageObject","inLanguage":"es","@id":"https:\/\/www.provenir.com\/es\/liderazgo\/#primaryimage","url":"https:\/\/www.provenir.com\/es\/wp-content\/uploads\/sites\/5\/2024\/06\/Provenir_Secondary-20yrs-STACKED.svg","contentUrl":"https:\/\/www.provenir.com\/es\/wp-content\/uploads\/sites\/5\/2024\/06\/Provenir_Secondary-20yrs-STACKED.svg"},{"@type":"BreadcrumbList","@id":"https:\/\/www.provenir.com\/es\/liderazgo\/#breadcrumb","itemListElement":[{"@type":"ListItem","position":1,"name":"Home","item":"https:\/\/www.provenir.com\/es\/"},{"@type":"ListItem","position":2,"name":"Liderazgo"}]},{"@type":"WebSite","@id":"https:\/\/www.provenir.com\/es\/#website","url":"https:\/\/www.provenir.com\/es\/","name":"Provenir-ES","description":"Toma de decisiones sobre riesgo crediticio impulsada por IA","potentialAction":[{"@type":"SearchAction","target":{"@type":"EntryPoint","urlTemplate":"https:\/\/www.provenir.com\/es\/?s={search_term_string}"},"query-input":{"@type":"PropertyValueSpecification","valueRequired":true,"valueName":"search_term_string"}}],"inLanguage":"es"}]}},"_links":{"self":[{"href":"https:\/\/www.provenir.com\/es\/wp-json\/wp\/v2\/pages\/12262","targetHints":{"allow":["GET"]}}],"collection":[{"href":"https:\/\/www.provenir.com\/es\/wp-json\/wp\/v2\/pages"}],"about":[{"href":"https:\/\/www.provenir.com\/es\/wp-json\/wp\/v2\/types\/page"}],"author":[{"embeddable":true,"href":"https:\/\/www.provenir.com\/es\/wp-json\/wp\/v2\/users\/1"}],"replies":[{"embeddable":true,"href":"https:\/\/www.provenir.com\/es\/wp-json\/wp\/v2\/comments?post=12262"}],"version-history":[{"count":0,"href":"https:\/\/www.provenir.com\/es\/wp-json\/wp\/v2\/pages\/12262\/revisions"}],"wp:featuredmedia":[{"embeddable":true,"href":"https:\/\/www.provenir.com\/es\/wp-json\/wp\/v2\/media\/657"}],"wp:attachment":[{"href":"https:\/\/www.provenir.com\/es\/wp-json\/wp\/v2\/media?parent=12262"}],"wp:term":[{"taxonomy":"industry","embeddable":true,"href":"https:\/\/www.provenir.com\/es\/wp-json\/wp\/v2\/industry?post=12262"}],"curies":[{"name":"wp","href":"https:\/\/api.w.org\/{rel}","templated":true}]}}