{"id":20931,"date":"2021-01-19T21:45:04","date_gmt":"2021-01-19T21:45:04","guid":{"rendered":"https:\/\/multiprovenir.wpenginepowered.com\/cloud-platform-as-a-service\/"},"modified":"2021-01-19T21:45:04","modified_gmt":"2021-01-19T21:45:04","slug":"cloud-platform-as-a-service","status":"publish","type":"page","link":"https:\/\/www.provenir.com\/es\/cloud-platform-as-a-service\/","title":{"rendered":"Cloud Platform-as-a-Service"},"content":{"rendered":"\n\n\n\n\n\n<h4 class=\"wp-block-heading has-text-align-center\"><strong>Tecnologia de dados, decis\u00f5es de risco e an\u00e1lise que o mant\u00e9m \u00e0 frente das tend\u00eancias.<\/strong><\/h4>\n\n\n\n<div class=\"wp-block-buttons has-text-align-center buttonTop topMargin is-content-justification-center is-layout-flex wp-container-core-buttons-is-layout-16018d1d wp-block-buttons-is-layout-flex\">\n<div class=\"wp-block-button\"><a class=\"wp-block-button__link has-ai-spectrum-gradient-gradient-background has-background wp-element-button\" href=\"\/pt-br\/provenir-cloud\/\">Explore as possibilidades<\/a><\/div>\n\n\n\n<div class=\"wp-block-button\"><a class=\"wp-block-button__link has-purple-blue-gradient-gradient-background has-background wp-element-button\" href=\"https:\/\/multiprovenir.wpenginepowered.com\/pt-br\/contato\/\"><strong>Confira!<\/strong><\/a><\/div>\n<\/div>\n\n\n\n\n\n\n<div class=\"wp-block-ws-layout-column col-4\"><\/div>\n\n\n\n<div class=\"wp-block-ws-layout-column col-4\"><\/div>\n\n\n\n<div class=\"wp-block-ws-layout-column col-4\"><\/div>\n\n\n\n\n\n\n\n\n<h2 class=\"wp-block-heading\">A sofistica\u00e7\u00e3o n\u00e3o significa precisamente altos custos de manuten\u00e7\u00e3o.<\/h2>\n\n\n\n\n\n<p>Voc\u00ea precisa de tecnologia que o coloque no controle do futuro do seu neg\u00f3cio. Isso significa tecnologia que n\u00e3o bate nos freios quando \u00e9 hora de pisar no acelerador<\/p>\n\n\n\n<p>A AI-Powered Risk Decisioning Platform-as-a-Service (PaaS) da Provenir permite que voc\u00ea defina o ritmo. Nossa tecnologia sem c\u00f3digo capacita os usu\u00e1rios de neg\u00f3cios com um conjunto vasto e consistente de fun\u00e7\u00f5es e recursos para lan\u00e7ar novos produtos em velocidade recorde. Sem mencionar que voc\u00ea pode integrar e aprender com os dados, identificando rapidamente oportunidades de melhoria.<\/p>\n\n\n\n<p>Eliminamos a manuten\u00e7\u00e3o e a codifica\u00e7\u00e3o que o atrasam, adicionando recursos de dimensionamento autom\u00e1tico para apoiar seu crescimento.<\/p>\n\n\n\n<p>\u00c9 por isso que somos amados pelas startups e as decacornios confiam em n\u00f3s.<\/p>\n\n\n\n\n\n\n\n<p class=\"is-style-label\">BENEF\u00cdCIOS<\/p>\n\n\n\n\n\n<h2 class=\"wp-block-heading\">Uma plataforma na nuvem que faz de voc\u00ea o concorrente para se manter a par.<\/h2>\n\n\n\n\n\n<p>Nossa tecnologia nativa da nuvem foi projetada com suas necessidades em mente. Ela tem a agilidade e flexibilidade para fornecer uma ampla variedade de casos de uso. A Provenir pode ajudar desde o onboarding digital ao gerenciamento de contas em tempo real.<\/p>\n\n\n\n\n\n\n\n<h3 class=\"wp-block-heading\">Reduzir custos<\/h3>\n\n\n\n<p>Minimize o custo e o esfor\u00e7o de integra\u00e7\u00e3o a fontes de dados, implanta\u00e7\u00e3o de novos modelos e cria\u00e7\u00e3o de fluxos de trabalho de decis\u00e3o. N\u00e3o \u00e9 necess\u00e1rio construir do zero, a solu\u00e7\u00e3o Provenir Cloud Platform-as-a-Service permite que sua equipe se concentre em mudan\u00e7as estrat\u00e9gicas que impulsionam o crescimento.<\/p>\n\n\n\n\n\n\n\n\n\n\n\n\n\n<h3 class=\"wp-block-heading\"><strong>Lan\u00e7amento mais r\u00e1pido<\/strong><\/h3>\n\n\n\n<p>Coloque novos produtos no mercado mais rapidamente e modifique os processos existentes em minutos. Nosso conjunto de produtos PaaS de an\u00e1lise de dados e decis\u00f5es de risco oferece suporte a uma interface de usu\u00e1rio sem c\u00f3digo, para que suas equipes n\u00e3o t\u00e9cnicas possam lan\u00e7ar rapidamente novas ofertas.<\/p>\n\n\n\n\n\n\n\n\n\n\n\n\n\n<h3 class=\"wp-block-heading\">Aumentar a colabora\u00e7\u00e3o<\/h3>\n\n\n\n<p>Capacite seus utilizadores t\u00e9cnicos e n\u00e3o t\u00e9cnicos para colaborarem facilmente com a tecnologia sem c\u00f3digo. A interface visual permite a todos os utilizadores compreender, construir e implementar processos, permitindo uma r\u00e1pida inova\u00e7\u00e3o do seu neg\u00f3cio e estrat\u00e9gias de risco.<\/p>\n\n\n\n\n\n\n\n\n\n\n\n\n\n<h3 class=\"wp-block-heading\">Apoiar o crescimento<\/h3>\n\n\n\n<p>A nossa plataforma na nuvem foi concebida para crescer com voc\u00ea, independentemente da evolu\u00e7\u00e3o do seu neg\u00f3cio. Com a flexibilidade para adicionar facilmente novas linhas de produtos e a agilidade para escalar a pedido, o seu neg\u00f3cio \u00e9 apoiado &#8211; tanto agora como no futuro.<\/p>\n\n\n\n\n\n\n\n\n\n\n\n\n\n<h3 class=\"wp-block-heading\">Flexibilize os seus m\u00fasculos<\/h3>\n\n\n\n<p>Com a experi\u00eancia digital unificada da Provenir, \u00e9 f\u00e1cil ensinar seus dados e habilidades de tomada de decis\u00e3o.<\/p>\n\n\n\n\n\n\n\n\n\n\n\n\n\n<h3 class=\"wp-block-heading\">Melhore a agilidade<\/h3>\n\n\n\n<p>Implementamos rapidamente novos recursos e funcionalidades em nossa Platform-as-a-Service na nuvem, para que voc\u00ea n\u00e3o precise faze-lo. Voc\u00ea n\u00e3o precisa se preocupar em manter-se atualizado com os avan\u00e7os tecnol\u00f3gicos mais recentes, pois nossa plataforma sempre avan\u00e7ada mant\u00e9m voc\u00ea atualizado.<\/p>\n\n\n\n\n\n\n\n\n\n\n\n<p><\/p>\n\n\n\n\n\n\n\n<h2 class=\"wp-block-heading has-text-align-center h1\">Nossa plataforma nos torna \u00fanicos. <span class=\"format-gradient ai-spectrum-gradient-text\">Nossos resultados fazem voc\u00ea se destacar<\/span><span class=\"format-gradient black-gradient-text\">.<\/span><\/h2>\n\n\n\n<div class=\"wp-block-buttons has-text-align-center is-content-justification-center is-layout-flex wp-container-core-buttons-is-layout-16018d1d wp-block-buttons-is-layout-flex\">\n<div class=\"wp-block-button\"><a class=\"wp-block-button__link has-ai-spectrum-gradient-gradient-background has-background wp-element-button\" href=\"https:\/\/multiprovenir.wpenginepowered.com\/pt-br\/provenir-cloud\/\">Ver mais<\/a><\/div>\n<\/div>\n\n\n\n\n\n\n<div class=\"wp-block-ws-layout-column col-12\">\n\n\n\n<p><\/p>\n\n<\/div>\n\n\n\n<div class=\"wp-block-ws-layout-column col-12\">\n\n\n\n<p><\/p>\n\n<\/div>\n\n\n\n<div class=\"wp-block-ws-layout-column col-12\">\n\n<\/div>\n\n\n\n<div class=\"wp-block-ws-layout-column col-12\">\n\n<\/div>\n\n\n\n<div class=\"wp-block-ws-layout-column col-12\">\n\n<\/div>\n\n\n\n\n\n\n\n\n<h2 class=\"wp-block-heading\" id=\"anchor\">Empresas como a sua escolhem a Provenir<\/h2>\n\n\n\n\n\n<div class=\"wp-block-buttons has-text-align-right is-layout-flex wp-block-buttons-is-layout-flex\">\n<div class=\"wp-block-button is-style-fill\"><a class=\"wp-block-button__link has-dark-blue-color has-ai-spectrum-gradient-gradient-background has-text-color has-background wp-element-button\" href=\"https:\/\/multiprovenir.wpenginepowered.com\/pt-br\/outcomes\/\">Todos os resultados<\/a><\/div>\n<\/div>\n\n\n\n\n\n\n\n\n\n\n\n<h2 class=\"wp-block-heading\" id=\"anchor\"><strong>Confira os materiais complementares<\/strong><\/h2>\n\n\n\n\n\n<div class=\"wp-block-buttons has-text-align-right is-layout-flex wp-block-buttons-is-layout-flex\">\n<div class=\"wp-block-button is-style-fill\"><a class=\"wp-block-button__link has-dark-blue-color has-ai-spectrum-gradient-gradient-background has-text-color has-background wp-element-button\" href=\"https:\/\/multiprovenir.wpenginepowered.com\/pt-br\/recursos\/\"><strong>Ver tudo<\/strong><\/a><\/div>\n<\/div>\n\n\n\n\n\n<div class=\"pt-cv-wrapper\">Error: View <strong>c8a11d82ym<\/strong> may not exist<\/div>\n\nh2#anchor {font-size: 34px;}\n\n\n\n\n\n<p class=\"has-text-align-center is-style-label has-light-blue-color has-text-color\"><\/p>\n\n\n\n<h2 class=\"wp-block-heading has-text-align-center\">Nosso alcance \u00e9 global<\/h2>\n\n\n\n<p class=\"has-text-align-center\">A Provenir opera em todo o mundo, fornecendo a voc\u00ea os dados, a tecnologia e o suporte necess\u00e1rios para impulsionar um neg\u00f3cio global. Somos o seu parceiro de refer\u00eancia, independentemente do fuso hor\u00e1rio.<\/p>\n\n\n\n\n\n<h2 class=\"wp-block-heading has-text-align-center h1\">Vamos construir algo<span class=\"format-gradient ai-spectrum-gradient-text\"> juntos<\/span>.<\/h2>\n\n\n\n<div class=\"wp-block-buttons has-text-align-center is-content-justification-center is-layout-flex wp-container-core-buttons-is-layout-16018d1d wp-block-buttons-is-layout-flex\">\n<div class=\"wp-block-button\"><a class=\"wp-block-button__link has-ai-spectrum-gradient-gradient-background has-background wp-element-button\" href=\"https:\/\/multiprovenir.wpenginepowered.com\/pt-br\/contato\/\">Diga oi<\/a><\/div>\n<\/div>\n\n","protected":false},"excerpt":{"rendered":"","protected":false},"author":4,"featured_media":20910,"parent":0,"menu_order":283,"comment_status":"closed","ping_status":"closed","template":"","meta":{"_acf_changed":false,"footnotes":""},"industry":[],"class_list":["post-20931","page","type-page","status-publish","has-post-thumbnail","hentry"],"acf":[],"yoast_head":"<!-- This site is optimized with the Yoast SEO Premium plugin v27.4 (Yoast SEO v27.4) - https:\/\/yoast.com\/product\/yoast-seo-premium-wordpress\/ -->\n<title>Solu\u00e7\u00f5es na nuvem para tomar decis\u00f5es inteligentes<\/title>\n<meta name=\"description\" content=\"Nossa plataforma como servi\u00e7o sem c\u00f3digo oferece o melhor da tecnologia de dados, decis\u00f5es de risco e an\u00e1lises para mant\u00ea-lo \u00e0 frente das tend\u00eancias.\" \/>\n<meta name=\"robots\" content=\"index, follow, max-snippet:-1, max-image-preview:large, max-video-preview:-1\" \/>\n<link rel=\"canonical\" href=\"https:\/\/www.provenir.com\/es\/cloud-platform-as-a-service\/\" \/>\n<meta property=\"og:locale\" content=\"es_ES\" \/>\n<meta property=\"og:type\" content=\"article\" \/>\n<meta property=\"og:title\" content=\"Cloud Platform-as-a-Service\" \/>\n<meta property=\"og:description\" content=\"Nossa plataforma como servi\u00e7o sem c\u00f3digo oferece o melhor da tecnologia de dados, decis\u00f5es de risco e an\u00e1lises para mant\u00ea-lo \u00e0 frente das tend\u00eancias.\" \/>\n<meta property=\"og:url\" content=\"https:\/\/www.provenir.com\/es\/cloud-platform-as-a-service\/\" \/>\n<meta property=\"og:site_name\" content=\"Provenir-ES\" \/>\n<meta name=\"twitter:card\" content=\"summary_large_image\" \/>\n<meta name=\"twitter:label1\" content=\"Est. reading time\" \/>\n\t<meta name=\"twitter:data1\" content=\"3 minutos\" \/>\n<script type=\"application\/ld+json\" class=\"yoast-schema-graph\">{\"@context\":\"https:\\\/\\\/schema.org\",\"@graph\":[{\"@type\":\"WebPage\",\"@id\":\"https:\\\/\\\/www.provenir.com\\\/es\\\/cloud-platform-as-a-service\\\/\",\"url\":\"https:\\\/\\\/www.provenir.com\\\/es\\\/cloud-platform-as-a-service\\\/\",\"name\":\"Solu\u00e7\u00f5es na nuvem para tomar decis\u00f5es inteligentes\",\"isPartOf\":{\"@id\":\"https:\\\/\\\/www.provenir.com\\\/es\\\/#website\"},\"primaryImageOfPage\":{\"@id\":\"https:\\\/\\\/www.provenir.com\\\/es\\\/cloud-platform-as-a-service\\\/#primaryimage\"},\"image\":{\"@id\":\"https:\\\/\\\/www.provenir.com\\\/es\\\/cloud-platform-as-a-service\\\/#primaryimage\"},\"thumbnailUrl\":\"\",\"datePublished\":\"2021-01-19T21:45:04+00:00\",\"description\":\"Nossa plataforma como servi\u00e7o sem c\u00f3digo oferece o melhor da tecnologia de dados, decis\u00f5es de risco e an\u00e1lises para mant\u00ea-lo \u00e0 frente das tend\u00eancias.\",\"breadcrumb\":{\"@id\":\"https:\\\/\\\/www.provenir.com\\\/es\\\/cloud-platform-as-a-service\\\/#breadcrumb\"},\"inLanguage\":\"es\",\"potentialAction\":[{\"@type\":\"ReadAction\",\"target\":[\"https:\\\/\\\/www.provenir.com\\\/es\\\/cloud-platform-as-a-service\\\/\"]}]},{\"@type\":\"ImageObject\",\"inLanguage\":\"es\",\"@id\":\"https:\\\/\\\/www.provenir.com\\\/es\\\/cloud-platform-as-a-service\\\/#primaryimage\",\"url\":\"\",\"contentUrl\":\"\"},{\"@type\":\"BreadcrumbList\",\"@id\":\"https:\\\/\\\/www.provenir.com\\\/es\\\/cloud-platform-as-a-service\\\/#breadcrumb\",\"itemListElement\":[{\"@type\":\"ListItem\",\"position\":1,\"name\":\"Home\",\"item\":\"https:\\\/\\\/www.provenir.com\\\/es\\\/\"},{\"@type\":\"ListItem\",\"position\":2,\"name\":\"Cloud Platform-as-a-Service\"}]},{\"@type\":\"WebSite\",\"@id\":\"https:\\\/\\\/www.provenir.com\\\/es\\\/#website\",\"url\":\"https:\\\/\\\/www.provenir.com\\\/es\\\/\",\"name\":\"Provenir-ES\",\"description\":\"Toma de decisiones sobre riesgo crediticio impulsada por IA\",\"potentialAction\":[{\"@type\":\"SearchAction\",\"target\":{\"@type\":\"EntryPoint\",\"urlTemplate\":\"https:\\\/\\\/www.provenir.com\\\/es\\\/?s={search_term_string}\"},\"query-input\":{\"@type\":\"PropertyValueSpecification\",\"valueRequired\":true,\"valueName\":\"search_term_string\"}}],\"inLanguage\":\"es\"}]}<\/script>\n<!-- \/ Yoast SEO Premium plugin. -->","yoast_head_json":{"title":"Solu\u00e7\u00f5es na nuvem para tomar decis\u00f5es inteligentes","description":"Nossa plataforma como servi\u00e7o sem c\u00f3digo oferece o melhor da tecnologia de dados, decis\u00f5es de risco e an\u00e1lises para mant\u00ea-lo \u00e0 frente das tend\u00eancias.","robots":{"index":"index","follow":"follow","max-snippet":"max-snippet:-1","max-image-preview":"max-image-preview:large","max-video-preview":"max-video-preview:-1"},"canonical":"https:\/\/www.provenir.com\/es\/cloud-platform-as-a-service\/","og_locale":"es_ES","og_type":"article","og_title":"Cloud Platform-as-a-Service","og_description":"Nossa plataforma como servi\u00e7o sem c\u00f3digo oferece o melhor da tecnologia de dados, decis\u00f5es de risco e an\u00e1lises para mant\u00ea-lo \u00e0 frente das tend\u00eancias.","og_url":"https:\/\/www.provenir.com\/es\/cloud-platform-as-a-service\/","og_site_name":"Provenir-ES","twitter_card":"summary_large_image","twitter_misc":{"Est. reading time":"3 minutos"},"schema":{"@context":"https:\/\/schema.org","@graph":[{"@type":"WebPage","@id":"https:\/\/www.provenir.com\/es\/cloud-platform-as-a-service\/","url":"https:\/\/www.provenir.com\/es\/cloud-platform-as-a-service\/","name":"Solu\u00e7\u00f5es na nuvem para tomar decis\u00f5es inteligentes","isPartOf":{"@id":"https:\/\/www.provenir.com\/es\/#website"},"primaryImageOfPage":{"@id":"https:\/\/www.provenir.com\/es\/cloud-platform-as-a-service\/#primaryimage"},"image":{"@id":"https:\/\/www.provenir.com\/es\/cloud-platform-as-a-service\/#primaryimage"},"thumbnailUrl":"","datePublished":"2021-01-19T21:45:04+00:00","description":"Nossa plataforma como servi\u00e7o sem c\u00f3digo oferece o melhor da tecnologia de dados, decis\u00f5es de risco e an\u00e1lises para mant\u00ea-lo \u00e0 frente das tend\u00eancias.","breadcrumb":{"@id":"https:\/\/www.provenir.com\/es\/cloud-platform-as-a-service\/#breadcrumb"},"inLanguage":"es","potentialAction":[{"@type":"ReadAction","target":["https:\/\/www.provenir.com\/es\/cloud-platform-as-a-service\/"]}]},{"@type":"ImageObject","inLanguage":"es","@id":"https:\/\/www.provenir.com\/es\/cloud-platform-as-a-service\/#primaryimage","url":"","contentUrl":""},{"@type":"BreadcrumbList","@id":"https:\/\/www.provenir.com\/es\/cloud-platform-as-a-service\/#breadcrumb","itemListElement":[{"@type":"ListItem","position":1,"name":"Home","item":"https:\/\/www.provenir.com\/es\/"},{"@type":"ListItem","position":2,"name":"Cloud Platform-as-a-Service"}]},{"@type":"WebSite","@id":"https:\/\/www.provenir.com\/es\/#website","url":"https:\/\/www.provenir.com\/es\/","name":"Provenir-ES","description":"Toma de decisiones sobre riesgo crediticio impulsada por IA","potentialAction":[{"@type":"SearchAction","target":{"@type":"EntryPoint","urlTemplate":"https:\/\/www.provenir.com\/es\/?s={search_term_string}"},"query-input":{"@type":"PropertyValueSpecification","valueRequired":true,"valueName":"search_term_string"}}],"inLanguage":"es"}]}},"_links":{"self":[{"href":"https:\/\/www.provenir.com\/es\/wp-json\/wp\/v2\/pages\/20931","targetHints":{"allow":["GET"]}}],"collection":[{"href":"https:\/\/www.provenir.com\/es\/wp-json\/wp\/v2\/pages"}],"about":[{"href":"https:\/\/www.provenir.com\/es\/wp-json\/wp\/v2\/types\/page"}],"author":[{"embeddable":true,"href":"https:\/\/www.provenir.com\/es\/wp-json\/wp\/v2\/users\/4"}],"replies":[{"embeddable":true,"href":"https:\/\/www.provenir.com\/es\/wp-json\/wp\/v2\/comments?post=20931"}],"version-history":[{"count":0,"href":"https:\/\/www.provenir.com\/es\/wp-json\/wp\/v2\/pages\/20931\/revisions"}],"wp:featuredmedia":[{"embeddable":true,"href":"https:\/\/www.provenir.com\/es\/wp-json\/"}],"wp:attachment":[{"href":"https:\/\/www.provenir.com\/es\/wp-json\/wp\/v2\/media?parent=20931"}],"wp:term":[{"taxonomy":"industry","embeddable":true,"href":"https:\/\/www.provenir.com\/es\/wp-json\/wp\/v2\/industry?post=20931"}],"curies":[{"name":"wp","href":"https:\/\/api.w.org\/{rel}","templated":true}]}}