{"id":22640,"date":"2022-09-28T09:36:31","date_gmt":"2022-09-28T09:36:31","guid":{"rendered":"https:\/\/multiprovenir.wpenginepowered.com\/?page_id=22640"},"modified":"2026-04-01T09:53:32","modified_gmt":"2026-04-01T09:53:32","slug":"berita-pers","status":"publish","type":"page","link":"https:\/\/www.provenir.com\/es\/berita-pers\/","title":{"rendered":"Berita + Pers"},"content":{"rendered":"<h1><span class=\"uk-text-background\">Berita + Pers<\/span><\/h1>\n<div>Explora las noticias de la industria y recibe las \u00faltimas actualizaciones de Provenir para mantenerte informado.<\/div>\n<h3>\u00daLTIMAS NOTICIAS<\/h3>\n<div>\n<div class=\"pt-cv-wrapper\"><div class=\"pt-cv-view pt-cv-grid pt-cv-colsys cveffect-darken pt-cv-same-height pt-cv-pgloadmore pt-cv-round-btn\" id=\"pt-cv-view-d612df7hle\"><div data-id=\"pt-cv-page-1\" class=\"pt-cv-page\" data-cvc=\"4\" data-cvct=\"3\" data-cvcm=\"1\"><div class=\"col-md-3 col-sm-4 col-xs-12 pt-cv-content-item pt-cv-1-col\"  data-pid=\"37639\"><div class='pt-cv-ifield'><a href=\"https:\/\/www.provenir.com\/es\/provenir-anuncia-su-primer-cliente-en-colombia-creci\/\" class=\"_self pt-cv-href-thumbnail pt-cv-thumb-default pt-cv-thumb-wrapper cvplbd cvp-responsive-image img-rounded\" target=\"_self\" data-iw=\"200\" data-ih=\"100\"><\/a>\n<h4 class=\"pt-cv-title\"><a href=\"https:\/\/www.provenir.com\/es\/provenir-anuncia-su-primer-cliente-en-colombia-creci\/\" class=\"_self cvplbd\" target=\"_self\" data-iw=\"200\" data-ih=\"100\">Provenir Anuncia su ...<\/a><\/h4>\n<div class=\"pt-cv-content\">Provenir anuncia su asociaci\u00f3n con Creci, una fintech colombo-americana que apoya a peque\u00f1as empresas con impacto social en Latinoam\u00e9rica y ...<br \/><div class=\"pt-cv-rmwrap\"><a href=\"https:\/\/www.provenir.com\/es\/provenir-anuncia-su-primer-cliente-en-colombia-creci\/\" class=\"_self pt-cv-readmore btn btn-success cvplbd\" target=\"_self\" data-iw=\"200\" data-ih=\"100\">Leer m\u00e1s<\/a><\/div><\/div><\/div><\/div>\n<div class=\"col-md-3 col-sm-4 col-xs-12 pt-cv-content-item pt-cv-1-col\"  data-pid=\"37638\"><div class='pt-cv-ifield'><a href=\"https:\/\/www.provenir.com\/es\/uso-de-datos-no-tradicionales-por-que-es-clave-para-expandir-y-mejorar-la-toma-de-decisiones-de-riesgos-2\/\" class=\"_self pt-cv-href-thumbnail pt-cv-thumb-default pt-cv-thumb-wrapper cvplbd cvp-responsive-image img-rounded\" target=\"_self\" data-iw=\"200\" data-ih=\"100\"><\/a>\n<h4 class=\"pt-cv-title\"><a href=\"https:\/\/www.provenir.com\/es\/uso-de-datos-no-tradicionales-por-que-es-clave-para-expandir-y-mejorar-la-toma-de-decisiones-de-riesgos-2\/\" class=\"_self cvplbd\" target=\"_self\" data-iw=\"200\" data-ih=\"100\">Uso de datos no trad...<\/a><\/h4>\n<div class=\"pt-cv-content\">Provenir organiz\u00f3 un panel sobre la creciente relevancia de los datos no tradicionales en Am\u00e9rica Latina. Gast\u00f3n Peralta y l\u00edderes ...<br \/><div class=\"pt-cv-rmwrap\"><a href=\"https:\/\/www.provenir.com\/es\/uso-de-datos-no-tradicionales-por-que-es-clave-para-expandir-y-mejorar-la-toma-de-decisiones-de-riesgos-2\/\" class=\"_self pt-cv-readmore btn btn-success cvplbd\" target=\"_self\" data-iw=\"200\" data-ih=\"100\">Leer m\u00e1s<\/a><\/div><\/div><\/div><\/div>\n<div class=\"col-md-3 col-sm-4 col-xs-12 pt-cv-content-item pt-cv-1-col\"  data-pid=\"37635\"><div class='pt-cv-ifield'><a href=\"https:\/\/www.provenir.com\/es\/mastercard-acelera-la-implementacion-de-soluciones-digital-first\/\" class=\"_self pt-cv-href-thumbnail pt-cv-thumb-default pt-cv-thumb-wrapper cvplbd cvp-responsive-image img-rounded\" target=\"_self\" data-iw=\"200\" data-ih=\"100\"><\/a>\n<h4 class=\"pt-cv-title\"><a href=\"https:\/\/www.provenir.com\/es\/mastercard-acelera-la-implementacion-de-soluciones-digital-first\/\" class=\"_self cvplbd\" target=\"_self\" data-iw=\"200\" data-ih=\"100\">Mastercard acelera l...<\/a><\/h4>\n<div class=\"pt-cv-content\">Mastercard ampl\u00eda su red de socios en la plataforma Engage, facilitando a fintechs y empresas tecnol\u00f3gicas la implementaci\u00f3n de soluciones ...<br \/><div class=\"pt-cv-rmwrap\"><a href=\"https:\/\/www.provenir.com\/es\/mastercard-acelera-la-implementacion-de-soluciones-digital-first\/\" class=\"_self pt-cv-readmore btn btn-success cvplbd\" target=\"_self\" data-iw=\"200\" data-ih=\"100\">Leer m\u00e1s<\/a><\/div><\/div><\/div><\/div>\n<div class=\"col-md-3 col-sm-4 col-xs-12 pt-cv-content-item pt-cv-1-col\"  data-pid=\"37633\"><div class='pt-cv-ifield'><a href=\"https:\/\/www.provenir.com\/es\/provenir-aliado-inteligente-de-la-inclusion-financiera\/\" class=\"_self pt-cv-href-thumbnail pt-cv-thumb-default pt-cv-thumb-wrapper cvplbd cvp-responsive-image img-rounded\" target=\"_self\" data-iw=\"200\" data-ih=\"100\"><\/a>\n<h4 class=\"pt-cv-title\"><a href=\"https:\/\/www.provenir.com\/es\/provenir-aliado-inteligente-de-la-inclusion-financiera\/\" class=\"_self cvplbd\" target=\"_self\" data-iw=\"200\" data-ih=\"100\">Provenir, aliado int...<\/a><\/h4>\n<div class=\"pt-cv-content\">Gabriela Herrera, l\u00edder de Provenir en Am\u00e9rica Latina, explica c\u00f3mo su plataforma de an\u00e1lisis de riesgo facilita la inclusi\u00f3n financiera, ...<br \/><div class=\"pt-cv-rmwrap\"><a href=\"https:\/\/www.provenir.com\/es\/provenir-aliado-inteligente-de-la-inclusion-financiera\/\" class=\"_self pt-cv-readmore btn btn-success cvplbd\" target=\"_self\" data-iw=\"200\" data-ih=\"100\">Leer m\u00e1s<\/a><\/div><\/div><\/div><\/div>\n<div class=\"col-md-3 col-sm-4 col-xs-12 pt-cv-content-item pt-cv-1-col\"  data-pid=\"37631\"><div class='pt-cv-ifield'><a href=\"https:\/\/www.provenir.com\/es\/debate-por-la-privacidad-del-manejo-de-datos-publicos-y-alternativos-big-data-y-machine-learning\/\" class=\"_self pt-cv-href-thumbnail pt-cv-thumb-default pt-cv-thumb-wrapper cvplbd cvp-responsive-image img-rounded\" target=\"_self\" data-iw=\"200\" data-ih=\"100\"><\/a>\n<h4 class=\"pt-cv-title\"><a href=\"https:\/\/www.provenir.com\/es\/debate-por-la-privacidad-del-manejo-de-datos-publicos-y-alternativos-big-data-y-machine-learning\/\" class=\"_self cvplbd\" target=\"_self\" data-iw=\"200\" data-ih=\"100\">Debate por la privac...<\/a><\/h4>\n<div class=\"pt-cv-content\">En una entrevista con Gaceta Mercantil, Gabriela Herrera, l\u00edder de ventas de Provenir para Am\u00e9rica Latina, explica c\u00f3mo la tecnolog\u00eda ...<br \/><div class=\"pt-cv-rmwrap\"><a href=\"https:\/\/www.provenir.com\/es\/debate-por-la-privacidad-del-manejo-de-datos-publicos-y-alternativos-big-data-y-machine-learning\/\" class=\"_self pt-cv-readmore btn btn-success cvplbd\" target=\"_self\" data-iw=\"200\" data-ih=\"100\">Leer m\u00e1s<\/a><\/div><\/div><\/div><\/div>\n<div class=\"col-md-3 col-sm-4 col-xs-12 pt-cv-content-item pt-cv-1-col\"  data-pid=\"37627\"><div class='pt-cv-ifield'><a href=\"https:\/\/www.provenir.com\/es\/provenir-presenta-data-cloud-marketplace-para-respaldar-la-innovacion-de-productos-y-una-mejor-experiencia-del-cliente\/\" class=\"_self pt-cv-href-thumbnail pt-cv-thumb-default pt-cv-thumb-wrapper cvplbd cvp-responsive-image img-rounded\" target=\"_self\" data-iw=\"200\" data-ih=\"100\"><img loading=\"lazy\" decoding=\"async\" width=\"2000\" height=\"1046\" src=\"https:\/\/www.provenir.com\/es\/wp-content\/uploads\/sites\/5\/2024\/08\/Provenir_social_post_Data_Cloud__MP_Launch_SP-v2.png\" class=\"pt-cv-thumbnail img-rounded skip-lazy \" alt=\"Provenir presenta Data Cloud + Marketplace para respaldar la innovaci\u00f3n de productos y una mejor experiencia del cliente\" \/><\/a>\n<h4 class=\"pt-cv-title\"><a href=\"https:\/\/www.provenir.com\/es\/provenir-presenta-data-cloud-marketplace-para-respaldar-la-innovacion-de-productos-y-una-mejor-experiencia-del-cliente\/\" class=\"_self cvplbd\" target=\"_self\" data-iw=\"200\" data-ih=\"100\">Provenir presenta Da...<\/a><\/h4>\n<div class=\"pt-cv-content\">Provenir presenta Data Cloud + Marketplace para respaldar la innovaci\u00f3n de productos y una mejor experiencia del cliente Nuevas soluciones ...<br \/><div class=\"pt-cv-rmwrap\"><a href=\"https:\/\/www.provenir.com\/es\/provenir-presenta-data-cloud-marketplace-para-respaldar-la-innovacion-de-productos-y-una-mejor-experiencia-del-cliente\/\" class=\"_self pt-cv-readmore btn btn-success cvplbd\" target=\"_self\" data-iw=\"200\" data-ih=\"100\">Leer m\u00e1s<\/a><\/div><\/div><\/div><\/div>\n<div class=\"col-md-3 col-sm-4 col-xs-12 pt-cv-content-item pt-cv-1-col\"  data-pid=\"37632\"><div class='pt-cv-ifield'><a href=\"https:\/\/www.provenir.com\/es\/transunion-se-une-a-provenir-marketplace-para-ayudar-a-las-empresas-a-acelerar-las-decisiones-de-riesgo-crediticio\/\" class=\"_self pt-cv-href-thumbnail pt-cv-thumb-default pt-cv-thumb-wrapper cvplbd cvp-responsive-image img-rounded\" target=\"_self\" data-iw=\"200\" data-ih=\"100\"><\/a>\n<h4 class=\"pt-cv-title\"><a href=\"https:\/\/www.provenir.com\/es\/transunion-se-une-a-provenir-marketplace-para-ayudar-a-las-empresas-a-acelerar-las-decisiones-de-riesgo-crediticio\/\" class=\"_self cvplbd\" target=\"_self\" data-iw=\"200\" data-ih=\"100\">TransUnion se une a ...<\/a><\/h4>\n<div class=\"pt-cv-content\">Provenir, l\u00edder global en software de an\u00e1lisis de datos y decisiones de riesgo, anuncia la incorporaci\u00f3n de TransUnion al Provenir ...<br \/><div class=\"pt-cv-rmwrap\"><a href=\"https:\/\/www.provenir.com\/es\/transunion-se-une-a-provenir-marketplace-para-ayudar-a-las-empresas-a-acelerar-las-decisiones-de-riesgo-crediticio\/\" class=\"_self pt-cv-readmore btn btn-success cvplbd\" target=\"_self\" data-iw=\"200\" data-ih=\"100\">Leer m\u00e1s<\/a><\/div><\/div><\/div><\/div>\n<div class=\"col-md-3 col-sm-4 col-xs-12 pt-cv-content-item pt-cv-1-col\"  data-pid=\"37634\"><div class='pt-cv-ifield'><a href=\"https:\/\/www.provenir.com\/es\/bigtech-pueden-ser-aliadas-de-la-industria-financiera-segun-provenir\/\" class=\"_self pt-cv-href-thumbnail pt-cv-thumb-default pt-cv-thumb-wrapper cvplbd cvp-responsive-image img-rounded\" target=\"_self\" data-iw=\"200\" data-ih=\"100\"><\/a>\n<h4 class=\"pt-cv-title\"><a href=\"https:\/\/www.provenir.com\/es\/bigtech-pueden-ser-aliadas-de-la-industria-financiera-segun-provenir\/\" class=\"_self cvplbd\" target=\"_self\" data-iw=\"200\" data-ih=\"100\">Bigtech pueden ser a...<\/a><\/h4>\n<div class=\"pt-cv-content\">Gabriela Herrera, l\u00edder de Provenir en Am\u00e9rica Latina, destaca c\u00f3mo las Bigtechs, con el uso adecuado de tecnolog\u00eda y dentro ...<br \/><div class=\"pt-cv-rmwrap\"><a href=\"https:\/\/www.provenir.com\/es\/bigtech-pueden-ser-aliadas-de-la-industria-financiera-segun-provenir\/\" class=\"_self pt-cv-readmore btn btn-success cvplbd\" target=\"_self\" data-iw=\"200\" data-ih=\"100\">Leer m\u00e1s<\/a><\/div><\/div><\/div><\/div><\/div><\/div>\n<div class=\"text-left pt-cv-pagination-wrapper\"><a href='https:\/\/www.provenir.com\/es\/wp-json\/wp\/v2\/pages\/22640\/?_page=2' onclick='event.preventDefault()' class=\"pt-cv-more btn btn-primary btn-sm\" data-totalpages=\"5\" data-nextpages=\"2\" data-sid=\"d612df7hle\" data-unid=\"\" data-isblock=\"\" data-postid=\"\">Cargar m\u00e1s <span class=\"caret\"><\/span><\/a><img loading=\"lazy\" decoding=\"async\" width=\"15\" height=\"15\" class=\"pt-cv-spinner\" alt=\"Loading...\" src=\"data:image\/gif;base64,R0lGODlhDwAPALMPAMrKygwMDJOTkz09PZWVla+vr3p6euTk5M7OzuXl5TMzMwAAAJmZmWZmZszMzP\/\/\/yH\/C05FVFNDQVBFMi4wAwEAAAAh+QQFCgAPACwAAAAADwAPAAAEQvDJaZaZOIcV8iQK8VRX4iTYoAwZ4iCYoAjZ4RxejhVNoT+mRGP4cyF4Pp0N98sBGIBMEMOotl6YZ3S61Bmbkm4mAgAh+QQFCgAPACwAAAAADQANAAAENPDJSRSZeA418itN8QiK8BiLITVsFiyBBIoYqnoewAD4xPw9iY4XLGYSjkQR4UAUD45DLwIAIfkEBQoADwAsAAAAAA8ACQAABC\/wyVlamTi3nSdgwFNdhEJgTJoNyoB9ISYoQmdjiZPcj7EYCAeCF1gEDo4Dz2eIAAAh+QQFCgAPACwCAAAADQANAAAEM\/DJBxiYeLKdX3IJZT1FU0iIg2RNKx3OkZVnZ98ToRD4MyiDnkAh6BkNC0MvsAj0kMpHBAAh+QQFCgAPACwGAAAACQAPAAAEMDC59KpFDll73HkAA2wVY5KgiK5b0RRoI6MuzG6EQqCDMlSGheEhUAgqgUUAFRySIgAh+QQFCgAPACwCAAIADQANAAAEM\/DJKZNLND\/kkKaHc3xk+QAMYDKsiaqmZCxGVjSFFCxB1vwy2oOgIDxuucxAMTAJFAJNBAAh+QQFCgAPACwAAAYADwAJAAAEMNAs86q1yaWwwv2Ig0jUZx3OYa4XoRAfwADXoAwfo1+CIjyFRuEho60aSNYlOPxEAAAh+QQFCgAPACwAAAIADQANAAAENPA9s4y8+IUVcqaWJ4qEQozSoAzoIyhCK2NFU2SJk0hNnyEOhKR2AzAAj4Pj4GE4W0bkJQIAOw==\" \/><div class=\"clear pt-cv-clear-pagination\"><\/div><\/div><\/div>\t\t\t<style type=\"text\/css\" id=\"pt-cv-inline-style-c49dbc0xb7\">#pt-cv-view-d612df7hle .pt-cv-content-item { padding-top: 20px !important; padding-right: 10px !important; padding-bottom: 0px !important; padding-left: 10px !important; }\n#pt-cv-view-d612df7hle  { margin-right: -10px !important; margin-left: -10px !important; }\n#pt-cv-view-d612df7hle  .pt-cv-ifield   { border-style: none !important; border-radius: 0px 0px 0px 0px !important; }\n#pt-cv-view-d612df7hle .pt-cv-title a, #pt-cv-view-d612df7hle  .panel-title { font-weight: 600 !important; }\n#pt-cv-view-d612df7hle  .pt-cv-title a:hover, #pt-cv-view-d612df7hle  .panel-title:hover   { font-weight: 600 !important; }\n#pt-cv-view-d612df7hle .pt-cv-content , #pt-cv-view-d612df7hle  .pt-cv-content *:not(.pt-cv-readmore):not(style):not(script) { font-size: 14px !important; line-height: 1.3 !important; }\n#pt-cv-view-d612df7hle .pt-cv-readmore  { color: #ffffff !important; background-color: #200644 !important; border-width: 1px 1px 1px 1px !important; border-style: solid !important; border-color: rgba(32,6,68,0.85) !important; padding: 10px 20px 10px 20px !important; }\n#pt-cv-view-d612df7hle .pt-cv-readmore:hover  { color: #ffffff !important; background-color: rgba(32,6,68,0.87) !important; }\n#pt-cv-view-d612df7hle  + .pt-cv-pagination-wrapper .pt-cv-more , #pt-cv-view-d612df7hle  + .pt-cv-pagination-wrapper .pagination .active a, .pt-cv-pagination[data-sid='d612df7hle'] .active a { color: #ffffff !important; background-color: #00aeef !important; }\n.cvp-live-filter[data-sid='d612df7hle'] .cvp-label   { color: #200644 !important; background-color: #00e3d3 !important; padding: 5px 10px !important; margin-bottom: 5px !important; }\n.cvp-live-filter[data-sid='d612df7hle'] input[type='text'], .cvp-live-filter[data-sid='d612df7hle'] div > label, .cvp-live-filter[data-sid='d612df7hle'] select, .cvp-live-filter[data-sid='d612df7hle'] .irs-from, .cvp-live-filter[data-sid='d612df7hle'] .irs-to   { font-size: 16px !important; line-height: 1.3 !important; color: #ffffff !important; background-color: #200644 !important; }\n.cvp-live-submit   { font-size: 14px !important; line-height: 1.3 !important; color: #200644 !important; background-color: #00e3d3 !important; }\n.cvp-live-reset   { font-size: 16px !important; line-height: 1.3 !important; color: #c7d4fc !important; background-color: rgba(160,160,160,0) !important; }\n#pt-cv-view-d612df7hle .img-rounded, #pt-cv-view-d612df7hle .pt-cv-hover-wrapper { -webkit-border-radius: 10px !important; -moz-border-radius: 10px !important; border-radius: 10px !important; }\n#pt-cv-view-d612df7hle .pt-cv-cap-w-img { border-bottom-left-radius: 10px !important; border-bottom-right-radius: 10px !important; }\n#pt-cv-view-d612df7hle .cvp-responsive-image[style*=\"background-image\"] { width: 200px; max-height: 100px; overflow: hidden; aspect-ratio: 2 }\n#pt-cv-view-d612df7hle .cvp-responsive-image img { max-width: 200px; max-height: 100px; aspect-ratio: 2 }<\/style>\r\n\t\t\t<\/div>\n<p><!--more--><br \/>\n<!-- {\"type\":\"layout\",\"children\":[{\"type\":\"section\",\"props\":{\"animation\":\"slide-bottom-small\",\"header_transparent\":true,\"header_transparent_noplaceholder\":true,\"header_transparent_text_color\":\"light\",\"image\":\"wp-content\/uploads\/sites\/5\/2024\/10\/background-glow-03.svg\",\"image_position\":\"bottom-center\",\"image_size\":\"cover\",\"media_background\":\"#120226\",\"media_focal_point\":\"top-center\",\"padding_bottom\":\"none\",\"padding_top\":\"large\",\"style\":\"secondary\",\"title_breakpoint\":\"xl\",\"title_position\":\"top-left\",\"title_rotation\":\"left\",\"vertical_align\":\"\",\"width\":\"default\"},\"children\":[{\"type\":\"row\",\"children\":[{\"type\":\"column\",\"props\":{\"image_position\":\"center-center\",\"position_sticky_breakpoint\":\"m\"},\"children\":[{\"type\":\"headline\",\"props\":{\"content\":\"<span class=\\\"uk-text-background\\\">Berita + Pers<\/span>\",\"image_align\":\"left\",\"image_margin\":\"xsmall\",\"margin_bottom\":\"medium\",\"margin_top\":\"remove\",\"text_align\":\"center\",\"title_element\":\"h1\",\"title_style\":\"heading-medium\"}},{\"type\":\"text\",\"props\":{\"block_align\":\"center\",\"column_breakpoint\":\"m\",\"content\":\"Explora las noticias de la industria y recibe las \u00faltimas actualizaciones de Provenir para mantenerte informado.\",\"margin_bottom\":\"small\",\"margin_top\":\"small\",\"text_align\":\"center\",\"text_style\":\"lead\"}}]}]},{\"type\":\"row\",\"children\":[{\"type\":\"column\",\"props\":{\"image_position\":\"center-center\",\"position_sticky_breakpoint\":\"m\"},\"children\":[{\"type\":\"headline\",\"props\":{\"content\":\"\u00daLTIMAS NOTICIAS\",\"image_align\":\"left\",\"image_margin\":\"xsmall\",\"margin_bottom\":\"small\",\"margin_top\":\"small\",\"title_color\":\"background\",\"title_decoration\":\"line\",\"title_element\":\"h3\",\"title_style\":\"text-large\"}}]}]},{\"type\":\"row\",\"children\":[{\"type\":\"column\",\"props\":{\"image_position\":\"center-center\",\"position_sticky_breakpoint\":\"m\"},\"children\":[{\"type\":\"html\",\"props\":{\"content\":\"[pt_view id=\\\"d612df7hle\\\"]\"},\"name\":\"webinars filter\"}]}]}],\"name\":\"home-hero\"}],\"version\":\"5.0.25\",\"yooessentialsVersion\":\"3.0.2\"} --><\/p>\n","protected":false},"excerpt":{"rendered":"<p>Berita + Pers Explora las noticias de la industria y recibe las \u00faltimas actualizaciones de Provenir para mantenerte informado. \u00daLTIMAS NOTICIAS<\/p>\n","protected":false},"author":1,"featured_media":0,"parent":0,"menu_order":426,"comment_status":"closed","ping_status":"closed","template":"","meta":{"_acf_changed":false,"footnotes":""},"industry":[],"class_list":["post-22640","page","type-page","status-publish","hentry"],"acf":[],"yoast_head":"<!-- This site is optimized with the Yoast SEO Premium plugin v27.4 (Yoast SEO v27.4) - https:\/\/yoast.com\/product\/yoast-seo-premium-wordpress\/ -->\n<title>Noticias y Prensa - Recursos<\/title>\n<meta name=\"description\" content=\"Explora las noticias de la industria y recibe las \u00faltimas actualizaciones de Provenir para mantenerte informado.\" \/>\n<meta name=\"robots\" content=\"index, follow, max-snippet:-1, max-image-preview:large, max-video-preview:-1\" \/>\n<link rel=\"canonical\" href=\"https:\/\/www.provenir.com\/es\/berita-pers\/\" \/>\n<meta property=\"og:locale\" content=\"es_ES\" \/>\n<meta property=\"og:type\" content=\"article\" \/>\n<meta property=\"og:title\" content=\"Berita + Pers\" \/>\n<meta property=\"og:description\" content=\"Explora las noticias de la industria y recibe las \u00faltimas actualizaciones de Provenir para mantenerte informado.\" \/>\n<meta property=\"og:url\" content=\"https:\/\/www.provenir.com\/es\/berita-pers\/\" \/>\n<meta property=\"og:site_name\" content=\"Provenir-ES\" \/>\n<meta property=\"article:modified_time\" content=\"2026-04-01T09:53:32+00:00\" \/>\n<meta name=\"twitter:card\" content=\"summary_large_image\" \/>\n<meta name=\"twitter:label1\" content=\"Est. reading time\" \/>\n\t<meta name=\"twitter:data1\" content=\"1 minuto\" \/>\n<script type=\"application\/ld+json\" class=\"yoast-schema-graph\">{\"@context\":\"https:\\\/\\\/schema.org\",\"@graph\":[{\"@type\":\"WebPage\",\"@id\":\"https:\\\/\\\/www.provenir.com\\\/es\\\/berita-pers\\\/\",\"url\":\"https:\\\/\\\/www.provenir.com\\\/es\\\/berita-pers\\\/\",\"name\":\"Noticias y Prensa - Recursos\",\"isPartOf\":{\"@id\":\"https:\\\/\\\/www.provenir.com\\\/es\\\/#website\"},\"datePublished\":\"2022-09-28T09:36:31+00:00\",\"dateModified\":\"2026-04-01T09:53:32+00:00\",\"description\":\"Explora las noticias de la industria y recibe las \u00faltimas actualizaciones de Provenir para mantenerte informado.\",\"breadcrumb\":{\"@id\":\"https:\\\/\\\/www.provenir.com\\\/es\\\/berita-pers\\\/#breadcrumb\"},\"inLanguage\":\"es\",\"potentialAction\":[{\"@type\":\"ReadAction\",\"target\":[\"https:\\\/\\\/www.provenir.com\\\/es\\\/berita-pers\\\/\"]}]},{\"@type\":\"BreadcrumbList\",\"@id\":\"https:\\\/\\\/www.provenir.com\\\/es\\\/berita-pers\\\/#breadcrumb\",\"itemListElement\":[{\"@type\":\"ListItem\",\"position\":1,\"name\":\"Home\",\"item\":\"https:\\\/\\\/www.provenir.com\\\/es\\\/\"},{\"@type\":\"ListItem\",\"position\":2,\"name\":\"Berita + Pers\"}]},{\"@type\":\"WebSite\",\"@id\":\"https:\\\/\\\/www.provenir.com\\\/es\\\/#website\",\"url\":\"https:\\\/\\\/www.provenir.com\\\/es\\\/\",\"name\":\"Provenir-ES\",\"description\":\"Toma de decisiones sobre riesgo crediticio impulsada por IA\",\"potentialAction\":[{\"@type\":\"SearchAction\",\"target\":{\"@type\":\"EntryPoint\",\"urlTemplate\":\"https:\\\/\\\/www.provenir.com\\\/es\\\/?s={search_term_string}\"},\"query-input\":{\"@type\":\"PropertyValueSpecification\",\"valueRequired\":true,\"valueName\":\"search_term_string\"}}],\"inLanguage\":\"es\"}]}<\/script>\n<!-- \/ Yoast SEO Premium plugin. -->","yoast_head_json":{"title":"Noticias y Prensa - Recursos","description":"Explora las noticias de la industria y recibe las \u00faltimas actualizaciones de Provenir para mantenerte informado.","robots":{"index":"index","follow":"follow","max-snippet":"max-snippet:-1","max-image-preview":"max-image-preview:large","max-video-preview":"max-video-preview:-1"},"canonical":"https:\/\/www.provenir.com\/es\/berita-pers\/","og_locale":"es_ES","og_type":"article","og_title":"Berita + Pers","og_description":"Explora las noticias de la industria y recibe las \u00faltimas actualizaciones de Provenir para mantenerte informado.","og_url":"https:\/\/www.provenir.com\/es\/berita-pers\/","og_site_name":"Provenir-ES","article_modified_time":"2026-04-01T09:53:32+00:00","twitter_card":"summary_large_image","twitter_misc":{"Est. reading time":"1 minuto"},"schema":{"@context":"https:\/\/schema.org","@graph":[{"@type":"WebPage","@id":"https:\/\/www.provenir.com\/es\/berita-pers\/","url":"https:\/\/www.provenir.com\/es\/berita-pers\/","name":"Noticias y Prensa - Recursos","isPartOf":{"@id":"https:\/\/www.provenir.com\/es\/#website"},"datePublished":"2022-09-28T09:36:31+00:00","dateModified":"2026-04-01T09:53:32+00:00","description":"Explora las noticias de la industria y recibe las \u00faltimas actualizaciones de Provenir para mantenerte informado.","breadcrumb":{"@id":"https:\/\/www.provenir.com\/es\/berita-pers\/#breadcrumb"},"inLanguage":"es","potentialAction":[{"@type":"ReadAction","target":["https:\/\/www.provenir.com\/es\/berita-pers\/"]}]},{"@type":"BreadcrumbList","@id":"https:\/\/www.provenir.com\/es\/berita-pers\/#breadcrumb","itemListElement":[{"@type":"ListItem","position":1,"name":"Home","item":"https:\/\/www.provenir.com\/es\/"},{"@type":"ListItem","position":2,"name":"Berita + Pers"}]},{"@type":"WebSite","@id":"https:\/\/www.provenir.com\/es\/#website","url":"https:\/\/www.provenir.com\/es\/","name":"Provenir-ES","description":"Toma de decisiones sobre riesgo crediticio impulsada por IA","potentialAction":[{"@type":"SearchAction","target":{"@type":"EntryPoint","urlTemplate":"https:\/\/www.provenir.com\/es\/?s={search_term_string}"},"query-input":{"@type":"PropertyValueSpecification","valueRequired":true,"valueName":"search_term_string"}}],"inLanguage":"es"}]}},"_links":{"self":[{"href":"https:\/\/www.provenir.com\/es\/wp-json\/wp\/v2\/pages\/22640","targetHints":{"allow":["GET"]}}],"collection":[{"href":"https:\/\/www.provenir.com\/es\/wp-json\/wp\/v2\/pages"}],"about":[{"href":"https:\/\/www.provenir.com\/es\/wp-json\/wp\/v2\/types\/page"}],"author":[{"embeddable":true,"href":"https:\/\/www.provenir.com\/es\/wp-json\/wp\/v2\/users\/1"}],"replies":[{"embeddable":true,"href":"https:\/\/www.provenir.com\/es\/wp-json\/wp\/v2\/comments?post=22640"}],"version-history":[{"count":0,"href":"https:\/\/www.provenir.com\/es\/wp-json\/wp\/v2\/pages\/22640\/revisions"}],"wp:attachment":[{"href":"https:\/\/www.provenir.com\/es\/wp-json\/wp\/v2\/media?parent=22640"}],"wp:term":[{"taxonomy":"industry","embeddable":true,"href":"https:\/\/www.provenir.com\/es\/wp-json\/wp\/v2\/industry?post=22640"}],"curies":[{"name":"wp","href":"https:\/\/api.w.org\/{rel}","templated":true}]}}