{"id":37805,"date":"2024-10-29T14:34:59","date_gmt":"2024-10-29T14:34:59","guid":{"rendered":"https:\/\/www.provenir.com\/spanish\/?page_id=37805"},"modified":"2026-02-19T14:47:08","modified_gmt":"2026-02-19T14:47:08","slug":"esclavitud-moderna","status":"publish","type":"page","link":"https:\/\/www.provenir.com\/es\/esclavitud-moderna\/","title":{"rendered":"Esclavitud Moderna"},"content":{"rendered":"<h1>Esclavitud Moderna<\/h1>\n<div>\n<p>La esclavitud moderna es un crimen atroz y un acto moralmente reprobable que priva a una persona de su libertad y dignidad para el beneficio de otra. Es un problema real que afecta a millones de personas en todo el mundo, incluyendo a muchas en pa\u00edses desarrollados, que son mantenidas y explotadas en diversas formas de esclavitud. Toda empresa corre el riesgo de verse involucrada en este delito a trav\u00e9s de sus propias operaciones. Adoptamos una pol\u00edtica de tolerancia cero hacia la esclavitud moderna y estamos completamente comprometidos a prevenir la esclavitud y la trata de personas en nuestras operaciones. Hemos tomado medidas concretas para abordar la esclavitud moderna, como se detalla en nuestra declaraci\u00f3n. Esta declaraci\u00f3n establece las acciones que hemos tomado para comprender todos los posibles riesgos de esclavitud moderna relacionados con nuestro negocio y para implementar medidas para prevenir la esclavitud y la trata de personas. Establecemos una relaci\u00f3n de confianza e integridad con todos nuestros clientes. Si lleg\u00e1ramos a tener conocimiento de alguna denuncia de trata de personas o esclavitud en contra de alguno de nuestros clientes, actuar\u00edamos de inmediato y lo reportar\u00edamos a las autoridades. La empresa cuenta con pol\u00edticas para identificar y prevenir la esclavitud y la trata de personas en nuestras operaciones; alentamos a todos los empleados y clientes a reportar cualquier sospecha de esclavitud o trata de personas sin temor a represalias.<\/p>\n<p>La empresa fomenta que los empleados hagan lo correcto al dejar en claro las acciones y el comportamiento que se espera de ellos al representar a la compa\u00f1\u00eda. Nos esforzamos por mantener los m\u00e1s altos est\u00e1ndares de conducta y \u00e9tica de los empleados cuando operamos en el extranjero. Por favor, contacta a la gerencia si tienes preguntas o inquietudes.<\/p>\n<\/div>\n<p><!--more--><br \/>\n<!-- {\"type\":\"layout\",\"children\":[{\"type\":\"section\",\"props\":{\"animation\":\"slide-bottom-small\",\"header_transparent\":true,\"header_transparent_noplaceholder\":true,\"header_transparent_text_color\":\"light\",\"image\":\"wp-content\\\/uploads\\\/hero-bg.svg\",\"image_position\":\"bottom-center\",\"image_size\":\"cover\",\"media_background\":\"#120226\",\"padding\":\"large\",\"padding_remove_bottom\":false,\"padding_remove_top\":false,\"style\":\"secondary\",\"title_breakpoint\":\"xl\",\"title_position\":\"top-left\",\"title_rotation\":\"left\",\"vertical_align\":\"\",\"width\":\"default\"},\"children\":[{\"type\":\"row\",\"children\":[{\"type\":\"column\",\"props\":{\"image_position\":\"center-center\",\"position_sticky_breakpoint\":\"m\"},\"children\":[{\"type\":\"headline\",\"props\":{\"content\":\"Esclavitud Moderna\",\"margin\":\"medium\",\"margin_remove_top\":true,\"text_align\":\"center\",\"title_element\":\"h1\",\"title_style\":\"heading-medium\"}},{\"type\":\"text\",\"props\":{\"block_align\":\"center\",\"column\":\"1-3\",\"column_breakpoint\":\"m\",\"column_divider\":false,\"content\":\"\n\n<p>La esclavitud moderna es un crimen atroz y un acto moralmente reprobable que priva a una persona de su libertad y dignidad para el beneficio de otra. Es un problema real que afecta a millones de personas en todo el mundo, incluyendo a muchas en pa\\u00edses desarrollados, que son mantenidas y explotadas en diversas formas de esclavitud. Toda empresa corre el riesgo de verse involucrada en este delito a trav\\u00e9s de sus propias operaciones. Adoptamos una pol\\u00edtica de tolerancia cero hacia la esclavitud moderna y estamos completamente comprometidos a prevenir la esclavitud y la trata de personas en nuestras operaciones. Hemos tomado medidas concretas para abordar la esclavitud moderna, como se detalla en nuestra declaraci\\u00f3n. Esta declaraci\\u00f3n establece las acciones que hemos tomado para comprender todos los posibles riesgos de esclavitud moderna relacionados con nuestro negocio y para implementar medidas para prevenir la esclavitud y la trata de personas. Establecemos una relaci\\u00f3n de confianza e integridad con todos nuestros clientes. Si lleg\\u00e1ramos a tener conocimiento de alguna denuncia de trata de personas o esclavitud en contra de alguno de nuestros clientes, actuar\\u00edamos de inmediato y lo reportar\\u00edamos a las autoridades. La empresa cuenta con pol\\u00edticas para identificar y prevenir la esclavitud y la trata de personas en nuestras operaciones; alentamos a todos los empleados y clientes a reportar cualquier sospecha de esclavitud o trata de personas sin temor a represalias.<\\\/p>\\n\n\n<p>La empresa fomenta que los empleados hagan lo correcto al dejar en claro las acciones y el comportamiento que se espera de ellos al representar a la compa\\u00f1\\u00eda. Nos esforzamos por mantener los m\\u00e1s altos est\\u00e1ndares de conducta y \\u00e9tica de los empleados cuando operamos en el extranjero. Por favor, contacta a la gerencia si tienes preguntas o inquietudes.<\\\/p>\\n\",\"margin\":\"\",\"text_align\":\"left\"}}]}]}],\"name\":\"home-hero\"}],\"version\":\"4.4.12\",\"yooessentialsVersion\":\"2.2.24\"} --><\/p>\n","protected":false},"excerpt":{"rendered":"<p>Esclavitud Moderna La esclavitud moderna es un crimen atroz y un acto moralmente reprobable que priva a una persona de su libertad y dignidad para el beneficio de otra. Es un problema real que afecta a millones de personas en todo el mundo, incluyendo a muchas en pa\u00edses desarrollados, que son mantenidas y explotadas en [&hellip;]<\/p>\n","protected":false},"author":1,"featured_media":0,"parent":0,"menu_order":0,"comment_status":"closed","ping_status":"closed","template":"","meta":{"_acf_changed":false,"footnotes":""},"industry":[],"class_list":["post-37805","page","type-page","status-publish","hentry"],"acf":[],"yoast_head":"<!-- This site is optimized with the Yoast SEO Premium plugin v27.4 (Yoast SEO v27.4) - https:\/\/yoast.com\/product\/yoast-seo-premium-wordpress\/ -->\n<title>Esclavitud Moderna - Provenir-ES<\/title>\n<meta name=\"description\" content=\"Conozca la pol\u00edtica de tolerancia cero de Provenir ante la esclavitud moderna, y c\u00f3mo prevenimos la trata y explotaci\u00f3n en nuestras operaciones.\" \/>\n<meta name=\"robots\" content=\"index, follow, max-snippet:-1, max-image-preview:large, max-video-preview:-1\" \/>\n<link rel=\"canonical\" href=\"https:\/\/www.provenir.com\/es\/esclavitud-moderna\/\" \/>\n<meta property=\"og:locale\" content=\"es_ES\" \/>\n<meta property=\"og:type\" content=\"article\" \/>\n<meta property=\"og:title\" content=\"Esclavitud Moderna\" \/>\n<meta property=\"og:description\" content=\"Conozca la pol\u00edtica de tolerancia cero de Provenir ante la esclavitud moderna, y c\u00f3mo prevenimos la trata y explotaci\u00f3n en nuestras operaciones.\" \/>\n<meta property=\"og:url\" content=\"https:\/\/www.provenir.com\/es\/esclavitud-moderna\/\" \/>\n<meta property=\"og:site_name\" content=\"Provenir-ES\" \/>\n<meta property=\"article:modified_time\" content=\"2026-02-19T14:47:08+00:00\" \/>\n<meta name=\"twitter:card\" content=\"summary_large_image\" \/>\n<meta name=\"twitter:label1\" content=\"Est. reading time\" \/>\n\t<meta name=\"twitter:data1\" content=\"2 minutos\" \/>\n<script type=\"application\/ld+json\" class=\"yoast-schema-graph\">{\"@context\":\"https:\\\/\\\/schema.org\",\"@graph\":[{\"@type\":\"WebPage\",\"@id\":\"https:\\\/\\\/www.provenir.com\\\/es\\\/esclavitud-moderna\\\/\",\"url\":\"https:\\\/\\\/www.provenir.com\\\/es\\\/esclavitud-moderna\\\/\",\"name\":\"Esclavitud Moderna - Provenir-ES\",\"isPartOf\":{\"@id\":\"https:\\\/\\\/www.provenir.com\\\/es\\\/#website\"},\"datePublished\":\"2024-10-29T14:34:59+00:00\",\"dateModified\":\"2026-02-19T14:47:08+00:00\",\"description\":\"Conozca la pol\u00edtica de tolerancia cero de Provenir ante la esclavitud moderna, y c\u00f3mo prevenimos la trata y explotaci\u00f3n en nuestras operaciones.\",\"breadcrumb\":{\"@id\":\"https:\\\/\\\/www.provenir.com\\\/es\\\/esclavitud-moderna\\\/#breadcrumb\"},\"inLanguage\":\"es\",\"potentialAction\":[{\"@type\":\"ReadAction\",\"target\":[\"https:\\\/\\\/www.provenir.com\\\/es\\\/esclavitud-moderna\\\/\"]}]},{\"@type\":\"BreadcrumbList\",\"@id\":\"https:\\\/\\\/www.provenir.com\\\/es\\\/esclavitud-moderna\\\/#breadcrumb\",\"itemListElement\":[{\"@type\":\"ListItem\",\"position\":1,\"name\":\"Home\",\"item\":\"https:\\\/\\\/www.provenir.com\\\/es\\\/\"},{\"@type\":\"ListItem\",\"position\":2,\"name\":\"Esclavitud Moderna\"}]},{\"@type\":\"WebSite\",\"@id\":\"https:\\\/\\\/www.provenir.com\\\/es\\\/#website\",\"url\":\"https:\\\/\\\/www.provenir.com\\\/es\\\/\",\"name\":\"Provenir-ES\",\"description\":\"Toma de decisiones sobre riesgo crediticio impulsada por IA\",\"potentialAction\":[{\"@type\":\"SearchAction\",\"target\":{\"@type\":\"EntryPoint\",\"urlTemplate\":\"https:\\\/\\\/www.provenir.com\\\/es\\\/?s={search_term_string}\"},\"query-input\":{\"@type\":\"PropertyValueSpecification\",\"valueRequired\":true,\"valueName\":\"search_term_string\"}}],\"inLanguage\":\"es\"}]}<\/script>\n<!-- \/ Yoast SEO Premium plugin. -->","yoast_head_json":{"title":"Esclavitud Moderna - Provenir-ES","description":"Conozca la pol\u00edtica de tolerancia cero de Provenir ante la esclavitud moderna, y c\u00f3mo prevenimos la trata y explotaci\u00f3n en nuestras operaciones.","robots":{"index":"index","follow":"follow","max-snippet":"max-snippet:-1","max-image-preview":"max-image-preview:large","max-video-preview":"max-video-preview:-1"},"canonical":"https:\/\/www.provenir.com\/es\/esclavitud-moderna\/","og_locale":"es_ES","og_type":"article","og_title":"Esclavitud Moderna","og_description":"Conozca la pol\u00edtica de tolerancia cero de Provenir ante la esclavitud moderna, y c\u00f3mo prevenimos la trata y explotaci\u00f3n en nuestras operaciones.","og_url":"https:\/\/www.provenir.com\/es\/esclavitud-moderna\/","og_site_name":"Provenir-ES","article_modified_time":"2026-02-19T14:47:08+00:00","twitter_card":"summary_large_image","twitter_misc":{"Est. reading time":"2 minutos"},"schema":{"@context":"https:\/\/schema.org","@graph":[{"@type":"WebPage","@id":"https:\/\/www.provenir.com\/es\/esclavitud-moderna\/","url":"https:\/\/www.provenir.com\/es\/esclavitud-moderna\/","name":"Esclavitud Moderna - Provenir-ES","isPartOf":{"@id":"https:\/\/www.provenir.com\/es\/#website"},"datePublished":"2024-10-29T14:34:59+00:00","dateModified":"2026-02-19T14:47:08+00:00","description":"Conozca la pol\u00edtica de tolerancia cero de Provenir ante la esclavitud moderna, y c\u00f3mo prevenimos la trata y explotaci\u00f3n en nuestras operaciones.","breadcrumb":{"@id":"https:\/\/www.provenir.com\/es\/esclavitud-moderna\/#breadcrumb"},"inLanguage":"es","potentialAction":[{"@type":"ReadAction","target":["https:\/\/www.provenir.com\/es\/esclavitud-moderna\/"]}]},{"@type":"BreadcrumbList","@id":"https:\/\/www.provenir.com\/es\/esclavitud-moderna\/#breadcrumb","itemListElement":[{"@type":"ListItem","position":1,"name":"Home","item":"https:\/\/www.provenir.com\/es\/"},{"@type":"ListItem","position":2,"name":"Esclavitud Moderna"}]},{"@type":"WebSite","@id":"https:\/\/www.provenir.com\/es\/#website","url":"https:\/\/www.provenir.com\/es\/","name":"Provenir-ES","description":"Toma de decisiones sobre riesgo crediticio impulsada por IA","potentialAction":[{"@type":"SearchAction","target":{"@type":"EntryPoint","urlTemplate":"https:\/\/www.provenir.com\/es\/?s={search_term_string}"},"query-input":{"@type":"PropertyValueSpecification","valueRequired":true,"valueName":"search_term_string"}}],"inLanguage":"es"}]}},"_links":{"self":[{"href":"https:\/\/www.provenir.com\/es\/wp-json\/wp\/v2\/pages\/37805","targetHints":{"allow":["GET"]}}],"collection":[{"href":"https:\/\/www.provenir.com\/es\/wp-json\/wp\/v2\/pages"}],"about":[{"href":"https:\/\/www.provenir.com\/es\/wp-json\/wp\/v2\/types\/page"}],"author":[{"embeddable":true,"href":"https:\/\/www.provenir.com\/es\/wp-json\/wp\/v2\/users\/1"}],"replies":[{"embeddable":true,"href":"https:\/\/www.provenir.com\/es\/wp-json\/wp\/v2\/comments?post=37805"}],"version-history":[{"count":0,"href":"https:\/\/www.provenir.com\/es\/wp-json\/wp\/v2\/pages\/37805\/revisions"}],"wp:attachment":[{"href":"https:\/\/www.provenir.com\/es\/wp-json\/wp\/v2\/media?parent=37805"}],"wp:term":[{"taxonomy":"industry","embeddable":true,"href":"https:\/\/www.provenir.com\/es\/wp-json\/wp\/v2\/industry?post=37805"}],"curies":[{"name":"wp","href":"https:\/\/api.w.org\/{rel}","templated":true}]}}