{"id":37806,"date":"2024-10-29T14:39:45","date_gmt":"2024-10-29T14:39:45","guid":{"rendered":"https:\/\/www.provenir.com\/spanish\/?page_id=37806"},"modified":"2026-02-19T10:03:16","modified_gmt":"2026-02-19T10:03:16","slug":"certificado-iso","status":"publish","type":"page","link":"https:\/\/www.provenir.com\/es\/certificado-iso\/","title":{"rendered":"Certificado ISO"},"content":{"rendered":"<h1>Certificado ISO<\/h1>\n<div>\n<div style=\"position:relative;padding-top:max(60%,326px);height:0;width:100%\"><iframe allow=\"clipboard-write\" sandbox=\"allow-top-navigation allow-top-navigation-by-user-activation allow-downloads allow-scripts allow-same-origin allow-popups allow-modals allow-popups-to-escape-sandbox allow-forms\" allowfullscreen=\"true\" style=\"position:absolute;border:none;width:100%;height:100%;left:0;right:0;top:0;bottom:0;\" src=\"https:\/\/e.issuu.com\/embed.html?backgroundColor=transparent&#038;d=provenir-iso-cert-is_767141&#038;hideIssuuLogo=true&#038;hideShareButton=true&#038;pageLayout=singlePage&#038;themeMainColor=%23f0f4fc&#038;themeSecondaryColor=%23333E5C&#038;u=provenir\"><\/iframe><\/div>\n<\/div>\n<p><!--more--><br \/>\n<!-- {\"type\":\"layout\",\"children\":[{\"type\":\"section\",\"props\":{\"animation\":\"slide-bottom-small\",\"header_transparent\":true,\"header_transparent_noplaceholder\":true,\"header_transparent_text_color\":\"light\",\"image\":\"wp-content\\\/uploads\\\/hero-bg.svg\",\"image_position\":\"bottom-center\",\"image_size\":\"cover\",\"media_background\":\"#120226\",\"padding\":\"large\",\"padding_remove_bottom\":false,\"padding_remove_top\":false,\"style\":\"secondary\",\"title_breakpoint\":\"xl\",\"title_position\":\"top-left\",\"title_rotation\":\"left\",\"vertical_align\":\"\",\"width\":\"default\"},\"children\":[{\"type\":\"row\",\"children\":[{\"type\":\"column\",\"props\":{\"image_position\":\"center-center\",\"position_sticky_breakpoint\":\"m\"},\"children\":[{\"type\":\"headline\",\"props\":{\"content\":\"Certificado ISO\",\"margin\":\"medium\",\"margin_remove_top\":true,\"text_align\":\"center\",\"title_color\":\"background\",\"title_element\":\"h1\",\"title_style\":\"heading-medium\"}},{\"type\":\"html\",\"props\":{\"content\":\"\n\n<div style=\\\"position:relative;padding-top:max(60%,326px);height:0;width:100%\\\"><iframe allow=\\\"clipboard-write\\\" sandbox=\\\"allow-top-navigation allow-top-navigation-by-user-activation allow-downloads allow-scripts allow-same-origin allow-popups allow-modals allow-popups-to-escape-sandbox allow-forms\\\" allowfullscreen=\\\"true\\\" style=\\\"position:absolute;border:none;width:100%;height:100%;left:0;right:0;top:0;bottom:0;\\\" src=\\\"https:\\\/\\\/e.issuu.com\\\/embed.html?backgroundColor=transparent&d=provenir-iso-cert-is_767141&hideIssuuLogo=true&hideShareButton=true&pageLayout=singlePage&themeMainColor=%23f0f4fc&themeSecondaryColor=%23333E5C&u=provenir\\\"><\\\/iframe><\\\/div>\"}}]}]}],\"name\":\"home-hero\"}],\"version\":\"4.5.21\",\"yooessentialsVersion\":\"2.3.12\"} --><\/p>\n","protected":false},"excerpt":{"rendered":"<p>Certificado ISO<\/p>\n","protected":false},"author":1,"featured_media":0,"parent":0,"menu_order":0,"comment_status":"closed","ping_status":"closed","template":"","meta":{"_acf_changed":false,"footnotes":""},"industry":[],"class_list":["post-37806","page","type-page","status-publish","hentry"],"acf":[],"yoast_head":"<!-- This site is optimized with the Yoast SEO Premium plugin v27.5 (Yoast SEO v27.5) - https:\/\/yoast.com\/product\/yoast-seo-premium-wordpress\/ -->\n<title>Certificado ISO - Provenir-ES<\/title>\n<meta name=\"description\" content=\"Conozca el certificado ISO de Provenir: garant\u00eda de est\u00e1ndares globales en seguridad, calidad y fiabilidad de nuestra plataforma de decisi\u00f3n de riesgo.\" \/>\n<meta name=\"robots\" content=\"index, follow, max-snippet:-1, max-image-preview:large, max-video-preview:-1\" \/>\n<link rel=\"canonical\" href=\"https:\/\/www.provenir.com\/es\/certificado-iso\/\" \/>\n<meta property=\"og:locale\" content=\"es_ES\" \/>\n<meta property=\"og:type\" content=\"article\" \/>\n<meta property=\"og:title\" content=\"Certificado ISO\" \/>\n<meta property=\"og:description\" content=\"Conozca el certificado ISO de Provenir: garant\u00eda de est\u00e1ndares globales en seguridad, calidad y fiabilidad de nuestra plataforma de decisi\u00f3n de riesgo.\" \/>\n<meta property=\"og:url\" content=\"https:\/\/www.provenir.com\/es\/certificado-iso\/\" \/>\n<meta property=\"og:site_name\" content=\"Provenir-ES\" \/>\n<meta property=\"article:modified_time\" content=\"2026-02-19T10:03:16+00:00\" \/>\n<meta name=\"twitter:card\" content=\"summary_large_image\" \/>\n<meta name=\"twitter:label1\" content=\"Est. reading time\" \/>\n\t<meta name=\"twitter:data1\" content=\"1 minuto\" \/>\n<script type=\"application\/ld+json\" class=\"yoast-schema-graph\">{\"@context\":\"https:\\\/\\\/schema.org\",\"@graph\":[{\"@type\":\"WebPage\",\"@id\":\"https:\\\/\\\/www.provenir.com\\\/es\\\/certificado-iso\\\/\",\"url\":\"https:\\\/\\\/www.provenir.com\\\/es\\\/certificado-iso\\\/\",\"name\":\"Certificado ISO - Provenir-ES\",\"isPartOf\":{\"@id\":\"https:\\\/\\\/www.provenir.com\\\/es\\\/#website\"},\"datePublished\":\"2024-10-29T14:39:45+00:00\",\"dateModified\":\"2026-02-19T10:03:16+00:00\",\"description\":\"Conozca el certificado ISO de Provenir: garant\u00eda de est\u00e1ndares globales en seguridad, calidad y fiabilidad de nuestra plataforma de decisi\u00f3n de riesgo.\",\"breadcrumb\":{\"@id\":\"https:\\\/\\\/www.provenir.com\\\/es\\\/certificado-iso\\\/#breadcrumb\"},\"inLanguage\":\"es\",\"potentialAction\":[{\"@type\":\"ReadAction\",\"target\":[\"https:\\\/\\\/www.provenir.com\\\/es\\\/certificado-iso\\\/\"]}]},{\"@type\":\"BreadcrumbList\",\"@id\":\"https:\\\/\\\/www.provenir.com\\\/es\\\/certificado-iso\\\/#breadcrumb\",\"itemListElement\":[{\"@type\":\"ListItem\",\"position\":1,\"name\":\"Home\",\"item\":\"https:\\\/\\\/www.provenir.com\\\/es\\\/\"},{\"@type\":\"ListItem\",\"position\":2,\"name\":\"Certificado ISO\"}]},{\"@type\":\"WebSite\",\"@id\":\"https:\\\/\\\/www.provenir.com\\\/es\\\/#website\",\"url\":\"https:\\\/\\\/www.provenir.com\\\/es\\\/\",\"name\":\"Provenir-ES\",\"description\":\"Toma de decisiones sobre riesgo crediticio impulsada por IA\",\"potentialAction\":[{\"@type\":\"SearchAction\",\"target\":{\"@type\":\"EntryPoint\",\"urlTemplate\":\"https:\\\/\\\/www.provenir.com\\\/es\\\/?s={search_term_string}\"},\"query-input\":{\"@type\":\"PropertyValueSpecification\",\"valueRequired\":true,\"valueName\":\"search_term_string\"}}],\"inLanguage\":\"es\"}]}<\/script>\n<!-- \/ Yoast SEO Premium plugin. -->","yoast_head_json":{"title":"Certificado ISO - Provenir-ES","description":"Conozca el certificado ISO de Provenir: garant\u00eda de est\u00e1ndares globales en seguridad, calidad y fiabilidad de nuestra plataforma de decisi\u00f3n de riesgo.","robots":{"index":"index","follow":"follow","max-snippet":"max-snippet:-1","max-image-preview":"max-image-preview:large","max-video-preview":"max-video-preview:-1"},"canonical":"https:\/\/www.provenir.com\/es\/certificado-iso\/","og_locale":"es_ES","og_type":"article","og_title":"Certificado ISO","og_description":"Conozca el certificado ISO de Provenir: garant\u00eda de est\u00e1ndares globales en seguridad, calidad y fiabilidad de nuestra plataforma de decisi\u00f3n de riesgo.","og_url":"https:\/\/www.provenir.com\/es\/certificado-iso\/","og_site_name":"Provenir-ES","article_modified_time":"2026-02-19T10:03:16+00:00","twitter_card":"summary_large_image","twitter_misc":{"Est. reading time":"1 minuto"},"schema":{"@context":"https:\/\/schema.org","@graph":[{"@type":"WebPage","@id":"https:\/\/www.provenir.com\/es\/certificado-iso\/","url":"https:\/\/www.provenir.com\/es\/certificado-iso\/","name":"Certificado ISO - Provenir-ES","isPartOf":{"@id":"https:\/\/www.provenir.com\/es\/#website"},"datePublished":"2024-10-29T14:39:45+00:00","dateModified":"2026-02-19T10:03:16+00:00","description":"Conozca el certificado ISO de Provenir: garant\u00eda de est\u00e1ndares globales en seguridad, calidad y fiabilidad de nuestra plataforma de decisi\u00f3n de riesgo.","breadcrumb":{"@id":"https:\/\/www.provenir.com\/es\/certificado-iso\/#breadcrumb"},"inLanguage":"es","potentialAction":[{"@type":"ReadAction","target":["https:\/\/www.provenir.com\/es\/certificado-iso\/"]}]},{"@type":"BreadcrumbList","@id":"https:\/\/www.provenir.com\/es\/certificado-iso\/#breadcrumb","itemListElement":[{"@type":"ListItem","position":1,"name":"Home","item":"https:\/\/www.provenir.com\/es\/"},{"@type":"ListItem","position":2,"name":"Certificado ISO"}]},{"@type":"WebSite","@id":"https:\/\/www.provenir.com\/es\/#website","url":"https:\/\/www.provenir.com\/es\/","name":"Provenir-ES","description":"Toma de decisiones sobre riesgo crediticio impulsada por IA","potentialAction":[{"@type":"SearchAction","target":{"@type":"EntryPoint","urlTemplate":"https:\/\/www.provenir.com\/es\/?s={search_term_string}"},"query-input":{"@type":"PropertyValueSpecification","valueRequired":true,"valueName":"search_term_string"}}],"inLanguage":"es"}]}},"_links":{"self":[{"href":"https:\/\/www.provenir.com\/es\/wp-json\/wp\/v2\/pages\/37806","targetHints":{"allow":["GET"]}}],"collection":[{"href":"https:\/\/www.provenir.com\/es\/wp-json\/wp\/v2\/pages"}],"about":[{"href":"https:\/\/www.provenir.com\/es\/wp-json\/wp\/v2\/types\/page"}],"author":[{"embeddable":true,"href":"https:\/\/www.provenir.com\/es\/wp-json\/wp\/v2\/users\/1"}],"replies":[{"embeddable":true,"href":"https:\/\/www.provenir.com\/es\/wp-json\/wp\/v2\/comments?post=37806"}],"version-history":[{"count":0,"href":"https:\/\/www.provenir.com\/es\/wp-json\/wp\/v2\/pages\/37806\/revisions"}],"wp:attachment":[{"href":"https:\/\/www.provenir.com\/es\/wp-json\/wp\/v2\/media?parent=37806"}],"wp:term":[{"taxonomy":"industry","embeddable":true,"href":"https:\/\/www.provenir.com\/es\/wp-json\/wp\/v2\/industry?post=37806"}],"curies":[{"name":"wp","href":"https:\/\/api.w.org\/{rel}","templated":true}]}}