{"id":38263,"date":"2026-01-07T21:38:36","date_gmt":"2026-01-07T21:38:36","guid":{"rendered":"https:\/\/www.provenir.com\/es\/resultados-evaluacion-ia-testjan7-0\/"},"modified":"2026-01-07T21:38:36","modified_gmt":"2026-01-07T21:38:36","slug":"resultados-evaluacion-ia-testjan7-0","status":"publish","type":"page","link":"https:\/\/www.provenir.com\/es\/resultados-evaluacion-ia-testjan7-0\/","title":{"rendered":"resultados-evaluacion-ia-testjan7-0"},"content":{"rendered":"<style>\n.uk-margin-remove-adjacent+*, .uk-margin-remove-first-child>:first-child {\n    margin-top: -50px !important;\n}\n.uk-article-title {\n    font-size: 2.23125rem;\n    line-height: 1.2;\n    color: #fff;\n    font-family: Inter;\n    font-weight: 700;\n    text-transform: none;\n    letter-spacing: 0;\n    font-style: normal;\n    visibility: hidden;\n}\n<\/style>\n<h1 class=\"uk-text-background\">Resultados de Evaluaci\u00f3n de IA para testjan7<\/h1>\n<hr>\n<div class=\"uk-card uk-card-default uk-padding\">\n<h3 class=\"uk-text-warning uk-margin-remove-bottom\">Puntaje de Evaluaci\u00f3n: 16\/70 &#8211; Gatear<\/h3>\n<p class=\"uk-text-emphasis uk-text-lead uk-margin-remove-top\">Su organizaci\u00f3n se encuentra en una etapa temprana de adopci\u00f3n de IA. Actualmente utiliza sistemas aislados y toma decisiones basadas en reglas.<\/p>\n<\/div>\n<h3 class=\"uk-text-warning uk-margin-remove-bottom\">Sus Fortalezas<\/h3>\n<ul class=\"uk-text-emphasis uk-margin-remove-top\">\n&#8211; Su organizaci\u00f3n est\u00e1 demostrando inter\u00e9s en la adopci\u00f3n de IA.<br \/>\n&#8211; Est\u00e1 utilizando sistemas aislados, lo que indica un comienzo en la implementaci\u00f3n de IA.<br \/>\n&#8211; Est\u00e1 tomando decisiones basadas en reglas, lo que muestra un enfoque l\u00f3gico y estructurado en su proceso de toma de decisiones.\n<\/ul>\n<h3 class=\"uk-text-warning uk-margin-remove-bottom\">Oportunidades de Crecimiento<\/h3>\n<p class=\"uk-text-emphasis uk-margin-remove-top\">Para avanzar en su madurez de IA, su organizaci\u00f3n puede beneficiarse de la implementaci\u00f3n de modelos predictivos y la integraci\u00f3n de datos de terceros en su proceso de toma de decisiones. Tambi\u00e9n es importante desarrollar una gobernanza s\u00f3lida para garantizar el uso \u00e9tico y responsable de la IA en su organizaci\u00f3n.<\/p>\n<div class=\"uk-card uk-card-primary uk-padding\">\n<h3 class=\"uk-text-warning uk-margin-remove-bottom\">C\u00f3mo Provenir Puede Ayudar<\/h3>\n<p class=\"uk-text-emphasis uk-text-default uk-margin-remove-top uk-text-lead\">Provenir puede ayudar a su organizaci\u00f3n a avanzar en su madurez de IA a trav\u00e9s de nuestras capacidades de modelos predictivos y an\u00e1lisis de datos de terceros. Tambi\u00e9n ofrecemos servicios de consultor\u00eda para ayudar a desarrollar una gobernanza s\u00f3lida y \u00e9tica para el uso de la IA en su organizaci\u00f3n.<\/p>\n<\/div>\n","protected":false},"excerpt":{"rendered":"<p>Resultados de Evaluaci\u00f3n de IA para testjan7 Puntaje de Evaluaci\u00f3n: 16\/70 &#8211; Gatear Su organizaci\u00f3n se encuentra en una etapa temprana de adopci\u00f3n de IA. Actualmente utiliza sistemas aislados y toma decisiones basadas en reglas. Sus Fortalezas &#8211; Su organizaci\u00f3n est\u00e1 demostrando inter\u00e9s en la adopci\u00f3n de IA. &#8211; Est\u00e1 utilizando sistemas aislados, lo que [&hellip;]<\/p>\n","protected":false},"author":26,"featured_media":0,"parent":0,"menu_order":0,"comment_status":"closed","ping_status":"closed","template":"","meta":{"_acf_changed":false,"footnotes":""},"industry":[],"class_list":["post-38263","page","type-page","status-publish","hentry"],"acf":[],"yoast_head":"<!-- This site is optimized with the Yoast SEO Premium plugin v27.4 (Yoast SEO v27.4) - https:\/\/yoast.com\/product\/yoast-seo-premium-wordpress\/ -->\n<title>resultados-evaluacion-ia-testjan7-0 - Provenir-ES<\/title>\n<meta name=\"robots\" content=\"index, follow, max-snippet:-1, max-image-preview:large, max-video-preview:-1\" \/>\n<link rel=\"canonical\" href=\"https:\/\/www.provenir.com\/es\/resultados-evaluacion-ia-testjan7-0\/\" \/>\n<meta property=\"og:locale\" content=\"es_ES\" \/>\n<meta property=\"og:type\" content=\"article\" \/>\n<meta property=\"og:title\" content=\"resultados-evaluacion-ia-testjan7-0\" \/>\n<meta property=\"og:description\" content=\"Resultados de Evaluaci\u00f3n de IA para testjan7 Puntaje de Evaluaci\u00f3n: 16\/70 &#8211; Gatear Su organizaci\u00f3n se encuentra en una etapa temprana de adopci\u00f3n de IA. Actualmente utiliza sistemas aislados y toma decisiones basadas en reglas. Sus Fortalezas &#8211; Su organizaci\u00f3n est\u00e1 demostrando inter\u00e9s en la adopci\u00f3n de IA. &#8211; Est\u00e1 utilizando sistemas aislados, lo que [&hellip;]\" \/>\n<meta property=\"og:url\" content=\"https:\/\/www.provenir.com\/es\/resultados-evaluacion-ia-testjan7-0\/\" \/>\n<meta property=\"og:site_name\" content=\"Provenir-ES\" \/>\n<meta name=\"twitter:card\" content=\"summary_large_image\" \/>\n<meta name=\"twitter:label1\" content=\"Est. reading time\" \/>\n\t<meta name=\"twitter:data1\" content=\"1 minuto\" \/>\n<script type=\"application\/ld+json\" class=\"yoast-schema-graph\">{\"@context\":\"https:\\\/\\\/schema.org\",\"@graph\":[{\"@type\":\"WebPage\",\"@id\":\"https:\\\/\\\/www.provenir.com\\\/es\\\/resultados-evaluacion-ia-testjan7-0\\\/\",\"url\":\"https:\\\/\\\/www.provenir.com\\\/es\\\/resultados-evaluacion-ia-testjan7-0\\\/\",\"name\":\"resultados-evaluacion-ia-testjan7-0 - Provenir-ES\",\"isPartOf\":{\"@id\":\"https:\\\/\\\/www.provenir.com\\\/es\\\/#website\"},\"datePublished\":\"2026-01-07T21:38:36+00:00\",\"breadcrumb\":{\"@id\":\"https:\\\/\\\/www.provenir.com\\\/es\\\/resultados-evaluacion-ia-testjan7-0\\\/#breadcrumb\"},\"inLanguage\":\"es\",\"potentialAction\":[{\"@type\":\"ReadAction\",\"target\":[\"https:\\\/\\\/www.provenir.com\\\/es\\\/resultados-evaluacion-ia-testjan7-0\\\/\"]}]},{\"@type\":\"BreadcrumbList\",\"@id\":\"https:\\\/\\\/www.provenir.com\\\/es\\\/resultados-evaluacion-ia-testjan7-0\\\/#breadcrumb\",\"itemListElement\":[{\"@type\":\"ListItem\",\"position\":1,\"name\":\"Home\",\"item\":\"https:\\\/\\\/www.provenir.com\\\/es\\\/\"},{\"@type\":\"ListItem\",\"position\":2,\"name\":\"resultados-evaluacion-ia-testjan7-0\"}]},{\"@type\":\"WebSite\",\"@id\":\"https:\\\/\\\/www.provenir.com\\\/es\\\/#website\",\"url\":\"https:\\\/\\\/www.provenir.com\\\/es\\\/\",\"name\":\"Provenir-ES\",\"description\":\"Toma de decisiones sobre riesgo crediticio impulsada por IA\",\"potentialAction\":[{\"@type\":\"SearchAction\",\"target\":{\"@type\":\"EntryPoint\",\"urlTemplate\":\"https:\\\/\\\/www.provenir.com\\\/es\\\/?s={search_term_string}\"},\"query-input\":{\"@type\":\"PropertyValueSpecification\",\"valueRequired\":true,\"valueName\":\"search_term_string\"}}],\"inLanguage\":\"es\"}]}<\/script>\n<!-- \/ Yoast SEO Premium plugin. -->","yoast_head_json":{"title":"resultados-evaluacion-ia-testjan7-0 - Provenir-ES","robots":{"index":"index","follow":"follow","max-snippet":"max-snippet:-1","max-image-preview":"max-image-preview:large","max-video-preview":"max-video-preview:-1"},"canonical":"https:\/\/www.provenir.com\/es\/resultados-evaluacion-ia-testjan7-0\/","og_locale":"es_ES","og_type":"article","og_title":"resultados-evaluacion-ia-testjan7-0","og_description":"Resultados de Evaluaci\u00f3n de IA para testjan7 Puntaje de Evaluaci\u00f3n: 16\/70 &#8211; Gatear Su organizaci\u00f3n se encuentra en una etapa temprana de adopci\u00f3n de IA. Actualmente utiliza sistemas aislados y toma decisiones basadas en reglas. Sus Fortalezas &#8211; Su organizaci\u00f3n est\u00e1 demostrando inter\u00e9s en la adopci\u00f3n de IA. &#8211; Est\u00e1 utilizando sistemas aislados, lo que [&hellip;]","og_url":"https:\/\/www.provenir.com\/es\/resultados-evaluacion-ia-testjan7-0\/","og_site_name":"Provenir-ES","twitter_card":"summary_large_image","twitter_misc":{"Est. reading time":"1 minuto"},"schema":{"@context":"https:\/\/schema.org","@graph":[{"@type":"WebPage","@id":"https:\/\/www.provenir.com\/es\/resultados-evaluacion-ia-testjan7-0\/","url":"https:\/\/www.provenir.com\/es\/resultados-evaluacion-ia-testjan7-0\/","name":"resultados-evaluacion-ia-testjan7-0 - Provenir-ES","isPartOf":{"@id":"https:\/\/www.provenir.com\/es\/#website"},"datePublished":"2026-01-07T21:38:36+00:00","breadcrumb":{"@id":"https:\/\/www.provenir.com\/es\/resultados-evaluacion-ia-testjan7-0\/#breadcrumb"},"inLanguage":"es","potentialAction":[{"@type":"ReadAction","target":["https:\/\/www.provenir.com\/es\/resultados-evaluacion-ia-testjan7-0\/"]}]},{"@type":"BreadcrumbList","@id":"https:\/\/www.provenir.com\/es\/resultados-evaluacion-ia-testjan7-0\/#breadcrumb","itemListElement":[{"@type":"ListItem","position":1,"name":"Home","item":"https:\/\/www.provenir.com\/es\/"},{"@type":"ListItem","position":2,"name":"resultados-evaluacion-ia-testjan7-0"}]},{"@type":"WebSite","@id":"https:\/\/www.provenir.com\/es\/#website","url":"https:\/\/www.provenir.com\/es\/","name":"Provenir-ES","description":"Toma de decisiones sobre riesgo crediticio impulsada por IA","potentialAction":[{"@type":"SearchAction","target":{"@type":"EntryPoint","urlTemplate":"https:\/\/www.provenir.com\/es\/?s={search_term_string}"},"query-input":{"@type":"PropertyValueSpecification","valueRequired":true,"valueName":"search_term_string"}}],"inLanguage":"es"}]}},"_links":{"self":[{"href":"https:\/\/www.provenir.com\/es\/wp-json\/wp\/v2\/pages\/38263","targetHints":{"allow":["GET"]}}],"collection":[{"href":"https:\/\/www.provenir.com\/es\/wp-json\/wp\/v2\/pages"}],"about":[{"href":"https:\/\/www.provenir.com\/es\/wp-json\/wp\/v2\/types\/page"}],"author":[{"embeddable":true,"href":"https:\/\/www.provenir.com\/es\/wp-json\/wp\/v2\/users\/26"}],"replies":[{"embeddable":true,"href":"https:\/\/www.provenir.com\/es\/wp-json\/wp\/v2\/comments?post=38263"}],"version-history":[{"count":0,"href":"https:\/\/www.provenir.com\/es\/wp-json\/wp\/v2\/pages\/38263\/revisions"}],"wp:attachment":[{"href":"https:\/\/www.provenir.com\/es\/wp-json\/wp\/v2\/media?parent=38263"}],"wp:term":[{"taxonomy":"industry","embeddable":true,"href":"https:\/\/www.provenir.com\/es\/wp-json\/wp\/v2\/industry?post=38263"}],"curies":[{"name":"wp","href":"https:\/\/api.w.org\/{rel}","templated":true}]}}