{"id":38264,"date":"2026-01-08T21:37:51","date_gmt":"2026-01-08T21:37:51","guid":{"rendered":"https:\/\/www.provenir.com\/es\/resultados-evaluacion-ia-gaby-herrera-0\/"},"modified":"2026-01-08T21:37:51","modified_gmt":"2026-01-08T21:37:51","slug":"resultados-evaluacion-ia-gaby-herrera-0","status":"publish","type":"page","link":"https:\/\/www.provenir.com\/es\/resultados-evaluacion-ia-gaby-herrera-0\/","title":{"rendered":"resultados-evaluacion-ia-Gaby Herrera-0"},"content":{"rendered":"<style>\n.uk-margin-remove-adjacent+*, .uk-margin-remove-first-child>:first-child {\n    margin-top: -50px !important;\n}\n.uk-article-title {\n    font-size: 2.23125rem;\n    line-height: 1.2;\n    color: #fff;\n    font-family: Inter;\n    font-weight: 700;\n    text-transform: none;\n    letter-spacing: 0;\n    font-style: normal;\n    visibility: hidden;\n}\n<\/style>\n<h1 class=\"uk-text-background\">Resultados de Evaluaci\u00f3n de IA para Gaby Herrera<\/h1>\n<hr>\n<div class=\"uk-card uk-card-default uk-padding\">\n<h3 class=\"uk-text-warning uk-margin-remove-bottom\">Puntaje de Evaluaci\u00f3n: 56\/70 &#8211; Caminar<\/h3>\n<p class=\"uk-text-emphasis uk-text-lead uk-margin-remove-top\">Su organizaci\u00f3n se encuentra en la etapa de caminar en t\u00e9rminos de madurez de IA. Esto significa que ha comenzado a implementar modelos predictivos y tiene una cobertura parcial del ciclo de vida en su proceso de toma de decisiones. Aunque todav\u00eda hay margen de mejora, su organizaci\u00f3n est\u00e1 en el camino correcto para aprovechar al m\u00e1ximo las capacidades de IA.<\/p>\n<\/div>\n<h3 class=\"uk-text-warning uk-margin-remove-bottom\">Sus Fortalezas<\/h3>\n<ul class=\"uk-text-emphasis uk-margin-remove-top\">\n<li>Su organizaci\u00f3n ha implementado modelos predictivos, lo que le permite tomar decisiones m\u00e1s informadas y precisas.<\/li>\n<li>Tienen una cobertura parcial del ciclo de vida, lo que significa que est\u00e1n utilizando datos en diferentes etapas del proceso de toma de decisiones.<\/li>\n<li>Su organizaci\u00f3n est\u00e1 en el camino hacia la adopci\u00f3n de IA y est\u00e1 progresando hacia una mayor madurez en este campo.<\/li>\n<\/ul>\n<h3 class=\"uk-text-warning uk-margin-remove-bottom\">Oportunidades de Crecimiento<\/h3>\n<p class=\"uk-text-emphasis uk-margin-remove-top\">Para seguir avanzando en la madurez de IA, su organizaci\u00f3n puede centrarse en mejorar la gobernanza de los datos y desarrollar un enfoque m\u00e1s integral para la implementaci\u00f3n de IA en todas las \u00e1reas de la organizaci\u00f3n. Tambi\u00e9n puede considerar expandir la cobertura del ciclo de vida y utilizar m\u00e1s datos de terceros para mejorar la precisi\u00f3n de sus modelos predictivos.<\/p>\n<div class=\"uk-card uk-card-primary uk-padding\">\n<h3 class=\"uk-text-warning uk-margin-remove-bottom\">C\u00f3mo Provenir Puede Ayudar<\/h3>\n<p class=\"uk-text-emphasis uk-text-default uk-margin-remove-top uk-text-lead\">En Provenir, podemos ayudar a su organizaci\u00f3n a avanzar hacia una mayor madurez de IA mediante la implementaci\u00f3n de soluciones de IA adaptativas y una gobernanza s\u00f3lida de datos. Nuestras capacidades de an\u00e1lisis avanzado y aprendizaje autom\u00e1tico pueden ayudar a mejorar la precisi\u00f3n de sus modelos predictivos y proporcionar una toma de decisiones prescriptiva en tiempo real. Adem\u00e1s, podemos trabajar con su organizaci\u00f3n para desarrollar una estrategia integral de implementaci\u00f3n de IA en todas las \u00e1reas de su negocio, lo que le permitir\u00e1 aprovechar al m\u00e1ximo las capacidades de IA en toda su organizaci\u00f3n.<\/p>\n<\/div>\n","protected":false},"excerpt":{"rendered":"<p>Resultados de Evaluaci\u00f3n de IA para Gaby Herrera Puntaje de Evaluaci\u00f3n: 56\/70 &#8211; Caminar Su organizaci\u00f3n se encuentra en la etapa de caminar en t\u00e9rminos de madurez de IA. Esto significa que ha comenzado a implementar modelos predictivos y tiene una cobertura parcial del ciclo de vida en su proceso de toma de decisiones. Aunque [&hellip;]<\/p>\n","protected":false},"author":26,"featured_media":0,"parent":0,"menu_order":0,"comment_status":"closed","ping_status":"closed","template":"","meta":{"_acf_changed":false,"footnotes":""},"industry":[],"class_list":["post-38264","page","type-page","status-publish","hentry"],"acf":[],"yoast_head":"<!-- This site is optimized with the Yoast SEO Premium plugin v27.4 (Yoast SEO v27.4) - https:\/\/yoast.com\/product\/yoast-seo-premium-wordpress\/ -->\n<title>resultados-evaluacion-ia-Gaby Herrera-0 - Provenir-ES<\/title>\n<meta name=\"robots\" content=\"index, follow, max-snippet:-1, max-image-preview:large, max-video-preview:-1\" \/>\n<link rel=\"canonical\" href=\"https:\/\/www.provenir.com\/es\/resultados-evaluacion-ia-gaby-herrera-0\/\" \/>\n<meta property=\"og:locale\" content=\"es_ES\" \/>\n<meta property=\"og:type\" content=\"article\" \/>\n<meta property=\"og:title\" content=\"resultados-evaluacion-ia-Gaby Herrera-0\" \/>\n<meta property=\"og:description\" content=\"Resultados de Evaluaci\u00f3n de IA para Gaby Herrera Puntaje de Evaluaci\u00f3n: 56\/70 &#8211; Caminar Su organizaci\u00f3n se encuentra en la etapa de caminar en t\u00e9rminos de madurez de IA. Esto significa que ha comenzado a implementar modelos predictivos y tiene una cobertura parcial del ciclo de vida en su proceso de toma de decisiones. Aunque [&hellip;]\" \/>\n<meta property=\"og:url\" content=\"https:\/\/www.provenir.com\/es\/resultados-evaluacion-ia-gaby-herrera-0\/\" \/>\n<meta property=\"og:site_name\" content=\"Provenir-ES\" \/>\n<meta name=\"twitter:card\" content=\"summary_large_image\" \/>\n<meta name=\"twitter:label1\" content=\"Est. reading time\" \/>\n\t<meta name=\"twitter:data1\" content=\"2 minutos\" \/>\n<script type=\"application\/ld+json\" class=\"yoast-schema-graph\">{\"@context\":\"https:\\\/\\\/schema.org\",\"@graph\":[{\"@type\":\"WebPage\",\"@id\":\"https:\\\/\\\/www.provenir.com\\\/es\\\/resultados-evaluacion-ia-gaby-herrera-0\\\/\",\"url\":\"https:\\\/\\\/www.provenir.com\\\/es\\\/resultados-evaluacion-ia-gaby-herrera-0\\\/\",\"name\":\"resultados-evaluacion-ia-Gaby Herrera-0 - Provenir-ES\",\"isPartOf\":{\"@id\":\"https:\\\/\\\/www.provenir.com\\\/es\\\/#website\"},\"datePublished\":\"2026-01-08T21:37:51+00:00\",\"breadcrumb\":{\"@id\":\"https:\\\/\\\/www.provenir.com\\\/es\\\/resultados-evaluacion-ia-gaby-herrera-0\\\/#breadcrumb\"},\"inLanguage\":\"es\",\"potentialAction\":[{\"@type\":\"ReadAction\",\"target\":[\"https:\\\/\\\/www.provenir.com\\\/es\\\/resultados-evaluacion-ia-gaby-herrera-0\\\/\"]}]},{\"@type\":\"BreadcrumbList\",\"@id\":\"https:\\\/\\\/www.provenir.com\\\/es\\\/resultados-evaluacion-ia-gaby-herrera-0\\\/#breadcrumb\",\"itemListElement\":[{\"@type\":\"ListItem\",\"position\":1,\"name\":\"Home\",\"item\":\"https:\\\/\\\/www.provenir.com\\\/es\\\/\"},{\"@type\":\"ListItem\",\"position\":2,\"name\":\"resultados-evaluacion-ia-Gaby Herrera-0\"}]},{\"@type\":\"WebSite\",\"@id\":\"https:\\\/\\\/www.provenir.com\\\/es\\\/#website\",\"url\":\"https:\\\/\\\/www.provenir.com\\\/es\\\/\",\"name\":\"Provenir-ES\",\"description\":\"Toma de decisiones sobre riesgo crediticio impulsada por IA\",\"potentialAction\":[{\"@type\":\"SearchAction\",\"target\":{\"@type\":\"EntryPoint\",\"urlTemplate\":\"https:\\\/\\\/www.provenir.com\\\/es\\\/?s={search_term_string}\"},\"query-input\":{\"@type\":\"PropertyValueSpecification\",\"valueRequired\":true,\"valueName\":\"search_term_string\"}}],\"inLanguage\":\"es\"}]}<\/script>\n<!-- \/ Yoast SEO Premium plugin. -->","yoast_head_json":{"title":"resultados-evaluacion-ia-Gaby Herrera-0 - Provenir-ES","robots":{"index":"index","follow":"follow","max-snippet":"max-snippet:-1","max-image-preview":"max-image-preview:large","max-video-preview":"max-video-preview:-1"},"canonical":"https:\/\/www.provenir.com\/es\/resultados-evaluacion-ia-gaby-herrera-0\/","og_locale":"es_ES","og_type":"article","og_title":"resultados-evaluacion-ia-Gaby Herrera-0","og_description":"Resultados de Evaluaci\u00f3n de IA para Gaby Herrera Puntaje de Evaluaci\u00f3n: 56\/70 &#8211; Caminar Su organizaci\u00f3n se encuentra en la etapa de caminar en t\u00e9rminos de madurez de IA. Esto significa que ha comenzado a implementar modelos predictivos y tiene una cobertura parcial del ciclo de vida en su proceso de toma de decisiones. Aunque [&hellip;]","og_url":"https:\/\/www.provenir.com\/es\/resultados-evaluacion-ia-gaby-herrera-0\/","og_site_name":"Provenir-ES","twitter_card":"summary_large_image","twitter_misc":{"Est. reading time":"2 minutos"},"schema":{"@context":"https:\/\/schema.org","@graph":[{"@type":"WebPage","@id":"https:\/\/www.provenir.com\/es\/resultados-evaluacion-ia-gaby-herrera-0\/","url":"https:\/\/www.provenir.com\/es\/resultados-evaluacion-ia-gaby-herrera-0\/","name":"resultados-evaluacion-ia-Gaby Herrera-0 - Provenir-ES","isPartOf":{"@id":"https:\/\/www.provenir.com\/es\/#website"},"datePublished":"2026-01-08T21:37:51+00:00","breadcrumb":{"@id":"https:\/\/www.provenir.com\/es\/resultados-evaluacion-ia-gaby-herrera-0\/#breadcrumb"},"inLanguage":"es","potentialAction":[{"@type":"ReadAction","target":["https:\/\/www.provenir.com\/es\/resultados-evaluacion-ia-gaby-herrera-0\/"]}]},{"@type":"BreadcrumbList","@id":"https:\/\/www.provenir.com\/es\/resultados-evaluacion-ia-gaby-herrera-0\/#breadcrumb","itemListElement":[{"@type":"ListItem","position":1,"name":"Home","item":"https:\/\/www.provenir.com\/es\/"},{"@type":"ListItem","position":2,"name":"resultados-evaluacion-ia-Gaby Herrera-0"}]},{"@type":"WebSite","@id":"https:\/\/www.provenir.com\/es\/#website","url":"https:\/\/www.provenir.com\/es\/","name":"Provenir-ES","description":"Toma de decisiones sobre riesgo crediticio impulsada por IA","potentialAction":[{"@type":"SearchAction","target":{"@type":"EntryPoint","urlTemplate":"https:\/\/www.provenir.com\/es\/?s={search_term_string}"},"query-input":{"@type":"PropertyValueSpecification","valueRequired":true,"valueName":"search_term_string"}}],"inLanguage":"es"}]}},"_links":{"self":[{"href":"https:\/\/www.provenir.com\/es\/wp-json\/wp\/v2\/pages\/38264","targetHints":{"allow":["GET"]}}],"collection":[{"href":"https:\/\/www.provenir.com\/es\/wp-json\/wp\/v2\/pages"}],"about":[{"href":"https:\/\/www.provenir.com\/es\/wp-json\/wp\/v2\/types\/page"}],"author":[{"embeddable":true,"href":"https:\/\/www.provenir.com\/es\/wp-json\/wp\/v2\/users\/26"}],"replies":[{"embeddable":true,"href":"https:\/\/www.provenir.com\/es\/wp-json\/wp\/v2\/comments?post=38264"}],"version-history":[{"count":0,"href":"https:\/\/www.provenir.com\/es\/wp-json\/wp\/v2\/pages\/38264\/revisions"}],"wp:attachment":[{"href":"https:\/\/www.provenir.com\/es\/wp-json\/wp\/v2\/media?parent=38264"}],"wp:term":[{"taxonomy":"industry","embeddable":true,"href":"https:\/\/www.provenir.com\/es\/wp-json\/wp\/v2\/industry?post=38264"}],"curies":[{"name":"wp","href":"https:\/\/api.w.org\/{rel}","templated":true}]}}