{"id":10,"date":"2025-12-17T10:26:34","date_gmt":"2025-12-17T10:26:34","guid":{"rendered":"https:\/\/www.provenir.com\/fr\/?page_id=10"},"modified":"2026-01-28T12:58:09","modified_gmt":"2026-01-28T12:58:09","slug":"esclavage-moderne","status":"publish","type":"page","link":"https:\/\/www.provenir.com\/fr\/esclavage-moderne\/","title":{"rendered":"Esclavage Moderne"},"content":{"rendered":"<h1>Esclavage Moderne<\/h1>\n<div>\n<p>L\u2019esclavage moderne est un crime odieux et un acte moralement r\u00e9pr\u00e9hensible qui prive une personne de sa libert\u00e9 et de sa dignit\u00e9 au profit d\u2019autrui. C\u2019est un probl\u00e8me r\u00e9el pour des millions de personnes dans le monde, y compris dans de nombreux pays d\u00e9velopp\u00e9s, qui sont maintenues et exploit\u00e9es sous diverses formes d\u2019esclavage.<\/p>\n<p>Chaque entreprise court le risque d\u2019\u00eatre impliqu\u00e9e dans ce crime par ses propres activit\u00e9s. Nous adoptons une approche de tol\u00e9rance z\u00e9ro envers l\u2019esclavage moderne et nous engageons pleinement \u00e0 pr\u00e9venir l\u2019esclavage et la traite des \u00eatres humains dans nos op\u00e9rations. Nous avons pris des mesures concr\u00e8tes pour lutter contre l\u2019esclavage moderne, comme indiqu\u00e9 dans notre d\u00e9claration. Cette d\u00e9claration pr\u00e9sente les actions que nous avons entreprises pour comprendre tous les risques potentiels d\u2019esclavage moderne li\u00e9s \u00e0 notre activit\u00e9 et pour mettre en \u0153uvre des mesures destin\u00e9es \u00e0 pr\u00e9venir l\u2019esclavage et la traite des \u00eatres humains.<\/p>\n<p>Nous \u00e9tablissons une relation de confiance et d\u2019int\u00e9grit\u00e9 avec tous nos clients. Si nous \u00e9tions inform\u00e9s d\u2019all\u00e9gations de traite des \u00eatres humains ou d\u2019esclavage \u00e0 l\u2019encontre de l\u2019un de nos clients, nous agirions imm\u00e9diatement et en informerions les autorit\u00e9s comp\u00e9tentes. L\u2019entreprise dispose de politiques visant \u00e0 identifier et \u00e0 pr\u00e9venir l\u2019esclavage et la traite des \u00eatres humains dans ses op\u00e9rations ; nous encourageons tous les employ\u00e9s et les clients \u00e0 signaler toute suspicion d\u2019esclavage ou de traite des \u00eatres humains sans crainte de repr\u00e9sailles.<\/p>\n<p>L\u2019entreprise encourage les employ\u00e9s \u00e0 agir correctement en indiquant clairement les actions et comportements attendus d\u2019eux lorsqu\u2019ils repr\u00e9sentent l\u2019entreprise. Nous nous effor\u00e7ons de maintenir les normes les plus \u00e9lev\u00e9es de conduite et de comportement \u00e9thique de nos employ\u00e9s lors de nos op\u00e9rations \u00e0 l\u2019\u00e9tranger. Veuillez contacter la direction pour toute question ou pr\u00e9occupation.<\/p>\n<\/div>\n<p><!--more--><br \/>\n<!-- {\"type\":\"layout\",\"children\":[{\"type\":\"section\",\"props\":{\"animation\":\"slide-bottom-small\",\"header_transparent\":true,\"header_transparent_noplaceholder\":true,\"header_transparent_text_color\":\"light\",\"image\":\"wp-content\\\/uploads\\\/hero-bg.svg\",\"image_position\":\"bottom-center\",\"image_size\":\"cover\",\"media_background\":\"#120226\",\"padding\":\"large\",\"padding_remove_bottom\":false,\"padding_remove_top\":false,\"style\":\"secondary\",\"title_breakpoint\":\"xl\",\"title_position\":\"top-left\",\"title_rotation\":\"left\",\"vertical_align\":\"\",\"width\":\"default\"},\"children\":[{\"type\":\"row\",\"children\":[{\"type\":\"column\",\"props\":{\"image_position\":\"center-center\",\"position_sticky_breakpoint\":\"m\"},\"children\":[{\"type\":\"headline\",\"props\":{\"content\":\"Esclavage Moderne\",\"margin\":\"medium\",\"margin_remove_top\":true,\"text_align\":\"center\",\"title_element\":\"h1\",\"title_style\":\"heading-medium\"}},{\"type\":\"text\",\"props\":{\"block_align\":\"center\",\"column_breakpoint\":\"m\",\"content\":\"\n\n<p>L\\u2019esclavage moderne est un crime odieux et un acte moralement r\\u00e9pr\\u00e9hensible qui prive une personne de sa libert\\u00e9 et de sa dignit\\u00e9 au profit d\\u2019autrui. C\\u2019est un probl\\u00e8me r\\u00e9el pour des millions de personnes dans le monde, y compris dans de nombreux pays d\\u00e9velopp\\u00e9s, qui sont maintenues et exploit\\u00e9es sous diverses formes d\\u2019esclavage.<\\\/p>\\n\n\n<p>Chaque entreprise court le risque d\\u2019\\u00eatre impliqu\\u00e9e dans ce crime par ses propres activit\\u00e9s. Nous adoptons une approche de tol\\u00e9rance z\\u00e9ro envers l\\u2019esclavage moderne et nous engageons pleinement \\u00e0 pr\\u00e9venir l\\u2019esclavage et la traite des \\u00eatres humains dans nos op\\u00e9rations. Nous avons pris des mesures concr\\u00e8tes pour lutter contre l\\u2019esclavage moderne, comme indiqu\\u00e9 dans notre d\\u00e9claration. Cette d\\u00e9claration pr\\u00e9sente les actions que nous avons entreprises pour comprendre tous les risques potentiels d\\u2019esclavage moderne li\\u00e9s \\u00e0 notre activit\\u00e9 et pour mettre en \\u0153uvre des mesures destin\\u00e9es \\u00e0 pr\\u00e9venir l\\u2019esclavage et la traite des \\u00eatres humains.<\\\/p>\\n\n\n<p>Nous \\u00e9tablissons une relation de confiance et d\\u2019int\\u00e9grit\\u00e9 avec tous nos clients. Si nous \\u00e9tions inform\\u00e9s d\\u2019all\\u00e9gations de traite des \\u00eatres humains ou d\\u2019esclavage \\u00e0 l\\u2019encontre de l\\u2019un de nos clients, nous agirions imm\\u00e9diatement et en informerions les autorit\\u00e9s comp\\u00e9tentes. L\\u2019entreprise dispose de politiques visant \\u00e0 identifier et \\u00e0 pr\\u00e9venir l\\u2019esclavage et la traite des \\u00eatres humains dans ses op\\u00e9rations ; nous encourageons tous les employ\\u00e9s et les clients \\u00e0 signaler toute suspicion d\\u2019esclavage ou de traite des \\u00eatres humains sans crainte de repr\\u00e9sailles.<\\\/p>\\n\n\n<p>L\\u2019entreprise encourage les employ\\u00e9s \\u00e0 agir correctement en indiquant clairement les actions et comportements attendus d\\u2019eux lorsqu\\u2019ils repr\\u00e9sentent l\\u2019entreprise. Nous nous effor\\u00e7ons de maintenir les normes les plus \\u00e9lev\\u00e9es de conduite et de comportement \\u00e9thique de nos employ\\u00e9s lors de nos op\\u00e9rations \\u00e0 l\\u2019\\u00e9tranger. Veuillez contacter la direction pour toute question ou pr\\u00e9occupation.<\\\/p>\",\"margin\":\"\",\"text_align\":\"center\",\"text_style\":\"large\"}}]}]}],\"name\":\"home-hero\"}],\"version\":\"4.5.33\",\"yooessentialsVersion\":\"2.4.12\"} --><\/p>\n","protected":false},"excerpt":{"rendered":"<p>Esclavage Moderne L\u2019esclavage moderne est un crime odieux et un acte moralement r\u00e9pr\u00e9hensible qui prive une personne de sa libert\u00e9 et de sa dignit\u00e9 au profit d\u2019autrui. C\u2019est un probl\u00e8me r\u00e9el pour des millions de personnes dans le monde, y compris dans de nombreux pays d\u00e9velopp\u00e9s, qui sont maintenues et exploit\u00e9es sous diverses formes d\u2019esclavage. [&hellip;]<\/p>\n","protected":false},"author":23,"featured_media":0,"parent":0,"menu_order":0,"comment_status":"closed","ping_status":"closed","template":"","meta":{"_acf_changed":false,"footnotes":""},"industry":[],"class_list":["post-10","page","type-page","status-publish","hentry"],"acf":[],"yoast_head":"<!-- This site is optimized with the Yoast SEO Premium plugin v27.5 (Yoast SEO v27.5) - https:\/\/yoast.com\/product\/yoast-seo-premium-wordpress\/ -->\n<title>D\u00e9claration sur l\u2019esclavage moderne - Provenir<\/title>\n<meta name=\"description\" content=\"D\u00e9couvrez l\u2019engagement de Provenir contre l\u2019esclavage moderne : tol\u00e9rance z\u00e9ro, pr\u00e9vention, gouvernance et actions concr\u00e8tes dans nos op\u00e9rations.\" \/>\n<meta name=\"robots\" content=\"index, follow, max-snippet:-1, max-image-preview:large, max-video-preview:-1\" \/>\n<link rel=\"canonical\" href=\"https:\/\/www.provenir.com\/fr\/esclavage-moderne\/\" \/>\n<meta property=\"og:locale\" content=\"fr_FR\" \/>\n<meta property=\"og:type\" content=\"article\" \/>\n<meta property=\"og:title\" content=\"Esclavage Moderne\" \/>\n<meta property=\"og:description\" content=\"D\u00e9couvrez l\u2019engagement de Provenir contre l\u2019esclavage moderne : tol\u00e9rance z\u00e9ro, pr\u00e9vention, gouvernance et actions concr\u00e8tes dans nos op\u00e9rations.\" \/>\n<meta property=\"og:url\" content=\"https:\/\/www.provenir.com\/fr\/esclavage-moderne\/\" \/>\n<meta property=\"og:site_name\" content=\"Provenir-FR\" \/>\n<meta property=\"article:modified_time\" content=\"2026-01-28T12:58:09+00:00\" \/>\n<meta name=\"twitter:card\" content=\"summary_large_image\" \/>\n<meta name=\"twitter:label1\" content=\"Est. reading time\" \/>\n\t<meta name=\"twitter:data1\" content=\"2 minutes\" \/>\n<script type=\"application\/ld+json\" class=\"yoast-schema-graph\">{\"@context\":\"https:\\\/\\\/schema.org\",\"@graph\":[{\"@type\":\"WebPage\",\"@id\":\"https:\\\/\\\/www.provenir.com\\\/fr\\\/esclavage-moderne\\\/\",\"url\":\"https:\\\/\\\/www.provenir.com\\\/fr\\\/esclavage-moderne\\\/\",\"name\":\"D\u00e9claration sur l\u2019esclavage moderne - Provenir\",\"isPartOf\":{\"@id\":\"https:\\\/\\\/www.provenir.com\\\/fr\\\/#website\"},\"datePublished\":\"2025-12-17T10:26:34+00:00\",\"dateModified\":\"2026-01-28T12:58:09+00:00\",\"description\":\"D\u00e9couvrez l\u2019engagement de Provenir contre l\u2019esclavage moderne : tol\u00e9rance z\u00e9ro, pr\u00e9vention, gouvernance et actions concr\u00e8tes dans nos op\u00e9rations.\",\"breadcrumb\":{\"@id\":\"https:\\\/\\\/www.provenir.com\\\/fr\\\/esclavage-moderne\\\/#breadcrumb\"},\"inLanguage\":\"fr-FR\",\"potentialAction\":[{\"@type\":\"ReadAction\",\"target\":[\"https:\\\/\\\/www.provenir.com\\\/fr\\\/esclavage-moderne\\\/\"]}]},{\"@type\":\"BreadcrumbList\",\"@id\":\"https:\\\/\\\/www.provenir.com\\\/fr\\\/esclavage-moderne\\\/#breadcrumb\",\"itemListElement\":[{\"@type\":\"ListItem\",\"position\":1,\"name\":\"Home\",\"item\":\"https:\\\/\\\/www.provenir.com\\\/fr\\\/\"},{\"@type\":\"ListItem\",\"position\":2,\"name\":\"Esclavage Moderne\"}]},{\"@type\":\"WebSite\",\"@id\":\"https:\\\/\\\/www.provenir.com\\\/fr\\\/#website\",\"url\":\"https:\\\/\\\/www.provenir.com\\\/fr\\\/\",\"name\":\"Provenir-FR\",\"description\":\"\",\"potentialAction\":[{\"@type\":\"SearchAction\",\"target\":{\"@type\":\"EntryPoint\",\"urlTemplate\":\"https:\\\/\\\/www.provenir.com\\\/fr\\\/?s={search_term_string}\"},\"query-input\":{\"@type\":\"PropertyValueSpecification\",\"valueRequired\":true,\"valueName\":\"search_term_string\"}}],\"inLanguage\":\"fr-FR\"}]}<\/script>\n<!-- \/ Yoast SEO Premium plugin. -->","yoast_head_json":{"title":"D\u00e9claration sur l\u2019esclavage moderne - Provenir","description":"D\u00e9couvrez l\u2019engagement de Provenir contre l\u2019esclavage moderne : tol\u00e9rance z\u00e9ro, pr\u00e9vention, gouvernance et actions concr\u00e8tes dans nos op\u00e9rations.","robots":{"index":"index","follow":"follow","max-snippet":"max-snippet:-1","max-image-preview":"max-image-preview:large","max-video-preview":"max-video-preview:-1"},"canonical":"https:\/\/www.provenir.com\/fr\/esclavage-moderne\/","og_locale":"fr_FR","og_type":"article","og_title":"Esclavage Moderne","og_description":"D\u00e9couvrez l\u2019engagement de Provenir contre l\u2019esclavage moderne : tol\u00e9rance z\u00e9ro, pr\u00e9vention, gouvernance et actions concr\u00e8tes dans nos op\u00e9rations.","og_url":"https:\/\/www.provenir.com\/fr\/esclavage-moderne\/","og_site_name":"Provenir-FR","article_modified_time":"2026-01-28T12:58:09+00:00","twitter_card":"summary_large_image","twitter_misc":{"Est. reading time":"2 minutes"},"schema":{"@context":"https:\/\/schema.org","@graph":[{"@type":"WebPage","@id":"https:\/\/www.provenir.com\/fr\/esclavage-moderne\/","url":"https:\/\/www.provenir.com\/fr\/esclavage-moderne\/","name":"D\u00e9claration sur l\u2019esclavage moderne - Provenir","isPartOf":{"@id":"https:\/\/www.provenir.com\/fr\/#website"},"datePublished":"2025-12-17T10:26:34+00:00","dateModified":"2026-01-28T12:58:09+00:00","description":"D\u00e9couvrez l\u2019engagement de Provenir contre l\u2019esclavage moderne : tol\u00e9rance z\u00e9ro, pr\u00e9vention, gouvernance et actions concr\u00e8tes dans nos op\u00e9rations.","breadcrumb":{"@id":"https:\/\/www.provenir.com\/fr\/esclavage-moderne\/#breadcrumb"},"inLanguage":"fr-FR","potentialAction":[{"@type":"ReadAction","target":["https:\/\/www.provenir.com\/fr\/esclavage-moderne\/"]}]},{"@type":"BreadcrumbList","@id":"https:\/\/www.provenir.com\/fr\/esclavage-moderne\/#breadcrumb","itemListElement":[{"@type":"ListItem","position":1,"name":"Home","item":"https:\/\/www.provenir.com\/fr\/"},{"@type":"ListItem","position":2,"name":"Esclavage Moderne"}]},{"@type":"WebSite","@id":"https:\/\/www.provenir.com\/fr\/#website","url":"https:\/\/www.provenir.com\/fr\/","name":"Provenir-FR","description":"","potentialAction":[{"@type":"SearchAction","target":{"@type":"EntryPoint","urlTemplate":"https:\/\/www.provenir.com\/fr\/?s={search_term_string}"},"query-input":{"@type":"PropertyValueSpecification","valueRequired":true,"valueName":"search_term_string"}}],"inLanguage":"fr-FR"}]}},"_links":{"self":[{"href":"https:\/\/www.provenir.com\/fr\/wp-json\/wp\/v2\/pages\/10","targetHints":{"allow":["GET"]}}],"collection":[{"href":"https:\/\/www.provenir.com\/fr\/wp-json\/wp\/v2\/pages"}],"about":[{"href":"https:\/\/www.provenir.com\/fr\/wp-json\/wp\/v2\/types\/page"}],"author":[{"embeddable":true,"href":"https:\/\/www.provenir.com\/fr\/wp-json\/wp\/v2\/users\/23"}],"replies":[{"embeddable":true,"href":"https:\/\/www.provenir.com\/fr\/wp-json\/wp\/v2\/comments?post=10"}],"version-history":[{"count":0,"href":"https:\/\/www.provenir.com\/fr\/wp-json\/wp\/v2\/pages\/10\/revisions"}],"wp:attachment":[{"href":"https:\/\/www.provenir.com\/fr\/wp-json\/wp\/v2\/media?parent=10"}],"wp:term":[{"taxonomy":"industry","embeddable":true,"href":"https:\/\/www.provenir.com\/fr\/wp-json\/wp\/v2\/industry?post=10"}],"curies":[{"name":"wp","href":"https:\/\/api.w.org\/{rel}","templated":true}]}}