{"id":13,"date":"2025-12-17T10:49:01","date_gmt":"2025-12-17T10:49:01","guid":{"rendered":"https:\/\/www.provenir.com\/fr\/?page_id=13"},"modified":"2026-04-01T09:49:12","modified_gmt":"2026-04-01T09:49:12","slug":"reserver-un-rendez-vous","status":"publish","type":"page","link":"https:\/\/www.provenir.com\/fr\/reserver-un-rendez-vous\/","title":{"rendered":"R\u00e9server un rendez-vous"},"content":{"rendered":"<h1>Prendre rendez-vous <\/h1>\n<div>\n<p>Nous avons \u00e9volu\u00e9s aux c\u00f4t\u00e9s de nos clients au cours des plus de 20 derni\u00e8res ann\u00e9es pour devenir des conseillers de confiance et des partenaires \u00e0 long terme favorisant une croissance durable. <\/p>\n<p>Planifiez votre cr\u00e9neau et d\u00e9couvrez ce que plus de deux d\u00e9cennies d\u2019innovation peuvent apporter \u00e0 votre entreprise. <\/p>\n<\/div>\n<ul>\n<li>\n<h3>91 % plus<\/h3>\n<div>Lancement 91 % plus rapide avec des millions d&rsquo;euros \u00e9conomis\u00e9s <\/div>\n<\/li>\n<li>\n<h3><6 mois<\/h3>\n<div>Moins de 6 mois pour se lancer sur un nouveau march\u00e9 <\/div>\n<\/li>\n<li>\n<h3>2,5 fois<\/h3>\n<div>R\u00e9ponse aux devis 2,5 fois plus rapide <\/div>\n<\/li>\n<\/ul>\n<blockquote>\n<p>    <span class=\"uk-text-primary\">\u00ab<\/span> La flexibilit\u00e9 et la facilit\u00e9 d\u2019utilisation de la plateforme Provenir nous ont permis de mener \u00e0 bien un projet tr\u00e8s complexe en un temps record, avec pr\u00e8s de deux fois moins de ressources et une r\u00e9duction des co\u00fbts de plus de 50 %. En adoptant les meilleures pratiques agiles low code\/no code de Provenir, nous am\u00e9liorons l\u2019efficacit\u00e9 du d\u00e9veloppement applicatif dans l\u2019ensemble de l\u2019organisation.  <span class=\"uk-text-primary\">\u00bb<\/span><\/p>\n<footer>\n<p>                <cite>Directeur senior, Infrastructure des risques, SoFi <\/cite><\/p>\n<\/footer>\n<\/blockquote>\n<div>\n<p>    <iframe loading=\"lazy\" src=\"https:\/\/go.provenir.com\/l\/730213\/2025-04-15\/ck2qyv\" width=\"100%\" height=\"650\" type=\"text\/html\" frameborder=\"0\" allowtransparency=\"true\" style=\"border: 0\"><\/iframe><\/p>\n<\/div>\n<h3>TESTIMONIALS<\/h3>\n<ul>\n<li>\n<p>        <img decoding=\"async\" src=\"\/fr\/wp-content\/uploads\/2024\/05\/gmFinancial-WHT-1.svg\" alt=\"\"><\/p>\n<h3>GM financial<\/h3>\n<p>JEFF LIVELY, Vice-Pr\u00e9sident des Services aux Concessionnaires, GM Financial<\/p>\n<div>\u00ab Nous avons une visibilit\u00e9 compl\u00e8te sur chaque demande et chaque contrat, car nous pouvons obtenir instantan\u00e9ment des informations en temps r\u00e9el d\u00e8s que nous en avons besoin. \u00bb<\/div>\n<\/li>\n<li>\n<p>        <img decoding=\"async\" src=\"\/fr\/wp-content\/uploads\/2024\/05\/novuna-WHT-1.svg\" alt=\"\"><\/p>\n<h3>Novuna<\/h3>\n<p>ANDY DODD, Directeur G\u00e9n\u00e9ral, Novuna Capital<\/p>\n<div>\u00ab La flexibilit\u00e9 de Provenir nous permet de cr\u00e9er nos propres workflows de d\u00e9cision du risque, qui peuvent se connecter facilement \u00e0 n\u2019importe quelle source de donn\u00e9es. \u00bb<\/div>\n<\/li>\n<li>\n<p>        <img decoding=\"async\" src=\"\/fr\/wp-content\/uploads\/2024\/05\/dunAndbradstreet-WHT-1.svg\" alt=\"\"><\/p>\n<h3>d&#038;b<\/h3>\n<p>Cadre Dirigeant, Dun &#038; Bradstreet<\/p>\n<div>\u00ab Provenir joue un r\u00f4le essentiel dans la recherche de l\u2019\u00e9quilibre entre conformit\u00e9 et rapidit\u00e9, car la plateforme nous permet d\u2019orchestrer l\u2019ensemble de nos processus de scoring et de conformit\u00e9 tr\u00e8s rapidement. \u00bb<\/div>\n<\/li>\n<li>\n<p>        <img decoding=\"async\" src=\"\/fr\/wp-content\/uploads\/2024\/05\/telia-WHT-1.svg\" alt=\"\"><\/p>\n<h3>Telia<\/h3>\n<p>FREDRIK NILSSON, Responsable Cr\u00e9dit, Telia<\/p>\n<div>\u00ab Provenir permet \u00e0 l\u2019\u00e9quipe de Telia Finance de cr\u00e9er et de modifier ses offres de cr\u00e9dit de mani\u00e8re autonome, de traiter les demandes des clients en quelques secondes, et de s\u2019int\u00e9grer facilement \u00e0 de multiples sources de donn\u00e9es pour am\u00e9liorer la qualit\u00e9 des d\u00e9cisions. \u00bb<\/div>\n<\/li>\n<li>\n<p>        <img decoding=\"async\" src=\"\/fr\/wp-content\/uploads\/2024\/05\/sofi-WHT-1.svg\" alt=\"sofi\"><\/p>\n<h3>sofi<\/h3>\n<p>ADAM COLCLASURE, Directeur Senior, Infrastructure Risque<\/p>\n<div>\u00ab La flexibilit\u00e9 et la facilit\u00e9 d\u2019utilisation de la plateforme Provenir nous ont permis de mener \u00e0 bien un projet tr\u00e8s complexe en un temps record, avec pr\u00e8s de deux fois moins de ressources et plus de 50 % de r\u00e9duction des co\u00fbts. \u00bb<\/div>\n<\/li>\n<\/ul>\n<p><!--more--><br \/>\n<!-- {\"type\":\"layout\",\"children\":[{\"type\":\"section\",\"props\":{\"header_transparent\":true,\"image\":\"wp-content\/uploads\/2024\/10\/background-glow-03.svg\",\"image_position\":\"top-center\",\"image_size\":\"cover\",\"style\":\"default\",\"title_breakpoint\":\"xl\",\"title_position\":\"top-left\",\"title_rotation\":\"left\",\"vertical_align\":\"middle\",\"width\":\"default\"},\"children\":[{\"type\":\"row\",\"props\":{\"layout\":\"1-2,1-2\"},\"children\":[{\"type\":\"column\",\"props\":{\"image_position\":\"center-center\",\"position_sticky_breakpoint\":\"m\",\"width_medium\":\"1-2\"},\"children\":[{\"type\":\"headline\",\"props\":{\"content\":\"Prendre rendez-vous \",\"image_align\":\"left\",\"image_margin\":\"xsmall\",\"title_color\":\"warning\",\"title_element\":\"h1\"}},{\"type\":\"text\",\"props\":{\"column_breakpoint\":\"m\",\"content\":\"\n\n<p>Nous avons \u00e9volu\u00e9s aux c\u00f4t\u00e9s de nos clients au cours des plus de 20 derni\u00e8res ann\u00e9es pour devenir des conseillers de confiance et des partenaires \u00e0 long terme favorisant une croissance durable. <\/p>\n\n\\n\\n\n\n<p>Planifiez votre cr\u00e9neau et d\u00e9couvrez ce que plus de deux d\u00e9cennies d\u2019innovation peuvent apporter \u00e0 votre entreprise. <\/p>\n\n\",\"margin_bottom\":\"default\",\"margin_top\":\"default\",\"text_style\":\"meta\"}},{\"type\":\"description_list\",\"props\":{\"column_breakpoint\":\"m\",\"content_style\":\"text-meta\",\"layout\":\"grid-2\",\"list_element\":\"ul\",\"list_style\":\"divider\",\"meta_align\":\"below-content\",\"meta_style\":\"text-meta\",\"show_content\":true,\"show_link\":true,\"show_meta\":true,\"show_title\":true,\"title_color\":\"warning\",\"title_element\":\"div\",\"title_grid_column_gap\":\"small\",\"title_grid_row_gap\":\"small\",\"title_grid_width\":\"small\",\"title_style\":\"h3\"},\"children\":[{\"type\":\"description_list_item\",\"props\":{\"content\":\"Lancement 91 % plus rapide avec des millions d'euros \u00e9conomis\u00e9s \",\"title\":\"91 % plus\"}},{\"type\":\"description_list_item\",\"props\":{\"content\":\"Moins de 6 mois pour se lancer sur un nouveau march\u00e9 \",\"title\":\"<6 mois\"}},{\"type\":\"description_list_item\",\"props\":{\"content\":\"R\u00e9ponse aux devis 2,5 fois plus rapide \",\"title\":\"2,5 fois\"}}]},{\"type\":\"quotation\",\"props\":{\"author\":\"Directeur senior, Infrastructure des risques, SoFi \",\"class\":\"uk-text-small\",\"content\":\"<span class=\\\"uk-text-primary\\\">\u00ab<\/span> La flexibilit\u00e9 et la facilit\u00e9 d\u2019utilisation de la plateforme Provenir nous ont permis de mener \u00e0 bien un projet tr\u00e8s complexe en un temps record, avec pr\u00e8s de deux fois moins de ressources et une r\u00e9duction des co\u00fbts de plus de 50 %. En adoptant les meilleures pratiques agiles low code\/no code de Provenir, nous am\u00e9liorons l\u2019efficacit\u00e9 du d\u00e9veloppement applicatif dans l\u2019ensemble de l\u2019organisation.  <span class=\\\"uk-text-primary\\\">\u00bb<\/span>\",\"margin_bottom\":\"remove\",\"margin_top\":\"large\",\"maxwidth\":\"large\"}}]},{\"type\":\"column\",\"props\":{\"image_position\":\"center-center\",\"position_sticky_breakpoint\":\"m\",\"width_medium\":\"1-2\"},\"children\":[{\"type\":\"html\",\"props\":{\"content\":\"<iframe src=\\\"https:\/\/go.provenir.com\/l\/730213\/2025-04-15\/ck2qyv\\\" width=\\\"100%\\\" height=\\\"650\\\" type=\\\"text\/html\\\" frameborder=\\\"0\\\" allowtransparency=\\\"true\\\" style=\\\"border: 0\\\"><\/iframe><\/p>\n\n        \\n\"}}]}]},{\"type\":\"row\",\"children\":[{\"type\":\"column\",\"props\":{\"image_position\":\"center-center\",\"position_sticky_breakpoint\":\"m\"},\"children\":[{\"type\":\"headline\",\"props\":{\"content\":\"TESTIMONIALS\",\"image_align\":\"left\",\"image_margin\":\"xsmall\",\"title_color\":\"background\",\"title_decoration\":\"line\",\"title_element\":\"h3\",\"title_style\":\"text-large\"}},{\"type\":\"panel-slider\",\"props\":{\"content_column_breakpoint\":\"m\",\"content_margin\":\"large\",\"content_style\":\"h3\",\"image_align\":\"bottom\",\"image_grid_breakpoint\":\"m\",\"image_grid_width\":\"1-2\",\"image_margin\":\"small\",\"image_svg_color\":\"emphasis\",\"image_width\":\"150\",\"link_fullwidth\":false,\"link_style\":\"text\",\"link_text\":\"Read more\",\"margin_bottom\":\"default\",\"margin_top\":\"default\",\"meta_align\":\"below-content\",\"meta_color\":\"secondary\",\"meta_element\":\"div\",\"meta_margin\":\"small\",\"meta_margin_auto\":true,\"meta_style\":\"text-meta\",\"nav\":\"dotnav\",\"nav_align\":\"right\",\"nav_breakpoint\":\"\",\"nav_margin\":\"large\",\"panel_match\":true,\"show_content\":true,\"show_hover_image\":true,\"show_hover_video\":true,\"show_image\":true,\"show_link\":true,\"show_meta\":true,\"show_title\":false,\"show_video\":true,\"slidenav\":\"\",\"slidenav_breakpoint\":\"xl\",\"slidenav_hover\":true,\"slidenav_large\":true,\"slidenav_margin\":\"medium\",\"slidenav_outside_breakpoint\":\"xl\",\"slider_autoplay\":true,\"slider_autoplay_interval\":\"3\",\"slider_autoplay_pause\":true,\"slider_divider\":true,\"slider_gap\":\"default\",\"slider_width\":\"fixed\",\"slider_width_default\":\"1-1\",\"slider_width_medium\":\"1-3\",\"slider_width_small\":\"1-2\",\"title_align\":\"top\",\"title_element\":\"h3\",\"title_grid_breakpoint\":\"m\",\"title_grid_width\":\"1-2\",\"title_hover_style\":\"reset\"},\"children\":[{\"type\":\"panel-slider_item\",\"props\":{\"content\":\"\u00ab Nous avons une visibilit\u00e9 compl\u00e8te sur chaque demande et chaque contrat, car nous pouvons obtenir instantan\u00e9ment des informations en temps r\u00e9el d\u00e8s que nous en avons besoin. \u00bb\",\"image\":\"wp-content\/uploads\/2024\/05\/gmFinancial-WHT-1.svg\",\"meta\":\"JEFF LIVELY, Vice-Pr\u00e9sident des Services aux Concessionnaires, GM Financial\",\"title\":\"GM financial\"}},{\"type\":\"panel-slider_item\",\"props\":{\"content\":\"\u00ab La flexibilit\u00e9 de Provenir nous permet de cr\u00e9er nos propres workflows de d\u00e9cision du risque, qui peuvent se connecter facilement \u00e0 n\u2019importe quelle source de donn\u00e9es. \u00bb\",\"image\":\"wp-content\/uploads\/2024\/05\/novuna-WHT-1.svg\",\"meta\":\"ANDY DODD, Directeur G\u00e9n\u00e9ral, Novuna Capital\",\"title\":\"Novuna\"}},{\"type\":\"panel-slider_item\",\"props\":{\"content\":\"\u00ab Provenir joue un r\u00f4le essentiel dans la recherche de l\u2019\u00e9quilibre entre conformit\u00e9 et rapidit\u00e9, car la plateforme nous permet d\u2019orchestrer l\u2019ensemble de nos processus de scoring et de conformit\u00e9 tr\u00e8s rapidement. \u00bb\",\"image\":\"wp-content\/uploads\/2024\/05\/dunAndbradstreet-WHT-1.svg\",\"meta\":\"Cadre Dirigeant, Dun & Bradstreet\",\"title\":\"d&b\"}},{\"type\":\"panel-slider_item\",\"props\":{\"content\":\"\u00ab Provenir permet \u00e0 l\u2019\u00e9quipe de Telia Finance de cr\u00e9er et de modifier ses offres de cr\u00e9dit de mani\u00e8re autonome, de traiter les demandes des clients en quelques secondes, et de s\u2019int\u00e9grer facilement \u00e0 de multiples sources de donn\u00e9es pour am\u00e9liorer la qualit\u00e9 des d\u00e9cisions. \u00bb\",\"image\":\"wp-content\/uploads\/2024\/05\/telia-WHT-1.svg\",\"meta\":\"FREDRIK NILSSON, Responsable Cr\u00e9dit, Telia\",\"title\":\"Telia\"}},{\"type\":\"panel-slider_item\",\"props\":{\"content\":\"\u00ab La flexibilit\u00e9 et la facilit\u00e9 d\u2019utilisation de la plateforme Provenir nous ont permis de mener \u00e0 bien un projet tr\u00e8s complexe en un temps record, avec pr\u00e8s de deux fois moins de ressources et plus de 50 % de r\u00e9duction des co\u00fbts. \u00bb\",\"image\":\"wp-content\/uploads\/2024\/05\/sofi-WHT-1.svg\",\"image_alt\":\"sofi\",\"meta\":\"ADAM COLCLASURE, Directeur Senior, Infrastructure Risque\",\"title\":\"sofi\"}}]}]}]}]}],\"version\":\"5.0.25\",\"yooessentialsVersion\":\"3.0.2\"} --><\/p>\n","protected":false},"excerpt":{"rendered":"<p>Prendre rendez-vous Nous avons \u00e9volu\u00e9s aux c\u00f4t\u00e9s de nos clients au cours des plus de 20 derni\u00e8res ann\u00e9es pour devenir des conseillers de confiance et des partenaires \u00e0 long terme favorisant une croissance durable. Planifiez votre cr\u00e9neau et d\u00e9couvrez ce que plus de deux d\u00e9cennies d\u2019innovation peuvent apporter \u00e0 votre entreprise. 91 % plus Lancement [&hellip;]<\/p>\n","protected":false},"author":23,"featured_media":0,"parent":0,"menu_order":0,"comment_status":"closed","ping_status":"closed","template":"","meta":{"_acf_changed":false,"footnotes":""},"industry":[],"class_list":["post-13","page","type-page","status-publish","hentry"],"acf":[],"yoast_head":"<!-- This site is optimized with the Yoast SEO Premium plugin v27.3 (Yoast SEO v27.3) - https:\/\/yoast.com\/product\/yoast-seo-premium-wordpress\/ -->\n<title>R\u00e9server un rendez-vous - Provenir-FR<\/title>\n<meta name=\"description\" content=\"Planifiez votre cr\u00e9neau et d\u00e9couvrez ce que plus de deux d\u00e9cennies d\u2019innovation peuvent apporter \u00e0 votre entreprise.\" \/>\n<meta name=\"robots\" content=\"index, follow, max-snippet:-1, max-image-preview:large, max-video-preview:-1\" \/>\n<link rel=\"canonical\" href=\"https:\/\/www.provenir.com\/fr\/reserver-un-rendez-vous\/\" \/>\n<meta property=\"og:locale\" content=\"fr_FR\" \/>\n<meta property=\"og:type\" content=\"article\" \/>\n<meta property=\"og:title\" content=\"R\u00e9server un rendez-vous\" \/>\n<meta property=\"og:description\" content=\"Planifiez votre cr\u00e9neau et d\u00e9couvrez ce que plus de deux d\u00e9cennies d\u2019innovation peuvent apporter \u00e0 votre entreprise.\" \/>\n<meta property=\"og:url\" content=\"https:\/\/www.provenir.com\/fr\/reserver-un-rendez-vous\/\" \/>\n<meta property=\"og:site_name\" content=\"Provenir-FR\" \/>\n<meta property=\"article:modified_time\" content=\"2026-04-01T09:49:12+00:00\" \/>\n<meta name=\"twitter:card\" content=\"summary_large_image\" \/>\n<meta name=\"twitter:label1\" content=\"Est. reading time\" \/>\n\t<meta name=\"twitter:data1\" content=\"3 minutes\" \/>\n<script type=\"application\/ld+json\" class=\"yoast-schema-graph\">{\"@context\":\"https:\\\/\\\/schema.org\",\"@graph\":[{\"@type\":\"WebPage\",\"@id\":\"https:\\\/\\\/www.provenir.com\\\/fr\\\/reserver-un-rendez-vous\\\/\",\"url\":\"https:\\\/\\\/www.provenir.com\\\/fr\\\/reserver-un-rendez-vous\\\/\",\"name\":\"R\u00e9server un rendez-vous - Provenir-FR\",\"isPartOf\":{\"@id\":\"https:\\\/\\\/www.provenir.com\\\/fr\\\/#website\"},\"datePublished\":\"2025-12-17T10:49:01+00:00\",\"dateModified\":\"2026-04-01T09:49:12+00:00\",\"description\":\"Planifiez votre cr\u00e9neau et d\u00e9couvrez ce que plus de deux d\u00e9cennies d\u2019innovation peuvent apporter \u00e0 votre entreprise.\",\"breadcrumb\":{\"@id\":\"https:\\\/\\\/www.provenir.com\\\/fr\\\/reserver-un-rendez-vous\\\/#breadcrumb\"},\"inLanguage\":\"fr-FR\",\"potentialAction\":[{\"@type\":\"ReadAction\",\"target\":[\"https:\\\/\\\/www.provenir.com\\\/fr\\\/reserver-un-rendez-vous\\\/\"]}]},{\"@type\":\"BreadcrumbList\",\"@id\":\"https:\\\/\\\/www.provenir.com\\\/fr\\\/reserver-un-rendez-vous\\\/#breadcrumb\",\"itemListElement\":[{\"@type\":\"ListItem\",\"position\":1,\"name\":\"Home\",\"item\":\"https:\\\/\\\/www.provenir.com\\\/fr\\\/\"},{\"@type\":\"ListItem\",\"position\":2,\"name\":\"R\u00e9server un rendez-vous\"}]},{\"@type\":\"WebSite\",\"@id\":\"https:\\\/\\\/www.provenir.com\\\/fr\\\/#website\",\"url\":\"https:\\\/\\\/www.provenir.com\\\/fr\\\/\",\"name\":\"Provenir-FR\",\"description\":\"\",\"potentialAction\":[{\"@type\":\"SearchAction\",\"target\":{\"@type\":\"EntryPoint\",\"urlTemplate\":\"https:\\\/\\\/www.provenir.com\\\/fr\\\/?s={search_term_string}\"},\"query-input\":{\"@type\":\"PropertyValueSpecification\",\"valueRequired\":true,\"valueName\":\"search_term_string\"}}],\"inLanguage\":\"fr-FR\"}]}<\/script>\n<!-- \/ Yoast SEO Premium plugin. -->","yoast_head_json":{"title":"R\u00e9server un rendez-vous - Provenir-FR","description":"Planifiez votre cr\u00e9neau et d\u00e9couvrez ce que plus de deux d\u00e9cennies d\u2019innovation peuvent apporter \u00e0 votre entreprise.","robots":{"index":"index","follow":"follow","max-snippet":"max-snippet:-1","max-image-preview":"max-image-preview:large","max-video-preview":"max-video-preview:-1"},"canonical":"https:\/\/www.provenir.com\/fr\/reserver-un-rendez-vous\/","og_locale":"fr_FR","og_type":"article","og_title":"R\u00e9server un rendez-vous","og_description":"Planifiez votre cr\u00e9neau et d\u00e9couvrez ce que plus de deux d\u00e9cennies d\u2019innovation peuvent apporter \u00e0 votre entreprise.","og_url":"https:\/\/www.provenir.com\/fr\/reserver-un-rendez-vous\/","og_site_name":"Provenir-FR","article_modified_time":"2026-04-01T09:49:12+00:00","twitter_card":"summary_large_image","twitter_misc":{"Est. reading time":"3 minutes"},"schema":{"@context":"https:\/\/schema.org","@graph":[{"@type":"WebPage","@id":"https:\/\/www.provenir.com\/fr\/reserver-un-rendez-vous\/","url":"https:\/\/www.provenir.com\/fr\/reserver-un-rendez-vous\/","name":"R\u00e9server un rendez-vous - Provenir-FR","isPartOf":{"@id":"https:\/\/www.provenir.com\/fr\/#website"},"datePublished":"2025-12-17T10:49:01+00:00","dateModified":"2026-04-01T09:49:12+00:00","description":"Planifiez votre cr\u00e9neau et d\u00e9couvrez ce que plus de deux d\u00e9cennies d\u2019innovation peuvent apporter \u00e0 votre entreprise.","breadcrumb":{"@id":"https:\/\/www.provenir.com\/fr\/reserver-un-rendez-vous\/#breadcrumb"},"inLanguage":"fr-FR","potentialAction":[{"@type":"ReadAction","target":["https:\/\/www.provenir.com\/fr\/reserver-un-rendez-vous\/"]}]},{"@type":"BreadcrumbList","@id":"https:\/\/www.provenir.com\/fr\/reserver-un-rendez-vous\/#breadcrumb","itemListElement":[{"@type":"ListItem","position":1,"name":"Home","item":"https:\/\/www.provenir.com\/fr\/"},{"@type":"ListItem","position":2,"name":"R\u00e9server un rendez-vous"}]},{"@type":"WebSite","@id":"https:\/\/www.provenir.com\/fr\/#website","url":"https:\/\/www.provenir.com\/fr\/","name":"Provenir-FR","description":"","potentialAction":[{"@type":"SearchAction","target":{"@type":"EntryPoint","urlTemplate":"https:\/\/www.provenir.com\/fr\/?s={search_term_string}"},"query-input":{"@type":"PropertyValueSpecification","valueRequired":true,"valueName":"search_term_string"}}],"inLanguage":"fr-FR"}]}},"_links":{"self":[{"href":"https:\/\/www.provenir.com\/fr\/wp-json\/wp\/v2\/pages\/13","targetHints":{"allow":["GET"]}}],"collection":[{"href":"https:\/\/www.provenir.com\/fr\/wp-json\/wp\/v2\/pages"}],"about":[{"href":"https:\/\/www.provenir.com\/fr\/wp-json\/wp\/v2\/types\/page"}],"author":[{"embeddable":true,"href":"https:\/\/www.provenir.com\/fr\/wp-json\/wp\/v2\/users\/23"}],"replies":[{"embeddable":true,"href":"https:\/\/www.provenir.com\/fr\/wp-json\/wp\/v2\/comments?post=13"}],"version-history":[{"count":0,"href":"https:\/\/www.provenir.com\/fr\/wp-json\/wp\/v2\/pages\/13\/revisions"}],"wp:attachment":[{"href":"https:\/\/www.provenir.com\/fr\/wp-json\/wp\/v2\/media?parent=13"}],"wp:term":[{"taxonomy":"industry","embeddable":true,"href":"https:\/\/www.provenir.com\/fr\/wp-json\/wp\/v2\/industry?post=13"}],"curies":[{"name":"wp","href":"https:\/\/api.w.org\/{rel}","templated":true}]}}