{"id":38725,"date":"2026-02-25T09:41:40","date_gmt":"2026-02-25T09:41:40","guid":{"rendered":"https:\/\/www.provenir.com\/fr\/?page_id=38725"},"modified":"2026-03-26T10:22:18","modified_gmt":"2026-03-26T10:22:18","slug":"ressources","status":"publish","type":"page","link":"https:\/\/www.provenir.com\/fr\/ressources\/","title":{"rendered":"Ressources"},"content":{"rendered":"<h1>Ne suivez pas les tendances.<br \/><span class=\"uk-text-background\">Cr\u00e9ez-les.<\/span><\/h1>\n<div><strong>Prenez des d\u00e9cisions plus intelligentes, plus rapidement.<\/strong><\/div>\n<div>\n<p>Des derni\u00e8res tendances en mati\u00e8re de d\u00e9cision du risque et d\u2019actualit\u00e9s sectorielles aux avanc\u00e9es des logiciels de gestion du risque et des moteurs de d\u00e9cision, les ressources de notre plateforme d\u2019IA d\u00e9cisionnelle r\u00e9unissent eBooks, vid\u00e9os, articles et bien plus encore pour stimuler la croissance de votre entreprise. Explorez nos ressources et acc\u00e9l\u00e9rez votre dynamique d\u2019innovation.<\/p>\n<\/div>\n<h2>BIBLIOTH\u00c8QUE DE RESSOURCES<\/h2>\n<div>\n<div class=\"pt-cv-wrapper\"><div class=\"cvp-live-filter cvp-dropdown \" id=\"\" data-name=\"tx_industry\" data-sid=\"1142a2dc6i\" data-isblock=\"\" data-postid=\"\"><label class=\"cvp-label\"><\/label><select name=\"tx_industry\"><option value=\"\">Tous les secteurs<\/option><option value=\"gestion-de-la-relation-client\" >Gestion de la relation client<span class=\"cvp-count\"> (1)<\/span><\/option><option value=\"ia\" >IA<span class=\"cvp-count\"> (1)<\/span><\/option><option value=\"lhyper-personnalisation\" >l\u2019Hyper-Personnalisation<span class=\"cvp-count\"> (2)<\/span><\/option><\/select><\/div><div class=\"cvp-live-filter cvp-search-box \" id=\"\" data-name=\"_search\" data-sid=\"1142a2dc6i\" data-isblock=\"\" data-postid=\"\"><label for='sf_1413' class=\"cvp-label\"><\/label><input type=\"text\" id=\"sf_1413\" name=\"_search\" value=\"\" data-nosubmit=\"true\" placeholder=\"Search\"\/><\/div><div class=\"cvp-live-filter cvp-dropdown \" id=\"\" data-name=\"tx_resource\" data-sid=\"1142a2dc6i\" data-isblock=\"\" data-postid=\"\"><label class=\"cvp-label\"><\/label><select name=\"tx_resource\"><option value=\"\">Toutes les ressources<\/option><option value=\"blog\" >Blog<span class=\"cvp-count\"> (4)<\/span><\/option><\/select><\/div><div class=\"pt-cv-view pt-cv-blockgrid iscvblock iscvhybrid grid1 layout1 cveffect-darken pt-cv-pgregular pt-cv-round-btn cvp-lfres\" id=\"pt-cv-view-1142a2dc6i\"><div data-id=\"pt-cv-page-1\" class=\"pt-cv-page\" data-cvc=\"4\"><div class=\" pt-cv-content-item pt-cv-1-col\"  data-pid=\"38734\"><div class=\"pt-cv-thumb-wrapper  \"><a href=\"https:\/\/www.provenir.com\/fr\/acquisitions-et-gestion-client-plus-intelligentes\/\" class=\"_self pt-cv-href-thumbnail pt-cv-thumb-default cvplbd\" target=\"_self\" ><img loading=\"lazy\" decoding=\"async\" width=\"1200\" height=\"628\" src=\"https:\/\/www.provenir.com\/fr\/wp-content\/uploads\/sites\/13\/2026\/03\/260212-BLOG-Christian-Ball-FeatureIMG-FR.jpg\" class=\"pt-cv-thumbnail img-none\" alt=\"Acquisitions et gestion client plus intelligentes\" \/><\/a><\/div>\n<div class=\"pt-cv-meta-fields\"><span class=\"entry-date\"> <time datetime=\"2026-03-09T09:24:20+00:00\">mars 9, 2026<\/time><\/span><\/div>\n<h4 class=\"pt-cv-title\"><a href=\"https:\/\/www.provenir.com\/fr\/acquisitions-et-gestion-client-plus-intelligentes\/\" class=\"_self cvplbd\" target=\"_self\" >Acquisitions et gestion client plus i...<\/a><\/h4>\n<div class=\"pt-cv-content\">Acquisitions et gestion client plus intelligentes : Comment Provenir stimule ...<br \/><div class=\"pt-cv-rmwrap\"><a href=\"https:\/\/www.provenir.com\/fr\/acquisitions-et-gestion-client-plus-intelligentes\/\" class=\"_self pt-cv-readmore btn btn-success cvplbd\" target=\"_self\">Read More<\/a><\/div><\/div><\/div>\n<div class=\" pt-cv-content-item pt-cv-1-col\"  data-pid=\"38730\"><div class=\"pt-cv-thumb-wrapper  \"><a href=\"https:\/\/www.provenir.com\/fr\/serie-le-mythe-de-lhyper-personnalisation-2\/\" class=\"_self pt-cv-href-thumbnail pt-cv-thumb-default cvplbd\" target=\"_self\" ><img loading=\"lazy\" decoding=\"async\" width=\"1200\" height=\"628\" src=\"https:\/\/www.provenir.com\/fr\/wp-content\/uploads\/sites\/13\/2026\/03\/Hyper-Personlization-2-FR-1.png\" class=\"pt-cv-thumbnail img-none\" alt=\"S\u00e9rie Le mythe de l\u2019hyper-personnalisation #2\" \/><\/a><\/div>\n<div class=\"pt-cv-meta-fields\"><span class=\"entry-date\"> <time datetime=\"2026-03-04T05:44:13+00:00\">mars 4, 2026<\/time><\/span><\/div>\n<h4 class=\"pt-cv-title\"><a href=\"https:\/\/www.provenir.com\/fr\/serie-le-mythe-de-lhyper-personnalisation-2\/\" class=\"_self cvplbd\" target=\"_self\" >S\u00e9rie Le mythe de l\u2019hyper-personnalis...<\/a><\/h4>\n<div class=\"pt-cv-content\">S\u00e9rie Le mythe de l\u2019hyper-personnalisation #2:Le pi\u00e8ge des scorecards : ...<br \/><div class=\"pt-cv-rmwrap\"><a href=\"https:\/\/www.provenir.com\/fr\/serie-le-mythe-de-lhyper-personnalisation-2\/\" class=\"_self pt-cv-readmore btn btn-success cvplbd\" target=\"_self\">Read More<\/a><\/div><\/div><\/div>\n<div class=\" pt-cv-content-item pt-cv-1-col\"  data-pid=\"116\"><div class=\"pt-cv-thumb-wrapper  \"><a href=\"https:\/\/www.provenir.com\/fr\/serie-le-mythe-de-lhyper-personnalisation-1\/\" class=\"_self pt-cv-href-thumbnail pt-cv-thumb-default cvplbd\" target=\"_self\" ><img loading=\"lazy\" decoding=\"async\" width=\"1200\" height=\"628\" src=\"https:\/\/www.provenir.com\/fr\/wp-content\/uploads\/sites\/13\/2026\/02\/260213-BLOG-Hyper-personalization-Myth1-FeatureIMG-GL_FR-49742.jpg\" class=\"pt-cv-thumbnail img-none\" alt=\"S\u00e9rie Le mythe de l\u2019hyper-personnalisation #1\" \/><\/a><\/div>\n<div class=\"pt-cv-meta-fields\"><span class=\"entry-date\"> <time datetime=\"2026-02-18T10:31:48+00:00\">f\u00e9vrier 18, 2026<\/time><\/span><\/div>\n<h4 class=\"pt-cv-title\"><a href=\"https:\/\/www.provenir.com\/fr\/serie-le-mythe-de-lhyper-personnalisation-1\/\" class=\"_self cvplbd\" target=\"_self\" >S\u00e9rie Le mythe de l\u2019hyper-personnalis...<\/a><\/h4>\n<div class=\"pt-cv-content\">S\u00e9rie Le mythe de l\u2019hyper-personnalisation #1:Pourquoi les banques pensent faire ...<br \/><div class=\"pt-cv-rmwrap\"><a href=\"https:\/\/www.provenir.com\/fr\/serie-le-mythe-de-lhyper-personnalisation-1\/\" class=\"_self pt-cv-readmore btn btn-success cvplbd\" target=\"_self\">Read More<\/a><\/div><\/div><\/div>\n<div class=\" pt-cv-content-item pt-cv-1-col\"  data-pid=\"41\"><div class=\"pt-cv-thumb-wrapper  \"><a href=\"https:\/\/www.provenir.com\/fr\/pourquoi-lia-necessite-des-plateformes-dentreprise-pour-creer-de-la-valeur-metier\/\" class=\"_self pt-cv-href-thumbnail pt-cv-thumb-default cvplbd\" target=\"_self\" ><img loading=\"lazy\" decoding=\"async\" width=\"1200\" height=\"628\" src=\"https:\/\/www.provenir.com\/fr\/wp-content\/uploads\/sites\/13\/2026\/01\/260109-BLOG-Frederic-FeatureIMG-FR.jpg\" class=\"pt-cv-thumbnail img-none\" alt=\"BLOG Frederic\" \/><\/a><\/div>\n<div class=\"pt-cv-meta-fields\"><span class=\"entry-date\"> <time datetime=\"2026-01-12T13:15:35+00:00\">janvier 12, 2026<\/time><\/span><\/div>\n<h4 class=\"pt-cv-title\"><a href=\"https:\/\/www.provenir.com\/fr\/pourquoi-lia-necessite-des-plateformes-dentreprise-pour-creer-de-la-valeur-metier\/\" class=\"_self cvplbd\" target=\"_self\" >Pourquoi l\u2019IA n\u00e9cessite des plateform...<\/a><\/h4>\n<div class=\"pt-cv-content\">Pourquoi l\u2019IA n\u00e9cessite des plateformes d\u2019entreprise pour cr\u00e9er de la ...<br \/><div class=\"pt-cv-rmwrap\"><a href=\"https:\/\/www.provenir.com\/fr\/pourquoi-lia-necessite-des-plateformes-dentreprise-pour-creer-de-la-valeur-metier\/\" class=\"_self pt-cv-readmore btn btn-success cvplbd\" target=\"_self\">Read More<\/a><\/div><\/div><\/div><\/div><\/div><\/div>\t\t\t<style type=\"text\/css\" id=\"pt-cv-inline-style-e0f7785nxz\">\n#pt-cv-view-1142a2dc6i .pt-cv-thumb-wrapper:not(.miniwrap) {  }#pt-cv-view-1142a2dc6i .pt-cv-thumbnail:not(.pt-cv-thumbnailsm) { height: 100%; }#pt-cv-view-1142a2dc6i > .pt-cv-page {grid-template-columns: repeat(4, 1fr);grid-gap: 15px;}\n@media all and (max-width: 1024px) { \n#pt-cv-view-1142a2dc6i > .pt-cv-page {grid-template-columns: repeat(4, 1fr);}\n} \n@media all and (max-width: 767px) { \n#pt-cv-view-1142a2dc6i > .pt-cv-page {grid-template-columns: repeat(2, 1fr);}\n} <\/style>\r\n\t\t\t\t\t\t<style type=\"text\/css\" id=\"pt-cv-inline-style-01b72e6z7a\">#pt-cv-view-1142a2dc6i  { margin-top: 0px !important; margin-right: 0px !important; margin-bottom: 0px !important; margin-left: 0px !important; }\n#pt-cv-view-1142a2dc6i .pt-cv-content-item { padding-top: 0px !important; padding-right: 0px !important; padding-bottom: 0px !important; padding-left: 0px !important; }\n#pt-cv-view-1142a2dc6i  .pt-cv-content-item   { background-color: #391f48 !important; border-width: 0px 0px 0px 0px !important; border-style: solid !important; border-color: rgba(119,119,119,0.16) !important; border-radius: 5px 5px 5px 5px !important; }\n#pt-cv-view-1142a2dc6i .pt-cv-thumbnail, #pt-cv-view-1142a2dc6i  .cvp-responsive-image[style*=background-image] { border-style: none }\n#pt-cv-view-1142a2dc6i .pt-cv-thumbnail, #pt-cv-view-1142a2dc6i  .cvp-responsive-image[style*=background-image] { border-radius: 0px 0px 0px 0px }\n#pt-cv-view-1142a2dc6i .pt-cv-href-thumbnail  { display: block !important; text-align: justify !important; clear: both !important; }\n#pt-cv-view-1142a2dc6i .pt-cv-taxoterm * { margin: 0px 0px -50px 0px !important; padding: 10px 10px 10px 10px !important; }\n#pt-cv-view-1142a2dc6i .pt-cv-title a, #pt-cv-view-1142a2dc6i  .panel-title { font-weight: 600 !important; padding: 0px 20px 0px 20px !important; display: block !important; }\n#pt-cv-view-1142a2dc6i .pt-cv-content , #pt-cv-view-1142a2dc6i  .pt-cv-content *:not(.pt-cv-readmore):not(style):not(script) { font-size: 14px !important; line-height: 1.3 !important; color: #ffffff !important; padding: 0px 20px 10px 20px !important; }\n#pt-cv-view-1142a2dc6i .pt-cv-meta-fields { padding: 0px 20px 0px 20px }\n#pt-cv-view-1142a2dc6i .pt-cv-meta-fields * { font-size: 10px !important; line-height: 1.3 !important; color: #c7d4fc !important; text-transform: uppercase !important; }\n#pt-cv-view-1142a2dc6i .pt-cv-readmore  { font-family: 'Maven Pro', Arial, serif !important; color: #ffffff !important; background-color: rgba(32,6,68,0.85) !important; float: left !important; display: block !important; text-align: left !important; clear: both !important; border-width: 1px 1px 1px 1px !important; border-style: solid !important; border-color: rgba(32,6,68,0.85) !important; margin: 15px -25px 10px 0px !important; padding: 5px 25px 5px 25px !important; }\n#pt-cv-view-1142a2dc6i .pt-cv-readmore:hover  { font-family: 'Maven Pro', Arial, serif !important; color: #ffffff !important; background-color: rgba(32,6,68,0.87) !important; float: left !important; display: block !important; text-align: left !important; clear: both !important; }\n#pt-cv-view-1142a2dc6i  + .pt-cv-pagination-wrapper .pt-cv-more-inactive , #pt-cv-view-1142a2dc6i  + .pt-cv-pagination-wrapper .pagination a, .pt-cv-pagination[data-sid='1142a2dc6i'] a { color: #200644 !important; background-color: #ffffff !important; border-radius: 10px 10px 10px 10px !important; }\n#pt-cv-view-1142a2dc6i  + .pt-cv-pagination-wrapper .pt-cv-more , #pt-cv-view-1142a2dc6i  + .pt-cv-pagination-wrapper .pagination .active a, .pt-cv-pagination[data-sid='1142a2dc6i'] .active a { color: #ffffff !important; background-color: #e0007a !important; border-style: none !important; border-radius: 100px 100px 100px 100px !important; }\n.cvp-live-filter[data-sid='1142a2dc6i'] .cvp-label   { color: #200644 !important; background-color: #00e3d3 !important; padding: 5px 10px !important; margin-bottom: 5px !important; }\n.cvp-live-filter[data-sid='1142a2dc6i'] input[type='text'], .cvp-live-filter[data-sid='1142a2dc6i'] div > label, .cvp-live-filter[data-sid='1142a2dc6i'] select, .cvp-live-filter[data-sid='1142a2dc6i'] .irs-from, .cvp-live-filter[data-sid='1142a2dc6i'] .irs-to   { font-size: 16px !important; line-height: 1.3 !important; color: #ffffff !important; background-color: #200644 !important; }\n.cvp-live-submit   { font-size: 14px !important; line-height: 1.3 !important; color: #200644 !important; background-color: #00e3d3 !important; }\n.cvp-live-reset   { font-size: 16px !important; line-height: 1.3 !important; color: #c7d4fc !important; background-color: rgba(160,160,160,0) !important; }<\/style>\r\n\t\t\t<link href='\/\/fonts.googleapis.com\/css?family=Maven+Pro' rel='stylesheet' type='text\/css'><\/div>\n<p><!--more--><br \/>\n<!-- {\"type\":\"layout\",\"children\":[{\"type\":\"section\",\"props\":{\"animation\":\"slide-bottom-small\",\"header_transparent\":true,\"header_transparent_noplaceholder\":true,\"header_transparent_text_color\":\"light\",\"image\":\"wp-content\/uploads\/2024\/10\/background-glow-03.svg\",\"image_position\":\"bottom-center\",\"image_size\":\"cover\",\"padding_bottom\":\"none\",\"padding_top\":\"large\",\"style\":\"secondary\",\"title_breakpoint\":\"xl\",\"title_position\":\"top-left\",\"title_rotation\":\"left\",\"vertical_align\":\"\",\"width\":\"default\"},\"children\":[{\"type\":\"row\",\"children\":[{\"type\":\"column\",\"props\":{\"image_position\":\"center-center\",\"position_sticky_breakpoint\":\"m\"},\"children\":[{\"type\":\"headline\",\"props\":{\"content\":\"Ne suivez pas les tendances.<br \/><span class=\\\"uk-text-background\\\">Cr\u00e9ez-les.<\/span>\",\"image_align\":\"left\",\"image_margin\":\"xsmall\",\"margin_bottom\":\"medium\",\"margin_top\":\"remove\",\"text_align\":\"center\",\"title_element\":\"h1\",\"title_style\":\"heading-small\"},\"name\":\"H2 main page title\"},{\"type\":\"text\",\"props\":{\"block_align\":\"center\",\"column_breakpoint\":\"m\",\"content\":\"<strong>Prenez des d\u00e9cisions plus intelligentes, plus rapidement.<\/strong>\",\"margin_bottom\":\"default\",\"margin_top\":\"default\",\"text_align\":\"center\",\"text_style\":\"lead\"}},{\"type\":\"text\",\"props\":{\"block_align\":\"center\",\"column_breakpoint\":\"m\",\"content\":\"\n\n<p>Des derni\u00e8res tendances en mati\u00e8re de d\u00e9cision du risque et d\u2019actualit\u00e9s sectorielles aux avanc\u00e9es des logiciels de gestion du risque et des moteurs de d\u00e9cision, les ressources de notre plateforme d\u2019IA d\u00e9cisionnelle r\u00e9unissent eBooks, vid\u00e9os, articles et bien plus encore pour stimuler la croissance de votre entreprise. Explorez nos ressources et acc\u00e9l\u00e9rez votre dynamique d\u2019innovation.<\/p>\n\n\",\"margin_bottom\":\"\",\"margin_top\":\"\",\"text_align\":\"center\",\"text_style\":\"large\"}}]}]},{\"type\":\"row\",\"children\":[{\"type\":\"column\",\"props\":{\"image_position\":\"center-center\",\"position_sticky_breakpoint\":\"m\"},\"children\":[{\"type\":\"headline\",\"props\":{\"content\":\"BIBLIOTH\u00c8QUE DE RESSOURCES\",\"image_align\":\"left\",\"image_margin\":\"xsmall\",\"title_color\":\"background\",\"title_decoration\":\"line\",\"title_element\":\"h2\",\"title_style\":\"text-large\"}},{\"type\":\"html\",\"props\":{\"content\":\"[pt_view id=\\\"1142a2dc6i\\\"]\"},\"name\":\"resource library filter\"}]}]}],\"name\":\"Block - home-hero\"}],\"version\":\"5.0.17\"} --><\/p>\n","protected":false},"excerpt":{"rendered":"<p>Ne suivez pas les tendances.Cr\u00e9ez-les. Prenez des d\u00e9cisions plus intelligentes, plus rapidement. Des derni\u00e8res tendances en mati\u00e8re de d\u00e9cision du risque et d\u2019actualit\u00e9s sectorielles aux avanc\u00e9es des logiciels de gestion du risque et des moteurs de d\u00e9cision, les ressources de notre plateforme d\u2019IA d\u00e9cisionnelle r\u00e9unissent eBooks, vid\u00e9os, articles et bien plus encore pour stimuler la [&hellip;]<\/p>\n","protected":false},"author":23,"featured_media":0,"parent":0,"menu_order":0,"comment_status":"closed","ping_status":"closed","template":"","meta":{"_acf_changed":false,"footnotes":""},"industry":[],"class_list":["post-38725","page","type-page","status-publish","hentry"],"acf":[],"yoast_head":"<!-- This site is optimized with the Yoast SEO Premium plugin v27.4 (Yoast SEO v27.4) - https:\/\/yoast.com\/product\/yoast-seo-premium-wordpress\/ -->\n<title>Ressources Provenir : risque, IA et prise de d\u00e9cision<\/title>\n<meta name=\"description\" content=\"Explorez les ressources Provenir : ebooks, rapports et contenus sur le risque, la fraude et l\u2019IA pour am\u00e9liorer vos d\u00e9cisions financi\u00e8res.\" \/>\n<meta name=\"robots\" content=\"index, follow, max-snippet:-1, max-image-preview:large, max-video-preview:-1\" \/>\n<link rel=\"canonical\" href=\"https:\/\/www.provenir.com\/fr\/ressources\/\" \/>\n<meta property=\"og:locale\" content=\"fr_FR\" \/>\n<meta property=\"og:type\" content=\"article\" \/>\n<meta property=\"og:title\" content=\"Ressources\" \/>\n<meta property=\"og:description\" content=\"Explorez les ressources Provenir : ebooks, rapports et contenus sur le risque, la fraude et l\u2019IA pour am\u00e9liorer vos d\u00e9cisions financi\u00e8res.\" \/>\n<meta property=\"og:url\" content=\"https:\/\/www.provenir.com\/fr\/ressources\/\" \/>\n<meta property=\"og:site_name\" content=\"Provenir-FR\" \/>\n<meta property=\"article:modified_time\" content=\"2026-03-26T10:22:18+00:00\" \/>\n<meta name=\"twitter:card\" content=\"summary_large_image\" \/>\n<meta name=\"twitter:label1\" content=\"Est. reading time\" \/>\n\t<meta name=\"twitter:data1\" content=\"1 minute\" \/>\n<script type=\"application\/ld+json\" class=\"yoast-schema-graph\">{\"@context\":\"https:\\\/\\\/schema.org\",\"@graph\":[{\"@type\":\"WebPage\",\"@id\":\"https:\\\/\\\/www.provenir.com\\\/fr\\\/ressources\\\/\",\"url\":\"https:\\\/\\\/www.provenir.com\\\/fr\\\/ressources\\\/\",\"name\":\"Ressources Provenir : risque, IA et prise de d\u00e9cision\",\"isPartOf\":{\"@id\":\"https:\\\/\\\/www.provenir.com\\\/fr\\\/#website\"},\"datePublished\":\"2026-02-25T09:41:40+00:00\",\"dateModified\":\"2026-03-26T10:22:18+00:00\",\"description\":\"Explorez les ressources Provenir : ebooks, rapports et contenus sur le risque, la fraude et l\u2019IA pour am\u00e9liorer vos d\u00e9cisions financi\u00e8res.\",\"breadcrumb\":{\"@id\":\"https:\\\/\\\/www.provenir.com\\\/fr\\\/ressources\\\/#breadcrumb\"},\"inLanguage\":\"fr-FR\",\"potentialAction\":[{\"@type\":\"ReadAction\",\"target\":[\"https:\\\/\\\/www.provenir.com\\\/fr\\\/ressources\\\/\"]}]},{\"@type\":\"BreadcrumbList\",\"@id\":\"https:\\\/\\\/www.provenir.com\\\/fr\\\/ressources\\\/#breadcrumb\",\"itemListElement\":[{\"@type\":\"ListItem\",\"position\":1,\"name\":\"Home\",\"item\":\"https:\\\/\\\/www.provenir.com\\\/fr\\\/\"},{\"@type\":\"ListItem\",\"position\":2,\"name\":\"Ressources\"}]},{\"@type\":\"WebSite\",\"@id\":\"https:\\\/\\\/www.provenir.com\\\/fr\\\/#website\",\"url\":\"https:\\\/\\\/www.provenir.com\\\/fr\\\/\",\"name\":\"Provenir-FR\",\"description\":\"\",\"potentialAction\":[{\"@type\":\"SearchAction\",\"target\":{\"@type\":\"EntryPoint\",\"urlTemplate\":\"https:\\\/\\\/www.provenir.com\\\/fr\\\/?s={search_term_string}\"},\"query-input\":{\"@type\":\"PropertyValueSpecification\",\"valueRequired\":true,\"valueName\":\"search_term_string\"}}],\"inLanguage\":\"fr-FR\"}]}<\/script>\n<!-- \/ Yoast SEO Premium plugin. -->","yoast_head_json":{"title":"Ressources Provenir : risque, IA et prise de d\u00e9cision","description":"Explorez les ressources Provenir : ebooks, rapports et contenus sur le risque, la fraude et l\u2019IA pour am\u00e9liorer vos d\u00e9cisions financi\u00e8res.","robots":{"index":"index","follow":"follow","max-snippet":"max-snippet:-1","max-image-preview":"max-image-preview:large","max-video-preview":"max-video-preview:-1"},"canonical":"https:\/\/www.provenir.com\/fr\/ressources\/","og_locale":"fr_FR","og_type":"article","og_title":"Ressources","og_description":"Explorez les ressources Provenir : ebooks, rapports et contenus sur le risque, la fraude et l\u2019IA pour am\u00e9liorer vos d\u00e9cisions financi\u00e8res.","og_url":"https:\/\/www.provenir.com\/fr\/ressources\/","og_site_name":"Provenir-FR","article_modified_time":"2026-03-26T10:22:18+00:00","twitter_card":"summary_large_image","twitter_misc":{"Est. reading time":"1 minute"},"schema":{"@context":"https:\/\/schema.org","@graph":[{"@type":"WebPage","@id":"https:\/\/www.provenir.com\/fr\/ressources\/","url":"https:\/\/www.provenir.com\/fr\/ressources\/","name":"Ressources Provenir : risque, IA et prise de d\u00e9cision","isPartOf":{"@id":"https:\/\/www.provenir.com\/fr\/#website"},"datePublished":"2026-02-25T09:41:40+00:00","dateModified":"2026-03-26T10:22:18+00:00","description":"Explorez les ressources Provenir : ebooks, rapports et contenus sur le risque, la fraude et l\u2019IA pour am\u00e9liorer vos d\u00e9cisions financi\u00e8res.","breadcrumb":{"@id":"https:\/\/www.provenir.com\/fr\/ressources\/#breadcrumb"},"inLanguage":"fr-FR","potentialAction":[{"@type":"ReadAction","target":["https:\/\/www.provenir.com\/fr\/ressources\/"]}]},{"@type":"BreadcrumbList","@id":"https:\/\/www.provenir.com\/fr\/ressources\/#breadcrumb","itemListElement":[{"@type":"ListItem","position":1,"name":"Home","item":"https:\/\/www.provenir.com\/fr\/"},{"@type":"ListItem","position":2,"name":"Ressources"}]},{"@type":"WebSite","@id":"https:\/\/www.provenir.com\/fr\/#website","url":"https:\/\/www.provenir.com\/fr\/","name":"Provenir-FR","description":"","potentialAction":[{"@type":"SearchAction","target":{"@type":"EntryPoint","urlTemplate":"https:\/\/www.provenir.com\/fr\/?s={search_term_string}"},"query-input":{"@type":"PropertyValueSpecification","valueRequired":true,"valueName":"search_term_string"}}],"inLanguage":"fr-FR"}]}},"_links":{"self":[{"href":"https:\/\/www.provenir.com\/fr\/wp-json\/wp\/v2\/pages\/38725","targetHints":{"allow":["GET"]}}],"collection":[{"href":"https:\/\/www.provenir.com\/fr\/wp-json\/wp\/v2\/pages"}],"about":[{"href":"https:\/\/www.provenir.com\/fr\/wp-json\/wp\/v2\/types\/page"}],"author":[{"embeddable":true,"href":"https:\/\/www.provenir.com\/fr\/wp-json\/wp\/v2\/users\/23"}],"replies":[{"embeddable":true,"href":"https:\/\/www.provenir.com\/fr\/wp-json\/wp\/v2\/comments?post=38725"}],"version-history":[{"count":0,"href":"https:\/\/www.provenir.com\/fr\/wp-json\/wp\/v2\/pages\/38725\/revisions"}],"wp:attachment":[{"href":"https:\/\/www.provenir.com\/fr\/wp-json\/wp\/v2\/media?parent=38725"}],"wp:term":[{"taxonomy":"industry","embeddable":true,"href":"https:\/\/www.provenir.com\/fr\/wp-json\/wp\/v2\/industry?post=38725"}],"curies":[{"name":"wp","href":"https:\/\/api.w.org\/{rel}","templated":true}]}}