{"id":38758,"date":"2026-03-31T13:49:53","date_gmt":"2026-03-31T13:49:53","guid":{"rendered":"https:\/\/www.provenir.com\/fr\/?page_id=38758"},"modified":"2026-03-31T15:46:12","modified_gmt":"2026-03-31T15:46:12","slug":"ethique-et-conformite","status":"publish","type":"page","link":"https:\/\/www.provenir.com\/fr\/ethique-et-conformite\/","title":{"rendered":"\u00c9thique et conformit\u00e9"},"content":{"rendered":"<h1>\u00c9thique et conformit\u00e9<\/h1>\n<div>\n<p>Chez Provenir, nous nous engageons \u00e0 agir avec int\u00e9grit\u00e9 et responsabilit\u00e9 dans tout ce que nous faisons. Nous encourageons chacun \u00e0 signaler toute pr\u00e9occupation ou tout comportement qui semble inappropri\u00e9, qu\u2019il s\u2019agisse d\u2019\u00e9thique, de conformit\u00e9 ou de nos standards de conduite.<\/p>\n<p>Touts les signalements sont pris au s\u00e9rieux, trait\u00e9s de mani\u00e8re confidentielle et examin\u00e9s de fa\u00e7on ind\u00e9pendante afin de garantir qu\u2019ils soient trait\u00e9s de mani\u00e8re appropri\u00e9e et sans repr\u00e9sailles.<\/p>\n<p><a href=\"mailto:contact@provenir.com\">Contactez-nous<\/a>\n<\/div>\n<p><!--more--><br \/>\n<!-- {\"type\":\"layout\",\"children\":[{\"type\":\"section\",\"props\":{\"animation\":\"slide-bottom-small\",\"header_transparent\":true,\"header_transparent_noplaceholder\":true,\"header_transparent_text_color\":\"light\",\"image\":\"wp-content\/uploads\/hero-bg.svg\",\"image_position\":\"bottom-center\",\"image_size\":\"cover\",\"media_background\":\"#120226\",\"padding_bottom\":\"large\",\"padding_top\":\"large\",\"style\":\"secondary\",\"title_breakpoint\":\"xl\",\"title_position\":\"top-left\",\"title_rotation\":\"left\",\"vertical_align\":\"\",\"width\":\"default\"},\"children\":[{\"type\":\"row\",\"children\":[{\"type\":\"column\",\"props\":{\"image_position\":\"center-center\",\"position_sticky_breakpoint\":\"m\"},\"children\":[{\"type\":\"headline\",\"props\":{\"content\":\"\u00c9thique et conformit\u00e9\",\"image_align\":\"left\",\"image_margin\":\"xsmall\",\"margin_bottom\":\"medium\",\"margin_top\":\"remove\",\"text_align\":\"center\",\"title_color\":\"background\",\"title_element\":\"h1\",\"title_style\":\"heading-medium\"}},{\"type\":\"text\",\"props\":{\"block_align\":\"center\",\"column_breakpoint\":\"m\",\"content\":\"\n\n<p>Chez Provenir, nous nous engageons \u00e0 agir avec int\u00e9grit\u00e9 et responsabilit\u00e9 dans tout ce que nous faisons. Nous encourageons chacun \u00e0 signaler toute pr\u00e9occupation ou tout comportement qui semble inappropri\u00e9, qu\u2019il s\u2019agisse d\u2019\u00e9thique, de conformit\u00e9 ou de nos standards de conduite.<\/p>\n\n\\n\n\n<p>Touts les signalements sont pris au s\u00e9rieux, trait\u00e9s de mani\u00e8re confidentielle et examin\u00e9s de fa\u00e7on ind\u00e9pendante afin de garantir qu\u2019ils soient trait\u00e9s de mani\u00e8re appropri\u00e9e et sans repr\u00e9sailles.<\/p>\n\n\\n<a href=\\\"mailto:contact@provenir.com\\\">Contactez-nous<\/a>\\n\",\"margin_bottom\":\"\",\"margin_top\":\"\",\"text_align\":\"center\",\"text_style\":\"large\"}}]}]}],\"name\":\"home-hero\"}],\"version\":\"5.0.25\"} --><\/p>\n","protected":false},"excerpt":{"rendered":"<p>\u00c9thique et conformit\u00e9 Chez Provenir, nous nous engageons \u00e0 agir avec int\u00e9grit\u00e9 et responsabilit\u00e9 dans tout ce que nous faisons. Nous encourageons chacun \u00e0 signaler toute pr\u00e9occupation ou tout comportement qui semble inappropri\u00e9, qu\u2019il s\u2019agisse d\u2019\u00e9thique, de conformit\u00e9 ou de nos standards de conduite. Touts les signalements sont pris au s\u00e9rieux, trait\u00e9s de mani\u00e8re confidentielle [&hellip;]<\/p>\n","protected":false},"author":20,"featured_media":0,"parent":0,"menu_order":0,"comment_status":"closed","ping_status":"closed","template":"","meta":{"_acf_changed":false,"footnotes":""},"industry":[],"class_list":["post-38758","page","type-page","status-publish","hentry"],"acf":[],"yoast_head":"<!-- This site is optimized with the Yoast SEO Premium plugin v27.4 (Yoast SEO v27.4) - https:\/\/yoast.com\/product\/yoast-seo-premium-wordpress\/ -->\n<title>\u00c9thique et conformit\u00e9 - Provenir<\/title>\n<meta name=\"description\" content=\"D\u00e9couvrez l\u2019engagement de Provenir en mati\u00e8re d\u2019\u00e9thique et de conformit\u00e9 : int\u00e9grit\u00e9, transparence et signalement s\u00e9curis\u00e9 des comportements inappropri\u00e9s.\" \/>\n<meta name=\"robots\" content=\"index, follow, max-snippet:-1, max-image-preview:large, max-video-preview:-1\" \/>\n<link rel=\"canonical\" href=\"https:\/\/www.provenir.com\/fr\/ethique-et-conformite\/\" \/>\n<meta property=\"og:locale\" content=\"fr_FR\" \/>\n<meta property=\"og:type\" content=\"article\" \/>\n<meta property=\"og:title\" content=\"\u00c9thique et conformit\u00e9\" \/>\n<meta property=\"og:description\" content=\"D\u00e9couvrez l\u2019engagement de Provenir en mati\u00e8re d\u2019\u00e9thique et de conformit\u00e9 : int\u00e9grit\u00e9, transparence et signalement s\u00e9curis\u00e9 des comportements inappropri\u00e9s.\" \/>\n<meta property=\"og:url\" content=\"https:\/\/www.provenir.com\/fr\/ethique-et-conformite\/\" \/>\n<meta property=\"og:site_name\" content=\"Provenir-FR\" \/>\n<meta property=\"article:modified_time\" content=\"2026-03-31T15:46:12+00:00\" \/>\n<meta name=\"twitter:card\" content=\"summary_large_image\" \/>\n<meta name=\"twitter:label1\" content=\"Est. reading time\" \/>\n\t<meta name=\"twitter:data1\" content=\"1 minute\" \/>\n<script type=\"application\/ld+json\" class=\"yoast-schema-graph\">{\"@context\":\"https:\\\/\\\/schema.org\",\"@graph\":[{\"@type\":\"WebPage\",\"@id\":\"https:\\\/\\\/www.provenir.com\\\/fr\\\/ethique-et-conformite\\\/\",\"url\":\"https:\\\/\\\/www.provenir.com\\\/fr\\\/ethique-et-conformite\\\/\",\"name\":\"\u00c9thique et conformit\u00e9 - Provenir\",\"isPartOf\":{\"@id\":\"https:\\\/\\\/www.provenir.com\\\/fr\\\/#website\"},\"datePublished\":\"2026-03-31T13:49:53+00:00\",\"dateModified\":\"2026-03-31T15:46:12+00:00\",\"description\":\"D\u00e9couvrez l\u2019engagement de Provenir en mati\u00e8re d\u2019\u00e9thique et de conformit\u00e9 : int\u00e9grit\u00e9, transparence et signalement s\u00e9curis\u00e9 des comportements inappropri\u00e9s.\",\"breadcrumb\":{\"@id\":\"https:\\\/\\\/www.provenir.com\\\/fr\\\/ethique-et-conformite\\\/#breadcrumb\"},\"inLanguage\":\"fr-FR\",\"potentialAction\":[{\"@type\":\"ReadAction\",\"target\":[\"https:\\\/\\\/www.provenir.com\\\/fr\\\/ethique-et-conformite\\\/\"]}]},{\"@type\":\"BreadcrumbList\",\"@id\":\"https:\\\/\\\/www.provenir.com\\\/fr\\\/ethique-et-conformite\\\/#breadcrumb\",\"itemListElement\":[{\"@type\":\"ListItem\",\"position\":1,\"name\":\"Home\",\"item\":\"https:\\\/\\\/www.provenir.com\\\/fr\\\/\"},{\"@type\":\"ListItem\",\"position\":2,\"name\":\"\u00c9thique et conformit\u00e9\"}]},{\"@type\":\"WebSite\",\"@id\":\"https:\\\/\\\/www.provenir.com\\\/fr\\\/#website\",\"url\":\"https:\\\/\\\/www.provenir.com\\\/fr\\\/\",\"name\":\"Provenir-FR\",\"description\":\"\",\"potentialAction\":[{\"@type\":\"SearchAction\",\"target\":{\"@type\":\"EntryPoint\",\"urlTemplate\":\"https:\\\/\\\/www.provenir.com\\\/fr\\\/?s={search_term_string}\"},\"query-input\":{\"@type\":\"PropertyValueSpecification\",\"valueRequired\":true,\"valueName\":\"search_term_string\"}}],\"inLanguage\":\"fr-FR\"}]}<\/script>\n<!-- \/ Yoast SEO Premium plugin. -->","yoast_head_json":{"title":"\u00c9thique et conformit\u00e9 - Provenir","description":"D\u00e9couvrez l\u2019engagement de Provenir en mati\u00e8re d\u2019\u00e9thique et de conformit\u00e9 : int\u00e9grit\u00e9, transparence et signalement s\u00e9curis\u00e9 des comportements inappropri\u00e9s.","robots":{"index":"index","follow":"follow","max-snippet":"max-snippet:-1","max-image-preview":"max-image-preview:large","max-video-preview":"max-video-preview:-1"},"canonical":"https:\/\/www.provenir.com\/fr\/ethique-et-conformite\/","og_locale":"fr_FR","og_type":"article","og_title":"\u00c9thique et conformit\u00e9","og_description":"D\u00e9couvrez l\u2019engagement de Provenir en mati\u00e8re d\u2019\u00e9thique et de conformit\u00e9 : int\u00e9grit\u00e9, transparence et signalement s\u00e9curis\u00e9 des comportements inappropri\u00e9s.","og_url":"https:\/\/www.provenir.com\/fr\/ethique-et-conformite\/","og_site_name":"Provenir-FR","article_modified_time":"2026-03-31T15:46:12+00:00","twitter_card":"summary_large_image","twitter_misc":{"Est. reading time":"1 minute"},"schema":{"@context":"https:\/\/schema.org","@graph":[{"@type":"WebPage","@id":"https:\/\/www.provenir.com\/fr\/ethique-et-conformite\/","url":"https:\/\/www.provenir.com\/fr\/ethique-et-conformite\/","name":"\u00c9thique et conformit\u00e9 - Provenir","isPartOf":{"@id":"https:\/\/www.provenir.com\/fr\/#website"},"datePublished":"2026-03-31T13:49:53+00:00","dateModified":"2026-03-31T15:46:12+00:00","description":"D\u00e9couvrez l\u2019engagement de Provenir en mati\u00e8re d\u2019\u00e9thique et de conformit\u00e9 : int\u00e9grit\u00e9, transparence et signalement s\u00e9curis\u00e9 des comportements inappropri\u00e9s.","breadcrumb":{"@id":"https:\/\/www.provenir.com\/fr\/ethique-et-conformite\/#breadcrumb"},"inLanguage":"fr-FR","potentialAction":[{"@type":"ReadAction","target":["https:\/\/www.provenir.com\/fr\/ethique-et-conformite\/"]}]},{"@type":"BreadcrumbList","@id":"https:\/\/www.provenir.com\/fr\/ethique-et-conformite\/#breadcrumb","itemListElement":[{"@type":"ListItem","position":1,"name":"Home","item":"https:\/\/www.provenir.com\/fr\/"},{"@type":"ListItem","position":2,"name":"\u00c9thique et conformit\u00e9"}]},{"@type":"WebSite","@id":"https:\/\/www.provenir.com\/fr\/#website","url":"https:\/\/www.provenir.com\/fr\/","name":"Provenir-FR","description":"","potentialAction":[{"@type":"SearchAction","target":{"@type":"EntryPoint","urlTemplate":"https:\/\/www.provenir.com\/fr\/?s={search_term_string}"},"query-input":{"@type":"PropertyValueSpecification","valueRequired":true,"valueName":"search_term_string"}}],"inLanguage":"fr-FR"}]}},"_links":{"self":[{"href":"https:\/\/www.provenir.com\/fr\/wp-json\/wp\/v2\/pages\/38758","targetHints":{"allow":["GET"]}}],"collection":[{"href":"https:\/\/www.provenir.com\/fr\/wp-json\/wp\/v2\/pages"}],"about":[{"href":"https:\/\/www.provenir.com\/fr\/wp-json\/wp\/v2\/types\/page"}],"author":[{"embeddable":true,"href":"https:\/\/www.provenir.com\/fr\/wp-json\/wp\/v2\/users\/20"}],"replies":[{"embeddable":true,"href":"https:\/\/www.provenir.com\/fr\/wp-json\/wp\/v2\/comments?post=38758"}],"version-history":[{"count":0,"href":"https:\/\/www.provenir.com\/fr\/wp-json\/wp\/v2\/pages\/38758\/revisions"}],"wp:attachment":[{"href":"https:\/\/www.provenir.com\/fr\/wp-json\/wp\/v2\/media?parent=38758"}],"wp:term":[{"taxonomy":"industry","embeddable":true,"href":"https:\/\/www.provenir.com\/fr\/wp-json\/wp\/v2\/industry?post=38758"}],"curies":[{"name":"wp","href":"https:\/\/api.w.org\/{rel}","templated":true}]}}