{"id":5,"date":"2025-12-17T10:19:31","date_gmt":"2025-12-17T10:19:31","guid":{"rendered":"https:\/\/www.provenir.com\/fr\/?page_id=5"},"modified":"2026-01-28T12:34:37","modified_gmt":"2026-01-28T12:34:37","slug":"clients","status":"publish","type":"page","link":"https:\/\/www.provenir.com\/fr\/clients\/","title":{"rendered":"Clients"},"content":{"rendered":"<h2>Nos clients <span class=\"uk-text-background\">r\u00e9volutionnent le secteur<\/span><br \/>\n <\/h2>\n<div>\n<p>Explorez tout le potentiel des solutions de d\u00e9cision par IA de Provenir<\/p>\n<\/div>\n<ul>\n<li>\n<p>        <img decoding=\"async\" src=\"\/fr\/wp-content\/uploads\/2025\/09\/Outcome-fiba-1200x775-1.png\" alt=\"Outcome-fiba\"><\/p>\n<h3><IMG SRC=\"https:\/\/provenirstg.wpengine.com\/wp-content\/uploads\/2025\/09\/partner-FibaFaktoring.svg\" alt=\"fiba faktoring\" style=\"width:50%\"><\/h3>\n<p>INT\u00c9GRATION DU RISQUE DE CR\u00c9DIT.<\/p>\n<div>Fiba Faktoring atteint 65 % d&rsquo;automatisation et une vitesse multipli\u00e9e par 5 gr\u00e2ce \u00e0 Provenir<\/div>\n<p><a href=\"\/fr\/clients\/fiba-faktoring\/\">Read more<\/a><\/p>\n<\/li>\n<li>\n<p>        <img decoding=\"async\" src=\"\/fr\/wp-content\/uploads\/sites\/13\/2025\/12\/Outcome-newday-1200x775-1-93a91982.png\" alt=\"\"><\/p>\n<h3><IMG SRC=\"\/wp-content\/uploads\/2024\/05\/newday-WHT-1.svg\" alt=\"NewDay\" style=\"width:60%\"><\/h3>\n<p>CR\u00c9DIT \u00c0 LA CONSOMMATION<\/p>\n<div>Une plateforme flexible qui offre des d\u00e9cisions plus rapides et plus pr\u00e9cises, am\u00e9liore l\u2019exp\u00e9rience client et renforce l\u2019efficacit\u00e9 op\u00e9rationnelle.<\/div>\n<p><a href=\"\/fr\/clients\/newday\/\">Read more<\/a><\/p>\n<\/li>\n<\/ul>\n<h1>TESTIMONIALS<\/h1>\n<ul>\n<li>\n<p>        <img decoding=\"async\" src=\"\/fr\/wp-content\/uploads\/2024\/05\/gmFinancial-WHT-1.svg\" alt=\"\"><\/p>\n<h3>GM financial<\/h3>\n<p>JEFF LIVELY, Vice-Pr\u00e9sident des Services aux Concessionnaires, GM Financial<\/p>\n<div>\u00ab Nous avons une visibilit\u00e9 compl\u00e8te sur chaque demande et chaque contrat, car nous pouvons obtenir instantan\u00e9ment des informations en temps r\u00e9el d\u00e8s que nous en avons besoin. \u00bb<\/div>\n<\/li>\n<li>\n<p>        <img decoding=\"async\" src=\"\/fr\/wp-content\/uploads\/2024\/05\/novuna-WHT-1.svg\" alt=\"\"><\/p>\n<h3>Novuna<\/h3>\n<p>ANDY DODD, Directeur G\u00e9n\u00e9ral, Novuna Capital<\/p>\n<div>\u00ab La flexibilit\u00e9 de Provenir nous permet de cr\u00e9er nos propres workflows de d\u00e9cision du risque, qui peuvent se connecter facilement \u00e0 n\u2019importe quelle source de donn\u00e9es. \u00bb<\/div>\n<\/li>\n<li>\n<p>        <img decoding=\"async\" src=\"\/fr\/wp-content\/uploads\/2024\/05\/dunAndbradstreet-WHT-1.svg\" alt=\"\"><\/p>\n<h3>d&#038;b<\/h3>\n<p>Cadre Dirigeant, Dun &#038; Bradstreet<\/p>\n<div>\u00ab Provenir joue un r\u00f4le essentiel dans la recherche de l\u2019\u00e9quilibre entre conformit\u00e9 et rapidit\u00e9, car la plateforme nous permet d\u2019orchestrer l\u2019ensemble de nos processus de scoring et de conformit\u00e9 tr\u00e8s rapidement. \u00bb<\/div>\n<\/li>\n<li>\n<p>        <img decoding=\"async\" src=\"\/fr\/wp-content\/uploads\/2024\/05\/telia-WHT-1.svg\" alt=\"\"><\/p>\n<h3>Telia<\/h3>\n<p>FREDRIK NILSSON, Responsable Cr\u00e9dit, Telia<\/p>\n<div>\u00ab Provenir permet \u00e0 l\u2019\u00e9quipe de Telia Finance de cr\u00e9er et de modifier ses offres de cr\u00e9dit de mani\u00e8re autonome, de traiter les demandes des clients en quelques secondes, et de s\u2019int\u00e9grer facilement \u00e0 de multiples sources de donn\u00e9es pour am\u00e9liorer la qualit\u00e9 des d\u00e9cisions. \u00bb<\/div>\n<\/li>\n<li>\n<p>        <img decoding=\"async\" src=\"\/fr\/wp-content\/uploads\/2024\/05\/sofi-WHT-1.svg\" alt=\"sofi\"><\/p>\n<h3>sofi<\/h3>\n<p>ADAM COLCLASURE, Directeur Senior, Infrastructure Risque<\/p>\n<div>\u00ab La flexibilit\u00e9 et la facilit\u00e9 d\u2019utilisation de la plateforme Provenir nous ont permis de mener \u00e0 bien un projet tr\u00e8s complexe en un temps record, avec pr\u00e8s de deux fois moins de ressources et plus de 50 % de r\u00e9duction des co\u00fbts. \u00bb<\/div>\n<\/li>\n<\/ul>\n<p><!--more--><br \/>\n<!-- {\"type\":\"layout\",\"children\":[{\"type\":\"section\",\"props\":{\"animation\":\"slide-bottom-small\",\"header_transparent\":true,\"header_transparent_noplaceholder\":true,\"header_transparent_text_color\":\"light\",\"image\":\"wp-content\\\/uploads\\\/2024\\\/10\\\/background-glow-03.svg\",\"image_position\":\"bottom-center\",\"image_size\":\"cover\",\"padding\":\"large\",\"padding_remove_bottom\":true,\"style\":\"default\",\"title_breakpoint\":\"xl\",\"title_position\":\"top-left\",\"title_rotation\":\"left\",\"vertical_align\":\"\",\"width\":\"default\"},\"children\":[{\"type\":\"row\",\"children\":[{\"type\":\"column\",\"props\":{\"image_position\":\"center-center\",\"position_sticky_breakpoint\":\"m\"},\"children\":[{\"type\":\"headline\",\"props\":{\"content\":\"Nos clients <span class=\\\"uk-text-background\\\">r\\u00e9volutionnent le secteur<\\\/span>\\n \",\"margin\":\"medium\",\"margin_remove_top\":true,\"text_align\":\"center\",\"title_element\":\"h2\",\"title_style\":\"heading-small\"},\"name\":\"H2 main page title\"},{\"type\":\"text\",\"props\":{\"block_align\":\"center\",\"column_breakpoint\":\"m\",\"content\":\"\n\n<p>Explorez tout le potentiel des solutions de d\\u00e9cision par IA de Provenir<\\\/p>\",\"margin\":\"\",\"maxwidth\":\"2xlarge\",\"text_align\":\"center\",\"text_style\":\"lead\"}}]}]},{\"type\":\"row\",\"children\":[{\"type\":\"column\",\"props\":{\"image_position\":\"center-center\",\"position_sticky_breakpoint\":\"m\"},\"children\":[{\"type\":\"grid\",\"props\":{\"content_column_breakpoint\":\"m\",\"content_margin\":\"remove\",\"filter_align\":\"left\",\"filter_all\":true,\"filter_grid_breakpoint\":\"m\",\"filter_grid_width\":\"auto\",\"filter_position\":\"top\",\"filter_style\":\"tab\",\"grid_column_align\":false,\"grid_column_gap\":\"small\",\"grid_default\":\"1\",\"grid_divider\":false,\"grid_medium\":\"4\",\"grid_parallax_justify\":false,\"grid_row_align\":false,\"grid_row_gap\":\"large\",\"grid_small\":\"2\",\"icon_width\":80,\"image_align\":\"top\",\"image_grid_breakpoint\":\"m\",\"image_grid_width\":\"1-2\",\"image_svg_color\":\"emphasis\",\"item_animation\":true,\"lightbox_bg_close\":true,\"link_margin\":\"medium\",\"link_size\":\"small\",\"link_style\":\"default\",\"link_text\":\"Read more\",\"margin\":\"default\",\"margin_remove_top\":false,\"meta_align\":\"below-title\",\"meta_color\":\"primary\",\"meta_element\":\"div\",\"meta_style\":\"text-small\",\"panel_expand\":\"content\",\"panel_image_no_padding\":true,\"panel_padding\":\"small\",\"panel_style\":\"tile-default\",\"show_content\":true,\"show_hover_image\":true,\"show_hover_video\":true,\"show_image\":true,\"show_link\":true,\"show_meta\":true,\"show_title\":true,\"show_video\":true,\"title_align\":\"top\",\"title_element\":\"h3\",\"title_grid_breakpoint\":\"m\",\"title_grid_width\":\"1-2\",\"title_hover_style\":\"reset\"},\"children\":[{\"type\":\"grid_item\",\"props\":{\"content\":\"Fiba Faktoring atteint 65 % d'automatisation et une vitesse multipli\\u00e9e par 5 gr\\u00e2ce \\u00e0 Provenir\",\"image\":\"wp-content\\\/uploads\\\/2025\\\/09\\\/Outcome-fiba-1200x775-1.png\",\"image_alt\":\"Outcome-fiba\",\"link\":\"clients\\\/fiba-faktoring\\\/\",\"meta\":\"INT\\u00c9GRATION DU RISQUE DE CR\\u00c9DIT.\",\"title\":\"<IMG SRC=\\\"https:\\\/\\\/provenirstg.wpengine.com\\\/wp-content\\\/uploads\\\/2025\\\/09\\\/partner-FibaFaktoring.svg\\\" alt=\\\"fiba faktoring\\\" style=\\\"width:50%\\\">\"}},{\"type\":\"grid_item\",\"props\":{\"content\":\"Une plateforme flexible qui offre des d\\u00e9cisions plus rapides et plus pr\\u00e9cises, am\\u00e9liore l\\u2019exp\\u00e9rience client et renforce l\\u2019efficacit\\u00e9 op\\u00e9rationnelle.\",\"image\":\"wp-content\\\/uploads\\\/sites\\\/13\\\/2025\\\/12\\\/Outcome-newday-1200x775-1-93a91982.png\",\"link\":\"clients\\\/newday\\\/\",\"meta\":\"CR\\u00c9DIT \\u00c0 LA CONSOMMATION\",\"title\":\"<IMG SRC=\\\"\\\/wp-content\\\/uploads\\\/2024\\\/05\\\/newday-WHT-1.svg\\\" alt=\\\"NewDay\\\" style=\\\"width:60%\\\">\"}}]}]}]}],\"name\":\"Block - Hero BGD blur\"},{\"type\":\"section\",\"props\":{\"image_position\":\"center-center\",\"style\":\"secondary\",\"title_breakpoint\":\"xl\",\"title_position\":\"top-left\",\"title_rotation\":\"left\",\"vertical_align\":\"\",\"width\":\"default\"},\"children\":[{\"type\":\"row\",\"children\":[{\"type\":\"column\",\"props\":{\"image_position\":\"center-center\",\"position_sticky_breakpoint\":\"m\"},\"children\":[{\"type\":\"headline\",\"props\":{\"content\":\"TESTIMONIALS\",\"title_color\":\"background\",\"title_decoration\":\"line\",\"title_element\":\"h1\",\"title_style\":\"text-large\"}},{\"type\":\"panel-slider\",\"props\":{\"content_column_breakpoint\":\"m\",\"content_margin\":\"large\",\"content_style\":\"h3\",\"icon_width\":80,\"image_align\":\"bottom\",\"image_grid_breakpoint\":\"m\",\"image_grid_width\":\"1-2\",\"image_margin\":\"small\",\"image_svg_color\":\"emphasis\",\"image_width\":\"150\",\"link_fullwidth\":false,\"link_style\":\"text\",\"link_text\":\"Read more\",\"margin\":\"default\",\"meta_align\":\"below-content\",\"meta_color\":\"secondary\",\"meta_element\":\"div\",\"meta_margin\":\"small\",\"meta_style\":\"text-meta\",\"nav\":\"dotnav\",\"nav_align\":\"right\",\"nav_breakpoint\":\"\",\"nav_margin\":\"large\",\"panel_expand\":\"content\",\"panel_match\":true,\"show_content\":true,\"show_hover_image\":true,\"show_hover_video\":true,\"show_image\":true,\"show_link\":true,\"show_meta\":true,\"show_title\":false,\"show_video\":true,\"slidenav\":\"\",\"slidenav_breakpoint\":\"xl\",\"slidenav_hover\":true,\"slidenav_large\":true,\"slidenav_margin\":\"medium\",\"slidenav_outside_breakpoint\":\"xl\",\"slider_autoplay\":true,\"slider_autoplay_interval\":\"3\",\"slider_autoplay_pause\":true,\"slider_divider\":true,\"slider_gap\":\"default\",\"slider_width\":\"fixed\",\"slider_width_default\":\"1-1\",\"slider_width_medium\":\"1-3\",\"slider_width_small\":\"1-2\",\"title_align\":\"top\",\"title_element\":\"h3\",\"title_grid_breakpoint\":\"m\",\"title_grid_width\":\"1-2\",\"title_hover_style\":\"reset\"},\"children\":[{\"type\":\"panel-slider_item\",\"props\":{\"content\":\"\\u00ab Nous avons une visibilit\\u00e9 compl\\u00e8te sur chaque demande et chaque contrat, car nous pouvons obtenir instantan\\u00e9ment des informations en temps r\\u00e9el d\\u00e8s que nous en avons besoin. \\u00bb\",\"image\":\"wp-content\\\/uploads\\\/2024\\\/05\\\/gmFinancial-WHT-1.svg\",\"meta\":\"JEFF LIVELY, Vice-Pr\\u00e9sident des Services aux Concessionnaires, GM Financial\",\"title\":\"GM financial\"}},{\"type\":\"panel-slider_item\",\"props\":{\"content\":\"\\u00ab La flexibilit\\u00e9 de Provenir nous permet de cr\\u00e9er nos propres workflows de d\\u00e9cision du risque, qui peuvent se connecter facilement \\u00e0 n\\u2019importe quelle source de donn\\u00e9es. \\u00bb\",\"image\":\"wp-content\\\/uploads\\\/2024\\\/05\\\/novuna-WHT-1.svg\",\"meta\":\"ANDY DODD, Directeur G\\u00e9n\\u00e9ral, Novuna Capital\",\"title\":\"Novuna\"}},{\"type\":\"panel-slider_item\",\"props\":{\"content\":\"\\u00ab Provenir joue un r\\u00f4le essentiel dans la recherche de l\\u2019\\u00e9quilibre entre conformit\\u00e9 et rapidit\\u00e9, car la plateforme nous permet d\\u2019orchestrer l\\u2019ensemble de nos processus de scoring et de conformit\\u00e9 tr\\u00e8s rapidement. \\u00bb\",\"image\":\"wp-content\\\/uploads\\\/2024\\\/05\\\/dunAndbradstreet-WHT-1.svg\",\"meta\":\"Cadre Dirigeant, Dun & Bradstreet\",\"title\":\"d&b\"}},{\"type\":\"panel-slider_item\",\"props\":{\"content\":\"\\u00ab Provenir permet \\u00e0 l\\u2019\\u00e9quipe de Telia Finance de cr\\u00e9er et de modifier ses offres de cr\\u00e9dit de mani\\u00e8re autonome, de traiter les demandes des clients en quelques secondes, et de s\\u2019int\\u00e9grer facilement \\u00e0 de multiples sources de donn\\u00e9es pour am\\u00e9liorer la qualit\\u00e9 des d\\u00e9cisions. \\u00bb\",\"image\":\"wp-content\\\/uploads\\\/2024\\\/05\\\/telia-WHT-1.svg\",\"meta\":\"FREDRIK NILSSON, Responsable Cr\\u00e9dit, Telia\",\"title\":\"Telia\"}},{\"type\":\"panel-slider_item\",\"props\":{\"content\":\"\\u00ab La flexibilit\\u00e9 et la facilit\\u00e9 d\\u2019utilisation de la plateforme Provenir nous ont permis de mener \\u00e0 bien un projet tr\\u00e8s complexe en un temps record, avec pr\\u00e8s de deux fois moins de ressources et plus de 50 % de r\\u00e9duction des co\\u00fbts. \\u00bb\",\"image\":\"wp-content\\\/uploads\\\/2024\\\/05\\\/sofi-WHT-1.svg\",\"image_alt\":\"sofi\",\"meta\":\"ADAM COLCLASURE, Directeur Senior, Infrastructure Risque\",\"title\":\"sofi\"}}]}]}]}],\"name\":\"testimonials\"}],\"version\":\"4.5.33\",\"yooessentialsVersion\":\"2.4.12\"} --><\/p>\n","protected":false},"excerpt":{"rendered":"<p>Nos clients r\u00e9volutionnent le secteur Explorez tout le potentiel des solutions de d\u00e9cision par IA de Provenir INT\u00c9GRATION DU RISQUE DE CR\u00c9DIT. Fiba Faktoring atteint 65 % d&rsquo;automatisation et une vitesse multipli\u00e9e par 5 gr\u00e2ce \u00e0 Provenir Read more CR\u00c9DIT \u00c0 LA CONSOMMATION Une plateforme flexible qui offre des d\u00e9cisions plus rapides et plus pr\u00e9cises, [&hellip;]<\/p>\n","protected":false},"author":23,"featured_media":0,"parent":0,"menu_order":0,"comment_status":"closed","ping_status":"closed","template":"","meta":{"_acf_changed":false,"footnotes":""},"industry":[],"class_list":["post-5","page","type-page","status-publish","hentry"],"acf":[],"yoast_head":"<!-- This site is optimized with the Yoast SEO Premium plugin v27.4 (Yoast SEO v27.4) - https:\/\/yoast.com\/product\/yoast-seo-premium-wordpress\/ -->\n<title>Clients Provenir | \u00c9tudes de cas &amp; r\u00e9sultats<\/title>\n<meta name=\"description\" content=\"D\u00e9couvrez comment nos clients transforment leurs d\u00e9cisions de risque avec Provenir : plus rapide, plus agile, plus rentable.\" \/>\n<meta name=\"robots\" content=\"index, follow, max-snippet:-1, max-image-preview:large, max-video-preview:-1\" \/>\n<link rel=\"canonical\" href=\"https:\/\/www.provenir.com\/fr\/clients\/\" \/>\n<meta property=\"og:locale\" content=\"fr_FR\" \/>\n<meta property=\"og:type\" content=\"article\" \/>\n<meta property=\"og:title\" content=\"Clients\" \/>\n<meta property=\"og:description\" content=\"D\u00e9couvrez comment nos clients transforment leurs d\u00e9cisions de risque avec Provenir : plus rapide, plus agile, plus rentable.\" \/>\n<meta property=\"og:url\" content=\"https:\/\/www.provenir.com\/fr\/clients\/\" \/>\n<meta property=\"og:site_name\" content=\"Provenir-FR\" \/>\n<meta property=\"article:modified_time\" content=\"2026-01-28T12:34:37+00:00\" \/>\n<meta name=\"twitter:card\" content=\"summary_large_image\" \/>\n<meta name=\"twitter:label1\" content=\"Est. reading time\" \/>\n\t<meta name=\"twitter:data1\" content=\"4 minutes\" \/>\n<script type=\"application\/ld+json\" class=\"yoast-schema-graph\">{\"@context\":\"https:\\\/\\\/schema.org\",\"@graph\":[{\"@type\":\"WebPage\",\"@id\":\"https:\\\/\\\/www.provenir.com\\\/fr\\\/clients\\\/\",\"url\":\"https:\\\/\\\/www.provenir.com\\\/fr\\\/clients\\\/\",\"name\":\"Clients Provenir | \u00c9tudes de cas & r\u00e9sultats\",\"isPartOf\":{\"@id\":\"https:\\\/\\\/www.provenir.com\\\/fr\\\/#website\"},\"datePublished\":\"2025-12-17T10:19:31+00:00\",\"dateModified\":\"2026-01-28T12:34:37+00:00\",\"description\":\"D\u00e9couvrez comment nos clients transforment leurs d\u00e9cisions de risque avec Provenir : plus rapide, plus agile, plus rentable.\",\"breadcrumb\":{\"@id\":\"https:\\\/\\\/www.provenir.com\\\/fr\\\/clients\\\/#breadcrumb\"},\"inLanguage\":\"fr-FR\",\"potentialAction\":[{\"@type\":\"ReadAction\",\"target\":[\"https:\\\/\\\/www.provenir.com\\\/fr\\\/clients\\\/\"]}]},{\"@type\":\"BreadcrumbList\",\"@id\":\"https:\\\/\\\/www.provenir.com\\\/fr\\\/clients\\\/#breadcrumb\",\"itemListElement\":[{\"@type\":\"ListItem\",\"position\":1,\"name\":\"Home\",\"item\":\"https:\\\/\\\/www.provenir.com\\\/fr\\\/\"},{\"@type\":\"ListItem\",\"position\":2,\"name\":\"Clients\"}]},{\"@type\":\"WebSite\",\"@id\":\"https:\\\/\\\/www.provenir.com\\\/fr\\\/#website\",\"url\":\"https:\\\/\\\/www.provenir.com\\\/fr\\\/\",\"name\":\"Provenir-FR\",\"description\":\"\",\"potentialAction\":[{\"@type\":\"SearchAction\",\"target\":{\"@type\":\"EntryPoint\",\"urlTemplate\":\"https:\\\/\\\/www.provenir.com\\\/fr\\\/?s={search_term_string}\"},\"query-input\":{\"@type\":\"PropertyValueSpecification\",\"valueRequired\":true,\"valueName\":\"search_term_string\"}}],\"inLanguage\":\"fr-FR\"}]}<\/script>\n<!-- \/ Yoast SEO Premium plugin. -->","yoast_head_json":{"title":"Clients Provenir | \u00c9tudes de cas & r\u00e9sultats","description":"D\u00e9couvrez comment nos clients transforment leurs d\u00e9cisions de risque avec Provenir : plus rapide, plus agile, plus rentable.","robots":{"index":"index","follow":"follow","max-snippet":"max-snippet:-1","max-image-preview":"max-image-preview:large","max-video-preview":"max-video-preview:-1"},"canonical":"https:\/\/www.provenir.com\/fr\/clients\/","og_locale":"fr_FR","og_type":"article","og_title":"Clients","og_description":"D\u00e9couvrez comment nos clients transforment leurs d\u00e9cisions de risque avec Provenir : plus rapide, plus agile, plus rentable.","og_url":"https:\/\/www.provenir.com\/fr\/clients\/","og_site_name":"Provenir-FR","article_modified_time":"2026-01-28T12:34:37+00:00","twitter_card":"summary_large_image","twitter_misc":{"Est. reading time":"4 minutes"},"schema":{"@context":"https:\/\/schema.org","@graph":[{"@type":"WebPage","@id":"https:\/\/www.provenir.com\/fr\/clients\/","url":"https:\/\/www.provenir.com\/fr\/clients\/","name":"Clients Provenir | \u00c9tudes de cas & r\u00e9sultats","isPartOf":{"@id":"https:\/\/www.provenir.com\/fr\/#website"},"datePublished":"2025-12-17T10:19:31+00:00","dateModified":"2026-01-28T12:34:37+00:00","description":"D\u00e9couvrez comment nos clients transforment leurs d\u00e9cisions de risque avec Provenir : plus rapide, plus agile, plus rentable.","breadcrumb":{"@id":"https:\/\/www.provenir.com\/fr\/clients\/#breadcrumb"},"inLanguage":"fr-FR","potentialAction":[{"@type":"ReadAction","target":["https:\/\/www.provenir.com\/fr\/clients\/"]}]},{"@type":"BreadcrumbList","@id":"https:\/\/www.provenir.com\/fr\/clients\/#breadcrumb","itemListElement":[{"@type":"ListItem","position":1,"name":"Home","item":"https:\/\/www.provenir.com\/fr\/"},{"@type":"ListItem","position":2,"name":"Clients"}]},{"@type":"WebSite","@id":"https:\/\/www.provenir.com\/fr\/#website","url":"https:\/\/www.provenir.com\/fr\/","name":"Provenir-FR","description":"","potentialAction":[{"@type":"SearchAction","target":{"@type":"EntryPoint","urlTemplate":"https:\/\/www.provenir.com\/fr\/?s={search_term_string}"},"query-input":{"@type":"PropertyValueSpecification","valueRequired":true,"valueName":"search_term_string"}}],"inLanguage":"fr-FR"}]}},"_links":{"self":[{"href":"https:\/\/www.provenir.com\/fr\/wp-json\/wp\/v2\/pages\/5","targetHints":{"allow":["GET"]}}],"collection":[{"href":"https:\/\/www.provenir.com\/fr\/wp-json\/wp\/v2\/pages"}],"about":[{"href":"https:\/\/www.provenir.com\/fr\/wp-json\/wp\/v2\/types\/page"}],"author":[{"embeddable":true,"href":"https:\/\/www.provenir.com\/fr\/wp-json\/wp\/v2\/users\/23"}],"replies":[{"embeddable":true,"href":"https:\/\/www.provenir.com\/fr\/wp-json\/wp\/v2\/comments?post=5"}],"version-history":[{"count":0,"href":"https:\/\/www.provenir.com\/fr\/wp-json\/wp\/v2\/pages\/5\/revisions"}],"wp:attachment":[{"href":"https:\/\/www.provenir.com\/fr\/wp-json\/wp\/v2\/media?parent=5"}],"wp:term":[{"taxonomy":"industry","embeddable":true,"href":"https:\/\/www.provenir.com\/fr\/wp-json\/wp\/v2\/industry?post=5"}],"curies":[{"name":"wp","href":"https:\/\/api.w.org\/{rel}","templated":true}]}}