{"id":1064,"date":"2024-12-04T20:45:05","date_gmt":"2024-12-04T20:45:05","guid":{"rendered":"https:\/\/www.provenir.com\/portuguese\/?page_id=1064"},"modified":"2026-01-30T15:08:47","modified_gmt":"2026-01-30T15:08:47","slug":"lideranca","status":"publish","type":"page","link":"https:\/\/www.provenir.com\/pt\/lideranca\/","title":{"rendered":"Lideran\u00e7a"},"content":{"rendered":"<h1>Nossa <span class=\"uk-text-background\">Equipe de Lideran\u00e7a<\/span><\/h1>\n<div>Tornando sua vis\u00e3o uma realidade.<\/div>\n<div>\n<p>Na Provenir, orgulhamo-nos da nossa cultura, talento e tecnologia. Nossa equipe de lideran\u00e7a re\u00fane um grupo diversificado e inovador de indiv\u00edduos cuja experi\u00eancia coletiva faz da Provenir a empresa forte e progressiva que \u00e9 hoje \u2013 e continuar\u00e1 sendo amanh\u00e3.<\/p>\n<p>Sua lideran\u00e7a orienta nossa equipe \u2014 formada pelas mentes mais brilhantes do mundo \u2014 a ultrapassar os limites da inova\u00e7\u00e3o e criar valor com tecnologia.<\/p>\n<\/div>\n<h2>Conhe\u00e7a as pessoas <span class=\"uk-text-background\">que impulsionam o seu neg\u00f3cio.<\/span><\/h2>\n<ul>\n<li>\n<p>        <img decoding=\"async\" src=\"\/pt\/wp-content\/uploads\/2024\/06\/leadership-larry-smith-2024.jpg\" alt=\"\"><\/p>\n<div>Larry Smith<\/div>\n<div>Fundador e CEO<\/div>\n<p><a href=\"https:\/\/www.linkedin.com\/in\/lawrence-smith-43a03959\/\"><span uk-icon=\"linkedin\"><\/span><\/a><\/p>\n<\/li>\n<li>\n<p>        <img decoding=\"async\" src=\"\/pt\/wp-content\/uploads\/2024\/06\/leadership-andres-elizondo-2024.jpg\" alt=\"\"><\/p>\n<div>Andres Elizondo<\/div>\n<div>Diretor Financeiro<\/div>\n<p><a href=\"https:\/\/www.linkedin.com\/in\/elizondoandres\/\"><span uk-icon=\"linkedin\"><\/span><\/a><\/p>\n<\/li>\n<li>\n<p>        <img decoding=\"async\" src=\"\/pt\/wp-content\/uploads\/2024\/06\/leadership-carol-hamilton-2024.jpg\" alt=\"\"><\/p>\n<div>Carol Hamilton<\/div>\n<div>Diretora de Produto<\/div>\n<p><a href=\"https:\/\/www.linkedin.com\/in\/carolhamiltonuk\/\"><span uk-icon=\"linkedin\"><\/span><\/a><\/p>\n<\/li>\n<li>\n<p>        <img decoding=\"async\" src=\"\/pt\/wp-content\/uploads\/2024\/07\/leadership-lori-copeland-2024.jpg\" alt=\"\"><\/p>\n<div>Lori Copeland<\/div>\n<div>Diretora de Recursos Humanos<\/div>\n<p><a href=\"https:\/\/www.linkedin.com\/in\/lori-copeland-116aa81a\/\"><span uk-icon=\"linkedin\"><\/span><\/a><\/p>\n<\/li>\n<li>\n<p>        <img decoding=\"async\" src=\"\/pt\/wp-content\/uploads\/sites\/9\/2025\/01\/leadership-anand-shah-2024.jpg\" alt=\"anand shah\"><\/p>\n<div>Anand Shah<\/div>\n<div>Diretor de Tecnologia<\/div>\n<p><a href=\"https:\/\/www.linkedin.com\/in\/anand-shah-38892a12\/\"><span uk-icon=\"linkedin\"><\/span><\/a><\/p>\n<\/li>\n<li>\n<p>        <img decoding=\"async\" src=\"\/pt\/wp-content\/uploads\/2024\/06\/leadership-jose-luis-vargas-2024.jpg\" alt=\"\"><\/p>\n<div>Jose Luis Vargas Favero<\/div>\n<div>EVP &#038; GM Ibero-Am\u00e9rica<\/div>\n<p><a href=\"https:\/\/www.linkedin.com\/in\/joseluisvargasfavero\/\"><span uk-icon=\"linkedin\"><\/span><\/a><\/p>\n<\/li>\n<li>\n<p>        <img decoding=\"async\" src=\"\/pt\/wp-content\/uploads\/2024\/06\/leadership-ryan-morrison-2024-2.jpg\" alt=\"provenir\"><\/p>\n<div>Ryan Morrison<\/div>\n<div>\n<p>EVP, Provenir Internacional<\/p>\n<\/div>\n<p><a href=\"https:\/\/www.linkedin.com\/in\/ryanmorrison06\/\"><span uk-icon=\"linkedin\"><\/span><\/a><\/p>\n<\/li>\n<li>\n<p>        <img decoding=\"async\" src=\"\/pt\/wp-content\/uploads\/sites\/9\/2025\/06\/leadership-claire-2025-edit02-scaled.jpg\" alt=\"claire\"><\/p>\n<div>Claire Hartley<\/div>\n<div>Diretora de Conformidade, DPO<\/div>\n<p><a href=\"https:\/\/www.linkedin.com\/in\/clairebhartley\/\"><span uk-icon=\"linkedin\"><\/span><\/a><\/p>\n<\/li>\n<\/ul>\n<p><!--more--><br \/>\n<!-- {\"type\":\"layout\",\"children\":[{\"type\":\"section\",\"props\":{\"animation\":\"slide-bottom-small\",\"header_transparent\":true,\"header_transparent_noplaceholder\":true,\"header_transparent_text_color\":\"light\",\"image\":\"wp-content\\\/uploads\\\/sites\\\/9\\\/2024\\\/10\\\/background-glow-03.svg\",\"image_position\":\"bottom-center\",\"image_size\":\"cover\",\"media_focal_point\":\"top-center\",\"padding\":\"xlarge\",\"padding_remove_bottom\":false,\"padding_remove_top\":false,\"style\":\"default\",\"title_breakpoint\":\"xl\",\"title_position\":\"top-left\",\"title_rotation\":\"left\",\"vertical_align\":\"\",\"width\":\"default\"},\"children\":[{\"type\":\"row\",\"children\":[{\"type\":\"column\",\"props\":{\"image_position\":\"center-center\",\"position_sticky_breakpoint\":\"m\"},\"children\":[{\"type\":\"headline\",\"props\":{\"content\":\"Nossa <span class=\\\"uk-text-background\\\">Equipe de Lideran\\u00e7a<\\\/span>\",\"margin\":\"medium\",\"margin_remove_top\":true,\"text_align\":\"center\",\"title_element\":\"h1\",\"title_style\":\"heading-medium\"},\"name\":\"H2 main page title\"},{\"type\":\"text\",\"props\":{\"block_align\":\"center\",\"column_breakpoint\":\"m\",\"content\":\"Tornando sua vis\\u00e3o uma realidade.\",\"margin\":\"default\",\"maxwidth\":\"2xlarge\",\"text_align\":\"center\",\"text_style\":\"lead\"}},{\"type\":\"text\",\"props\":{\"block_align\":\"center\",\"column_breakpoint\":\"m\",\"content\":\"\n\n<p>Na Provenir, orgulhamo-nos da nossa cultura, talento e tecnologia. Nossa equipe de lideran\\u00e7a re\\u00fane um grupo diversificado e inovador de indiv\\u00edduos cuja experi\\u00eancia coletiva faz da Provenir a empresa forte e progressiva que \\u00e9 hoje \\u2013 e continuar\\u00e1 sendo amanh\\u00e3.<\\\/p>\\n\\n\n\n<p>Sua lideran\\u00e7a orienta nossa equipe \\u2014 formada pelas mentes mais brilhantes do mundo \\u2014 a ultrapassar os limites da inova\\u00e7\\u00e3o e criar valor com tecnologia.<\\\/p>\",\"margin\":\"small\",\"maxwidth\":\"2xlarge\",\"text_align\":\"center\"}}]}]},{\"type\":\"row\",\"children\":[{\"type\":\"column\",\"props\":{\"image_position\":\"center-center\",\"position_sticky_breakpoint\":\"m\",\"width_medium\":\"1-1\"},\"children\":[{\"type\":\"headline\",\"props\":{\"content\":\"Conhe\\u00e7a as pessoas <span class=\\\"uk-text-background\\\">que impulsionam o seu neg\\u00f3cio.<\\\/span>\",\"margin\":\"medium\",\"margin_remove_top\":false,\"text_align\":\"center\",\"title_element\":\"h2\",\"title_style\":\"h1\"}},{\"type\":\"gallery\",\"props\":{\"blend\":false,\"content_margin\":\"remove\",\"content_style\":\"text-meta\",\"css\":\".el-image {\\n border-radius:8px;\\n}\\n\\n.uk-icon>* {\\n    color: #00e3d3;\\n}\\n\\n.el-content {\\n\\tfont-size:14px;\\n}\\n\\n.uk-overlay-default {\\n    --uk-inverse: light;\\n    backdrop-filter: blur(15px);\\n    background: rgba(23, 13, 53, 0.75);\\n    border-radius:5px;\\n}\",\"filter\":false,\"filter_align\":\"left\",\"filter_all\":true,\"filter_grid_breakpoint\":\"m\",\"filter_grid_width\":\"auto\",\"filter_position\":\"top\",\"filter_style\":\"tab\",\"grid_column_align\":false,\"grid_column_gap\":\"small\",\"grid_default\":\"1\",\"grid_divider\":false,\"grid_large\":\"4\",\"grid_medium\":\"4\",\"grid_parallax_justify\":false,\"grid_row_align\":false,\"grid_row_gap\":\"small\",\"grid_small\":\"2\",\"grid_xlarge\":\"4\",\"image_border\":\"rounded\",\"image_box_decoration\":\"shadow\",\"image_height\":\"1540\",\"image_orientation\":false,\"image_transition_border\":false,\"image_width\":\"1140\",\"item_animation\":true,\"lightbox\":false,\"lightbox_bg_close\":true,\"lightbox_image_orientation\":true,\"link_margin\":\"remove\",\"link_style\":\"link-text\",\"link_target\":true,\"link_text\":\"\",\"margin\":\"\",\"margin_remove_bottom\":false,\"meta_align\":\"below-title\",\"meta_element\":\"div\",\"meta_style\":\"text-meta\",\"overlay_hover\":false,\"overlay_link\":false,\"overlay_margin\":\"small\",\"overlay_mode\":\"caption\",\"overlay_padding\":\"small\",\"overlay_position\":\"bottom\",\"overlay_style\":\"overlay-default\",\"overlay_transition\":\"fade\",\"parallax_easing\":\"1\",\"show_content\":true,\"show_hover_image\":false,\"show_hover_video\":false,\"show_link\":true,\"show_meta\":false,\"show_title\":true,\"text_align\":\"left\",\"text_color\":\"\",\"title_element\":\"div\",\"title_hover_style\":\"reset\",\"title_margin\":\"small\",\"title_style\":\"h5\"},\"children\":[{\"type\":\"gallery_item\",\"props\":{\"content\":\"Fundador e CEO\",\"image\":\"wp-content\\\/uploads\\\/2024\\\/06\\\/leadership-larry-smith-2024.jpg\",\"link\":\"https:\\\/\\\/www.linkedin.com\\\/in\\\/lawrence-smith-43a03959\\\/\",\"link_text\":\"<span uk-icon=\\\"linkedin\\\"><\\\/span>\",\"title\":\"Larry Smith\"}},{\"type\":\"gallery_item\",\"props\":{\"content\":\"Diretor Financeiro\",\"image\":\"wp-content\\\/uploads\\\/2024\\\/06\\\/leadership-andres-elizondo-2024.jpg\",\"link\":\"https:\\\/\\\/www.linkedin.com\\\/in\\\/elizondoandres\\\/\",\"link_text\":\"<span uk-icon=\\\"linkedin\\\"><\\\/span>\",\"title\":\"Andres Elizondo\"}},{\"type\":\"gallery_item\",\"props\":{\"content\":\"Diretora de Produto\",\"image\":\"wp-content\\\/uploads\\\/2024\\\/06\\\/leadership-carol-hamilton-2024.jpg\",\"link\":\"https:\\\/\\\/www.linkedin.com\\\/in\\\/carolhamiltonuk\\\/\",\"link_text\":\"<span uk-icon=\\\"linkedin\\\"><\\\/span>\",\"title\":\"Carol Hamilton\"}},{\"type\":\"gallery_item\",\"props\":{\"content\":\"Diretora de Recursos Humanos\",\"image\":\"wp-content\\\/uploads\\\/2024\\\/07\\\/leadership-lori-copeland-2024.jpg\",\"link\":\"https:\\\/\\\/www.linkedin.com\\\/in\\\/lori-copeland-116aa81a\\\/\",\"link_text\":\"<span uk-icon=\\\"linkedin\\\"><\\\/span>\",\"title\":\"Lori Copeland\"}},{\"type\":\"gallery_item\",\"props\":{\"content\":\"Diretor de Tecnologia\",\"image\":\"wp-content\\\/uploads\\\/sites\\\/9\\\/2025\\\/01\\\/leadership-anand-shah-2024.jpg\",\"image_alt\":\"anand shah\",\"link\":\"https:\\\/\\\/www.linkedin.com\\\/in\\\/anand-shah-38892a12\\\/\",\"link_text\":\"<span uk-icon=\\\"linkedin\\\"><\\\/span>\",\"title\":\"Anand Shah\"}},{\"type\":\"gallery_item\",\"props\":{\"content\":\"EVP & GM Ibero-Am\\u00e9rica\",\"image\":\"wp-content\\\/uploads\\\/2024\\\/06\\\/leadership-jose-luis-vargas-2024.jpg\",\"link\":\"https:\\\/\\\/www.linkedin.com\\\/in\\\/joseluisvargasfavero\\\/\",\"link_text\":\"<span uk-icon=\\\"linkedin\\\"><\\\/span>\",\"title\":\"Jose Luis Vargas Favero\"}},{\"type\":\"gallery_item\",\"props\":{\"content\":\"\n\n<p>EVP, Provenir Internacional<\\\/p>\",\"image\":\"wp-content\\\/uploads\\\/2024\\\/06\\\/leadership-ryan-morrison-2024-2.jpg\",\"image_alt\":\"provenir\",\"image_focal_point\":\"top-center\",\"link\":\"https:\\\/\\\/www.linkedin.com\\\/in\\\/ryanmorrison06\\\/\",\"link_text\":\"<span uk-icon=\\\"linkedin\\\"><\\\/span>\",\"title\":\"Ryan Morrison\"}},{\"type\":\"gallery_item\",\"props\":{\"content\":\"Diretora de Conformidade, DPO\",\"image\":\"wp-content\\\/uploads\\\/sites\\\/9\\\/2025\\\/06\\\/leadership-claire-2025-edit02-scaled.jpg\",\"image_alt\":\"claire\",\"link\":\"https:\\\/\\\/www.linkedin.com\\\/in\\\/clairebhartley\\\/\",\"link_text\":\"<span uk-icon=\\\"linkedin\\\"><\\\/span>\",\"title\":\"Claire Hartley\"}}]}]}]}],\"name\":\"Block - home-hero\"}],\"version\":\"4.5.21\",\"yooessentialsVersion\":\"2.3.12\"} --><\/p>\n","protected":false},"excerpt":{"rendered":"<p>Nossa Equipe de Lideran\u00e7a Tornando sua vis\u00e3o uma realidade. Na Provenir, orgulhamo-nos da nossa cultura, talento e tecnologia. Nossa equipe de lideran\u00e7a re\u00fane um grupo diversificado e inovador de indiv\u00edduos cuja experi\u00eancia coletiva faz da Provenir a empresa forte e progressiva que \u00e9 hoje \u2013 e continuar\u00e1 sendo amanh\u00e3. Sua lideran\u00e7a orienta nossa equipe \u2014 [&hellip;]<\/p>\n","protected":false},"author":1,"featured_media":717,"parent":0,"menu_order":0,"comment_status":"closed","ping_status":"closed","template":"","meta":{"_acf_changed":false,"footnotes":""},"industry":[],"class_list":["post-1064","page","type-page","status-publish","has-post-thumbnail","hentry"],"acf":[],"yoast_head":"<!-- This site is optimized with the Yoast SEO Premium plugin v27.5 (Yoast SEO v27.5) - https:\/\/yoast.com\/product\/yoast-seo-premium-wordpress\/ -->\n<title>Nossa Equipe de Lideran\u00e7a - Conhe\u00e7a a Equipe da Provenir<\/title>\n<meta name=\"description\" content=\"Nossa equipe de lideran\u00e7a re\u00fane um grupo diversificado e inovador de indiv\u00edduos cuja experi\u00eancia coletiva faz da Provenir a empresa forte e progressiva que \u00e9 hoje.\" \/>\n<meta name=\"robots\" content=\"index, follow, max-snippet:-1, max-image-preview:large, max-video-preview:-1\" \/>\n<link rel=\"canonical\" href=\"https:\/\/www.provenir.com\/pt\/lideranca\/\" \/>\n<meta property=\"og:locale\" content=\"pt_BR\" \/>\n<meta property=\"og:type\" content=\"article\" \/>\n<meta property=\"og:title\" content=\"Lideran\u00e7a\" \/>\n<meta property=\"og:description\" content=\"Nossa equipe de lideran\u00e7a re\u00fane um grupo diversificado e inovador de indiv\u00edduos cuja experi\u00eancia coletiva faz da Provenir a empresa forte e progressiva que \u00e9 hoje.\" \/>\n<meta property=\"og:url\" content=\"https:\/\/www.provenir.com\/pt\/lideranca\/\" \/>\n<meta property=\"og:site_name\" content=\"Provenir-PTBR\" \/>\n<meta property=\"article:modified_time\" content=\"2026-01-30T15:08:47+00:00\" \/>\n<meta name=\"twitter:card\" content=\"summary_large_image\" \/>\n<meta name=\"twitter:label1\" content=\"Est. reading time\" \/>\n\t<meta name=\"twitter:data1\" content=\"3 minutos\" \/>\n<script type=\"application\/ld+json\" class=\"yoast-schema-graph\">{\"@context\":\"https:\\\/\\\/schema.org\",\"@graph\":[{\"@type\":\"WebPage\",\"@id\":\"https:\\\/\\\/www.provenir.com\\\/pt\\\/lideranca\\\/\",\"url\":\"https:\\\/\\\/www.provenir.com\\\/pt\\\/lideranca\\\/\",\"name\":\"Nossa Equipe de Lideran\u00e7a - Conhe\u00e7a a Equipe da Provenir\",\"isPartOf\":{\"@id\":\"https:\\\/\\\/www.provenir.com\\\/pt\\\/#website\"},\"primaryImageOfPage\":{\"@id\":\"https:\\\/\\\/www.provenir.com\\\/pt\\\/lideranca\\\/#primaryimage\"},\"image\":{\"@id\":\"https:\\\/\\\/www.provenir.com\\\/pt\\\/lideranca\\\/#primaryimage\"},\"thumbnailUrl\":\"https:\\\/\\\/www.provenir.com\\\/pt\\\/wp-content\\\/uploads\\\/sites\\\/9\\\/2024\\\/08\\\/email-signature-icon-Provenir.svg\",\"datePublished\":\"2024-12-04T20:45:05+00:00\",\"dateModified\":\"2026-01-30T15:08:47+00:00\",\"description\":\"Nossa equipe de lideran\u00e7a re\u00fane um grupo diversificado e inovador de indiv\u00edduos cuja experi\u00eancia coletiva faz da Provenir a empresa forte e progressiva que \u00e9 hoje.\",\"breadcrumb\":{\"@id\":\"https:\\\/\\\/www.provenir.com\\\/pt\\\/lideranca\\\/#breadcrumb\"},\"inLanguage\":\"pt-BR\",\"potentialAction\":[{\"@type\":\"ReadAction\",\"target\":[\"https:\\\/\\\/www.provenir.com\\\/pt\\\/lideranca\\\/\"]}]},{\"@type\":\"ImageObject\",\"inLanguage\":\"pt-BR\",\"@id\":\"https:\\\/\\\/www.provenir.com\\\/pt\\\/lideranca\\\/#primaryimage\",\"url\":\"https:\\\/\\\/www.provenir.com\\\/pt\\\/wp-content\\\/uploads\\\/sites\\\/9\\\/2024\\\/08\\\/email-signature-icon-Provenir.svg\",\"contentUrl\":\"https:\\\/\\\/www.provenir.com\\\/pt\\\/wp-content\\\/uploads\\\/sites\\\/9\\\/2024\\\/08\\\/email-signature-icon-Provenir.svg\",\"caption\":\"provenir\"},{\"@type\":\"BreadcrumbList\",\"@id\":\"https:\\\/\\\/www.provenir.com\\\/pt\\\/lideranca\\\/#breadcrumb\",\"itemListElement\":[{\"@type\":\"ListItem\",\"position\":1,\"name\":\"Home\",\"item\":\"https:\\\/\\\/www.provenir.com\\\/pt\\\/\"},{\"@type\":\"ListItem\",\"position\":2,\"name\":\"Lideran\u00e7a\"}]},{\"@type\":\"WebSite\",\"@id\":\"https:\\\/\\\/www.provenir.com\\\/pt\\\/#website\",\"url\":\"https:\\\/\\\/www.provenir.com\\\/pt\\\/\",\"name\":\"Provenir-PTBR\",\"description\":\"Decis\u00e3o de risco de cr\u00e9dito baseada em IA\",\"potentialAction\":[{\"@type\":\"SearchAction\",\"target\":{\"@type\":\"EntryPoint\",\"urlTemplate\":\"https:\\\/\\\/www.provenir.com\\\/pt\\\/?s={search_term_string}\"},\"query-input\":{\"@type\":\"PropertyValueSpecification\",\"valueRequired\":true,\"valueName\":\"search_term_string\"}}],\"inLanguage\":\"pt-BR\"}]}<\/script>\n<!-- \/ Yoast SEO Premium plugin. -->","yoast_head_json":{"title":"Nossa Equipe de Lideran\u00e7a - Conhe\u00e7a a Equipe da Provenir","description":"Nossa equipe de lideran\u00e7a re\u00fane um grupo diversificado e inovador de indiv\u00edduos cuja experi\u00eancia coletiva faz da Provenir a empresa forte e progressiva que \u00e9 hoje.","robots":{"index":"index","follow":"follow","max-snippet":"max-snippet:-1","max-image-preview":"max-image-preview:large","max-video-preview":"max-video-preview:-1"},"canonical":"https:\/\/www.provenir.com\/pt\/lideranca\/","og_locale":"pt_BR","og_type":"article","og_title":"Lideran\u00e7a","og_description":"Nossa equipe de lideran\u00e7a re\u00fane um grupo diversificado e inovador de indiv\u00edduos cuja experi\u00eancia coletiva faz da Provenir a empresa forte e progressiva que \u00e9 hoje.","og_url":"https:\/\/www.provenir.com\/pt\/lideranca\/","og_site_name":"Provenir-PTBR","article_modified_time":"2026-01-30T15:08:47+00:00","twitter_card":"summary_large_image","twitter_misc":{"Est. reading time":"3 minutos"},"schema":{"@context":"https:\/\/schema.org","@graph":[{"@type":"WebPage","@id":"https:\/\/www.provenir.com\/pt\/lideranca\/","url":"https:\/\/www.provenir.com\/pt\/lideranca\/","name":"Nossa Equipe de Lideran\u00e7a - Conhe\u00e7a a Equipe da Provenir","isPartOf":{"@id":"https:\/\/www.provenir.com\/pt\/#website"},"primaryImageOfPage":{"@id":"https:\/\/www.provenir.com\/pt\/lideranca\/#primaryimage"},"image":{"@id":"https:\/\/www.provenir.com\/pt\/lideranca\/#primaryimage"},"thumbnailUrl":"https:\/\/www.provenir.com\/pt\/wp-content\/uploads\/sites\/9\/2024\/08\/email-signature-icon-Provenir.svg","datePublished":"2024-12-04T20:45:05+00:00","dateModified":"2026-01-30T15:08:47+00:00","description":"Nossa equipe de lideran\u00e7a re\u00fane um grupo diversificado e inovador de indiv\u00edduos cuja experi\u00eancia coletiva faz da Provenir a empresa forte e progressiva que \u00e9 hoje.","breadcrumb":{"@id":"https:\/\/www.provenir.com\/pt\/lideranca\/#breadcrumb"},"inLanguage":"pt-BR","potentialAction":[{"@type":"ReadAction","target":["https:\/\/www.provenir.com\/pt\/lideranca\/"]}]},{"@type":"ImageObject","inLanguage":"pt-BR","@id":"https:\/\/www.provenir.com\/pt\/lideranca\/#primaryimage","url":"https:\/\/www.provenir.com\/pt\/wp-content\/uploads\/sites\/9\/2024\/08\/email-signature-icon-Provenir.svg","contentUrl":"https:\/\/www.provenir.com\/pt\/wp-content\/uploads\/sites\/9\/2024\/08\/email-signature-icon-Provenir.svg","caption":"provenir"},{"@type":"BreadcrumbList","@id":"https:\/\/www.provenir.com\/pt\/lideranca\/#breadcrumb","itemListElement":[{"@type":"ListItem","position":1,"name":"Home","item":"https:\/\/www.provenir.com\/pt\/"},{"@type":"ListItem","position":2,"name":"Lideran\u00e7a"}]},{"@type":"WebSite","@id":"https:\/\/www.provenir.com\/pt\/#website","url":"https:\/\/www.provenir.com\/pt\/","name":"Provenir-PTBR","description":"Decis\u00e3o de risco de cr\u00e9dito baseada em IA","potentialAction":[{"@type":"SearchAction","target":{"@type":"EntryPoint","urlTemplate":"https:\/\/www.provenir.com\/pt\/?s={search_term_string}"},"query-input":{"@type":"PropertyValueSpecification","valueRequired":true,"valueName":"search_term_string"}}],"inLanguage":"pt-BR"}]}},"_links":{"self":[{"href":"https:\/\/www.provenir.com\/pt\/wp-json\/wp\/v2\/pages\/1064","targetHints":{"allow":["GET"]}}],"collection":[{"href":"https:\/\/www.provenir.com\/pt\/wp-json\/wp\/v2\/pages"}],"about":[{"href":"https:\/\/www.provenir.com\/pt\/wp-json\/wp\/v2\/types\/page"}],"author":[{"embeddable":true,"href":"https:\/\/www.provenir.com\/pt\/wp-json\/wp\/v2\/users\/1"}],"replies":[{"embeddable":true,"href":"https:\/\/www.provenir.com\/pt\/wp-json\/wp\/v2\/comments?post=1064"}],"version-history":[{"count":0,"href":"https:\/\/www.provenir.com\/pt\/wp-json\/wp\/v2\/pages\/1064\/revisions"}],"wp:featuredmedia":[{"embeddable":true,"href":"https:\/\/www.provenir.com\/pt\/wp-json\/wp\/v2\/media\/717"}],"wp:attachment":[{"href":"https:\/\/www.provenir.com\/pt\/wp-json\/wp\/v2\/media?parent=1064"}],"wp:term":[{"taxonomy":"industry","embeddable":true,"href":"https:\/\/www.provenir.com\/pt\/wp-json\/wp\/v2\/industry?post=1064"}],"curies":[{"name":"wp","href":"https:\/\/api.w.org\/{rel}","templated":true}]}}