{"id":1067,"date":"2024-12-05T13:56:04","date_gmt":"2024-12-05T13:56:04","guid":{"rendered":"https:\/\/www.provenir.com\/portuguese\/?page_id=1067"},"modified":"2026-03-31T15:46:19","modified_gmt":"2026-03-31T15:46:19","slug":"etica-e-conformidade","status":"publish","type":"page","link":"https:\/\/www.provenir.com\/pt\/etica-e-conformidade\/","title":{"rendered":"\u00c9tica e Conformidade"},"content":{"rendered":"<h1>\u00c9tica e Conformidade<\/h1>\n<div>\n<p>Na Provenir, atuamos com integridade e responsabilidade em tudo o que fazemos. Incentivamos todos a expressarem suas preocupa\u00e7\u00f5es ou relatarem qualquer comportamento que considerem inadequado, seja em rela\u00e7\u00e3o \u00e0 \u00e9tica, conformidade ou nossos padr\u00f5es de conduta.<\/p>\n<p>Todas as preocupa\u00e7\u00f5es s\u00e3o levadas a s\u00e9rio, tratadas de forma confidencial e analisadas de forma independente para garantir que sejam devidamente tratadas e sem retalia\u00e7\u00e3o.<\/p>\n<p><a href=\"\/pt\/mailto=contac@provenir.com\">Entre em contato conosco aqui. <\/a><\/p>\n<\/div>\n<p><!--more--><br \/>\n<!-- {\"type\":\"layout\",\"children\":[{\"type\":\"section\",\"props\":{\"animation\":\"slide-bottom-small\",\"header_transparent\":true,\"header_transparent_noplaceholder\":true,\"header_transparent_text_color\":\"light\",\"image\":\"wp-content\/uploads\/hero-bg.svg\",\"image_position\":\"bottom-center\",\"image_size\":\"cover\",\"media_background\":\"#120226\",\"padding_bottom\":\"large\",\"padding_top\":\"large\",\"style\":\"secondary\",\"title_breakpoint\":\"xl\",\"title_position\":\"top-left\",\"title_rotation\":\"left\",\"vertical_align\":\"\",\"width\":\"default\"},\"children\":[{\"type\":\"row\",\"children\":[{\"type\":\"column\",\"props\":{\"image_position\":\"center-center\",\"position_sticky_breakpoint\":\"m\"},\"children\":[{\"type\":\"headline\",\"props\":{\"content\":\"\u00c9tica e Conformidade\",\"image_align\":\"left\",\"image_margin\":\"xsmall\",\"margin_bottom\":\"medium\",\"margin_top\":\"remove\",\"text_align\":\"center\",\"title_color\":\"background\",\"title_element\":\"h1\",\"title_style\":\"heading-medium\"}},{\"type\":\"text\",\"props\":{\"block_align\":\"center\",\"column_breakpoint\":\"m\",\"content\":\"\n\n<p>Na Provenir, atuamos com integridade e responsabilidade em tudo o que fazemos. Incentivamos todos a expressarem suas preocupa\u00e7\u00f5es ou relatarem qualquer comportamento que considerem inadequado, seja em rela\u00e7\u00e3o \u00e0 \u00e9tica, conformidade ou nossos padr\u00f5es de conduta.<\/p>\n\n\\n\n\n<p>Todas as preocupa\u00e7\u00f5es s\u00e3o levadas a s\u00e9rio, tratadas de forma confidencial e analisadas de forma independente para garantir que sejam devidamente tratadas e sem retalia\u00e7\u00e3o.<\/p>\n\n\\n\n\n<p><a href=\\\"mailto=contac@provenir.com\\\">Entre em contato conosco aqui. <\/a><\/p>\n\n\",\"margin_bottom\":\"\",\"margin_top\":\"\",\"maxwidth\":\"2xlarge\",\"text_align\":\"center\",\"text_style\":\"large\"}}]}]},{\"type\":\"row\",\"children\":[{\"type\":\"column\",\"props\":{\"image_position\":\"center-center\",\"position_sticky_breakpoint\":\"m\"}}]}],\"name\":\"home-hero\"}],\"version\":\"5.0.25\",\"yooessentialsVersion\":\"3.0.2\"} --><\/p>\n","protected":false},"excerpt":{"rendered":"<p>\u00c9tica e Conformidade Na Provenir, atuamos com integridade e responsabilidade em tudo o que fazemos. Incentivamos todos a expressarem suas preocupa\u00e7\u00f5es ou relatarem qualquer comportamento que considerem inadequado, seja em rela\u00e7\u00e3o \u00e0 \u00e9tica, conformidade ou nossos padr\u00f5es de conduta. Todas as preocupa\u00e7\u00f5es s\u00e3o levadas a s\u00e9rio, tratadas de forma confidencial e analisadas de forma independente [&hellip;]<\/p>\n","protected":false},"author":1,"featured_media":717,"parent":0,"menu_order":0,"comment_status":"closed","ping_status":"closed","template":"","meta":{"_acf_changed":false,"footnotes":""},"industry":[],"class_list":["post-1067","page","type-page","status-publish","has-post-thumbnail","hentry"],"acf":[],"yoast_head":"<!-- This site is optimized with the Yoast SEO Premium plugin v27.4 (Yoast SEO v27.4) - https:\/\/yoast.com\/product\/yoast-seo-premium-wordpress\/ -->\n<title>\u00c9tica e conformidade - Provenir<\/title>\n<meta name=\"description\" content=\"Saiba como a Provenir promove \u00e9tica e conformidade com pol\u00edticas rigorosas, governan\u00e7a s\u00f3lida e compromisso com integridade e transpar\u00eancia.\" \/>\n<meta name=\"robots\" content=\"index, follow, max-snippet:-1, max-image-preview:large, max-video-preview:-1\" \/>\n<link rel=\"canonical\" href=\"https:\/\/www.provenir.com\/pt\/etica-e-conformidade\/\" \/>\n<meta property=\"og:locale\" content=\"pt_BR\" \/>\n<meta property=\"og:type\" content=\"article\" \/>\n<meta property=\"og:title\" content=\"\u00c9tica e Conformidade\" \/>\n<meta property=\"og:description\" content=\"Saiba como a Provenir promove \u00e9tica e conformidade com pol\u00edticas rigorosas, governan\u00e7a s\u00f3lida e compromisso com integridade e transpar\u00eancia.\" \/>\n<meta property=\"og:url\" content=\"https:\/\/www.provenir.com\/pt\/etica-e-conformidade\/\" \/>\n<meta property=\"og:site_name\" content=\"Provenir-PTBR\" \/>\n<meta property=\"article:modified_time\" content=\"2026-03-31T15:46:19+00:00\" \/>\n<meta name=\"twitter:card\" content=\"summary_large_image\" \/>\n<meta name=\"twitter:label1\" content=\"Est. reading time\" \/>\n\t<meta name=\"twitter:data1\" content=\"1 minuto\" \/>\n<script type=\"application\/ld+json\" class=\"yoast-schema-graph\">{\"@context\":\"https:\\\/\\\/schema.org\",\"@graph\":[{\"@type\":\"WebPage\",\"@id\":\"https:\\\/\\\/www.provenir.com\\\/pt\\\/etica-e-conformidade\\\/\",\"url\":\"https:\\\/\\\/www.provenir.com\\\/pt\\\/etica-e-conformidade\\\/\",\"name\":\"\u00c9tica e conformidade - Provenir\",\"isPartOf\":{\"@id\":\"https:\\\/\\\/www.provenir.com\\\/pt\\\/#website\"},\"primaryImageOfPage\":{\"@id\":\"https:\\\/\\\/www.provenir.com\\\/pt\\\/etica-e-conformidade\\\/#primaryimage\"},\"image\":{\"@id\":\"https:\\\/\\\/www.provenir.com\\\/pt\\\/etica-e-conformidade\\\/#primaryimage\"},\"thumbnailUrl\":\"https:\\\/\\\/www.provenir.com\\\/pt\\\/wp-content\\\/uploads\\\/sites\\\/9\\\/2024\\\/08\\\/email-signature-icon-Provenir.svg\",\"datePublished\":\"2024-12-05T13:56:04+00:00\",\"dateModified\":\"2026-03-31T15:46:19+00:00\",\"description\":\"Saiba como a Provenir promove \u00e9tica e conformidade com pol\u00edticas rigorosas, governan\u00e7a s\u00f3lida e compromisso com integridade e transpar\u00eancia.\",\"breadcrumb\":{\"@id\":\"https:\\\/\\\/www.provenir.com\\\/pt\\\/etica-e-conformidade\\\/#breadcrumb\"},\"inLanguage\":\"pt-BR\",\"potentialAction\":[{\"@type\":\"ReadAction\",\"target\":[\"https:\\\/\\\/www.provenir.com\\\/pt\\\/etica-e-conformidade\\\/\"]}]},{\"@type\":\"ImageObject\",\"inLanguage\":\"pt-BR\",\"@id\":\"https:\\\/\\\/www.provenir.com\\\/pt\\\/etica-e-conformidade\\\/#primaryimage\",\"url\":\"https:\\\/\\\/www.provenir.com\\\/pt\\\/wp-content\\\/uploads\\\/sites\\\/9\\\/2024\\\/08\\\/email-signature-icon-Provenir.svg\",\"contentUrl\":\"https:\\\/\\\/www.provenir.com\\\/pt\\\/wp-content\\\/uploads\\\/sites\\\/9\\\/2024\\\/08\\\/email-signature-icon-Provenir.svg\",\"caption\":\"provenir\"},{\"@type\":\"BreadcrumbList\",\"@id\":\"https:\\\/\\\/www.provenir.com\\\/pt\\\/etica-e-conformidade\\\/#breadcrumb\",\"itemListElement\":[{\"@type\":\"ListItem\",\"position\":1,\"name\":\"Home\",\"item\":\"https:\\\/\\\/www.provenir.com\\\/pt\\\/\"},{\"@type\":\"ListItem\",\"position\":2,\"name\":\"\u00c9tica e Conformidade\"}]},{\"@type\":\"WebSite\",\"@id\":\"https:\\\/\\\/www.provenir.com\\\/pt\\\/#website\",\"url\":\"https:\\\/\\\/www.provenir.com\\\/pt\\\/\",\"name\":\"Provenir-PTBR\",\"description\":\"Decis\u00e3o de risco de cr\u00e9dito baseada em IA\",\"potentialAction\":[{\"@type\":\"SearchAction\",\"target\":{\"@type\":\"EntryPoint\",\"urlTemplate\":\"https:\\\/\\\/www.provenir.com\\\/pt\\\/?s={search_term_string}\"},\"query-input\":{\"@type\":\"PropertyValueSpecification\",\"valueRequired\":true,\"valueName\":\"search_term_string\"}}],\"inLanguage\":\"pt-BR\"}]}<\/script>\n<!-- \/ Yoast SEO Premium plugin. -->","yoast_head_json":{"title":"\u00c9tica e conformidade - Provenir","description":"Saiba como a Provenir promove \u00e9tica e conformidade com pol\u00edticas rigorosas, governan\u00e7a s\u00f3lida e compromisso com integridade e transpar\u00eancia.","robots":{"index":"index","follow":"follow","max-snippet":"max-snippet:-1","max-image-preview":"max-image-preview:large","max-video-preview":"max-video-preview:-1"},"canonical":"https:\/\/www.provenir.com\/pt\/etica-e-conformidade\/","og_locale":"pt_BR","og_type":"article","og_title":"\u00c9tica e Conformidade","og_description":"Saiba como a Provenir promove \u00e9tica e conformidade com pol\u00edticas rigorosas, governan\u00e7a s\u00f3lida e compromisso com integridade e transpar\u00eancia.","og_url":"https:\/\/www.provenir.com\/pt\/etica-e-conformidade\/","og_site_name":"Provenir-PTBR","article_modified_time":"2026-03-31T15:46:19+00:00","twitter_card":"summary_large_image","twitter_misc":{"Est. reading time":"1 minuto"},"schema":{"@context":"https:\/\/schema.org","@graph":[{"@type":"WebPage","@id":"https:\/\/www.provenir.com\/pt\/etica-e-conformidade\/","url":"https:\/\/www.provenir.com\/pt\/etica-e-conformidade\/","name":"\u00c9tica e conformidade - Provenir","isPartOf":{"@id":"https:\/\/www.provenir.com\/pt\/#website"},"primaryImageOfPage":{"@id":"https:\/\/www.provenir.com\/pt\/etica-e-conformidade\/#primaryimage"},"image":{"@id":"https:\/\/www.provenir.com\/pt\/etica-e-conformidade\/#primaryimage"},"thumbnailUrl":"https:\/\/www.provenir.com\/pt\/wp-content\/uploads\/sites\/9\/2024\/08\/email-signature-icon-Provenir.svg","datePublished":"2024-12-05T13:56:04+00:00","dateModified":"2026-03-31T15:46:19+00:00","description":"Saiba como a Provenir promove \u00e9tica e conformidade com pol\u00edticas rigorosas, governan\u00e7a s\u00f3lida e compromisso com integridade e transpar\u00eancia.","breadcrumb":{"@id":"https:\/\/www.provenir.com\/pt\/etica-e-conformidade\/#breadcrumb"},"inLanguage":"pt-BR","potentialAction":[{"@type":"ReadAction","target":["https:\/\/www.provenir.com\/pt\/etica-e-conformidade\/"]}]},{"@type":"ImageObject","inLanguage":"pt-BR","@id":"https:\/\/www.provenir.com\/pt\/etica-e-conformidade\/#primaryimage","url":"https:\/\/www.provenir.com\/pt\/wp-content\/uploads\/sites\/9\/2024\/08\/email-signature-icon-Provenir.svg","contentUrl":"https:\/\/www.provenir.com\/pt\/wp-content\/uploads\/sites\/9\/2024\/08\/email-signature-icon-Provenir.svg","caption":"provenir"},{"@type":"BreadcrumbList","@id":"https:\/\/www.provenir.com\/pt\/etica-e-conformidade\/#breadcrumb","itemListElement":[{"@type":"ListItem","position":1,"name":"Home","item":"https:\/\/www.provenir.com\/pt\/"},{"@type":"ListItem","position":2,"name":"\u00c9tica e Conformidade"}]},{"@type":"WebSite","@id":"https:\/\/www.provenir.com\/pt\/#website","url":"https:\/\/www.provenir.com\/pt\/","name":"Provenir-PTBR","description":"Decis\u00e3o de risco de cr\u00e9dito baseada em IA","potentialAction":[{"@type":"SearchAction","target":{"@type":"EntryPoint","urlTemplate":"https:\/\/www.provenir.com\/pt\/?s={search_term_string}"},"query-input":{"@type":"PropertyValueSpecification","valueRequired":true,"valueName":"search_term_string"}}],"inLanguage":"pt-BR"}]}},"_links":{"self":[{"href":"https:\/\/www.provenir.com\/pt\/wp-json\/wp\/v2\/pages\/1067","targetHints":{"allow":["GET"]}}],"collection":[{"href":"https:\/\/www.provenir.com\/pt\/wp-json\/wp\/v2\/pages"}],"about":[{"href":"https:\/\/www.provenir.com\/pt\/wp-json\/wp\/v2\/types\/page"}],"author":[{"embeddable":true,"href":"https:\/\/www.provenir.com\/pt\/wp-json\/wp\/v2\/users\/1"}],"replies":[{"embeddable":true,"href":"https:\/\/www.provenir.com\/pt\/wp-json\/wp\/v2\/comments?post=1067"}],"version-history":[{"count":0,"href":"https:\/\/www.provenir.com\/pt\/wp-json\/wp\/v2\/pages\/1067\/revisions"}],"wp:featuredmedia":[{"embeddable":true,"href":"https:\/\/www.provenir.com\/pt\/wp-json\/wp\/v2\/media\/717"}],"wp:attachment":[{"href":"https:\/\/www.provenir.com\/pt\/wp-json\/wp\/v2\/media?parent=1067"}],"wp:term":[{"taxonomy":"industry","embeddable":true,"href":"https:\/\/www.provenir.com\/pt\/wp-json\/wp\/v2\/industry?post=1067"}],"curies":[{"name":"wp","href":"https:\/\/api.w.org\/{rel}","templated":true}]}}