{"id":1068,"date":"2024-12-05T14:00:11","date_gmt":"2024-12-05T14:00:11","guid":{"rendered":"https:\/\/www.provenir.com\/portuguese\/?page_id=1068"},"modified":"2026-02-19T12:32:47","modified_gmt":"2026-02-19T12:32:47","slug":"escravidao-moderna","status":"publish","type":"page","link":"https:\/\/www.provenir.com\/pt\/escravidao-moderna\/","title":{"rendered":"Escravid\u00e3o Moderna"},"content":{"rendered":"<h1>Escravid\u00e3o Moderna<\/h1>\n<div>\n<p>A escravid\u00e3o moderna \u00e9 um crime hediondo e um ato moralmente repreens\u00edvel que priva a liberdade e a dignidade de uma pessoa para o ganho de outra pessoa. \u00c9 um problema real para milh\u00f5es de pessoas ao redor do mundo, incluindo muitas em pa\u00edses desenvolvidos, que est\u00e3o sendo mantidas e exploradas em v\u00e1rias formas de escravid\u00e3o.<\/p>\n<p>Toda empresa corre o risco de se envolver neste crime por meio de suas pr\u00f3prias opera\u00e7\u00f5es. Temos uma abordagem de toler\u00e2ncia zero \u00e0 escravid\u00e3o moderna e estamos totalmente comprometidos em prevenir a escravid\u00e3o e o tr\u00e1fico de pessoas em nossas opera\u00e7\u00f5es. Tomamos medidas concretas para combater a escravid\u00e3o moderna, conforme descrito em nossa declara\u00e7\u00e3o. Esta declara\u00e7\u00e3o define as a\u00e7\u00f5es que tomamos para entender todos os riscos potenciais da escravid\u00e3o moderna relacionados aos nossos neg\u00f3cios e implementar medidas para prevenir a escravid\u00e3o e o tr\u00e1fico de pessoas.<\/p>\n<p>Estabelecemos uma rela\u00e7\u00e3o de confian\u00e7a e integridade com todos os nossos clientes. Se formos informados sobre quaisquer alega\u00e7\u00f5es de tr\u00e1fico de pessoas\/escravid\u00e3o contra qualquer um de nossos clientes, agiremos imediatamente e denunciaremos \u00e0s autoridades. A empresa tem pol\u00edticas para identificar e prevenir a escravid\u00e3o e o tr\u00e1fico de pessoas em nossas opera\u00e7\u00f5es; encorajamos todos os Funcion\u00e1rios e clientes a relatar qualquer suspeita de escravid\u00e3o ou tr\u00e1fico humano sem medo de retalia\u00e7\u00e3o.<\/p>\n<p>A Empresa incentiva os Funcion\u00e1rios a fazerem a coisa certa, declarando claramente as a\u00e7\u00f5es e o comportamento esperado deles ao representar o neg\u00f3cio. N\u00f3s nos esfor\u00e7amos para manter os mais altos padr\u00f5es de conduta dos colaboradores e comportamento \u00e9tico ao operar no exterior. Entre em contato com a Ger\u00eancia em caso de d\u00favidas ou preocupa\u00e7\u00f5es.<\/p>\n<\/div>\n<p><!--more--><br \/>\n<!-- {\"type\":\"layout\",\"children\":[{\"type\":\"section\",\"props\":{\"animation\":\"slide-bottom-small\",\"header_transparent\":true,\"header_transparent_noplaceholder\":true,\"header_transparent_text_color\":\"light\",\"image\":\"wp-content\\\/uploads\\\/hero-bg.svg\",\"image_position\":\"bottom-center\",\"image_size\":\"cover\",\"media_background\":\"#120226\",\"padding\":\"large\",\"padding_remove_bottom\":false,\"padding_remove_top\":false,\"style\":\"secondary\",\"title_breakpoint\":\"xl\",\"title_position\":\"top-left\",\"title_rotation\":\"left\",\"vertical_align\":\"\",\"width\":\"default\"},\"children\":[{\"type\":\"row\",\"children\":[{\"type\":\"column\",\"props\":{\"image_position\":\"center-center\",\"position_sticky_breakpoint\":\"m\"},\"children\":[{\"type\":\"headline\",\"props\":{\"content\":\"Escravid\\u00e3o Moderna\",\"margin\":\"medium\",\"margin_remove_top\":true,\"text_align\":\"center\",\"title_element\":\"h1\",\"title_style\":\"heading-medium\"}},{\"type\":\"text\",\"props\":{\"block_align\":\"center\",\"column_breakpoint\":\"m\",\"content\":\"\n\n<p>A escravid\\u00e3o moderna \\u00e9 um crime hediondo e um ato moralmente repreens\\u00edvel que priva a liberdade e a dignidade de uma pessoa para o ganho de outra pessoa. \\u00c9 um problema real para milh\\u00f5es de pessoas ao redor do mundo, incluindo muitas em pa\\u00edses desenvolvidos, que est\\u00e3o sendo mantidas e exploradas em v\\u00e1rias formas de escravid\\u00e3o.<\\\/p>\\n\n\n<p>Toda empresa corre o risco de se envolver neste crime por meio de suas pr\\u00f3prias opera\\u00e7\\u00f5es. Temos uma abordagem de toler\\u00e2ncia zero \\u00e0 escravid\\u00e3o moderna e estamos totalmente comprometidos em prevenir a escravid\\u00e3o e o tr\\u00e1fico de pessoas em nossas opera\\u00e7\\u00f5es. Tomamos medidas concretas para combater a escravid\\u00e3o moderna, conforme descrito em nossa declara\\u00e7\\u00e3o. Esta declara\\u00e7\\u00e3o define as a\\u00e7\\u00f5es que tomamos para entender todos os riscos potenciais da escravid\\u00e3o moderna relacionados aos nossos neg\\u00f3cios e implementar medidas para prevenir a escravid\\u00e3o e o tr\\u00e1fico de pessoas.<\\\/p>\\n\n\n<p>Estabelecemos uma rela\\u00e7\\u00e3o de confian\\u00e7a e integridade com todos os nossos clientes. Se formos informados sobre quaisquer alega\\u00e7\\u00f5es de tr\\u00e1fico de pessoas\\\/escravid\\u00e3o contra qualquer um de nossos clientes, agiremos imediatamente e denunciaremos \\u00e0s autoridades. A empresa tem pol\\u00edticas para identificar e prevenir a escravid\\u00e3o e o tr\\u00e1fico de pessoas em nossas opera\\u00e7\\u00f5es; encorajamos todos os Funcion\\u00e1rios e clientes a relatar qualquer suspeita de escravid\\u00e3o ou tr\\u00e1fico humano sem medo de retalia\\u00e7\\u00e3o.<\\\/p>\\n\n\n<p>A Empresa incentiva os Funcion\\u00e1rios a fazerem a coisa certa, declarando claramente as a\\u00e7\\u00f5es e o comportamento esperado deles ao representar o neg\\u00f3cio. N\\u00f3s nos esfor\\u00e7amos para manter os mais altos padr\\u00f5es de conduta dos colaboradores e comportamento \\u00e9tico ao operar no exterior. Entre em contato com a Ger\\u00eancia em caso de d\\u00favidas ou preocupa\\u00e7\\u00f5es.<\\\/p>\",\"margin\":\"\",\"text_align\":\"center\",\"text_style\":\"large\"}}]}]}],\"name\":\"home-hero\"}],\"version\":\"4.5.0\",\"yooessentialsVersion\":\"2.2.28\"} --><\/p>\n","protected":false},"excerpt":{"rendered":"<p>Escravid\u00e3o Moderna A escravid\u00e3o moderna \u00e9 um crime hediondo e um ato moralmente repreens\u00edvel que priva a liberdade e a dignidade de uma pessoa para o ganho de outra pessoa. \u00c9 um problema real para milh\u00f5es de pessoas ao redor do mundo, incluindo muitas em pa\u00edses desenvolvidos, que est\u00e3o sendo mantidas e exploradas em v\u00e1rias [&hellip;]<\/p>\n","protected":false},"author":1,"featured_media":717,"parent":0,"menu_order":0,"comment_status":"closed","ping_status":"closed","template":"","meta":{"_acf_changed":false,"footnotes":""},"industry":[],"class_list":["post-1068","page","type-page","status-publish","has-post-thumbnail","hentry"],"acf":[],"yoast_head":"<!-- This site is optimized with the Yoast SEO Premium plugin v27.4 (Yoast SEO v27.4) - https:\/\/yoast.com\/product\/yoast-seo-premium-wordpress\/ -->\n<title>Escravid\u00e3o Moderna - Provenir-PTBR<\/title>\n<meta name=\"description\" content=\"Saiba como a Provenir combate a escravid\u00e3o moderna em suas opera\u00e7\u00f5es pol\u00edticas, den\u00fancias e compromisso com dignidade e integridade.\" \/>\n<meta name=\"robots\" content=\"index, follow, max-snippet:-1, max-image-preview:large, max-video-preview:-1\" \/>\n<link rel=\"canonical\" href=\"https:\/\/www.provenir.com\/pt\/escravidao-moderna\/\" \/>\n<meta property=\"og:locale\" content=\"pt_BR\" \/>\n<meta property=\"og:type\" content=\"article\" \/>\n<meta property=\"og:title\" content=\"Escravid\u00e3o Moderna\" \/>\n<meta property=\"og:description\" content=\"Saiba como a Provenir combate a escravid\u00e3o moderna em suas opera\u00e7\u00f5es pol\u00edticas, den\u00fancias e compromisso com dignidade e integridade.\" \/>\n<meta property=\"og:url\" content=\"https:\/\/www.provenir.com\/pt\/escravidao-moderna\/\" \/>\n<meta property=\"og:site_name\" content=\"Provenir-PTBR\" \/>\n<meta property=\"article:modified_time\" content=\"2026-02-19T12:32:47+00:00\" \/>\n<meta name=\"twitter:card\" content=\"summary_large_image\" \/>\n<meta name=\"twitter:label1\" content=\"Est. reading time\" \/>\n\t<meta name=\"twitter:data1\" content=\"2 minutos\" \/>\n<script type=\"application\/ld+json\" class=\"yoast-schema-graph\">{\"@context\":\"https:\\\/\\\/schema.org\",\"@graph\":[{\"@type\":\"WebPage\",\"@id\":\"https:\\\/\\\/www.provenir.com\\\/pt\\\/escravidao-moderna\\\/\",\"url\":\"https:\\\/\\\/www.provenir.com\\\/pt\\\/escravidao-moderna\\\/\",\"name\":\"Escravid\u00e3o Moderna - Provenir-PTBR\",\"isPartOf\":{\"@id\":\"https:\\\/\\\/www.provenir.com\\\/pt\\\/#website\"},\"primaryImageOfPage\":{\"@id\":\"https:\\\/\\\/www.provenir.com\\\/pt\\\/escravidao-moderna\\\/#primaryimage\"},\"image\":{\"@id\":\"https:\\\/\\\/www.provenir.com\\\/pt\\\/escravidao-moderna\\\/#primaryimage\"},\"thumbnailUrl\":\"https:\\\/\\\/www.provenir.com\\\/pt\\\/wp-content\\\/uploads\\\/sites\\\/9\\\/2024\\\/08\\\/email-signature-icon-Provenir.svg\",\"datePublished\":\"2024-12-05T14:00:11+00:00\",\"dateModified\":\"2026-02-19T12:32:47+00:00\",\"description\":\"Saiba como a Provenir combate a escravid\u00e3o moderna em suas opera\u00e7\u00f5es pol\u00edticas, den\u00fancias e compromisso com dignidade e integridade.\",\"breadcrumb\":{\"@id\":\"https:\\\/\\\/www.provenir.com\\\/pt\\\/escravidao-moderna\\\/#breadcrumb\"},\"inLanguage\":\"pt-BR\",\"potentialAction\":[{\"@type\":\"ReadAction\",\"target\":[\"https:\\\/\\\/www.provenir.com\\\/pt\\\/escravidao-moderna\\\/\"]}]},{\"@type\":\"ImageObject\",\"inLanguage\":\"pt-BR\",\"@id\":\"https:\\\/\\\/www.provenir.com\\\/pt\\\/escravidao-moderna\\\/#primaryimage\",\"url\":\"https:\\\/\\\/www.provenir.com\\\/pt\\\/wp-content\\\/uploads\\\/sites\\\/9\\\/2024\\\/08\\\/email-signature-icon-Provenir.svg\",\"contentUrl\":\"https:\\\/\\\/www.provenir.com\\\/pt\\\/wp-content\\\/uploads\\\/sites\\\/9\\\/2024\\\/08\\\/email-signature-icon-Provenir.svg\",\"caption\":\"provenir\"},{\"@type\":\"BreadcrumbList\",\"@id\":\"https:\\\/\\\/www.provenir.com\\\/pt\\\/escravidao-moderna\\\/#breadcrumb\",\"itemListElement\":[{\"@type\":\"ListItem\",\"position\":1,\"name\":\"Home\",\"item\":\"https:\\\/\\\/www.provenir.com\\\/pt\\\/\"},{\"@type\":\"ListItem\",\"position\":2,\"name\":\"Escravid\u00e3o Moderna\"}]},{\"@type\":\"WebSite\",\"@id\":\"https:\\\/\\\/www.provenir.com\\\/pt\\\/#website\",\"url\":\"https:\\\/\\\/www.provenir.com\\\/pt\\\/\",\"name\":\"Provenir-PTBR\",\"description\":\"Decis\u00e3o de risco de cr\u00e9dito baseada em IA\",\"potentialAction\":[{\"@type\":\"SearchAction\",\"target\":{\"@type\":\"EntryPoint\",\"urlTemplate\":\"https:\\\/\\\/www.provenir.com\\\/pt\\\/?s={search_term_string}\"},\"query-input\":{\"@type\":\"PropertyValueSpecification\",\"valueRequired\":true,\"valueName\":\"search_term_string\"}}],\"inLanguage\":\"pt-BR\"}]}<\/script>\n<!-- \/ Yoast SEO Premium plugin. -->","yoast_head_json":{"title":"Escravid\u00e3o Moderna - Provenir-PTBR","description":"Saiba como a Provenir combate a escravid\u00e3o moderna em suas opera\u00e7\u00f5es pol\u00edticas, den\u00fancias e compromisso com dignidade e integridade.","robots":{"index":"index","follow":"follow","max-snippet":"max-snippet:-1","max-image-preview":"max-image-preview:large","max-video-preview":"max-video-preview:-1"},"canonical":"https:\/\/www.provenir.com\/pt\/escravidao-moderna\/","og_locale":"pt_BR","og_type":"article","og_title":"Escravid\u00e3o Moderna","og_description":"Saiba como a Provenir combate a escravid\u00e3o moderna em suas opera\u00e7\u00f5es pol\u00edticas, den\u00fancias e compromisso com dignidade e integridade.","og_url":"https:\/\/www.provenir.com\/pt\/escravidao-moderna\/","og_site_name":"Provenir-PTBR","article_modified_time":"2026-02-19T12:32:47+00:00","twitter_card":"summary_large_image","twitter_misc":{"Est. reading time":"2 minutos"},"schema":{"@context":"https:\/\/schema.org","@graph":[{"@type":"WebPage","@id":"https:\/\/www.provenir.com\/pt\/escravidao-moderna\/","url":"https:\/\/www.provenir.com\/pt\/escravidao-moderna\/","name":"Escravid\u00e3o Moderna - Provenir-PTBR","isPartOf":{"@id":"https:\/\/www.provenir.com\/pt\/#website"},"primaryImageOfPage":{"@id":"https:\/\/www.provenir.com\/pt\/escravidao-moderna\/#primaryimage"},"image":{"@id":"https:\/\/www.provenir.com\/pt\/escravidao-moderna\/#primaryimage"},"thumbnailUrl":"https:\/\/www.provenir.com\/pt\/wp-content\/uploads\/sites\/9\/2024\/08\/email-signature-icon-Provenir.svg","datePublished":"2024-12-05T14:00:11+00:00","dateModified":"2026-02-19T12:32:47+00:00","description":"Saiba como a Provenir combate a escravid\u00e3o moderna em suas opera\u00e7\u00f5es pol\u00edticas, den\u00fancias e compromisso com dignidade e integridade.","breadcrumb":{"@id":"https:\/\/www.provenir.com\/pt\/escravidao-moderna\/#breadcrumb"},"inLanguage":"pt-BR","potentialAction":[{"@type":"ReadAction","target":["https:\/\/www.provenir.com\/pt\/escravidao-moderna\/"]}]},{"@type":"ImageObject","inLanguage":"pt-BR","@id":"https:\/\/www.provenir.com\/pt\/escravidao-moderna\/#primaryimage","url":"https:\/\/www.provenir.com\/pt\/wp-content\/uploads\/sites\/9\/2024\/08\/email-signature-icon-Provenir.svg","contentUrl":"https:\/\/www.provenir.com\/pt\/wp-content\/uploads\/sites\/9\/2024\/08\/email-signature-icon-Provenir.svg","caption":"provenir"},{"@type":"BreadcrumbList","@id":"https:\/\/www.provenir.com\/pt\/escravidao-moderna\/#breadcrumb","itemListElement":[{"@type":"ListItem","position":1,"name":"Home","item":"https:\/\/www.provenir.com\/pt\/"},{"@type":"ListItem","position":2,"name":"Escravid\u00e3o Moderna"}]},{"@type":"WebSite","@id":"https:\/\/www.provenir.com\/pt\/#website","url":"https:\/\/www.provenir.com\/pt\/","name":"Provenir-PTBR","description":"Decis\u00e3o de risco de cr\u00e9dito baseada em IA","potentialAction":[{"@type":"SearchAction","target":{"@type":"EntryPoint","urlTemplate":"https:\/\/www.provenir.com\/pt\/?s={search_term_string}"},"query-input":{"@type":"PropertyValueSpecification","valueRequired":true,"valueName":"search_term_string"}}],"inLanguage":"pt-BR"}]}},"_links":{"self":[{"href":"https:\/\/www.provenir.com\/pt\/wp-json\/wp\/v2\/pages\/1068","targetHints":{"allow":["GET"]}}],"collection":[{"href":"https:\/\/www.provenir.com\/pt\/wp-json\/wp\/v2\/pages"}],"about":[{"href":"https:\/\/www.provenir.com\/pt\/wp-json\/wp\/v2\/types\/page"}],"author":[{"embeddable":true,"href":"https:\/\/www.provenir.com\/pt\/wp-json\/wp\/v2\/users\/1"}],"replies":[{"embeddable":true,"href":"https:\/\/www.provenir.com\/pt\/wp-json\/wp\/v2\/comments?post=1068"}],"version-history":[{"count":0,"href":"https:\/\/www.provenir.com\/pt\/wp-json\/wp\/v2\/pages\/1068\/revisions"}],"wp:featuredmedia":[{"embeddable":true,"href":"https:\/\/www.provenir.com\/pt\/wp-json\/wp\/v2\/media\/717"}],"wp:attachment":[{"href":"https:\/\/www.provenir.com\/pt\/wp-json\/wp\/v2\/media?parent=1068"}],"wp:term":[{"taxonomy":"industry","embeddable":true,"href":"https:\/\/www.provenir.com\/pt\/wp-json\/wp\/v2\/industry?post=1068"}],"curies":[{"name":"wp","href":"https:\/\/api.w.org\/{rel}","templated":true}]}}