{"id":1071,"date":"2024-12-05T14:51:55","date_gmt":"2024-12-05T14:51:55","guid":{"rendered":"https:\/\/www.provenir.com\/portuguese\/?page_id=1071"},"modified":"2026-02-19T12:53:45","modified_gmt":"2026-02-19T12:53:45","slug":"webinars","status":"publish","type":"page","link":"https:\/\/www.provenir.com\/pt\/webinars\/","title":{"rendered":"Webinars"},"content":{"rendered":"<h1>Webinars para <span class=\"uk-text-background\">potencializar o pensamento criativo<\/span><\/h1>\n<div>Descubra webinars que apresentam especialistas da Provenir, parceiros do Marketplace, clientes e l\u00edderes do setor, e exploram uma variedade de t\u00f3picos, incluindo integra\u00e7\u00e3o de dados, BNPL, origina\u00e7\u00e3o de empr\u00e9stimos, inclus\u00e3o financeira, estrat\u00e9gia de tomada de decis\u00e3o de risco e muito mais. Assista a qualquer hora, em qualquer lugar.<\/div>\n<h2>\u00daltimos webinars<\/h2>\n<div>\n<div class=\"pt-cv-wrapper\"><div class=\"pt-cv-view pt-cv-grid pt-cv-colsys cveffect-zoomin pt-cv-pgregular pt-cv-round-btn\" id=\"pt-cv-view-5c26fa6ynq\"><div data-id=\"pt-cv-page-1\" class=\"pt-cv-page\" data-cvc=\"4\"><div class=\"col-md-3 col-sm-4 col-xs-12 pt-cv-content-item pt-cv-1-col\"  data-pid=\"1473\"><div class='pt-cv-ifield'><a href=\"https:\/\/www.provenir.com\/pt\/webinar-menos-friccao-mais-eficiencia-prevencao-de-fraudes-na-originacao\/\" class=\"_self pt-cv-href-thumbnail pt-cv-thumb-default pt-cv-thumb-wrapper cvplbd cvp-responsive-image img-rounded\" target=\"_self\" data-iw=\"200\" data-ih=\"100\"><img loading=\"lazy\" decoding=\"async\" width=\"1200\" height=\"628\" src=\"https:\/\/www.provenir.com\/pt\/wp-content\/uploads\/sites\/9\/2025\/12\/webinar_1200x628_extended.jpg\" class=\"pt-cv-thumbnail img-rounded\" alt=\"Webinar: Menos Fric\u00e7\u00e3o, Mais Efici\u00eancia: Preven\u00e7\u00e3o de Fraudes na Origina\u00e7\u00e3o\" \/><\/a>\n<h4 class=\"pt-cv-title\"><a href=\"https:\/\/www.provenir.com\/pt\/webinar-menos-friccao-mais-eficiencia-prevencao-de-fraudes-na-originacao\/\" class=\"_self cvplbd\" target=\"_self\" data-iw=\"200\" data-ih=\"100\">Webinar: Menos Fric\u00e7\u00e3o, Mais Efici\u00eancia: Preven\u00e7\u00e3o...<\/a><\/h4>\n<div class=\"pt-cv-content\">Menos Fric\u00e7\u00e3o, Mais Efici\u00eancia: Preven\u00e7\u00e3o de Fraudes na Origina\u00e7\u00e3o (on-demand) O avan\u00e7o das transa\u00e7\u00f5es online ...<br \/><div class=\"pt-cv-rmwrap\"><a href=\"https:\/\/www.provenir.com\/pt\/webinar-menos-friccao-mais-eficiencia-prevencao-de-fraudes-na-originacao\/\" class=\"_self pt-cv-readmore btn btn-success cvplbd\" target=\"_self\" data-iw=\"200\" data-ih=\"100\">Leia mais<\/a><\/div><\/div><\/div><\/div>\n<div class=\"col-md-3 col-sm-4 col-xs-12 pt-cv-content-item pt-cv-1-col\"  data-pid=\"813\"><div class='pt-cv-ifield'><a href=\"https:\/\/www.provenir.com\/pt\/webinar-novo-modelo-de-cobranca-digital-eficiencia-em-recuperacao-de-credito\/\" class=\"_self pt-cv-href-thumbnail pt-cv-thumb-default pt-cv-thumb-wrapper cvplbd cvp-responsive-image img-rounded\" target=\"_self\" data-iw=\"200\" data-ih=\"100\"><img loading=\"lazy\" decoding=\"async\" width=\"1200\" height=\"627\" src=\"https:\/\/www.provenir.com\/pt\/wp-content\/uploads\/sites\/9\/2025\/01\/Webinar-Hosted-Collection-FeatureIMG-LATAM_PT.jpg\" class=\"pt-cv-thumbnail img-rounded\" alt=\"novo modelo\" \/><\/a>\n<h4 class=\"pt-cv-title\"><a href=\"https:\/\/www.provenir.com\/pt\/webinar-novo-modelo-de-cobranca-digital-eficiencia-em-recuperacao-de-credito\/\" class=\"_self cvplbd\" target=\"_self\" data-iw=\"200\" data-ih=\"100\">Webinar \u201cNovo Modelo de Cobran\u00e7a Digital \u2013 Efici\u00ean...<\/a><\/h4>\n<div class=\"pt-cv-content\">Novo Modelo de Cobran\u00e7a Digital \u2013 Efici\u00eancia em Recupera\u00e7\u00e3o de Cr\u00e9dito (on-demand) Assista a Grava\u00e7\u00e3o! ...<br \/><div class=\"pt-cv-rmwrap\"><a href=\"https:\/\/www.provenir.com\/pt\/webinar-novo-modelo-de-cobranca-digital-eficiencia-em-recuperacao-de-credito\/\" class=\"_self pt-cv-readmore btn btn-success cvplbd\" target=\"_self\" data-iw=\"200\" data-ih=\"100\">Leia mais<\/a><\/div><\/div><\/div><\/div><\/div><\/div><\/div>\t\t\t<style type=\"text\/css\" id=\"pt-cv-inline-style-1c1fe40bnf\">#pt-cv-view-5c26fa6ynq .pt-cv-title a, #pt-cv-view-5c26fa6ynq  .panel-title { font-weight: 600 !important; }\n#pt-cv-view-5c26fa6ynq .pt-cv-readmore  { color: #ffffff !important; background-color: #200644 !important; }\n#pt-cv-view-5c26fa6ynq .pt-cv-readmore:hover  { color: #ffffff !important; background-color: rgba(32,6,68,0.79) !important; }\n#pt-cv-view-5c26fa6ynq  + .pt-cv-pagination-wrapper .pt-cv-more , #pt-cv-view-5c26fa6ynq  + .pt-cv-pagination-wrapper .pagination .active a, .pt-cv-pagination[data-sid='5c26fa6ynq'] .active a { color: #ffffff !important; background-color: #e0007a !important; }\n#pt-cv-view-5c26fa6ynq .img-rounded, #pt-cv-view-5c26fa6ynq .pt-cv-hover-wrapper { -webkit-border-radius: 10px !important; -moz-border-radius: 10px !important; border-radius: 10px !important; }\n#pt-cv-view-5c26fa6ynq .pt-cv-cap-w-img { border-bottom-left-radius: 10px !important; border-bottom-right-radius: 10px !important; }\n#pt-cv-view-5c26fa6ynq .cvp-responsive-image[style*=\"background-image\"] { width: 200px; max-height: 100px; overflow: hidden; aspect-ratio: 2 }\n#pt-cv-view-5c26fa6ynq .cvp-responsive-image img { max-width: 200px; max-height: 100px; aspect-ratio: 2 }<\/style>\r\n\t\t\t<\/div>\n<p><!--more--><br \/>\n<!-- {\"type\":\"layout\",\"children\":[{\"type\":\"section\",\"props\":{\"animation\":\"slide-bottom-small\",\"header_transparent\":true,\"header_transparent_noplaceholder\":true,\"header_transparent_text_color\":\"light\",\"image\":\"wp-content\\\/uploads\\\/2024\\\/04\\\/background-glow-02.svg\",\"image_position\":\"bottom-center\",\"image_size\":\"cover\",\"media_background\":\"#120226\",\"padding\":\"large\",\"padding_remove_bottom\":true,\"padding_remove_top\":false,\"style\":\"secondary\",\"title_breakpoint\":\"xl\",\"title_position\":\"top-left\",\"title_rotation\":\"left\",\"vertical_align\":\"\",\"width\":\"default\"},\"children\":[{\"type\":\"row\",\"children\":[{\"type\":\"column\",\"props\":{\"image_position\":\"center-center\",\"position_sticky_breakpoint\":\"m\"},\"children\":[{\"type\":\"headline\",\"props\":{\"content\":\"Webinars para <span class=\\\"uk-text-background\\\">potencializar o pensamento criativo<\\\/span>\",\"margin\":\"medium\",\"margin_remove_top\":true,\"text_align\":\"center\",\"title_element\":\"h1\",\"title_style\":\"heading-medium\"}},{\"type\":\"text\",\"props\":{\"block_align\":\"center\",\"column_breakpoint\":\"m\",\"content\":\"Descubra webinars que apresentam especialistas da Provenir, parceiros do Marketplace, clientes e l\\u00edderes do setor, e exploram uma variedade de t\\u00f3picos, incluindo integra\\u00e7\\u00e3o de dados, BNPL, origina\\u00e7\\u00e3o de empr\\u00e9stimos, inclus\\u00e3o financeira, estrat\\u00e9gia de tomada de decis\\u00e3o de risco e muito mais. Assista a qualquer hora, em qualquer lugar.\",\"margin\":\"small\",\"margin_remove_top\":false,\"text_align\":\"center\",\"text_style\":\"lead\"}}]}]}],\"name\":\"home-hero\"},{\"type\":\"section\",\"props\":{\"image_position\":\"center-center\",\"style\":\"secondary\",\"title_breakpoint\":\"xl\",\"title_position\":\"top-left\",\"title_rotation\":\"left\",\"vertical_align\":\"\",\"width\":\"default\"},\"children\":[{\"type\":\"row\",\"children\":[{\"type\":\"column\",\"props\":{\"image_position\":\"center-center\",\"position_sticky_breakpoint\":\"m\"},\"children\":[{\"type\":\"headline\",\"props\":{\"class\":\"uk-text-uppercase\",\"content\":\"\\u00daltimos webinars\",\"margin\":\"small\",\"margin_remove_bottom\":false,\"title_color\":\"background\",\"title_decoration\":\"line\",\"title_element\":\"h2\",\"title_style\":\"text-large\"}}]}],\"props\":{\"margin_remove_bottom\":false}},{\"type\":\"row\",\"children\":[{\"type\":\"column\",\"props\":{\"image_position\":\"center-center\",\"position_sticky_breakpoint\":\"m\",\"width_medium\":\"2-3\"},\"children\":[{\"type\":\"image\",\"props\":{\"image_border\":\"rounded\",\"image_box_decoration\":\"primary\",\"image_box_shadow\":\"small\",\"image_svg_color\":\"emphasis\",\"margin\":\"default\"},\"source\":{\"query\":{\"name\":\"posts.customPosts\",\"arguments\":{\"terms\":[8],\"category_operator\":\"IN\",\"post_tag_operator\":\"IN\",\"users\":[],\"users_operator\":\"IN\",\"offset\":0,\"limit\":1,\"order\":\"date\",\"order_direction\":\"DESC\",\"solutions_operator\":\"IN\",\"industry_operator\":\"IN\",\"language_operator\":\"IN\",\"mktplace_data_type_operator\":\"IN\",\"mktplace_region_operator\":\"IN\",\"mktplace_use_case_operator\":\"IN\",\"resources_operator\":\"IN\",\"resource_operator\":\"IN\"}},\"props\":{\"image\":{\"name\":\"featuredImage.url\"}}},\"source_extended\":{\"props\":{\"image\":{\"composed\":{\"value\":\"{{ sources.de56 }}\",\"sources\":{\"de56\":{\"filters\":{\"search\":\"\"},\"name\":\"featuredImage.url\",\"implode\":{\"join\":\"after\",\"glue\":\", \"}}},\"conditions\":{}}}}}}]},{\"type\":\"column\",\"props\":{\"image_position\":\"center-center\",\"position_sticky_breakpoint\":\"m\",\"width_medium\":\"1-3\"},\"children\":[{\"type\":\"panel\",\"props\":{\"content_column_breakpoint\":\"m\",\"icon_width\":80,\"image_align\":\"top\",\"image_grid_breakpoint\":\"m\",\"image_grid_width\":\"1-2\",\"image_svg_color\":\"emphasis\",\"link_style\":\"default\",\"link_text\":\"Confira\",\"margin\":\"default\",\"meta\":\"\",\"meta_align\":\"below-title\",\"meta_element\":\"div\",\"meta_style\":\"text-meta\",\"title_align\":\"top\",\"title_color\":\"success\",\"title_element\":\"h3\",\"title_grid_breakpoint\":\"m\",\"title_grid_width\":\"1-2\",\"title_hover_style\":\"reset\",\"title_link\":true,\"title_style\":\"h3\"},\"source\":{\"query\":{\"name\":\"posts.customPosts\",\"arguments\":{\"terms\":[8],\"category_operator\":\"IN\",\"post_tag_operator\":\"IN\",\"users\":[],\"users_operator\":\"IN\",\"offset\":0,\"limit\":1,\"order\":\"date\",\"order_direction\":\"DESC\",\"solutions_operator\":\"IN\",\"industry_operator\":\"IN\",\"language_operator\":\"IN\",\"mktplace_data_type_operator\":\"IN\",\"mktplace_region_operator\":\"IN\",\"mktplace_use_case_operator\":\"IN\",\"resources_operator\":\"IN\",\"resource_operator\":\"IN\"}},\"props\":{\"title\":{\"filters\":{\"search\":\"\"},\"name\":\"title\"},\"content\":{\"filters\":{\"search\":\"\",\"limit\":350},\"name\":\"excerpt\"},\"link\":{\"filters\":{\"search\":\"\"},\"name\":\"link\"}}}}]}],\"props\":{\"layout\":\"2-3,1-3\"}},{\"type\":\"row\",\"children\":[{\"type\":\"column\",\"props\":{\"image_position\":\"center-center\",\"position_sticky_breakpoint\":\"m\"},\"children\":[{\"type\":\"html\",\"props\":{\"content\":\"[pt_view id=\\\"5c26fa6ynq\\\"]\"},\"name\":\"webinars filter\"}]}]}],\"name\":\"featured post (latest)\"}],\"version\":\"4.5.0\",\"yooessentialsVersion\":\"2.2.31\"} --><\/p>\n","protected":false},"excerpt":{"rendered":"<p>Webinars para potencializar o pensamento criativo Descubra webinars que apresentam especialistas da Provenir, parceiros do Marketplace, clientes e l\u00edderes do setor, e exploram uma variedade de t\u00f3picos, incluindo integra\u00e7\u00e3o de dados, BNPL, origina\u00e7\u00e3o de empr\u00e9stimos, inclus\u00e3o financeira, estrat\u00e9gia de tomada de decis\u00e3o de risco e muito mais. Assista a qualquer hora, em qualquer lugar. \u00daltimos [&hellip;]<\/p>\n","protected":false},"author":1,"featured_media":717,"parent":0,"menu_order":0,"comment_status":"closed","ping_status":"closed","template":"","meta":{"_acf_changed":false,"footnotes":""},"industry":[],"class_list":["post-1071","page","type-page","status-publish","has-post-thumbnail","hentry"],"acf":[],"yoast_head":"<!-- This site is optimized with the Yoast SEO Premium plugin v27.5 (Yoast SEO v27.5) - https:\/\/yoast.com\/product\/yoast-seo-premium-wordpress\/ -->\n<title>Webinars para potencializar o pensamento criativo - Provenir PTBR<\/title>\n<meta name=\"description\" content=\"Webinars da Provenir: participe de sess\u00f5es ao vivo com insights em IA, dados, fraude e decis\u00e3o de risco para servi\u00e7os financeiros.\" \/>\n<meta name=\"robots\" content=\"index, follow, max-snippet:-1, max-image-preview:large, max-video-preview:-1\" \/>\n<link rel=\"canonical\" href=\"https:\/\/www.provenir.com\/pt\/webinars\/\" \/>\n<meta property=\"og:locale\" content=\"pt_BR\" \/>\n<meta property=\"og:type\" content=\"article\" \/>\n<meta property=\"og:title\" content=\"Webinars\" \/>\n<meta property=\"og:description\" content=\"Webinars da Provenir: participe de sess\u00f5es ao vivo com insights em IA, dados, fraude e decis\u00e3o de risco para servi\u00e7os financeiros.\" \/>\n<meta property=\"og:url\" content=\"https:\/\/www.provenir.com\/pt\/webinars\/\" \/>\n<meta property=\"og:site_name\" content=\"Provenir-PTBR\" \/>\n<meta property=\"article:modified_time\" content=\"2026-02-19T12:53:45+00:00\" \/>\n<meta name=\"twitter:card\" content=\"summary_large_image\" \/>\n<meta name=\"twitter:label1\" content=\"Est. reading time\" \/>\n\t<meta name=\"twitter:data1\" content=\"1 minuto\" \/>\n<script type=\"application\/ld+json\" class=\"yoast-schema-graph\">{\"@context\":\"https:\\\/\\\/schema.org\",\"@graph\":[{\"@type\":\"WebPage\",\"@id\":\"https:\\\/\\\/www.provenir.com\\\/pt\\\/webinars\\\/\",\"url\":\"https:\\\/\\\/www.provenir.com\\\/pt\\\/webinars\\\/\",\"name\":\"Webinars para potencializar o pensamento criativo - Provenir PTBR\",\"isPartOf\":{\"@id\":\"https:\\\/\\\/www.provenir.com\\\/pt\\\/#website\"},\"primaryImageOfPage\":{\"@id\":\"https:\\\/\\\/www.provenir.com\\\/pt\\\/webinars\\\/#primaryimage\"},\"image\":{\"@id\":\"https:\\\/\\\/www.provenir.com\\\/pt\\\/webinars\\\/#primaryimage\"},\"thumbnailUrl\":\"https:\\\/\\\/www.provenir.com\\\/pt\\\/wp-content\\\/uploads\\\/sites\\\/9\\\/2024\\\/08\\\/email-signature-icon-Provenir.svg\",\"datePublished\":\"2024-12-05T14:51:55+00:00\",\"dateModified\":\"2026-02-19T12:53:45+00:00\",\"description\":\"Webinars da Provenir: participe de sess\u00f5es ao vivo com insights em IA, dados, fraude e decis\u00e3o de risco para servi\u00e7os financeiros.\",\"breadcrumb\":{\"@id\":\"https:\\\/\\\/www.provenir.com\\\/pt\\\/webinars\\\/#breadcrumb\"},\"inLanguage\":\"pt-BR\",\"potentialAction\":[{\"@type\":\"ReadAction\",\"target\":[\"https:\\\/\\\/www.provenir.com\\\/pt\\\/webinars\\\/\"]}]},{\"@type\":\"ImageObject\",\"inLanguage\":\"pt-BR\",\"@id\":\"https:\\\/\\\/www.provenir.com\\\/pt\\\/webinars\\\/#primaryimage\",\"url\":\"https:\\\/\\\/www.provenir.com\\\/pt\\\/wp-content\\\/uploads\\\/sites\\\/9\\\/2024\\\/08\\\/email-signature-icon-Provenir.svg\",\"contentUrl\":\"https:\\\/\\\/www.provenir.com\\\/pt\\\/wp-content\\\/uploads\\\/sites\\\/9\\\/2024\\\/08\\\/email-signature-icon-Provenir.svg\",\"caption\":\"provenir\"},{\"@type\":\"BreadcrumbList\",\"@id\":\"https:\\\/\\\/www.provenir.com\\\/pt\\\/webinars\\\/#breadcrumb\",\"itemListElement\":[{\"@type\":\"ListItem\",\"position\":1,\"name\":\"Home\",\"item\":\"https:\\\/\\\/www.provenir.com\\\/pt\\\/\"},{\"@type\":\"ListItem\",\"position\":2,\"name\":\"Webinars\"}]},{\"@type\":\"WebSite\",\"@id\":\"https:\\\/\\\/www.provenir.com\\\/pt\\\/#website\",\"url\":\"https:\\\/\\\/www.provenir.com\\\/pt\\\/\",\"name\":\"Provenir-PTBR\",\"description\":\"Decis\u00e3o de risco de cr\u00e9dito baseada em IA\",\"potentialAction\":[{\"@type\":\"SearchAction\",\"target\":{\"@type\":\"EntryPoint\",\"urlTemplate\":\"https:\\\/\\\/www.provenir.com\\\/pt\\\/?s={search_term_string}\"},\"query-input\":{\"@type\":\"PropertyValueSpecification\",\"valueRequired\":true,\"valueName\":\"search_term_string\"}}],\"inLanguage\":\"pt-BR\"}]}<\/script>\n<!-- \/ Yoast SEO Premium plugin. -->","yoast_head_json":{"title":"Webinars para potencializar o pensamento criativo - Provenir PTBR","description":"Webinars da Provenir: participe de sess\u00f5es ao vivo com insights em IA, dados, fraude e decis\u00e3o de risco para servi\u00e7os financeiros.","robots":{"index":"index","follow":"follow","max-snippet":"max-snippet:-1","max-image-preview":"max-image-preview:large","max-video-preview":"max-video-preview:-1"},"canonical":"https:\/\/www.provenir.com\/pt\/webinars\/","og_locale":"pt_BR","og_type":"article","og_title":"Webinars","og_description":"Webinars da Provenir: participe de sess\u00f5es ao vivo com insights em IA, dados, fraude e decis\u00e3o de risco para servi\u00e7os financeiros.","og_url":"https:\/\/www.provenir.com\/pt\/webinars\/","og_site_name":"Provenir-PTBR","article_modified_time":"2026-02-19T12:53:45+00:00","twitter_card":"summary_large_image","twitter_misc":{"Est. reading time":"1 minuto"},"schema":{"@context":"https:\/\/schema.org","@graph":[{"@type":"WebPage","@id":"https:\/\/www.provenir.com\/pt\/webinars\/","url":"https:\/\/www.provenir.com\/pt\/webinars\/","name":"Webinars para potencializar o pensamento criativo - Provenir PTBR","isPartOf":{"@id":"https:\/\/www.provenir.com\/pt\/#website"},"primaryImageOfPage":{"@id":"https:\/\/www.provenir.com\/pt\/webinars\/#primaryimage"},"image":{"@id":"https:\/\/www.provenir.com\/pt\/webinars\/#primaryimage"},"thumbnailUrl":"https:\/\/www.provenir.com\/pt\/wp-content\/uploads\/sites\/9\/2024\/08\/email-signature-icon-Provenir.svg","datePublished":"2024-12-05T14:51:55+00:00","dateModified":"2026-02-19T12:53:45+00:00","description":"Webinars da Provenir: participe de sess\u00f5es ao vivo com insights em IA, dados, fraude e decis\u00e3o de risco para servi\u00e7os financeiros.","breadcrumb":{"@id":"https:\/\/www.provenir.com\/pt\/webinars\/#breadcrumb"},"inLanguage":"pt-BR","potentialAction":[{"@type":"ReadAction","target":["https:\/\/www.provenir.com\/pt\/webinars\/"]}]},{"@type":"ImageObject","inLanguage":"pt-BR","@id":"https:\/\/www.provenir.com\/pt\/webinars\/#primaryimage","url":"https:\/\/www.provenir.com\/pt\/wp-content\/uploads\/sites\/9\/2024\/08\/email-signature-icon-Provenir.svg","contentUrl":"https:\/\/www.provenir.com\/pt\/wp-content\/uploads\/sites\/9\/2024\/08\/email-signature-icon-Provenir.svg","caption":"provenir"},{"@type":"BreadcrumbList","@id":"https:\/\/www.provenir.com\/pt\/webinars\/#breadcrumb","itemListElement":[{"@type":"ListItem","position":1,"name":"Home","item":"https:\/\/www.provenir.com\/pt\/"},{"@type":"ListItem","position":2,"name":"Webinars"}]},{"@type":"WebSite","@id":"https:\/\/www.provenir.com\/pt\/#website","url":"https:\/\/www.provenir.com\/pt\/","name":"Provenir-PTBR","description":"Decis\u00e3o de risco de cr\u00e9dito baseada em IA","potentialAction":[{"@type":"SearchAction","target":{"@type":"EntryPoint","urlTemplate":"https:\/\/www.provenir.com\/pt\/?s={search_term_string}"},"query-input":{"@type":"PropertyValueSpecification","valueRequired":true,"valueName":"search_term_string"}}],"inLanguage":"pt-BR"}]}},"_links":{"self":[{"href":"https:\/\/www.provenir.com\/pt\/wp-json\/wp\/v2\/pages\/1071","targetHints":{"allow":["GET"]}}],"collection":[{"href":"https:\/\/www.provenir.com\/pt\/wp-json\/wp\/v2\/pages"}],"about":[{"href":"https:\/\/www.provenir.com\/pt\/wp-json\/wp\/v2\/types\/page"}],"author":[{"embeddable":true,"href":"https:\/\/www.provenir.com\/pt\/wp-json\/wp\/v2\/users\/1"}],"replies":[{"embeddable":true,"href":"https:\/\/www.provenir.com\/pt\/wp-json\/wp\/v2\/comments?post=1071"}],"version-history":[{"count":0,"href":"https:\/\/www.provenir.com\/pt\/wp-json\/wp\/v2\/pages\/1071\/revisions"}],"wp:featuredmedia":[{"embeddable":true,"href":"https:\/\/www.provenir.com\/pt\/wp-json\/wp\/v2\/media\/717"}],"wp:attachment":[{"href":"https:\/\/www.provenir.com\/pt\/wp-json\/wp\/v2\/media?parent=1071"}],"wp:term":[{"taxonomy":"industry","embeddable":true,"href":"https:\/\/www.provenir.com\/pt\/wp-json\/wp\/v2\/industry?post=1071"}],"curies":[{"name":"wp","href":"https:\/\/api.w.org\/{rel}","templated":true}]}}