{"id":1075,"date":"2024-12-05T15:29:35","date_gmt":"2024-12-05T15:29:35","guid":{"rendered":"https:\/\/www.provenir.com\/portuguese\/?page_id=1075"},"modified":"2026-02-19T12:26:04","modified_gmt":"2026-02-19T12:26:04","slug":"blogs","status":"publish","type":"page","link":"https:\/\/www.provenir.com\/pt\/blogs\/","title":{"rendered":"Blogs"},"content":{"rendered":"<h1>Blogs <span class=\"uk-text-background\"> para inspirar<\/span><\/h1>\n<div>Explore as not\u00edcias do setor e os mais recentes desenvolvimentos em IA, tomada de decis\u00e3o e dados, como tamb\u00e9m eventos atuais e fintechs inovadoras. Confira nossos blogs e saiba tudo em rela\u00e7\u00e3o a tomada de decis\u00f5es de riscos.<\/div>\n<h3>Blogs mais recentes<\/h3>\n<div>\n<div class=\"pt-cv-wrapper\"><div class=\"pt-cv-view pt-cv-grid pt-cv-colsys cveffect-zoomin pt-cv-pgregular pt-cv-round-btn\" id=\"pt-cv-view-0d017e0dk8\"><div data-id=\"pt-cv-page-1\" class=\"pt-cv-page\" data-cvc=\"4\"><div class=\"col-md-3 col-sm-4 col-xs-12 pt-cv-content-item pt-cv-1-col\"  data-pid=\"1785\"><div class='pt-cv-ifield'><a href=\"https:\/\/www.provenir.com\/pt\/serie-mito-da-hiperpersonalizacao-2\/\" class=\"_self pt-cv-href-thumbnail pt-cv-thumb-default pt-cv-thumb-wrapper cvplbd cvp-responsive-image img-rounded\" target=\"_self\" data-iw=\"200\" data-ih=\"100\"><img loading=\"lazy\" decoding=\"async\" width=\"1536\" height=\"1024\" src=\"https:\/\/www.provenir.com\/pt\/wp-content\/uploads\/sites\/9\/2026\/03\/Hyper-Personlization-2-PT.png\" class=\"pt-cv-thumbnail img-rounded\" alt=\"S\u00e9rie Mito da Hiperpersonaliza\u00e7\u00e3o #2\" \/><\/a>\n<h4 class=\"pt-cv-title\"><a href=\"https:\/\/www.provenir.com\/pt\/serie-mito-da-hiperpersonalizacao-2\/\" class=\"_self cvplbd\" target=\"_self\" data-iw=\"200\" data-ih=\"100\">S\u00e9rie Mito da Hiperpersonaliza\u00e7\u00e3o #2<\/a><\/h4>\n<div class=\"pt-cv-content\">S\u00e9rie Mito da Hiperpersonaliza\u00e7\u00e3o #2:A Armadilha do Scorecard: Como os Modelos Tradicionais Est\u00e3o Deixando Dinheiro ...<br \/><div class=\"pt-cv-rmwrap\"><a href=\"https:\/\/www.provenir.com\/pt\/serie-mito-da-hiperpersonalizacao-2\/\" class=\"_self pt-cv-readmore btn btn-success cvplbd\" target=\"_self\" data-iw=\"200\" data-ih=\"100\">Confira<\/a><\/div><\/div><\/div><\/div>\n<div class=\"col-md-3 col-sm-4 col-xs-12 pt-cv-content-item pt-cv-1-col\"  data-pid=\"1590\"><div class='pt-cv-ifield'><a href=\"https:\/\/www.provenir.com\/pt\/serie-o-mito-da-hiperpersonalizacao-1\/\" class=\"_self pt-cv-href-thumbnail pt-cv-thumb-default pt-cv-thumb-wrapper cvplbd cvp-responsive-image img-rounded\" target=\"_self\" data-iw=\"200\" data-ih=\"100\"><img loading=\"lazy\" decoding=\"async\" width=\"1200\" height=\"628\" src=\"https:\/\/www.provenir.com\/pt\/wp-content\/uploads\/sites\/9\/2026\/02\/260213-BLOG-Hyper-personalization-Myth1-FeatureIMG-GL_PTBR-49701.jpg\" class=\"pt-cv-thumbnail img-rounded\" alt=\"Hyper-personalization\" \/><\/a>\n<h4 class=\"pt-cv-title\"><a href=\"https:\/\/www.provenir.com\/pt\/serie-o-mito-da-hiperpersonalizacao-1\/\" class=\"_self cvplbd\" target=\"_self\" data-iw=\"200\" data-ih=\"100\">S\u00e9rie O Mito da Hiperpersonaliza\u00e7\u00e3o #1<\/a><\/h4>\n<div class=\"pt-cv-content\">S\u00e9rie O Mito da Hiperpersonaliza\u00e7\u00e3o #1:Por que os Bancos Pensam que Fazem Hiperpersonaliza\u00e7\u00e3o (Mas N\u00e3o ...<br \/><div class=\"pt-cv-rmwrap\"><a href=\"https:\/\/www.provenir.com\/pt\/serie-o-mito-da-hiperpersonalizacao-1\/\" class=\"_self pt-cv-readmore btn btn-success cvplbd\" target=\"_self\" data-iw=\"200\" data-ih=\"100\">Confira<\/a><\/div><\/div><\/div><\/div>\n<div class=\"col-md-3 col-sm-4 col-xs-12 pt-cv-content-item pt-cv-1-col\"  data-pid=\"1569\"><div class='pt-cv-ifield'><a href=\"https:\/\/www.provenir.com\/pt\/alem-das-regras-estaticas\/\" class=\"_self pt-cv-href-thumbnail pt-cv-thumb-default pt-cv-thumb-wrapper cvplbd cvp-responsive-image img-rounded\" target=\"_self\" data-iw=\"200\" data-ih=\"100\"><img loading=\"lazy\" decoding=\"async\" width=\"1800\" height=\"942\" src=\"https:\/\/www.provenir.com\/pt\/wp-content\/uploads\/sites\/9\/2026\/02\/250922-BLOG-AI-Campaign-social-tile04-1200x628-GL_PTBR-46776.jpg\" class=\"pt-cv-thumbnail img-rounded\" alt=\"Al\u00e9m das Regras Est\u00e1ticas\" \/><\/a>\n<h4 class=\"pt-cv-title\"><a href=\"https:\/\/www.provenir.com\/pt\/alem-das-regras-estaticas\/\" class=\"_self cvplbd\" target=\"_self\" data-iw=\"200\" data-ih=\"100\">Al\u00e9m das Regras Est\u00e1ticas<\/a><\/h4>\n<div class=\"pt-cv-content\">Al\u00e9m das Regras Est\u00e1ticas:Como os Sistemas de Aprendizado Aprimoram a Tomada De Decis\u00f5es em Servi\u00e7os ...<br \/><div class=\"pt-cv-rmwrap\"><a href=\"https:\/\/www.provenir.com\/pt\/alem-das-regras-estaticas\/\" class=\"_self pt-cv-readmore btn btn-success cvplbd\" target=\"_self\" data-iw=\"200\" data-ih=\"100\">Confira<\/a><\/div><\/div><\/div><\/div>\n<div class=\"col-md-3 col-sm-4 col-xs-12 pt-cv-content-item pt-cv-1-col\"  data-pid=\"1510\"><div class='pt-cv-ifield'><a href=\"https:\/\/www.provenir.com\/pt\/de-modelo-isolado-a-ecossistema-de-ia-empresarial-por-que-a-maioria-das-iniciativas-de-ia-em-servicos-financeiros-nao-consegue-escalar\/\" class=\"_self pt-cv-href-thumbnail pt-cv-thumb-default pt-cv-thumb-wrapper cvplbd cvp-responsive-image img-rounded\" target=\"_self\" data-iw=\"200\" data-ih=\"100\"><img loading=\"lazy\" decoding=\"async\" width=\"800\" height=\"419\" src=\"https:\/\/www.provenir.com\/pt\/wp-content\/uploads\/sites\/9\/2026\/01\/260120-BLOG-AI-Campaign-social-tile-1200x628-GL_PTBR-49325.jpg\" class=\"pt-cv-thumbnail img-rounded\" alt=\"De Modelo Isolado a Ecossistema de IA Empresarial: Por que a Maioria das Iniciativas de IA em Servi\u00e7os Financeiros N\u00e3o Consegue Escalar\" \/><\/a>\n<h4 class=\"pt-cv-title\"><a href=\"https:\/\/www.provenir.com\/pt\/de-modelo-isolado-a-ecossistema-de-ia-empresarial-por-que-a-maioria-das-iniciativas-de-ia-em-servicos-financeiros-nao-consegue-escalar\/\" class=\"_self cvplbd\" target=\"_self\" data-iw=\"200\" data-ih=\"100\">De Modelo Isolado a Ecossistema de IA Empresarial:...<\/a><\/h4>\n<div class=\"pt-cv-content\">De Modelo Isolado a Ecossistema de IA Empresarial:Por que a Maioria das Iniciativas de IA ...<br \/><div class=\"pt-cv-rmwrap\"><a href=\"https:\/\/www.provenir.com\/pt\/de-modelo-isolado-a-ecossistema-de-ia-empresarial-por-que-a-maioria-das-iniciativas-de-ia-em-servicos-financeiros-nao-consegue-escalar\/\" class=\"_self pt-cv-readmore btn btn-success cvplbd\" target=\"_self\" data-iw=\"200\" data-ih=\"100\">Confira<\/a><\/div><\/div><\/div><\/div><\/div><\/div>\n<div class=\"text-left round-button pt-cv-pagination-wrapper\"><ul class=\"pt-cv-pagination pt-cv-ajax pagination\" data-totalpages=\"9\" data-currentpage=\"1\" data-sid=\"0d017e0dk8\" data-unid=\"\" data-isblock=\"\" data-postid=\"\"><li class=\"active\"><a href=\"#\">1<\/a><\/li>\n\t<li ><a class=\"\" href=\"https:\/\/www.provenir.com\/pt\/wp-json\/wp\/v2\/pages\/1075\/?_page=2\">2<\/a><\/li>\n\t<li ><a class=\"\" href=\"https:\/\/www.provenir.com\/pt\/wp-json\/wp\/v2\/pages\/1075\/?_page=3\">3<\/a><\/li>\n\t<li ><a href=\"#\">&hellip;<\/a><\/li>\n\t<li ><a class=\"\" href=\"https:\/\/www.provenir.com\/pt\/wp-json\/wp\/v2\/pages\/1075\/?_page=9\">9<\/a><\/li>\n\t<li ><a class=\" \" href=\"https:\/\/www.provenir.com\/pt\/wp-json\/wp\/v2\/pages\/1075\/?_page=2\">&rsaquo;<\/a><\/li>\n\t<\/ul><img loading=\"lazy\" decoding=\"async\" width=\"15\" height=\"15\" class=\"pt-cv-spinner\" alt=\"Loading...\" src=\"data:image\/gif;base64,R0lGODlhDwAPALMPAMrKygwMDJOTkz09PZWVla+vr3p6euTk5M7OzuXl5TMzMwAAAJmZmWZmZszMzP\/\/\/yH\/C05FVFNDQVBFMi4wAwEAAAAh+QQFCgAPACwAAAAADwAPAAAEQvDJaZaZOIcV8iQK8VRX4iTYoAwZ4iCYoAjZ4RxejhVNoT+mRGP4cyF4Pp0N98sBGIBMEMOotl6YZ3S61Bmbkm4mAgAh+QQFCgAPACwAAAAADQANAAAENPDJSRSZeA418itN8QiK8BiLITVsFiyBBIoYqnoewAD4xPw9iY4XLGYSjkQR4UAUD45DLwIAIfkEBQoADwAsAAAAAA8ACQAABC\/wyVlamTi3nSdgwFNdhEJgTJoNyoB9ISYoQmdjiZPcj7EYCAeCF1gEDo4Dz2eIAAAh+QQFCgAPACwCAAAADQANAAAEM\/DJBxiYeLKdX3IJZT1FU0iIg2RNKx3OkZVnZ98ToRD4MyiDnkAh6BkNC0MvsAj0kMpHBAAh+QQFCgAPACwGAAAACQAPAAAEMDC59KpFDll73HkAA2wVY5KgiK5b0RRoI6MuzG6EQqCDMlSGheEhUAgqgUUAFRySIgAh+QQFCgAPACwCAAIADQANAAAEM\/DJKZNLND\/kkKaHc3xk+QAMYDKsiaqmZCxGVjSFFCxB1vwy2oOgIDxuucxAMTAJFAJNBAAh+QQFCgAPACwAAAYADwAJAAAEMNAs86q1yaWwwv2Ig0jUZx3OYa4XoRAfwADXoAwfo1+CIjyFRuEho60aSNYlOPxEAAAh+QQFCgAPACwAAAIADQANAAAENPA9s4y8+IUVcqaWJ4qEQozSoAzoIyhCK2NFU2SJk0hNnyEOhKR2AzAAj4Pj4GE4W0bkJQIAOw==\" \/><div class=\"clear pt-cv-clear-pagination\"><\/div><\/div><\/div>\t\t\t<style type=\"text\/css\" id=\"pt-cv-inline-style-97681ef1zd\">#pt-cv-view-0d017e0dk8 .pt-cv-title a, #pt-cv-view-0d017e0dk8  .panel-title { font-weight: 600 !important; }\n#pt-cv-view-0d017e0dk8 .pt-cv-readmore  { color: #ffffff !important; background-color: #200644 !important; }\n#pt-cv-view-0d017e0dk8 .pt-cv-readmore:hover  { color: #ffffff !important; background-color: rgba(32,6,68,0.79) !important; }\n#pt-cv-view-0d017e0dk8  + .pt-cv-pagination-wrapper .pt-cv-more , #pt-cv-view-0d017e0dk8  + .pt-cv-pagination-wrapper .pagination .active a, .pt-cv-pagination[data-sid='0d017e0dk8'] .active a { color: #ffffff !important; background-color: #e0007a !important; }\n#pt-cv-view-0d017e0dk8 .img-rounded, #pt-cv-view-0d017e0dk8 .pt-cv-hover-wrapper { -webkit-border-radius: 10px !important; -moz-border-radius: 10px !important; border-radius: 10px !important; }\n#pt-cv-view-0d017e0dk8 .pt-cv-cap-w-img { border-bottom-left-radius: 10px !important; border-bottom-right-radius: 10px !important; }\n#pt-cv-view-0d017e0dk8 .cvp-responsive-image[style*=\"background-image\"] { width: 200px; max-height: 100px; overflow: hidden; aspect-ratio: 2 }\n#pt-cv-view-0d017e0dk8 .cvp-responsive-image img { max-width: 200px; max-height: 100px; aspect-ratio: 2 }<\/style>\r\n\t\t\t<\/div>\n<p><!--more--><br \/>\n<!-- {\"type\":\"layout\",\"children\":[{\"type\":\"section\",\"props\":{\"animation\":\"slide-bottom-small\",\"header_transparent\":true,\"header_transparent_noplaceholder\":true,\"header_transparent_text_color\":\"light\",\"image\":\"wp-content\\\/uploads\\\/2024\\\/04\\\/background-glow-02.svg\",\"image_position\":\"bottom-center\",\"image_size\":\"cover\",\"media_background\":\"#120226\",\"padding\":\"large\",\"padding_remove_bottom\":true,\"padding_remove_top\":false,\"style\":\"secondary\",\"title_breakpoint\":\"xl\",\"title_position\":\"top-left\",\"title_rotation\":\"left\",\"vertical_align\":\"\",\"width\":\"default\"},\"children\":[{\"type\":\"row\",\"children\":[{\"type\":\"column\",\"props\":{\"image_position\":\"center-center\",\"position_sticky_breakpoint\":\"m\"},\"children\":[{\"type\":\"headline\",\"props\":{\"content\":\"Blogs <span class=\\\"uk-text-background\\\"> para inspirar<\\\/span>\",\"margin\":\"medium\",\"margin_remove_top\":true,\"text_align\":\"center\",\"title_element\":\"h1\",\"title_style\":\"heading-medium\"}},{\"type\":\"text\",\"props\":{\"block_align\":\"center\",\"column_breakpoint\":\"m\",\"content\":\"Explore as not\\u00edcias do setor e os mais recentes desenvolvimentos em IA, tomada de decis\\u00e3o e dados, como tamb\\u00e9m eventos atuais e fintechs inovadoras. Confira nossos blogs e saiba tudo em rela\\u00e7\\u00e3o a tomada de decis\\u00f5es de riscos.\",\"margin\":\"small\",\"margin_remove_top\":false,\"text_align\":\"center\",\"text_style\":\"lead\"}}]}]}],\"name\":\"home-hero\"},{\"type\":\"section\",\"props\":{\"image_position\":\"center-center\",\"style\":\"secondary\",\"title_breakpoint\":\"xl\",\"title_position\":\"top-left\",\"title_rotation\":\"left\",\"vertical_align\":\"\",\"width\":\"default\"},\"children\":[{\"type\":\"row\",\"children\":[{\"type\":\"column\",\"props\":{\"image_position\":\"center-center\",\"position_sticky_breakpoint\":\"m\"},\"children\":[{\"type\":\"headline\",\"props\":{\"class\":\"uk-text-uppercase\",\"content\":\"Blogs mais recentes\",\"margin\":\"small\",\"margin_remove_bottom\":false,\"title_color\":\"background\",\"title_decoration\":\"line\",\"title_element\":\"h3\",\"title_style\":\"text-large\"}}]}],\"props\":{\"margin_remove_bottom\":false}},{\"type\":\"row\",\"children\":[{\"type\":\"column\",\"props\":{\"image_position\":\"center-center\",\"position_sticky_breakpoint\":\"m\",\"width_medium\":\"2-3\"},\"children\":[{\"type\":\"image\",\"props\":{\"image_border\":\"rounded\",\"image_box_decoration\":\"primary\",\"image_box_shadow\":\"small\",\"image_svg_color\":\"emphasis\",\"margin\":\"default\"},\"source\":{\"query\":{\"name\":\"posts.customPosts\",\"arguments\":{\"terms\":[3],\"category_operator\":\"IN\",\"post_tag_operator\":\"IN\",\"users\":[],\"users_operator\":\"IN\",\"offset\":0,\"limit\":1,\"order\":\"date\",\"order_direction\":\"DESC\",\"solutions_operator\":\"IN\",\"industry_operator\":\"IN\",\"language_operator\":\"IN\",\"mktplace_data_type_operator\":\"IN\",\"mktplace_region_operator\":\"IN\",\"mktplace_use_case_operator\":\"IN\",\"resources_operator\":\"IN\",\"resource_operator\":\"IN\"}},\"props\":{\"image\":{\"name\":\"featuredImage.url\"}}},\"source_extended\":{\"props\":{\"image\":{\"composed\":{\"value\":\"{{ sources.de56 }}\",\"sources\":{\"de56\":{\"filters\":{\"search\":\"\"},\"name\":\"featuredImage.url\",\"implode\":{\"join\":\"after\",\"glue\":\", \"}}},\"conditions\":[]}}}}}]},{\"type\":\"column\",\"props\":{\"image_position\":\"center-center\",\"position_sticky_breakpoint\":\"m\",\"width_medium\":\"1-3\"},\"children\":[{\"type\":\"panel\",\"props\":{\"content_column_breakpoint\":\"m\",\"icon_width\":80,\"image_align\":\"top\",\"image_grid_breakpoint\":\"m\",\"image_grid_width\":\"1-2\",\"image_svg_color\":\"emphasis\",\"link_style\":\"default\",\"link_text\":\"Confira\",\"margin\":\"default\",\"meta\":\"\",\"meta_align\":\"below-title\",\"meta_element\":\"div\",\"meta_style\":\"text-meta\",\"title_align\":\"top\",\"title_color\":\"success\",\"title_element\":\"h3\",\"title_grid_breakpoint\":\"m\",\"title_grid_width\":\"1-2\",\"title_hover_style\":\"reset\",\"title_link\":true,\"title_style\":\"h3\"},\"source\":{\"query\":{\"name\":\"posts.customPosts\",\"arguments\":{\"terms\":[3],\"category_operator\":\"IN\",\"post_tag_operator\":\"IN\",\"users\":[],\"users_operator\":\"IN\",\"offset\":0,\"limit\":1,\"order\":\"date\",\"order_direction\":\"DESC\",\"solutions_operator\":\"IN\",\"industry_operator\":\"IN\",\"language_operator\":\"IN\",\"mktplace_data_type_operator\":\"IN\",\"mktplace_region_operator\":\"IN\",\"mktplace_use_case_operator\":\"IN\",\"resources_operator\":\"IN\",\"resource_operator\":\"IN\"}},\"props\":{\"title\":{\"filters\":{\"search\":\"\"},\"name\":\"title\"},\"content\":{\"filters\":{\"search\":\"\",\"limit\":350},\"name\":\"excerpt\"},\"link\":{\"filters\":{\"search\":\"\"},\"name\":\"link\"}}}}]}],\"props\":{\"layout\":\"2-3,1-3\"}},{\"type\":\"row\",\"children\":[{\"type\":\"column\",\"props\":{\"image_position\":\"center-center\",\"position_sticky_breakpoint\":\"m\"},\"children\":[{\"type\":\"html\",\"props\":{\"content\":\"[pt_view id=\\\"0d017e0dk8\\\"]\"},\"name\":\"webinars filter\"}]}]}],\"name\":\"featured post (latest)\"}],\"version\":\"4.5.0\",\"yooessentialsVersion\":\"2.2.31\"} --><\/p>\n","protected":false},"excerpt":{"rendered":"<p>Blogs para inspirar Explore as not\u00edcias do setor e os mais recentes desenvolvimentos em IA, tomada de decis\u00e3o e dados, como tamb\u00e9m eventos atuais e fintechs inovadoras. Confira nossos blogs e saiba tudo em rela\u00e7\u00e3o a tomada de decis\u00f5es de riscos. Blogs mais recentes<\/p>\n","protected":false},"author":1,"featured_media":717,"parent":0,"menu_order":0,"comment_status":"closed","ping_status":"closed","template":"","meta":{"_acf_changed":false,"footnotes":""},"industry":[],"class_list":["post-1075","page","type-page","status-publish","has-post-thumbnail","hentry"],"acf":[],"yoast_head":"<!-- This site is optimized with the Yoast SEO Premium plugin v27.3 (Yoast SEO v27.3) - https:\/\/yoast.com\/product\/yoast-seo-premium-wordpress\/ -->\n<title>Recursos - Blogs para Inspirar - Provenir PTBR<\/title>\n<meta name=\"description\" content=\"Explore as not\u00edcias do setor e os mais recentes desenvolvimentos em IA, tomada de decis\u00e3o e dados, como tamb\u00e9m eventos atuais e fintechs inovadoras.\" \/>\n<meta name=\"robots\" content=\"index, follow, max-snippet:-1, max-image-preview:large, max-video-preview:-1\" \/>\n<link rel=\"canonical\" href=\"https:\/\/www.provenir.com\/pt\/blogs\/\" \/>\n<meta property=\"og:locale\" content=\"pt_BR\" \/>\n<meta property=\"og:type\" content=\"article\" \/>\n<meta property=\"og:title\" content=\"Blogs\" \/>\n<meta property=\"og:description\" content=\"Explore as not\u00edcias do setor e os mais recentes desenvolvimentos em IA, tomada de decis\u00e3o e dados, como tamb\u00e9m eventos atuais e fintechs inovadoras.\" \/>\n<meta property=\"og:url\" content=\"https:\/\/www.provenir.com\/pt\/blogs\/\" \/>\n<meta property=\"og:site_name\" content=\"Provenir-PTBR\" \/>\n<meta property=\"article:modified_time\" content=\"2026-02-19T12:26:04+00:00\" \/>\n<meta name=\"twitter:card\" content=\"summary_large_image\" \/>\n<meta name=\"twitter:label1\" content=\"Est. reading time\" \/>\n\t<meta name=\"twitter:data1\" content=\"1 minuto\" \/>\n<script type=\"application\/ld+json\" class=\"yoast-schema-graph\">{\"@context\":\"https:\\\/\\\/schema.org\",\"@graph\":[{\"@type\":\"WebPage\",\"@id\":\"https:\\\/\\\/www.provenir.com\\\/pt\\\/blogs\\\/\",\"url\":\"https:\\\/\\\/www.provenir.com\\\/pt\\\/blogs\\\/\",\"name\":\"Recursos - Blogs para Inspirar - Provenir PTBR\",\"isPartOf\":{\"@id\":\"https:\\\/\\\/www.provenir.com\\\/pt\\\/#website\"},\"primaryImageOfPage\":{\"@id\":\"https:\\\/\\\/www.provenir.com\\\/pt\\\/blogs\\\/#primaryimage\"},\"image\":{\"@id\":\"https:\\\/\\\/www.provenir.com\\\/pt\\\/blogs\\\/#primaryimage\"},\"thumbnailUrl\":\"https:\\\/\\\/www.provenir.com\\\/pt\\\/wp-content\\\/uploads\\\/sites\\\/9\\\/2024\\\/08\\\/email-signature-icon-Provenir.svg\",\"datePublished\":\"2024-12-05T15:29:35+00:00\",\"dateModified\":\"2026-02-19T12:26:04+00:00\",\"description\":\"Explore as not\u00edcias do setor e os mais recentes desenvolvimentos em IA, tomada de decis\u00e3o e dados, como tamb\u00e9m eventos atuais e fintechs inovadoras.\",\"breadcrumb\":{\"@id\":\"https:\\\/\\\/www.provenir.com\\\/pt\\\/blogs\\\/#breadcrumb\"},\"inLanguage\":\"pt-BR\",\"potentialAction\":[{\"@type\":\"ReadAction\",\"target\":[\"https:\\\/\\\/www.provenir.com\\\/pt\\\/blogs\\\/\"]}]},{\"@type\":\"ImageObject\",\"inLanguage\":\"pt-BR\",\"@id\":\"https:\\\/\\\/www.provenir.com\\\/pt\\\/blogs\\\/#primaryimage\",\"url\":\"https:\\\/\\\/www.provenir.com\\\/pt\\\/wp-content\\\/uploads\\\/sites\\\/9\\\/2024\\\/08\\\/email-signature-icon-Provenir.svg\",\"contentUrl\":\"https:\\\/\\\/www.provenir.com\\\/pt\\\/wp-content\\\/uploads\\\/sites\\\/9\\\/2024\\\/08\\\/email-signature-icon-Provenir.svg\",\"caption\":\"provenir\"},{\"@type\":\"BreadcrumbList\",\"@id\":\"https:\\\/\\\/www.provenir.com\\\/pt\\\/blogs\\\/#breadcrumb\",\"itemListElement\":[{\"@type\":\"ListItem\",\"position\":1,\"name\":\"Home\",\"item\":\"https:\\\/\\\/www.provenir.com\\\/pt\\\/\"},{\"@type\":\"ListItem\",\"position\":2,\"name\":\"Blogs\"}]},{\"@type\":\"WebSite\",\"@id\":\"https:\\\/\\\/www.provenir.com\\\/pt\\\/#website\",\"url\":\"https:\\\/\\\/www.provenir.com\\\/pt\\\/\",\"name\":\"Provenir-PTBR\",\"description\":\"Decis\u00e3o de risco de cr\u00e9dito baseada em IA\",\"potentialAction\":[{\"@type\":\"SearchAction\",\"target\":{\"@type\":\"EntryPoint\",\"urlTemplate\":\"https:\\\/\\\/www.provenir.com\\\/pt\\\/?s={search_term_string}\"},\"query-input\":{\"@type\":\"PropertyValueSpecification\",\"valueRequired\":true,\"valueName\":\"search_term_string\"}}],\"inLanguage\":\"pt-BR\"}]}<\/script>\n<!-- \/ Yoast SEO Premium plugin. -->","yoast_head_json":{"title":"Recursos - Blogs para Inspirar - Provenir PTBR","description":"Explore as not\u00edcias do setor e os mais recentes desenvolvimentos em IA, tomada de decis\u00e3o e dados, como tamb\u00e9m eventos atuais e fintechs inovadoras.","robots":{"index":"index","follow":"follow","max-snippet":"max-snippet:-1","max-image-preview":"max-image-preview:large","max-video-preview":"max-video-preview:-1"},"canonical":"https:\/\/www.provenir.com\/pt\/blogs\/","og_locale":"pt_BR","og_type":"article","og_title":"Blogs","og_description":"Explore as not\u00edcias do setor e os mais recentes desenvolvimentos em IA, tomada de decis\u00e3o e dados, como tamb\u00e9m eventos atuais e fintechs inovadoras.","og_url":"https:\/\/www.provenir.com\/pt\/blogs\/","og_site_name":"Provenir-PTBR","article_modified_time":"2026-02-19T12:26:04+00:00","twitter_card":"summary_large_image","twitter_misc":{"Est. reading time":"1 minuto"},"schema":{"@context":"https:\/\/schema.org","@graph":[{"@type":"WebPage","@id":"https:\/\/www.provenir.com\/pt\/blogs\/","url":"https:\/\/www.provenir.com\/pt\/blogs\/","name":"Recursos - Blogs para Inspirar - Provenir PTBR","isPartOf":{"@id":"https:\/\/www.provenir.com\/pt\/#website"},"primaryImageOfPage":{"@id":"https:\/\/www.provenir.com\/pt\/blogs\/#primaryimage"},"image":{"@id":"https:\/\/www.provenir.com\/pt\/blogs\/#primaryimage"},"thumbnailUrl":"https:\/\/www.provenir.com\/pt\/wp-content\/uploads\/sites\/9\/2024\/08\/email-signature-icon-Provenir.svg","datePublished":"2024-12-05T15:29:35+00:00","dateModified":"2026-02-19T12:26:04+00:00","description":"Explore as not\u00edcias do setor e os mais recentes desenvolvimentos em IA, tomada de decis\u00e3o e dados, como tamb\u00e9m eventos atuais e fintechs inovadoras.","breadcrumb":{"@id":"https:\/\/www.provenir.com\/pt\/blogs\/#breadcrumb"},"inLanguage":"pt-BR","potentialAction":[{"@type":"ReadAction","target":["https:\/\/www.provenir.com\/pt\/blogs\/"]}]},{"@type":"ImageObject","inLanguage":"pt-BR","@id":"https:\/\/www.provenir.com\/pt\/blogs\/#primaryimage","url":"https:\/\/www.provenir.com\/pt\/wp-content\/uploads\/sites\/9\/2024\/08\/email-signature-icon-Provenir.svg","contentUrl":"https:\/\/www.provenir.com\/pt\/wp-content\/uploads\/sites\/9\/2024\/08\/email-signature-icon-Provenir.svg","caption":"provenir"},{"@type":"BreadcrumbList","@id":"https:\/\/www.provenir.com\/pt\/blogs\/#breadcrumb","itemListElement":[{"@type":"ListItem","position":1,"name":"Home","item":"https:\/\/www.provenir.com\/pt\/"},{"@type":"ListItem","position":2,"name":"Blogs"}]},{"@type":"WebSite","@id":"https:\/\/www.provenir.com\/pt\/#website","url":"https:\/\/www.provenir.com\/pt\/","name":"Provenir-PTBR","description":"Decis\u00e3o de risco de cr\u00e9dito baseada em IA","potentialAction":[{"@type":"SearchAction","target":{"@type":"EntryPoint","urlTemplate":"https:\/\/www.provenir.com\/pt\/?s={search_term_string}"},"query-input":{"@type":"PropertyValueSpecification","valueRequired":true,"valueName":"search_term_string"}}],"inLanguage":"pt-BR"}]}},"_links":{"self":[{"href":"https:\/\/www.provenir.com\/pt\/wp-json\/wp\/v2\/pages\/1075","targetHints":{"allow":["GET"]}}],"collection":[{"href":"https:\/\/www.provenir.com\/pt\/wp-json\/wp\/v2\/pages"}],"about":[{"href":"https:\/\/www.provenir.com\/pt\/wp-json\/wp\/v2\/types\/page"}],"author":[{"embeddable":true,"href":"https:\/\/www.provenir.com\/pt\/wp-json\/wp\/v2\/users\/1"}],"replies":[{"embeddable":true,"href":"https:\/\/www.provenir.com\/pt\/wp-json\/wp\/v2\/comments?post=1075"}],"version-history":[{"count":0,"href":"https:\/\/www.provenir.com\/pt\/wp-json\/wp\/v2\/pages\/1075\/revisions"}],"wp:featuredmedia":[{"embeddable":true,"href":"https:\/\/www.provenir.com\/pt\/wp-json\/wp\/v2\/media\/717"}],"wp:attachment":[{"href":"https:\/\/www.provenir.com\/pt\/wp-json\/wp\/v2\/media?parent=1075"}],"wp:term":[{"taxonomy":"industry","embeddable":true,"href":"https:\/\/www.provenir.com\/pt\/wp-json\/wp\/v2\/industry?post=1075"}],"curies":[{"name":"wp","href":"https:\/\/api.w.org\/{rel}","templated":true}]}}