{"id":1077,"date":"2024-12-05T15:44:05","date_gmt":"2024-12-05T15:44:05","guid":{"rendered":"https:\/\/www.provenir.com\/portuguese\/?page_id=1077"},"modified":"2026-01-30T15:29:26","modified_gmt":"2026-01-30T15:29:26","slug":"parceiros-de-dados","status":"publish","type":"page","link":"https:\/\/www.provenir.com\/pt\/parceiros-de-dados\/","title":{"rendered":"Parceiros de dados"},"content":{"rendered":"<div>MARKETPLACE DE DADOS DE DECIS\u00c3O<\/div>\n<h1>Mercado Provenir<\/h1>\n<div>Use nosso Global Data Marketplace para encontrar novos parceiros de dados e testar dados em processos de decis\u00e3o.<\/div>\n<p><p>\n        <a href=\"\/pt\/fale-conosco\/\">Agende uma Reuni\u00e3o<\/a>\n    <\/p>\n<\/p>\n<ul>\n<li>\n<h3>Dados Globais<\/h3>\n<div>Descubra dados de cr\u00e9dito, fraude, open banking e dados alternativos para promover estrat\u00e9gias regionais e globais.\n<\/div>\n<\/li>\n<li>\n<h3>Integra\u00e7\u00e3o Simples<\/h3>\n<div>Use a interface de usu\u00e1rio de baixo c\u00f3digo para conectar-se a novas fontes de dados em minutos.<\/p>\n<\/div>\n<\/li>\n<li>\n<h3>API<br \/>\u00danica<\/h3>\n<div>Use a API \u00fanica e totalmente mantida para adicionar facilmente novos fornecedores de dados aos seus processos de decis\u00e3o.\n<\/div>\n<\/li>\n<\/ul>\n<h2><span class=\"uk-text-background\">Mercado global de dados:<\/span> aprimore sua estrat\u00e9gia de dados.<\/h2>\n<div>\n<p>O Provenir Data Marketplace re\u00fane ofertas de fornecedores de dados de todo o mundo em uma solu\u00e7\u00e3o em nuvem f\u00e1cil de usar para consumo de dados. Escolha e combine fontes de dados para criar um ecossistema exclusivo que se adapta perfeitamente \u00e0s suas necessidades de neg\u00f3cios.<\/p>\n<p>Nossa plataforma Data Markeplace \u00e9 seu hub completo que oferece acesso f\u00e1cil a fontes de dados que abrangem servi\u00e7os open banking, KYC, fraude, risco de cr\u00e9dito, verifica\u00e7\u00e3o, m\u00eddias sociais, an\u00e1lises, financiamento automotivo, acessibilidade e muito mais. Com conex\u00f5es de API totalmente mantidas com provedores de dados tradicionais e alternativos, voc\u00ea pode acessar e usar uma grande variedade de dados em minutos, sem a preocupa\u00e7\u00e3o de manuten\u00e7\u00e3o cont\u00ednua.\n<\/p>\n<\/div>\n<h3>BIBLIOTECA DE MARKETPLACE DE DADOS<\/h3>\n<div>\n<div class=\"pt-cv-wrapper\"><div class=\"cvp-live-filter cvp-dropdown \" id=\"\" data-name=\"tx_mktplace-data-type\" data-sid=\"24ae8765om\" data-isblock=\"\" data-postid=\"\"><label class=\"cvp-label\"><\/label><select name=\"tx_mktplace-data-type\"><option value=\"\">Todos os tipos de dados<\/option><option value=\"aml\" >AML<span class=\"cvp-count\"> (1)<\/span><\/option><option value=\"acessibilidade\" >Acessibilidade<span class=\"cvp-count\"> (1)<\/span><\/option><option value=\"banco-aberto\" >Banco Aberto<span class=\"cvp-count\"> (1)<\/span><\/option><option value=\"biometria-facial\" >Biometria Facial<span class=\"cvp-count\"> (1)<\/span><\/option><option value=\"colecoes\" >Cole\u00e7\u00f5es<span class=\"cvp-count\"> (1)<\/span><\/option><option value=\"fraude\" >Fraude<span class=\"cvp-count\"> (1)<\/span><\/option><option value=\"identificacao-e-verificacao\" >Identifica\u00e7\u00e3o e Verifica\u00e7\u00e3o<span class=\"cvp-count\"> (1)<\/span><\/option><option value=\"insights-de-risco-comercial\" >Insights de risco comercial<span class=\"cvp-count\"> (1)<\/span><\/option><option value=\"insights-sobre-risco-do-consumidor\" >Insights sobre risco do consumidor<span class=\"cvp-count\"> (1)<\/span><\/option><option value=\"kyb\" >KYB<span class=\"cvp-count\"> (1)<\/span><\/option><option value=\"kyc\" >KYC<span class=\"cvp-count\"> (1)<\/span><\/option><option value=\"midias-sociais\" >M\u00eddias Sociais<span class=\"cvp-count\"> (1)<\/span><\/option><option value=\"risco-de-credito\" >Risco de cr\u00e9dito<span class=\"cvp-count\"> (1)<\/span><\/option><option value=\"risco-de-credito-alternativo\" >Risco de cr\u00e9dito alternativo<span class=\"cvp-count\"> (1)<\/span><\/option><option value=\"verificacao-de-emprego\" >Verifica\u00e7\u00e3o de Emprego<span class=\"cvp-count\"> (1)<\/span><\/option><option value=\"verificacao-de-conta-bancaria\" >Verifica\u00e7\u00e3o de conta banc\u00e1ria<span class=\"cvp-count\"> (1)<\/span><\/option><option value=\"verificacao-de-dispositivo\" >Verifica\u00e7\u00e3o de dispositivo<span class=\"cvp-count\"> (1)<\/span><\/option><option value=\"verificacao-de-documentos\" >Verifica\u00e7\u00e3o de documentos<span class=\"cvp-count\"> (1)<\/span><\/option><option value=\"verificacao-de-endereco\" >Verifica\u00e7\u00e3o de endere\u00e7o<span class=\"cvp-count\"> (1)<\/span><\/option><option value=\"verificacao-de-idade\" >Verifica\u00e7\u00e3o de idade<span class=\"cvp-count\"> (1)<\/span><\/option><\/select><\/div><div class=\"cvp-live-filter cvp-dropdown \" id=\"\" data-name=\"tx_mktplace-region\" data-sid=\"24ae8765om\" data-isblock=\"\" data-postid=\"\"><label class=\"cvp-label\"><\/label><select name=\"tx_mktplace-region\"><option value=\"\">Todas as regi\u00f5es<\/option><option value=\"emea\" >EMEA<span class=\"cvp-count\"> (1)<\/span><\/option><option value=\"global\" >Global<span class=\"cvp-count\"> (1)<\/span><\/option><\/select><\/div><div class=\"cvp-live-filter cvp-dropdown \" id=\"\" data-name=\"tx_mktplace-use-case\" data-sid=\"24ae8765om\" data-isblock=\"\" data-postid=\"\"><label class=\"cvp-label\"><\/label><select name=\"tx_mktplace-use-case\"><option value=\"\">Todos os casos de uso<\/option><option value=\"credito-comercial\" >Cr\u00e9dito Comercial<span class=\"cvp-count\"> (1)<\/span><\/option><option value=\"credito-ao-consumidor\" >Cr\u00e9dito ao Consumidor<span class=\"cvp-count\"> (1)<\/span><\/option><option value=\"pagamentos-comerciais\" >Pagamentos Comerciais<span class=\"cvp-count\"> (1)<\/span><\/option><option value=\"pagamentos-ao-consumidor\" >Pagamentos ao Consumidor<span class=\"cvp-count\"> (1)<\/span><\/option><\/select><\/div><div class=\"cvp-live-filter cvp-search-box \" id=\"\" data-name=\"_search\" data-sid=\"24ae8765om\" data-isblock=\"\" data-postid=\"\"><label for='sf_1940' class=\"cvp-label\"><\/label><input type=\"text\" id=\"sf_1940\" name=\"_search\" value=\"\" data-nosubmit=\"true\" placeholder=\"Procurar\"\/><\/div><div class=\"pt-cv-view pt-cv-grid pt-cv-colsys cveffect-darken pt-cv-pgregular pt-cv-round-btn cvp-lfres\" id=\"pt-cv-view-24ae8765om\"><div data-id=\"pt-cv-page-1\" class=\"pt-cv-page\" data-cvc=\"4\"><div class=\"col-md-3 col-sm-4 col-xs-12 pt-cv-content-item pt-cv-1-col\"  data-pid=\"1079\"><div class='pt-cv-ifield'><a href=\"https:\/\/www.provenir.com\/pt\/accountscore\/\" class=\"_self pt-cv-href-thumbnail pt-cv-thumb-default pt-cv-thumb-wrapper cvplbd cvp-responsive-image img-none\" target=\"_self\" data-iw=\"150\" data-ih=\"75\"><img decoding=\"async\" src=\"https:\/\/www.provenir.com\/pt\/wp-content\/uploads\/sites\/9\/2024\/08\/accountScore.svg\" class=\"pt-cv-thumbnail img-none\" alt=\"AccountScore\" \/><\/a>\n<h4 class=\"pt-cv-title\"><a href=\"https:\/\/www.provenir.com\/pt\/accountscore\/\" class=\"_self cvplbd\" target=\"_self\" data-iw=\"150\" data-ih=\"75\">AccountScore<\/a><\/h4>\n<div class=\"pt-cv-content\">AccountScorean Equifax Company Fornecendo a solu\u00e7\u00e3o Open Banking l\u00edder de mercado Principais Benef\u00edcios Automatize a ...<br \/><div class=\"pt-cv-rmwrap\"><a href=\"https:\/\/www.provenir.com\/pt\/accountscore\/\" class=\"_self pt-cv-readmore btn btn-success cvplbd\" target=\"_self\" data-iw=\"150\" data-ih=\"75\">Leia mais<\/a><\/div><\/div><\/div><\/div><\/div><\/div><\/div>\t\t\t<style type=\"text\/css\" id=\"pt-cv-inline-style-b9a827e52s\">#pt-cv-view-24ae8765om .pt-cv-content-item { padding-top: 10px !important; padding-right: 10px !important; padding-bottom: 0px !important; padding-left: 10px !important; }\n#pt-cv-view-24ae8765om  { margin-right: -10px !important; margin-left: -10px !important; }\n#pt-cv-view-24ae8765om .pt-cv-title a, #pt-cv-view-24ae8765om  .panel-title { font-weight: 600 !important; }\n#pt-cv-view-24ae8765om .pt-cv-content , #pt-cv-view-24ae8765om  .pt-cv-content *:not(.pt-cv-readmore):not(style):not(script) { font-size: 14px !important; line-height: 1.3 !important; }\n#pt-cv-view-24ae8765om .pt-cv-readmore  { color: #ffffff !important; background-color: #200644 !important; border-width: 1px 1px 1px 1px !important; border-style: solid !important; border-color: rgba(32,6,68,0.85) !important; padding: 10px 20px 10px 20px !important; }\n#pt-cv-view-24ae8765om .pt-cv-readmore:hover  { color: #ffffff !important; background-color: rgba(32,6,68,0.79) !important; }\n#pt-cv-view-24ae8765om  + .pt-cv-pagination-wrapper .pt-cv-more-inactive , #pt-cv-view-24ae8765om  + .pt-cv-pagination-wrapper .pagination a, .pt-cv-pagination[data-sid='24ae8765om'] a { border-radius: 100px 100px 100px 100px !important; }\n#pt-cv-view-24ae8765om  + .pt-cv-pagination-wrapper .pt-cv-more , #pt-cv-view-24ae8765om  + .pt-cv-pagination-wrapper .pagination .active a, .pt-cv-pagination[data-sid='24ae8765om'] .active a { color: #ffffff !important; background-color: #e0007a !important; }\n.cvp-live-filter[data-sid='24ae8765om'] input[type='text'], .cvp-live-filter[data-sid='24ae8765om'] div > label, .cvp-live-filter[data-sid='24ae8765om'] select, .cvp-live-filter[data-sid='24ae8765om'] .irs-from, .cvp-live-filter[data-sid='24ae8765om'] .irs-to   { color: #ffffff !important; background-color: #200644 !important; }\n.cvp-live-submit   { font-size: 16px !important; line-height: 1.3 !important; color: #200644 !important; background-color: #00e3d3 !important; }\n.cvp-live-reset   { color: #c7d4fc !important; background-color: #ffffff !important; text-transform: uppercase !important; }\n#pt-cv-view-24ae8765om .cvp-responsive-image[style*=\"background-image\"] { width: 150px; max-height: 75px; overflow: hidden; aspect-ratio: 2 }\n#pt-cv-view-24ae8765om .cvp-responsive-image img { max-width: 150px; max-height: 75px; aspect-ratio: 2 }<\/style>\r\n\t\t\t<\/div>\n<p><!--more--><br \/>\n<!-- {\"type\":\"layout\",\"children\":[{\"type\":\"section\",\"props\":{\"animation\":\"slide-bottom-small\",\"header_transparent\":true,\"header_transparent_noplaceholder\":true,\"header_transparent_text_color\":\"light\",\"image\":\"wp-content\\\/uploads\\\/hero-bg.svg\",\"image_position\":\"bottom-center\",\"image_size\":\"cover\",\"media_background\":\"#120226\",\"padding\":\"large\",\"padding_remove_bottom\":true,\"padding_remove_top\":false,\"style\":\"default\",\"title_breakpoint\":\"xl\",\"title_position\":\"top-left\",\"title_rotation\":\"left\",\"vertical_align\":\"\",\"width\":\"default\"},\"children\":[{\"type\":\"row\",\"children\":[{\"type\":\"column\",\"props\":{\"image_position\":\"center-center\",\"position_sticky_breakpoint\":\"m\"},\"children\":[{\"type\":\"headline\",\"props\":{\"class\":\"uk-text-uppercase\",\"content\":\"MARKETPLACE DE DADOS DE DECIS\\u00c3O\",\"margin\":\"default\",\"margin_remove_bottom\":false,\"text_align\":\"center\",\"title_color\":\"warning\",\"title_element\":\"div\",\"title_style\":\"h3\"},\"name\":\"div title\"},{\"type\":\"headline\",\"props\":{\"content\":\"Mercado Provenir\",\"margin\":\"medium\",\"margin_remove_top\":false,\"text_align\":\"center\",\"title_element\":\"h1\",\"title_style\":\"heading-small\"},\"name\":\"H2 main page title\"},{\"type\":\"text\",\"props\":{\"block_align\":\"center\",\"column_breakpoint\":\"m\",\"content\":\"Use nosso Global Data Marketplace para encontrar novos parceiros de dados e testar dados em processos de decis\\u00e3o.\",\"margin\":\"\",\"maxwidth\":\"2xlarge\",\"text_align\":\"center\",\"text_style\":\"lead\"}},{\"type\":\"button\",\"props\":{\"grid_column_gap\":\"small\",\"grid_row_gap\":\"small\",\"margin\":\"large\",\"text_align\":\"center\"},\"children\":[{\"type\":\"button_item\",\"props\":{\"button_style\":\"default\",\"content\":\"Agende uma Reuni\\u00e3o\",\"dialog_layout\":\"modal\",\"dialog_offcanvas_flip\":true,\"icon_align\":\"left\",\"link\":\"fale-conosco\\\/\"}}],\"name\":\"Book a Meeting button\"},{\"type\":\"panel-slider\",\"props\":{\"content_column_breakpoint\":\"m\",\"content_style\":\"text-large\",\"icon_width\":80,\"image_align\":\"bottom\",\"image_grid_breakpoint\":\"m\",\"image_grid_width\":\"1-2\",\"image_loading\":false,\"image_svg_color\":\"emphasis\",\"image_width\":\"150\",\"link_style\":\"default\",\"link_text\":\"Read more\",\"margin\":\"default\",\"meta_align\":\"above-title\",\"meta_color\":\"primary\",\"meta_element\":\"div\",\"meta_style\":\"heading-small\",\"nav\":\"\",\"nav_align\":\"center\",\"nav_breakpoint\":\"s\",\"panel_expand\":\"content\",\"panel_match\":true,\"show_content\":true,\"show_hover_image\":true,\"show_hover_video\":true,\"show_image\":true,\"show_link\":false,\"show_meta\":true,\"show_title\":true,\"show_video\":true,\"slidenav\":\"\",\"slidenav_breakpoint\":\"xl\",\"slidenav_margin\":\"medium\",\"slidenav_outside_breakpoint\":\"xl\",\"slider_autoplay\":true,\"slider_autoplay_interval\":\"5\",\"slider_autoplay_pause\":false,\"slider_divider\":true,\"slider_finite\":false,\"slider_gap\":\"medium\",\"slider_sets\":true,\"slider_velocity\":\"0.2\",\"slider_width\":\"fixed\",\"slider_width_default\":\"1-1\",\"slider_width_medium\":\"1-3\",\"slider_width_small\":\"1-3\",\"text_align\":\"center\",\"title_align\":\"top\",\"title_color\":\"primary\",\"title_element\":\"h3\",\"title_grid_breakpoint\":\"m\",\"title_grid_width\":\"1-2\",\"title_hover_style\":\"reset\",\"title_margin\":\"remove\",\"title_style\":\"heading-small\"},\"children\":[{\"type\":\"panel-slider_item\",\"props\":{\"content\":\"Descubra dados de cr\\u00e9dito, fraude, open banking e dados alternativos para promover estrat\\u00e9gias regionais e globais.\\n\",\"image\":\"\",\"image_alt\":\"bigbank\",\"meta\":\"\",\"title\":\"Dados Globais\"}},{\"type\":\"panel-slider_item\",\"props\":{\"content\":\"Use a interface de usu\\u00e1rio de baixo c\\u00f3digo para conectar-se a novas fontes de dados em minutos.\\n\\n\",\"image\":\"\",\"image_alt\":\"bigbank\",\"meta\":\"\",\"title\":\"Integra\\u00e7\\u00e3o Simples\"}},{\"type\":\"panel-slider_item\",\"props\":{\"content\":\"Use a API \\u00fanica e totalmente mantida para adicionar facilmente novos fornecedores de dados aos seus processos de decis\\u00e3o.\\n\",\"image\":\"\",\"image_alt\":\"sofi\",\"meta\":\"\",\"title\":\"API<br \/>\\u00danica\"}}],\"name\":\"Block - Stats text\"}]}]}],\"name\":\"Block - home-hero\"},{\"type\":\"section\",\"props\":{\"image_position\":\"center-center\",\"padding\":\"large\",\"padding_remove_bottom\":false,\"style\":\"secondary\",\"title_breakpoint\":\"xl\",\"title_position\":\"top-left\",\"title_rotation\":\"left\",\"vertical_align\":\"\",\"width\":\"default\"},\"children\":[{\"type\":\"row\",\"props\":{\"layout\":\"2-5,3-5\"},\"children\":[{\"type\":\"column\",\"props\":{\"image_position\":\"center-center\",\"position_sticky_breakpoint\":\"m\",\"width_medium\":\"2-5\"},\"children\":[{\"type\":\"headline\",\"props\":{\"animation\":\"parallax\",\"content\":\"<span class=\\\"uk-text-background\\\">Mercado global de dados:<\\\/span> aprimore sua estrat\\u00e9gia de dados.\",\"parallax_easing\":\"0.5\",\"parallax_end\":\"50vh + 50%\",\"parallax_target\":\"!.tm-grid-expand\",\"parallax_y\":\"5vh,-1vh\",\"title_element\":\"h2\",\"title_style\":\"h1\"}}]},{\"type\":\"column\",\"props\":{\"image_position\":\"center-center\",\"position_sticky_breakpoint\":\"m\",\"width_medium\":\"3-5\"},\"children\":[{\"type\":\"text\",\"props\":{\"column_breakpoint\":\"m\",\"content\":\"\n\n<p>O Provenir Data Marketplace re\\u00fane ofertas de fornecedores de dados de todo o mundo em uma solu\\u00e7\\u00e3o em nuvem f\\u00e1cil de usar para consumo de dados. Escolha e combine fontes de dados para criar um ecossistema exclusivo que se adapta perfeitamente \\u00e0s suas necessidades de neg\\u00f3cios.<\\\/p>\\n\n\n<p>Nossa plataforma Data Markeplace \\u00e9 seu hub completo que oferece acesso f\\u00e1cil a fontes de dados que abrangem servi\\u00e7os open banking, KYC, fraude, risco de cr\\u00e9dito, verifica\\u00e7\\u00e3o, m\\u00eddias sociais, an\\u00e1lises, financiamento automotivo, acessibilidade e muito mais. Com conex\\u00f5es de API totalmente mantidas com provedores de dados tradicionais e alternativos, voc\\u00ea pode acessar e usar uma grande variedade de dados em minutos, sem a preocupa\\u00e7\\u00e3o de manuten\\u00e7\\u00e3o cont\\u00ednua.\\n<\\\/p>\\n\",\"margin\":\"default\"}}]}]}],\"name\":\"Global data marketplace\"},{\"type\":\"section\",\"props\":{\"image_position\":\"center-center\",\"padding_remove_top\":true,\"style\":\"default\",\"title_breakpoint\":\"xl\",\"title_position\":\"top-left\",\"title_rotation\":\"left\",\"vertical_align\":\"middle\",\"width\":\"default\"},\"children\":[{\"type\":\"row\",\"children\":[{\"type\":\"column\",\"props\":{\"image_position\":\"center-center\",\"position_sticky_breakpoint\":\"m\"},\"children\":[{\"type\":\"headline\",\"props\":{\"content\":\"BIBLIOTECA DE MARKETPLACE DE DADOS\",\"title_color\":\"background\",\"title_decoration\":\"line\",\"title_element\":\"h3\",\"title_style\":\"text-large\"}},{\"type\":\"html\",\"props\":{\"content\":\"[pt_view id=\\\"24ae8765om\\\"]\"}}]}]}],\"name\":\"Marketplace filter\"}],\"version\":\"4.5.3\",\"yooessentialsVersion\":\"2.2.31\"} --><\/p>\n","protected":false},"excerpt":{"rendered":"<p>MARKETPLACE DE DADOS DE DECIS\u00c3O Mercado Provenir Use nosso Global Data Marketplace para encontrar novos parceiros de dados e testar dados em processos de decis\u00e3o. Agende uma Reuni\u00e3o Dados Globais Descubra dados de cr\u00e9dito, fraude, open banking e dados alternativos para promover estrat\u00e9gias regionais e globais. Integra\u00e7\u00e3o Simples Use a interface de usu\u00e1rio de baixo [&hellip;]<\/p>\n","protected":false},"author":1,"featured_media":717,"parent":0,"menu_order":0,"comment_status":"closed","ping_status":"closed","template":"","meta":{"_acf_changed":false,"footnotes":""},"industry":[],"class_list":["post-1077","page","type-page","status-publish","has-post-thumbnail","hentry"],"acf":[],"yoast_head":"<!-- This site is optimized with the Yoast SEO Premium plugin v27.4 (Yoast SEO v27.4) - https:\/\/yoast.com\/product\/yoast-seo-premium-wordpress\/ -->\n<title>MARKETPLACE DE DADOS DE DECIS\u00c3O - Provenir PTBR<\/title>\n<meta name=\"description\" content=\"Use nosso Data Marketplace para encontrar novos parceiros de dados e testar dados em processos de decis\u00e3o. Dados Globais. Integra\u00e7\u00e3o Simples. API\u00danica.\" \/>\n<meta name=\"robots\" content=\"index, follow, max-snippet:-1, max-image-preview:large, max-video-preview:-1\" \/>\n<link rel=\"canonical\" href=\"https:\/\/www.provenir.com\/pt\/parceiros-de-dados\/\" \/>\n<meta property=\"og:locale\" content=\"pt_BR\" \/>\n<meta property=\"og:type\" content=\"article\" \/>\n<meta property=\"og:title\" content=\"Parceiros de dados\" \/>\n<meta property=\"og:description\" content=\"Use nosso Data Marketplace para encontrar novos parceiros de dados e testar dados em processos de decis\u00e3o. Dados Globais. Integra\u00e7\u00e3o Simples. API\u00danica.\" \/>\n<meta property=\"og:url\" content=\"https:\/\/www.provenir.com\/pt\/parceiros-de-dados\/\" \/>\n<meta property=\"og:site_name\" content=\"Provenir-PTBR\" \/>\n<meta property=\"article:modified_time\" content=\"2026-01-30T15:29:26+00:00\" \/>\n<meta name=\"twitter:card\" content=\"summary_large_image\" \/>\n<meta name=\"twitter:label1\" content=\"Est. reading time\" \/>\n\t<meta name=\"twitter:data1\" content=\"2 minutos\" \/>\n<script type=\"application\/ld+json\" class=\"yoast-schema-graph\">{\"@context\":\"https:\\\/\\\/schema.org\",\"@graph\":[{\"@type\":\"WebPage\",\"@id\":\"https:\\\/\\\/www.provenir.com\\\/pt\\\/parceiros-de-dados\\\/\",\"url\":\"https:\\\/\\\/www.provenir.com\\\/pt\\\/parceiros-de-dados\\\/\",\"name\":\"MARKETPLACE DE DADOS DE DECIS\u00c3O - Provenir PTBR\",\"isPartOf\":{\"@id\":\"https:\\\/\\\/www.provenir.com\\\/pt\\\/#website\"},\"primaryImageOfPage\":{\"@id\":\"https:\\\/\\\/www.provenir.com\\\/pt\\\/parceiros-de-dados\\\/#primaryimage\"},\"image\":{\"@id\":\"https:\\\/\\\/www.provenir.com\\\/pt\\\/parceiros-de-dados\\\/#primaryimage\"},\"thumbnailUrl\":\"https:\\\/\\\/www.provenir.com\\\/pt\\\/wp-content\\\/uploads\\\/sites\\\/9\\\/2024\\\/08\\\/email-signature-icon-Provenir.svg\",\"datePublished\":\"2024-12-05T15:44:05+00:00\",\"dateModified\":\"2026-01-30T15:29:26+00:00\",\"description\":\"Use nosso Data Marketplace para encontrar novos parceiros de dados e testar dados em processos de decis\u00e3o. Dados Globais. Integra\u00e7\u00e3o Simples. API\u00danica.\",\"breadcrumb\":{\"@id\":\"https:\\\/\\\/www.provenir.com\\\/pt\\\/parceiros-de-dados\\\/#breadcrumb\"},\"inLanguage\":\"pt-BR\",\"potentialAction\":[{\"@type\":\"ReadAction\",\"target\":[\"https:\\\/\\\/www.provenir.com\\\/pt\\\/parceiros-de-dados\\\/\"]}]},{\"@type\":\"ImageObject\",\"inLanguage\":\"pt-BR\",\"@id\":\"https:\\\/\\\/www.provenir.com\\\/pt\\\/parceiros-de-dados\\\/#primaryimage\",\"url\":\"https:\\\/\\\/www.provenir.com\\\/pt\\\/wp-content\\\/uploads\\\/sites\\\/9\\\/2024\\\/08\\\/email-signature-icon-Provenir.svg\",\"contentUrl\":\"https:\\\/\\\/www.provenir.com\\\/pt\\\/wp-content\\\/uploads\\\/sites\\\/9\\\/2024\\\/08\\\/email-signature-icon-Provenir.svg\",\"caption\":\"provenir\"},{\"@type\":\"BreadcrumbList\",\"@id\":\"https:\\\/\\\/www.provenir.com\\\/pt\\\/parceiros-de-dados\\\/#breadcrumb\",\"itemListElement\":[{\"@type\":\"ListItem\",\"position\":1,\"name\":\"Home\",\"item\":\"https:\\\/\\\/www.provenir.com\\\/pt\\\/\"},{\"@type\":\"ListItem\",\"position\":2,\"name\":\"Parceiros de dados\"}]},{\"@type\":\"WebSite\",\"@id\":\"https:\\\/\\\/www.provenir.com\\\/pt\\\/#website\",\"url\":\"https:\\\/\\\/www.provenir.com\\\/pt\\\/\",\"name\":\"Provenir-PTBR\",\"description\":\"Decis\u00e3o de risco de cr\u00e9dito baseada em IA\",\"potentialAction\":[{\"@type\":\"SearchAction\",\"target\":{\"@type\":\"EntryPoint\",\"urlTemplate\":\"https:\\\/\\\/www.provenir.com\\\/pt\\\/?s={search_term_string}\"},\"query-input\":{\"@type\":\"PropertyValueSpecification\",\"valueRequired\":true,\"valueName\":\"search_term_string\"}}],\"inLanguage\":\"pt-BR\"}]}<\/script>\n<!-- \/ Yoast SEO Premium plugin. -->","yoast_head_json":{"title":"MARKETPLACE DE DADOS DE DECIS\u00c3O - Provenir PTBR","description":"Use nosso Data Marketplace para encontrar novos parceiros de dados e testar dados em processos de decis\u00e3o. Dados Globais. Integra\u00e7\u00e3o Simples. API\u00danica.","robots":{"index":"index","follow":"follow","max-snippet":"max-snippet:-1","max-image-preview":"max-image-preview:large","max-video-preview":"max-video-preview:-1"},"canonical":"https:\/\/www.provenir.com\/pt\/parceiros-de-dados\/","og_locale":"pt_BR","og_type":"article","og_title":"Parceiros de dados","og_description":"Use nosso Data Marketplace para encontrar novos parceiros de dados e testar dados em processos de decis\u00e3o. Dados Globais. Integra\u00e7\u00e3o Simples. API\u00danica.","og_url":"https:\/\/www.provenir.com\/pt\/parceiros-de-dados\/","og_site_name":"Provenir-PTBR","article_modified_time":"2026-01-30T15:29:26+00:00","twitter_card":"summary_large_image","twitter_misc":{"Est. reading time":"2 minutos"},"schema":{"@context":"https:\/\/schema.org","@graph":[{"@type":"WebPage","@id":"https:\/\/www.provenir.com\/pt\/parceiros-de-dados\/","url":"https:\/\/www.provenir.com\/pt\/parceiros-de-dados\/","name":"MARKETPLACE DE DADOS DE DECIS\u00c3O - Provenir PTBR","isPartOf":{"@id":"https:\/\/www.provenir.com\/pt\/#website"},"primaryImageOfPage":{"@id":"https:\/\/www.provenir.com\/pt\/parceiros-de-dados\/#primaryimage"},"image":{"@id":"https:\/\/www.provenir.com\/pt\/parceiros-de-dados\/#primaryimage"},"thumbnailUrl":"https:\/\/www.provenir.com\/pt\/wp-content\/uploads\/sites\/9\/2024\/08\/email-signature-icon-Provenir.svg","datePublished":"2024-12-05T15:44:05+00:00","dateModified":"2026-01-30T15:29:26+00:00","description":"Use nosso Data Marketplace para encontrar novos parceiros de dados e testar dados em processos de decis\u00e3o. Dados Globais. Integra\u00e7\u00e3o Simples. API\u00danica.","breadcrumb":{"@id":"https:\/\/www.provenir.com\/pt\/parceiros-de-dados\/#breadcrumb"},"inLanguage":"pt-BR","potentialAction":[{"@type":"ReadAction","target":["https:\/\/www.provenir.com\/pt\/parceiros-de-dados\/"]}]},{"@type":"ImageObject","inLanguage":"pt-BR","@id":"https:\/\/www.provenir.com\/pt\/parceiros-de-dados\/#primaryimage","url":"https:\/\/www.provenir.com\/pt\/wp-content\/uploads\/sites\/9\/2024\/08\/email-signature-icon-Provenir.svg","contentUrl":"https:\/\/www.provenir.com\/pt\/wp-content\/uploads\/sites\/9\/2024\/08\/email-signature-icon-Provenir.svg","caption":"provenir"},{"@type":"BreadcrumbList","@id":"https:\/\/www.provenir.com\/pt\/parceiros-de-dados\/#breadcrumb","itemListElement":[{"@type":"ListItem","position":1,"name":"Home","item":"https:\/\/www.provenir.com\/pt\/"},{"@type":"ListItem","position":2,"name":"Parceiros de dados"}]},{"@type":"WebSite","@id":"https:\/\/www.provenir.com\/pt\/#website","url":"https:\/\/www.provenir.com\/pt\/","name":"Provenir-PTBR","description":"Decis\u00e3o de risco de cr\u00e9dito baseada em IA","potentialAction":[{"@type":"SearchAction","target":{"@type":"EntryPoint","urlTemplate":"https:\/\/www.provenir.com\/pt\/?s={search_term_string}"},"query-input":{"@type":"PropertyValueSpecification","valueRequired":true,"valueName":"search_term_string"}}],"inLanguage":"pt-BR"}]}},"_links":{"self":[{"href":"https:\/\/www.provenir.com\/pt\/wp-json\/wp\/v2\/pages\/1077","targetHints":{"allow":["GET"]}}],"collection":[{"href":"https:\/\/www.provenir.com\/pt\/wp-json\/wp\/v2\/pages"}],"about":[{"href":"https:\/\/www.provenir.com\/pt\/wp-json\/wp\/v2\/types\/page"}],"author":[{"embeddable":true,"href":"https:\/\/www.provenir.com\/pt\/wp-json\/wp\/v2\/users\/1"}],"replies":[{"embeddable":true,"href":"https:\/\/www.provenir.com\/pt\/wp-json\/wp\/v2\/comments?post=1077"}],"version-history":[{"count":0,"href":"https:\/\/www.provenir.com\/pt\/wp-json\/wp\/v2\/pages\/1077\/revisions"}],"wp:featuredmedia":[{"embeddable":true,"href":"https:\/\/www.provenir.com\/pt\/wp-json\/wp\/v2\/media\/717"}],"wp:attachment":[{"href":"https:\/\/www.provenir.com\/pt\/wp-json\/wp\/v2\/media?parent=1077"}],"wp:term":[{"taxonomy":"industry","embeddable":true,"href":"https:\/\/www.provenir.com\/pt\/wp-json\/wp\/v2\/industry?post=1077"}],"curies":[{"name":"wp","href":"https:\/\/api.w.org\/{rel}","templated":true}]}}