{"id":1099,"date":"2025-01-15T17:45:52","date_gmt":"2025-01-15T17:45:52","guid":{"rendered":"https:\/\/www.provenir.com\/pt\/?page_id=1099"},"modified":"2026-04-01T07:51:53","modified_gmt":"2026-04-01T07:51:53","slug":"obrigado-alem-do-onboarding-guia-do-comprador-para-plataformas-de-decisao-de-risco","status":"publish","type":"page","link":"https:\/\/www.provenir.com\/pt\/obrigado-alem-do-onboarding-guia-do-comprador-para-plataformas-de-decisao-de-risco\/","title":{"rendered":"Obrigado: Al\u00e9m do Onboarding: Guia do Comprador para Plataformas de Decis\u00e3o de Risco"},"content":{"rendered":"<h6>livro eletr\u00f4nico<\/h6>\n<h1>Obrigado: Al\u00e9m do Onboarding: Guia do Comprador para Plataformas de Decis\u00e3o de Risco<\/h1>\n<ul>\n<li>\n<\/li>\n<li>\n<\/li>\n<\/ul>\n<div>\n<div style=\"position:relative;padding-top:max(100%,326px);height:0;width:100%\"><iframe allow=\"clipboard-write\" sandbox=\"allow-top-navigation allow-top-navigation-by-user-activation allow-downloads allow-scripts allow-same-origin allow-popups allow-modals allow-popups-to-escape-sandbox allow-forms\" allowfullscreen=\"true\" style=\"position:absolute;border:none;width:100%;height:100%;left:0;right:0;top:0;bottom:0;\" src=\"https:\/\/e.issuu.com\/embed.html?backgroundColor=%23120226&#038;backgroundColorFullscreen=%23120226&#038;d=customer_management_-_ebook_-_latam_pt_240703_4009&#038;hideIssuuLogo=true&#038;u=provenir\"><\/iframe><\/div>\n<\/div>\n<h3>Descubra como a plataforma de decis\u00e3o de IA da Provenir pode transformar o seu neg\u00f3cio.<\/h3>\n<p><p>\n        <a href=\"\/pt\/fale-conosco\/\">Fale Conosco<\/a>\n    <\/p>\n<\/p>\n<h3>livro eletr\u00f4nico<\/h3>\n<div>\n<div class=\"pt-cv-wrapper\"><div class=\"pt-cv-view pt-cv-grid pt-cv-colsys cveffect-zoomin pt-cv-pgregular pt-cv-round-btn\" id=\"pt-cv-view-ddb8199qgv\"><div data-id=\"pt-cv-page-1\" class=\"pt-cv-page\" data-cvc=\"4\"><div class=\"col-md-3 col-sm-4 col-xs-12 pt-cv-content-item pt-cv-1-col\"  data-pid=\"1314\"><div class='pt-cv-ifield'><a href=\"https:\/\/www.provenir.com\/pt\/pesquisa-global-sobre-tomada-de-decisao-de-risco-2025\/\" class=\"_self pt-cv-href-thumbnail pt-cv-thumb-default pt-cv-thumb-wrapper cvplbd cvp-responsive-image img-rounded\" target=\"_self\" data-iw=\"200\" data-ih=\"100\"><img loading=\"lazy\" decoding=\"async\" width=\"2400\" height=\"1254\" src=\"https:\/\/www.provenir.com\/pt\/wp-content\/uploads\/sites\/9\/2025\/05\/250203-EBOOK-survey-2025-FeatureIMG-1200x627-GL_EN-43082-PTBR.jpg\" class=\"pt-cv-thumbnail img-rounded\" alt=\"2025 survey\" \/><\/a>\n<h4 class=\"pt-cv-title\"><a href=\"https:\/\/www.provenir.com\/pt\/pesquisa-global-sobre-tomada-de-decisao-de-risco-2025\/\" class=\"_self cvplbd\" target=\"_self\" data-iw=\"200\" data-ih=\"100\">Pesquisa Global sobre Tomada de Decis\u00e3o de Risco 2...<\/a><\/h4>\n<div class=\"pt-cv-content\">Livro eletr\u00f4nico Pesquisa Global sobre Tomada de Decis\u00e3o de Risco 2025 Quais s\u00e3o os principais ...<br \/><div class=\"pt-cv-rmwrap\"><a href=\"https:\/\/www.provenir.com\/pt\/pesquisa-global-sobre-tomada-de-decisao-de-risco-2025\/\" class=\"_self pt-cv-readmore btn btn-success cvplbd\" target=\"_self\" data-iw=\"200\" data-ih=\"100\">Leia mais<\/a><\/div><\/div><\/div><\/div>\n<div class=\"col-md-3 col-sm-4 col-xs-12 pt-cv-content-item pt-cv-1-col\"  data-pid=\"910\"><div class='pt-cv-ifield'><a href=\"https:\/\/www.provenir.com\/pt\/guia-plataforma-decisao-risco\/\" class=\"_self pt-cv-href-thumbnail pt-cv-thumb-default pt-cv-thumb-wrapper cvplbd cvp-responsive-image img-rounded\" target=\"_self\" data-iw=\"200\" data-ih=\"100\"><\/a>\n<h4 class=\"pt-cv-title\"><a href=\"https:\/\/www.provenir.com\/pt\/guia-plataforma-decisao-risco\/\" class=\"_self cvplbd\" target=\"_self\" data-iw=\"200\" data-ih=\"100\">Al\u00e9m do Onboarding: Guia do Comprador para Platafo...<\/a><\/h4>\n<div class=\"pt-cv-content\">Descubra como a IA, dados no momento certo e os recursos certos garantem sucesso desde ...<br \/><div class=\"pt-cv-rmwrap\"><a href=\"https:\/\/www.provenir.com\/pt\/guia-plataforma-decisao-risco\/\" class=\"_self pt-cv-readmore btn btn-success cvplbd\" target=\"_self\" data-iw=\"200\" data-ih=\"100\">Leia mais<\/a><\/div><\/div><\/div><\/div>\n<div class=\"col-md-3 col-sm-4 col-xs-12 pt-cv-content-item pt-cv-1-col\"  data-pid=\"848\"><div class='pt-cv-ifield'><a href=\"https:\/\/www.provenir.com\/pt\/prioridades-provedores-financeiros-2024\/\" class=\"_self pt-cv-href-thumbnail pt-cv-thumb-default pt-cv-thumb-wrapper cvplbd cvp-responsive-image img-rounded\" target=\"_self\" data-iw=\"200\" data-ih=\"100\"><\/a>\n<h4 class=\"pt-cv-title\"><a href=\"https:\/\/www.provenir.com\/pt\/prioridades-provedores-financeiros-2024\/\" class=\"_self cvplbd\" target=\"_self\" data-iw=\"200\" data-ih=\"100\">Pesquisa sobre Decis\u00e3o de Risco LATAM 2024<\/a><\/h4>\n<div class=\"pt-cv-content\">A Provenir entrevistou mais de 150 l\u00edderes de servi\u00e7os financeiros da Am\u00e9rica Latina para identificar ...<br \/><div class=\"pt-cv-rmwrap\"><a href=\"https:\/\/www.provenir.com\/pt\/prioridades-provedores-financeiros-2024\/\" class=\"_self pt-cv-readmore btn btn-success cvplbd\" target=\"_self\" data-iw=\"200\" data-ih=\"100\">Leia mais<\/a><\/div><\/div><\/div><\/div>\n<div class=\"col-md-3 col-sm-4 col-xs-12 pt-cv-content-item pt-cv-1-col\"  data-pid=\"889\"><div class='pt-cv-ifield'><a href=\"https:\/\/www.provenir.com\/pt\/sucesso-credito-consumidor-casos-de-uso\/\" class=\"_self pt-cv-href-thumbnail pt-cv-thumb-default pt-cv-thumb-wrapper cvplbd cvp-responsive-image img-rounded\" target=\"_self\" data-iw=\"200\" data-ih=\"100\"><\/a>\n<h4 class=\"pt-cv-title\"><a href=\"https:\/\/www.provenir.com\/pt\/sucesso-credito-consumidor-casos-de-uso\/\" class=\"_self cvplbd\" target=\"_self\" data-iw=\"200\" data-ih=\"100\">Ebook: O Segredo para o Sucesso do Cr\u00e9dito ao Cons...<\/a><\/h4>\n<div class=\"pt-cv-content\">Entre a concorr\u00eancia acirrada, regulamenta\u00e7\u00f5es em evolu\u00e7\u00e3o e uma economia vol\u00e1til, prosperar no cr\u00e9dito ao ...<br \/><div class=\"pt-cv-rmwrap\"><a href=\"https:\/\/www.provenir.com\/pt\/sucesso-credito-consumidor-casos-de-uso\/\" class=\"_self pt-cv-readmore btn btn-success cvplbd\" target=\"_self\" data-iw=\"200\" data-ih=\"100\">Leia mais<\/a><\/div><\/div><\/div><\/div><\/div><\/div>\n<div class=\"text-left round-button pt-cv-pagination-wrapper\"><ul class=\"pt-cv-pagination pt-cv-ajax pagination\" data-totalpages=\"6\" data-currentpage=\"1\" data-sid=\"ddb8199qgv\" data-unid=\"\" data-isblock=\"\" data-postid=\"\"><li class=\"active\"><a href=\"#\">1<\/a><\/li>\n\t<li ><a class=\"\" href=\"https:\/\/www.provenir.com\/pt\/wp-json\/wp\/v2\/pages\/1099\/?_page=2\">2<\/a><\/li>\n\t<li ><a class=\"\" href=\"https:\/\/www.provenir.com\/pt\/wp-json\/wp\/v2\/pages\/1099\/?_page=3\">3<\/a><\/li>\n\t<li ><a href=\"#\">&hellip;<\/a><\/li>\n\t<li ><a class=\"\" href=\"https:\/\/www.provenir.com\/pt\/wp-json\/wp\/v2\/pages\/1099\/?_page=6\">6<\/a><\/li>\n\t<li ><a class=\" \" href=\"https:\/\/www.provenir.com\/pt\/wp-json\/wp\/v2\/pages\/1099\/?_page=2\">&rsaquo;<\/a><\/li>\n\t<\/ul><img loading=\"lazy\" decoding=\"async\" width=\"15\" height=\"15\" class=\"pt-cv-spinner\" alt=\"Loading...\" src=\"data:image\/gif;base64,R0lGODlhDwAPALMPAMrKygwMDJOTkz09PZWVla+vr3p6euTk5M7OzuXl5TMzMwAAAJmZmWZmZszMzP\/\/\/yH\/C05FVFNDQVBFMi4wAwEAAAAh+QQFCgAPACwAAAAADwAPAAAEQvDJaZaZOIcV8iQK8VRX4iTYoAwZ4iCYoAjZ4RxejhVNoT+mRGP4cyF4Pp0N98sBGIBMEMOotl6YZ3S61Bmbkm4mAgAh+QQFCgAPACwAAAAADQANAAAENPDJSRSZeA418itN8QiK8BiLITVsFiyBBIoYqnoewAD4xPw9iY4XLGYSjkQR4UAUD45DLwIAIfkEBQoADwAsAAAAAA8ACQAABC\/wyVlamTi3nSdgwFNdhEJgTJoNyoB9ISYoQmdjiZPcj7EYCAeCF1gEDo4Dz2eIAAAh+QQFCgAPACwCAAAADQANAAAEM\/DJBxiYeLKdX3IJZT1FU0iIg2RNKx3OkZVnZ98ToRD4MyiDnkAh6BkNC0MvsAj0kMpHBAAh+QQFCgAPACwGAAAACQAPAAAEMDC59KpFDll73HkAA2wVY5KgiK5b0RRoI6MuzG6EQqCDMlSGheEhUAgqgUUAFRySIgAh+QQFCgAPACwCAAIADQANAAAEM\/DJKZNLND\/kkKaHc3xk+QAMYDKsiaqmZCxGVjSFFCxB1vwy2oOgIDxuucxAMTAJFAJNBAAh+QQFCgAPACwAAAYADwAJAAAEMNAs86q1yaWwwv2Ig0jUZx3OYa4XoRAfwADXoAwfo1+CIjyFRuEho60aSNYlOPxEAAAh+QQFCgAPACwAAAIADQANAAAENPA9s4y8+IUVcqaWJ4qEQozSoAzoIyhCK2NFU2SJk0hNnyEOhKR2AzAAj4Pj4GE4W0bkJQIAOw==\" \/><div class=\"clear pt-cv-clear-pagination\"><\/div><\/div><\/div>\t\t\t<style type=\"text\/css\" id=\"pt-cv-inline-style-f1637a4utr\">#pt-cv-view-ddb8199qgv .pt-cv-title a, #pt-cv-view-ddb8199qgv  .panel-title { font-weight: 600 !important; }\n#pt-cv-view-ddb8199qgv .pt-cv-readmore  { color: #ffffff !important; background-color: #200644 !important; }\n#pt-cv-view-ddb8199qgv .pt-cv-readmore:hover  { color: #ffffff !important; background-color: rgba(32,6,68,0.79) !important; }\n#pt-cv-view-ddb8199qgv  + .pt-cv-pagination-wrapper .pt-cv-more , #pt-cv-view-ddb8199qgv  + .pt-cv-pagination-wrapper .pagination .active a, .pt-cv-pagination[data-sid='ddb8199qgv'] .active a { color: #ffffff !important; background-color: #e0007a !important; }\n#pt-cv-view-ddb8199qgv .img-rounded, #pt-cv-view-ddb8199qgv .pt-cv-hover-wrapper { -webkit-border-radius: 10px !important; -moz-border-radius: 10px !important; border-radius: 10px !important; }\n#pt-cv-view-ddb8199qgv .pt-cv-cap-w-img { border-bottom-left-radius: 10px !important; border-bottom-right-radius: 10px !important; }\n#pt-cv-view-ddb8199qgv .cvp-responsive-image[style*=\"background-image\"] { width: 200px; max-height: 100px; overflow: hidden; aspect-ratio: 2 }\n#pt-cv-view-ddb8199qgv .cvp-responsive-image img { max-width: 200px; max-height: 100px; aspect-ratio: 2 }<\/style>\r\n\t\t\t<\/div>\n<p><!--more--><br \/>\n<!-- {\"type\":\"layout\",\"children\":[{\"type\":\"section\",\"props\":{\"animation\":\"slide-bottom-small\",\"header_transparent\":true,\"header_transparent_noplaceholder\":true,\"header_transparent_text_color\":\"light\",\"image\":\"wp-content\/uploads\/hero-bg.svg\",\"image_position\":\"bottom-center\",\"image_size\":\"cover\",\"media_background\":\"#120226\",\"padding_bottom\":\"none\",\"padding_top\":\"large\",\"style\":\"default\",\"title_breakpoint\":\"xl\",\"title_position\":\"top-left\",\"title_rotation\":\"left\",\"vertical_align\":\"\",\"width\":\"default\"},\"children\":[{\"type\":\"row\",\"children\":[{\"type\":\"column\",\"props\":{\"image_position\":\"center-center\",\"position_sticky_breakpoint\":\"m\"},\"children\":[{\"type\":\"headline\",\"props\":{\"class\":\"uk-text-uppercase\",\"content\":\"livro eletr\u00f4nico\",\"image_align\":\"left\",\"image_margin\":\"xsmall\",\"margin_bottom\":\"remove\",\"text_align\":\"center\",\"title_color\":\"warning\",\"title_element\":\"h6\",\"title_style\":\"h3\"},\"name\":\"BLOG\"},{\"type\":\"headline\",\"props\":{\"content\":\"Obrigado: Al\u00e9m do Onboarding: Guia do Comprador para Plataformas de Decis\u00e3o de Risco\",\"image_align\":\"left\",\"image_margin\":\"xsmall\",\"margin_bottom\":\"medium\",\"margin_top\":\"remove\",\"text_align\":\"center\",\"title_element\":\"h1\",\"title_style\":\"heading-small\"}},{\"type\":\"grid\",\"props\":{\"content_column_breakpoint\":\"m\",\"filter_align\":\"left\",\"filter_all\":true,\"filter_grid_breakpoint\":\"m\",\"filter_grid_width\":\"auto\",\"filter_position\":\"top\",\"filter_style\":\"tab\",\"grid_column_align\":true,\"grid_column_gap\":\"small\",\"grid_default\":\"1\",\"grid_divider\":true,\"grid_medium\":\"\",\"grid_parallax_justify\":false,\"grid_row_align\":true,\"grid_row_gap\":\"small\",\"grid_small\":\"auto\",\"image_align\":\"left\",\"image_border\":\"circle\",\"image_grid_breakpoint\":\"m\",\"image_grid_width\":\"auto\",\"image_height\":\"60\",\"image_svg_color\":\"emphasis\",\"image_vertical_align\":true,\"image_width\":\"60\",\"item_animation\":true,\"lightbox_bg_close\":true,\"link_style\":\"default\",\"link_text\":\"Read more\",\"margin_bottom\":\"remove\",\"margin_top\":\"medium\",\"meta_align\":\"below-title\",\"meta_element\":\"div\",\"meta_style\":\"text-meta\",\"panel_link\":true,\"show_content\":true,\"show_hover_image\":true,\"show_hover_video\":true,\"show_image\":true,\"show_link\":true,\"show_meta\":true,\"show_title\":true,\"show_video\":true,\"text_align\":\"left\",\"text_align_breakpoint\":\"s\",\"text_align_fallback\":\"center\",\"title_align\":\"top\",\"title_element\":\"h3\",\"title_grid_breakpoint\":\"m\",\"title_grid_width\":\"1-2\",\"title_hover_style\":\"reset\"},\"children\":[{\"type\":\"grid_item\",\"source\":{\"query\":{\"name\":\"posts.singlePost\"},\"props\":{\"_condition\":{\"filters\":{\"condition\":\"!!\"},\"name\":\"author.name\"},\"content\":{\"filters\":{\"search\":\"\"},\"name\":\"author.name\"},\"image\":{\"filters\":{\"search\":\"\"},\"arguments\":{\"size\":\"96\"},\"name\":\"author.avatar\"}}}},{\"type\":\"grid_item\",\"source\":{\"query\":{\"name\":\"posts.singlePost\"},\"props\":{\"_condition\":{\"filters\":{\"condition\":\"!!\"},\"name\":\"date\"},\"content\":{\"filters\":{\"search\":\"\",\"date\":\"\"},\"name\":\"date\"}}}}],\"name\":\"Author | Date (auto populated)\"}]}]}],\"name\":\"home-hero\"},{\"type\":\"section\",\"props\":{\"image_position\":\"center-center\",\"style\":\"secondary\",\"title_breakpoint\":\"xl\",\"title_position\":\"top-left\",\"title_rotation\":\"left\",\"vertical_align\":\"\",\"width\":\"default\"},\"children\":[{\"type\":\"row\",\"children\":[{\"type\":\"column\",\"props\":{\"image_position\":\"center-center\",\"position_sticky_breakpoint\":\"m\",\"width_medium\":\"2-3\"},\"children\":[{\"type\":\"html\",\"props\":{\"content\":\"\n\n<div style=\\\"position:relative;padding-top:max(100%,326px);height:0;width:100%\\\"><iframe allow=\\\"clipboard-write\\\" sandbox=\\\"allow-top-navigation allow-top-navigation-by-user-activation allow-downloads allow-scripts allow-same-origin allow-popups allow-modals allow-popups-to-escape-sandbox allow-forms\\\" allowfullscreen=\\\"true\\\" style=\\\"position:absolute;border:none;width:100%;height:100%;left:0;right:0;top:0;bottom:0;\\\" src=\\\"https:\/\/e.issuu.com\/embed.html?backgroundColor=%23120226&backgroundColorFullscreen=%23120226&d=customer_management_-_ebook_-_latam_pt_240703_4009&hideIssuuLogo=true&u=provenir\\\"><\/iframe><\/div>\n\n\"}}]},{\"type\":\"column\",\"props\":{\"image_position\":\"center-center\",\"position_sticky\":\"row\",\"position_sticky_breakpoint\":\"m\",\"position_sticky_offset\":\"100\",\"style\":\"card-default\",\"width_medium\":\"1-3\"},\"children\":[{\"type\":\"headline\",\"props\":{\"content\":\"Descubra como a plataforma de decis\u00e3o de IA da Provenir pode transformar o seu neg\u00f3cio.\",\"image_align\":\"left\",\"image_margin\":\"xsmall\",\"text_align\":\"center\",\"title_element\":\"h3\",\"title_style\":\"h3\"}},{\"type\":\"button\",\"props\":{\"grid_column_gap\":\"small\",\"grid_row_gap\":\"\",\"margin_bottom\":\"medium\",\"margin_top\":\"medium\",\"maxwidth\":\"medium\",\"text_align\":\"center\"},\"children\":[{\"type\":\"button_item\",\"props\":{\"button_style\":\"default\",\"content\":\"Fale Conosco\",\"dialog_layout\":\"modal\",\"dialog_offcanvas_flip\":true,\"icon_align\":\"left\",\"link\":\"\/pt\/fale-conosco\/\"}}]}]}],\"props\":{\"layout\":\"2-3,1-3\"}}]},{\"type\":\"section\",\"props\":{\"image_position\":\"center-center\",\"preserve_color\":false,\"style\":\"secondary\",\"title_breakpoint\":\"xl\",\"title_position\":\"top-left\",\"title_rotation\":\"left\",\"vertical_align\":\"\",\"width\":\"default\"},\"children\":[{\"type\":\"row\",\"children\":[{\"type\":\"column\",\"props\":{\"image_position\":\"center-center\",\"position_sticky_breakpoint\":\"m\"},\"children\":[{\"type\":\"headline\",\"props\":{\"class\":\"uk-text-uppercase\",\"content\":\"livro eletr\u00f4nico\",\"image_align\":\"left\",\"image_margin\":\"xsmall\",\"title_color\":\"background\",\"title_decoration\":\"line\",\"title_element\":\"h3\",\"title_style\":\"text-large\"}},{\"type\":\"html\",\"props\":{\"content\":\"[pt_view id=\\\"ddb8199qgv\\\"]\"}}]}]}],\"name\":\"PTBR - Block - filter - eBooks\"}],\"version\":\"5.0.25\",\"yooessentialsVersion\":\"3.0.2\"} --><\/p>\n","protected":false},"excerpt":{"rendered":"<p>livro eletr\u00f4nico Obrigado: Al\u00e9m do Onboarding: Guia do Comprador para Plataformas de Decis\u00e3o de Risco Descubra como a plataforma de decis\u00e3o de IA da Provenir pode transformar o seu neg\u00f3cio. Fale Conosco livro eletr\u00f4nico<\/p>\n","protected":false},"author":12,"featured_media":0,"parent":0,"menu_order":0,"comment_status":"closed","ping_status":"closed","template":"","meta":{"_acf_changed":false,"footnotes":""},"industry":[40],"class_list":["post-1099","page","type-page","status-publish","hentry","industry-gestao-de-clientes"],"acf":[],"yoast_head":"<!-- This site is optimized with the Yoast SEO Premium plugin v27.3 (Yoast SEO v27.3) - https:\/\/yoast.com\/product\/yoast-seo-premium-wordpress\/ -->\n<title>Guia do comprador: plataformas de decis\u00e3o de risco - Provenir<\/title>\n<meta name=\"description\" content=\"Baixe o guia do comprador e descubra como escolher a melhor plataforma de decis\u00e3o de risco al\u00e9m do onboarding, com dados, automa\u00e7\u00e3o e IA.\" \/>\n<meta name=\"robots\" content=\"index, follow, max-snippet:-1, max-image-preview:large, max-video-preview:-1\" \/>\n<link rel=\"canonical\" href=\"https:\/\/www.provenir.com\/pt\/obrigado-alem-do-onboarding-guia-do-comprador-para-plataformas-de-decisao-de-risco\/\" \/>\n<meta property=\"og:locale\" content=\"pt_BR\" \/>\n<meta property=\"og:type\" content=\"article\" \/>\n<meta property=\"og:title\" content=\"Obrigado: Al\u00e9m do Onboarding: Guia do Comprador para Plataformas de Decis\u00e3o de Risco\" \/>\n<meta property=\"og:description\" content=\"Baixe o guia do comprador e descubra como escolher a melhor plataforma de decis\u00e3o de risco al\u00e9m do onboarding, com dados, automa\u00e7\u00e3o e IA.\" \/>\n<meta property=\"og:url\" content=\"https:\/\/www.provenir.com\/pt\/obrigado-alem-do-onboarding-guia-do-comprador-para-plataformas-de-decisao-de-risco\/\" \/>\n<meta property=\"og:site_name\" content=\"Provenir-PTBR\" \/>\n<meta property=\"article:modified_time\" content=\"2026-04-01T07:51:53+00:00\" \/>\n<meta name=\"twitter:card\" content=\"summary_large_image\" \/>\n<meta name=\"twitter:label1\" content=\"Est. reading time\" \/>\n\t<meta name=\"twitter:data1\" content=\"1 minuto\" \/>\n<script type=\"application\/ld+json\" class=\"yoast-schema-graph\">{\"@context\":\"https:\\\/\\\/schema.org\",\"@graph\":[{\"@type\":\"WebPage\",\"@id\":\"https:\\\/\\\/www.provenir.com\\\/pt\\\/obrigado-alem-do-onboarding-guia-do-comprador-para-plataformas-de-decisao-de-risco\\\/\",\"url\":\"https:\\\/\\\/www.provenir.com\\\/pt\\\/obrigado-alem-do-onboarding-guia-do-comprador-para-plataformas-de-decisao-de-risco\\\/\",\"name\":\"Guia do comprador: plataformas de decis\u00e3o de risco - Provenir\",\"isPartOf\":{\"@id\":\"https:\\\/\\\/www.provenir.com\\\/pt\\\/#website\"},\"datePublished\":\"2025-01-15T17:45:52+00:00\",\"dateModified\":\"2026-04-01T07:51:53+00:00\",\"description\":\"Baixe o guia do comprador e descubra como escolher a melhor plataforma de decis\u00e3o de risco al\u00e9m do onboarding, com dados, automa\u00e7\u00e3o e IA.\",\"breadcrumb\":{\"@id\":\"https:\\\/\\\/www.provenir.com\\\/pt\\\/obrigado-alem-do-onboarding-guia-do-comprador-para-plataformas-de-decisao-de-risco\\\/#breadcrumb\"},\"inLanguage\":\"pt-BR\",\"potentialAction\":[{\"@type\":\"ReadAction\",\"target\":[\"https:\\\/\\\/www.provenir.com\\\/pt\\\/obrigado-alem-do-onboarding-guia-do-comprador-para-plataformas-de-decisao-de-risco\\\/\"]}]},{\"@type\":\"BreadcrumbList\",\"@id\":\"https:\\\/\\\/www.provenir.com\\\/pt\\\/obrigado-alem-do-onboarding-guia-do-comprador-para-plataformas-de-decisao-de-risco\\\/#breadcrumb\",\"itemListElement\":[{\"@type\":\"ListItem\",\"position\":1,\"name\":\"Home\",\"item\":\"https:\\\/\\\/www.provenir.com\\\/pt\\\/\"},{\"@type\":\"ListItem\",\"position\":2,\"name\":\"Obrigado: Al\u00e9m do Onboarding: Guia do Comprador para Plataformas de Decis\u00e3o de Risco\"}]},{\"@type\":\"WebSite\",\"@id\":\"https:\\\/\\\/www.provenir.com\\\/pt\\\/#website\",\"url\":\"https:\\\/\\\/www.provenir.com\\\/pt\\\/\",\"name\":\"Provenir-PTBR\",\"description\":\"Decis\u00e3o de risco de cr\u00e9dito baseada em IA\",\"potentialAction\":[{\"@type\":\"SearchAction\",\"target\":{\"@type\":\"EntryPoint\",\"urlTemplate\":\"https:\\\/\\\/www.provenir.com\\\/pt\\\/?s={search_term_string}\"},\"query-input\":{\"@type\":\"PropertyValueSpecification\",\"valueRequired\":true,\"valueName\":\"search_term_string\"}}],\"inLanguage\":\"pt-BR\"}]}<\/script>\n<!-- \/ Yoast SEO Premium plugin. -->","yoast_head_json":{"title":"Guia do comprador: plataformas de decis\u00e3o de risco - Provenir","description":"Baixe o guia do comprador e descubra como escolher a melhor plataforma de decis\u00e3o de risco al\u00e9m do onboarding, com dados, automa\u00e7\u00e3o e IA.","robots":{"index":"index","follow":"follow","max-snippet":"max-snippet:-1","max-image-preview":"max-image-preview:large","max-video-preview":"max-video-preview:-1"},"canonical":"https:\/\/www.provenir.com\/pt\/obrigado-alem-do-onboarding-guia-do-comprador-para-plataformas-de-decisao-de-risco\/","og_locale":"pt_BR","og_type":"article","og_title":"Obrigado: Al\u00e9m do Onboarding: Guia do Comprador para Plataformas de Decis\u00e3o de Risco","og_description":"Baixe o guia do comprador e descubra como escolher a melhor plataforma de decis\u00e3o de risco al\u00e9m do onboarding, com dados, automa\u00e7\u00e3o e IA.","og_url":"https:\/\/www.provenir.com\/pt\/obrigado-alem-do-onboarding-guia-do-comprador-para-plataformas-de-decisao-de-risco\/","og_site_name":"Provenir-PTBR","article_modified_time":"2026-04-01T07:51:53+00:00","twitter_card":"summary_large_image","twitter_misc":{"Est. reading time":"1 minuto"},"schema":{"@context":"https:\/\/schema.org","@graph":[{"@type":"WebPage","@id":"https:\/\/www.provenir.com\/pt\/obrigado-alem-do-onboarding-guia-do-comprador-para-plataformas-de-decisao-de-risco\/","url":"https:\/\/www.provenir.com\/pt\/obrigado-alem-do-onboarding-guia-do-comprador-para-plataformas-de-decisao-de-risco\/","name":"Guia do comprador: plataformas de decis\u00e3o de risco - Provenir","isPartOf":{"@id":"https:\/\/www.provenir.com\/pt\/#website"},"datePublished":"2025-01-15T17:45:52+00:00","dateModified":"2026-04-01T07:51:53+00:00","description":"Baixe o guia do comprador e descubra como escolher a melhor plataforma de decis\u00e3o de risco al\u00e9m do onboarding, com dados, automa\u00e7\u00e3o e IA.","breadcrumb":{"@id":"https:\/\/www.provenir.com\/pt\/obrigado-alem-do-onboarding-guia-do-comprador-para-plataformas-de-decisao-de-risco\/#breadcrumb"},"inLanguage":"pt-BR","potentialAction":[{"@type":"ReadAction","target":["https:\/\/www.provenir.com\/pt\/obrigado-alem-do-onboarding-guia-do-comprador-para-plataformas-de-decisao-de-risco\/"]}]},{"@type":"BreadcrumbList","@id":"https:\/\/www.provenir.com\/pt\/obrigado-alem-do-onboarding-guia-do-comprador-para-plataformas-de-decisao-de-risco\/#breadcrumb","itemListElement":[{"@type":"ListItem","position":1,"name":"Home","item":"https:\/\/www.provenir.com\/pt\/"},{"@type":"ListItem","position":2,"name":"Obrigado: Al\u00e9m do Onboarding: Guia do Comprador para Plataformas de Decis\u00e3o de Risco"}]},{"@type":"WebSite","@id":"https:\/\/www.provenir.com\/pt\/#website","url":"https:\/\/www.provenir.com\/pt\/","name":"Provenir-PTBR","description":"Decis\u00e3o de risco de cr\u00e9dito baseada em IA","potentialAction":[{"@type":"SearchAction","target":{"@type":"EntryPoint","urlTemplate":"https:\/\/www.provenir.com\/pt\/?s={search_term_string}"},"query-input":{"@type":"PropertyValueSpecification","valueRequired":true,"valueName":"search_term_string"}}],"inLanguage":"pt-BR"}]}},"_links":{"self":[{"href":"https:\/\/www.provenir.com\/pt\/wp-json\/wp\/v2\/pages\/1099","targetHints":{"allow":["GET"]}}],"collection":[{"href":"https:\/\/www.provenir.com\/pt\/wp-json\/wp\/v2\/pages"}],"about":[{"href":"https:\/\/www.provenir.com\/pt\/wp-json\/wp\/v2\/types\/page"}],"author":[{"embeddable":true,"href":"https:\/\/www.provenir.com\/pt\/wp-json\/wp\/v2\/users\/12"}],"replies":[{"embeddable":true,"href":"https:\/\/www.provenir.com\/pt\/wp-json\/wp\/v2\/comments?post=1099"}],"version-history":[{"count":0,"href":"https:\/\/www.provenir.com\/pt\/wp-json\/wp\/v2\/pages\/1099\/revisions"}],"wp:attachment":[{"href":"https:\/\/www.provenir.com\/pt\/wp-json\/wp\/v2\/media?parent=1099"}],"wp:term":[{"taxonomy":"industry","embeddable":true,"href":"https:\/\/www.provenir.com\/pt\/wp-json\/wp\/v2\/industry?post=1099"}],"curies":[{"name":"wp","href":"https:\/\/api.w.org\/{rel}","templated":true}]}}