{"id":1494,"date":"2025-12-30T20:01:43","date_gmt":"2025-12-30T20:01:43","guid":{"rendered":"https:\/\/www.provenir.com\/pt\/ia-resultados-ptest3-0\/"},"modified":"2025-12-30T20:01:43","modified_gmt":"2025-12-30T20:01:43","slug":"ia-resultados-ptest3-0","status":"publish","type":"page","link":"https:\/\/www.provenir.com\/pt\/ia-resultados-ptest3-0\/","title":{"rendered":"ia-resultados-ptest3-0"},"content":{"rendered":"<style>\n.uk-margin-remove-adjacent+*, .uk-margin-remove-first-child>:first-child {\n    margin-top: -50px !important;\n}\n.uk-article-title {\n    font-size: 2.23125rem;\n    line-height: 1.2;\n    color: #fff;\n    font-family: Inter;\n    font-weight: 700;\n    text-transform: none;\n    letter-spacing: 0;\n    font-style: normal;\n    visibility: hidden;\n}\n<\/style>\n<h1 class=\"uk-text-background\">AI Assessment Results for ptest3<\/h1>\n<hr>\n<div class=\"uk-card uk-card-default uk-padding\">\n<h3 class=\"uk-text-warning uk-margin-remove-bottom\">Pontua\u00e7\u00e3o Total: 14\/70 &#8211; Rastejar<\/h3>\n<p class=\"uk-text-emphasis uk-text-lead uk-margin-remove-top\">Sua organiza\u00e7\u00e3o est\u00e1 no est\u00e1gio inicial de maturidade em IA. Isso significa que voc\u00ea est\u00e1 come\u00e7ando a explorar e adotar tecnologias de IA, mas ainda n\u00e3o tem uma estrat\u00e9gia ou governan\u00e7a s\u00f3lida para sua implementa\u00e7\u00e3o.<\/p>\n<\/div>\n<h3 class=\"uk-text-warning uk-margin-remove-bottom\">Seus Pontos Fortes<\/h3>\n<ul class=\"uk-text-emphasis uk-margin-remove-top\">\n<li>Ado\u00e7\u00e3o inicial de tecnologias de IA<\/li>\n<li>Explora\u00e7\u00e3o de novas solu\u00e7\u00f5es de IA<\/li>\n<li>Disposto a investir em novas tecnologias<\/li>\n<\/ul>\n<h3 class=\"uk-text-warning uk-margin-remove-bottom\">Oportunidades de Crescimento<\/h3>\n<p class=\"uk-text-emphasis uk-margin-remove-top\">Para progredir no est\u00e1gio de Rastejar, sua organiza\u00e7\u00e3o precisa desenvolver uma estrat\u00e9gia clara para a implementa\u00e7\u00e3o de IA e estabelecer uma governan\u00e7a forte para garantir a integra\u00e7\u00e3o e uso adequado da tecnologia. Isso ajudar\u00e1 a maximizar o potencial da IA e a alcan\u00e7ar resultados mensur\u00e1veis \u200b\u200bpara o seu neg\u00f3cio.<\/p>\n<div class=\"uk-card uk-card-primary uk-padding\">\n<h3 class=\"uk-text-warning uk-margin-remove-bottom\">Como a Provenir Pode Ajudar<\/h3>\n<p class=\"uk-text-emphasis uk-text-default uk-margin-remove-top uk-text-lead\">A Provenir oferece solu\u00e7\u00f5es de IA e consultoria especializada para ajudar sua organiza\u00e7\u00e3o a desenvolver uma estrat\u00e9gia de IA eficaz e estabelecer uma governan\u00e7a s\u00f3lida. Com nossa experi\u00eancia e tecnologia avan\u00e7ada, podemos ajud\u00e1-lo a alcan\u00e7ar resultados mensur\u00e1veis \u200b\u200be impulsionar o crescimento do seu neg\u00f3cio.<\/p>\n<\/div>\n","protected":false},"excerpt":{"rendered":"<p>AI Assessment Results for ptest3 Pontua\u00e7\u00e3o Total: 14\/70 &#8211; Rastejar Sua organiza\u00e7\u00e3o est\u00e1 no est\u00e1gio inicial de maturidade em IA. Isso significa que voc\u00ea est\u00e1 come\u00e7ando a explorar e adotar tecnologias de IA, mas ainda n\u00e3o tem uma estrat\u00e9gia ou governan\u00e7a s\u00f3lida para sua implementa\u00e7\u00e3o. Seus Pontos Fortes Ado\u00e7\u00e3o inicial de tecnologias de IA Explora\u00e7\u00e3o [&hellip;]<\/p>\n","protected":false},"author":26,"featured_media":0,"parent":0,"menu_order":0,"comment_status":"closed","ping_status":"closed","template":"","meta":{"_acf_changed":false,"footnotes":""},"industry":[],"class_list":["post-1494","page","type-page","status-publish","hentry"],"acf":[],"yoast_head":"<!-- This site is optimized with the Yoast SEO Premium plugin v27.4 (Yoast SEO v27.4) - https:\/\/yoast.com\/product\/yoast-seo-premium-wordpress\/ -->\n<title>ia-resultados-ptest3-0 - Provenir-PTBR<\/title>\n<meta name=\"robots\" content=\"index, follow, max-snippet:-1, max-image-preview:large, max-video-preview:-1\" \/>\n<link rel=\"canonical\" href=\"https:\/\/www.provenir.com\/pt\/ia-resultados-ptest3-0\/\" \/>\n<meta property=\"og:locale\" content=\"pt_BR\" \/>\n<meta property=\"og:type\" content=\"article\" \/>\n<meta property=\"og:title\" content=\"ia-resultados-ptest3-0\" \/>\n<meta property=\"og:description\" content=\"AI Assessment Results for ptest3 Pontua\u00e7\u00e3o Total: 14\/70 &#8211; Rastejar Sua organiza\u00e7\u00e3o est\u00e1 no est\u00e1gio inicial de maturidade em IA. Isso significa que voc\u00ea est\u00e1 come\u00e7ando a explorar e adotar tecnologias de IA, mas ainda n\u00e3o tem uma estrat\u00e9gia ou governan\u00e7a s\u00f3lida para sua implementa\u00e7\u00e3o. Seus Pontos Fortes Ado\u00e7\u00e3o inicial de tecnologias de IA Explora\u00e7\u00e3o [&hellip;]\" \/>\n<meta property=\"og:url\" content=\"https:\/\/www.provenir.com\/pt\/ia-resultados-ptest3-0\/\" \/>\n<meta property=\"og:site_name\" content=\"Provenir-PTBR\" \/>\n<meta name=\"twitter:card\" content=\"summary_large_image\" \/>\n<meta name=\"twitter:label1\" content=\"Est. reading time\" \/>\n\t<meta name=\"twitter:data1\" content=\"1 minuto\" \/>\n<script type=\"application\/ld+json\" class=\"yoast-schema-graph\">{\"@context\":\"https:\\\/\\\/schema.org\",\"@graph\":[{\"@type\":\"WebPage\",\"@id\":\"https:\\\/\\\/www.provenir.com\\\/pt\\\/ia-resultados-ptest3-0\\\/\",\"url\":\"https:\\\/\\\/www.provenir.com\\\/pt\\\/ia-resultados-ptest3-0\\\/\",\"name\":\"ia-resultados-ptest3-0 - Provenir-PTBR\",\"isPartOf\":{\"@id\":\"https:\\\/\\\/www.provenir.com\\\/pt\\\/#website\"},\"datePublished\":\"2025-12-30T20:01:43+00:00\",\"breadcrumb\":{\"@id\":\"https:\\\/\\\/www.provenir.com\\\/pt\\\/ia-resultados-ptest3-0\\\/#breadcrumb\"},\"inLanguage\":\"pt-BR\",\"potentialAction\":[{\"@type\":\"ReadAction\",\"target\":[\"https:\\\/\\\/www.provenir.com\\\/pt\\\/ia-resultados-ptest3-0\\\/\"]}]},{\"@type\":\"BreadcrumbList\",\"@id\":\"https:\\\/\\\/www.provenir.com\\\/pt\\\/ia-resultados-ptest3-0\\\/#breadcrumb\",\"itemListElement\":[{\"@type\":\"ListItem\",\"position\":1,\"name\":\"Home\",\"item\":\"https:\\\/\\\/www.provenir.com\\\/pt\\\/\"},{\"@type\":\"ListItem\",\"position\":2,\"name\":\"ia-resultados-ptest3-0\"}]},{\"@type\":\"WebSite\",\"@id\":\"https:\\\/\\\/www.provenir.com\\\/pt\\\/#website\",\"url\":\"https:\\\/\\\/www.provenir.com\\\/pt\\\/\",\"name\":\"Provenir-PTBR\",\"description\":\"Decis\u00e3o de risco de cr\u00e9dito baseada em IA\",\"potentialAction\":[{\"@type\":\"SearchAction\",\"target\":{\"@type\":\"EntryPoint\",\"urlTemplate\":\"https:\\\/\\\/www.provenir.com\\\/pt\\\/?s={search_term_string}\"},\"query-input\":{\"@type\":\"PropertyValueSpecification\",\"valueRequired\":true,\"valueName\":\"search_term_string\"}}],\"inLanguage\":\"pt-BR\"}]}<\/script>\n<!-- \/ Yoast SEO Premium plugin. -->","yoast_head_json":{"title":"ia-resultados-ptest3-0 - Provenir-PTBR","robots":{"index":"index","follow":"follow","max-snippet":"max-snippet:-1","max-image-preview":"max-image-preview:large","max-video-preview":"max-video-preview:-1"},"canonical":"https:\/\/www.provenir.com\/pt\/ia-resultados-ptest3-0\/","og_locale":"pt_BR","og_type":"article","og_title":"ia-resultados-ptest3-0","og_description":"AI Assessment Results for ptest3 Pontua\u00e7\u00e3o Total: 14\/70 &#8211; Rastejar Sua organiza\u00e7\u00e3o est\u00e1 no est\u00e1gio inicial de maturidade em IA. Isso significa que voc\u00ea est\u00e1 come\u00e7ando a explorar e adotar tecnologias de IA, mas ainda n\u00e3o tem uma estrat\u00e9gia ou governan\u00e7a s\u00f3lida para sua implementa\u00e7\u00e3o. Seus Pontos Fortes Ado\u00e7\u00e3o inicial de tecnologias de IA Explora\u00e7\u00e3o [&hellip;]","og_url":"https:\/\/www.provenir.com\/pt\/ia-resultados-ptest3-0\/","og_site_name":"Provenir-PTBR","twitter_card":"summary_large_image","twitter_misc":{"Est. reading time":"1 minuto"},"schema":{"@context":"https:\/\/schema.org","@graph":[{"@type":"WebPage","@id":"https:\/\/www.provenir.com\/pt\/ia-resultados-ptest3-0\/","url":"https:\/\/www.provenir.com\/pt\/ia-resultados-ptest3-0\/","name":"ia-resultados-ptest3-0 - Provenir-PTBR","isPartOf":{"@id":"https:\/\/www.provenir.com\/pt\/#website"},"datePublished":"2025-12-30T20:01:43+00:00","breadcrumb":{"@id":"https:\/\/www.provenir.com\/pt\/ia-resultados-ptest3-0\/#breadcrumb"},"inLanguage":"pt-BR","potentialAction":[{"@type":"ReadAction","target":["https:\/\/www.provenir.com\/pt\/ia-resultados-ptest3-0\/"]}]},{"@type":"BreadcrumbList","@id":"https:\/\/www.provenir.com\/pt\/ia-resultados-ptest3-0\/#breadcrumb","itemListElement":[{"@type":"ListItem","position":1,"name":"Home","item":"https:\/\/www.provenir.com\/pt\/"},{"@type":"ListItem","position":2,"name":"ia-resultados-ptest3-0"}]},{"@type":"WebSite","@id":"https:\/\/www.provenir.com\/pt\/#website","url":"https:\/\/www.provenir.com\/pt\/","name":"Provenir-PTBR","description":"Decis\u00e3o de risco de cr\u00e9dito baseada em IA","potentialAction":[{"@type":"SearchAction","target":{"@type":"EntryPoint","urlTemplate":"https:\/\/www.provenir.com\/pt\/?s={search_term_string}"},"query-input":{"@type":"PropertyValueSpecification","valueRequired":true,"valueName":"search_term_string"}}],"inLanguage":"pt-BR"}]}},"_links":{"self":[{"href":"https:\/\/www.provenir.com\/pt\/wp-json\/wp\/v2\/pages\/1494","targetHints":{"allow":["GET"]}}],"collection":[{"href":"https:\/\/www.provenir.com\/pt\/wp-json\/wp\/v2\/pages"}],"about":[{"href":"https:\/\/www.provenir.com\/pt\/wp-json\/wp\/v2\/types\/page"}],"author":[{"embeddable":true,"href":"https:\/\/www.provenir.com\/pt\/wp-json\/wp\/v2\/users\/26"}],"replies":[{"embeddable":true,"href":"https:\/\/www.provenir.com\/pt\/wp-json\/wp\/v2\/comments?post=1494"}],"version-history":[{"count":0,"href":"https:\/\/www.provenir.com\/pt\/wp-json\/wp\/v2\/pages\/1494\/revisions"}],"wp:attachment":[{"href":"https:\/\/www.provenir.com\/pt\/wp-json\/wp\/v2\/media?parent=1494"}],"wp:term":[{"taxonomy":"industry","embeddable":true,"href":"https:\/\/www.provenir.com\/pt\/wp-json\/wp\/v2\/industry?post=1494"}],"curies":[{"name":"wp","href":"https:\/\/api.w.org\/{rel}","templated":true}]}}