{"id":1496,"date":"2026-01-07T17:20:41","date_gmt":"2026-01-07T17:20:41","guid":{"rendered":"https:\/\/www.provenir.com\/pt\/ia-resultados-ingrid-0\/"},"modified":"2026-01-07T17:20:41","modified_gmt":"2026-01-07T17:20:41","slug":"ia-resultados-ingrid-0","status":"publish","type":"page","link":"https:\/\/www.provenir.com\/pt\/ia-resultados-ingrid-0\/","title":{"rendered":"ia-resultados-Ingrid-0"},"content":{"rendered":"<style>\n.uk-margin-remove-adjacent+*, .uk-margin-remove-first-child>:first-child {\n    margin-top: -50px !important;\n}\n.uk-article-title {\n    font-size: 2.23125rem;\n    line-height: 1.2;\n    color: #fff;\n    font-family: Inter;\n    font-weight: 700;\n    text-transform: none;\n    letter-spacing: 0;\n    font-style: normal;\n    visibility: hidden;\n}\n<\/style>\n<h1 class=\"uk-text-background\">AI Assessment Results for Ingrid<\/h1>\n<hr>\n<div class=\"uk-card uk-card-default uk-padding\">\n<h3 class=\"uk-text-warning uk-margin-remove-bottom\">Pontua\u00e7\u00e3o Total: 40\/70 &#8211; Caminhar<\/h3>\n<p class=\"uk-text-emphasis uk-text-lead uk-margin-remove-top\">Sua organiza\u00e7\u00e3o est\u00e1 caminhando em dire\u00e7\u00e3o \u00e0 maturidade em IA, mas ainda h\u00e1 espa\u00e7o para crescimento e melhoria.<\/p>\n<\/div>\n<h3 class=\"uk-text-warning uk-margin-remove-bottom\">Seus Pontos Fortes<\/h3>\n<ul class=\"uk-text-emphasis uk-margin-remove-top\">\n<li>Sua organiza\u00e7\u00e3o tem modelos preditivos em uso, demonstrando uma compreens\u00e3o b\u00e1sica de IA.<\/li>\n<li>Voc\u00ea est\u00e1 come\u00e7ando a integrar dados de terceiros em suas decis\u00f5es de neg\u00f3cios.<\/li>\n<li>Sua organiza\u00e7\u00e3o est\u00e1 em processo de desenvolvimento de governan\u00e7a em torno da IA.<\/li>\n<\/ul>\n<h3 class=\"uk-text-warning uk-margin-remove-bottom\">Oportunidades de Crescimento<\/h3>\n<p class=\"uk-text-emphasis uk-margin-remove-top\">Para continuar avan\u00e7ando em dire\u00e7\u00e3o \u00e0 maturidade em IA, \u00e9 importante que sua organiza\u00e7\u00e3o invista em modelos mais avan\u00e7ados e na integra\u00e7\u00e3o de dados de terceiros em todo o ciclo de vida de decis\u00f5es. Al\u00e9m disso, \u00e9 essencial que sua organiza\u00e7\u00e3o desenvolva uma governan\u00e7a forte para garantir o uso \u00e9tico e respons\u00e1vel da IA.<\/p>\n<div class=\"uk-card uk-card-primary uk-padding\">\n<h3 class=\"uk-text-warning uk-margin-remove-bottom\">Como a Provenir Pode Ajudar<\/h3>\n<p class=\"uk-text-emphasis uk-text-default uk-margin-remove-top uk-text-lead\">A Provenir pode ajudar sua organiza\u00e7\u00e3o a avan\u00e7ar em dire\u00e7\u00e3o \u00e0 maturidade em IA, oferecendo uma plataforma de tomada de decis\u00e3o baseada em IA que permite a integra\u00e7\u00e3o de dados de terceiros e a implementa\u00e7\u00e3o de modelos avan\u00e7ados. Al\u00e9m disso, nossa equipe de especialistas pode ajudar sua organiza\u00e7\u00e3o a desenvolver uma governan\u00e7a s\u00f3lida e \u00e9tica em torno da IA.<\/p>\n<\/div>\n","protected":false},"excerpt":{"rendered":"<p>AI Assessment Results for Ingrid Pontua\u00e7\u00e3o Total: 40\/70 &#8211; Caminhar Sua organiza\u00e7\u00e3o est\u00e1 caminhando em dire\u00e7\u00e3o \u00e0 maturidade em IA, mas ainda h\u00e1 espa\u00e7o para crescimento e melhoria. Seus Pontos Fortes Sua organiza\u00e7\u00e3o tem modelos preditivos em uso, demonstrando uma compreens\u00e3o b\u00e1sica de IA. Voc\u00ea est\u00e1 come\u00e7ando a integrar dados de terceiros em suas decis\u00f5es [&hellip;]<\/p>\n","protected":false},"author":26,"featured_media":0,"parent":0,"menu_order":0,"comment_status":"closed","ping_status":"closed","template":"","meta":{"_acf_changed":false,"footnotes":""},"industry":[],"class_list":["post-1496","page","type-page","status-publish","hentry"],"acf":[],"yoast_head":"<!-- This site is optimized with the Yoast SEO Premium plugin v27.4 (Yoast SEO v27.4) - https:\/\/yoast.com\/product\/yoast-seo-premium-wordpress\/ -->\n<title>ia-resultados-Ingrid-0 - Provenir-PTBR<\/title>\n<meta name=\"robots\" content=\"index, follow, max-snippet:-1, max-image-preview:large, max-video-preview:-1\" \/>\n<link rel=\"canonical\" href=\"https:\/\/www.provenir.com\/pt\/ia-resultados-ingrid-0\/\" \/>\n<meta property=\"og:locale\" content=\"pt_BR\" \/>\n<meta property=\"og:type\" content=\"article\" \/>\n<meta property=\"og:title\" content=\"ia-resultados-Ingrid-0\" \/>\n<meta property=\"og:description\" content=\"AI Assessment Results for Ingrid Pontua\u00e7\u00e3o Total: 40\/70 &#8211; Caminhar Sua organiza\u00e7\u00e3o est\u00e1 caminhando em dire\u00e7\u00e3o \u00e0 maturidade em IA, mas ainda h\u00e1 espa\u00e7o para crescimento e melhoria. Seus Pontos Fortes Sua organiza\u00e7\u00e3o tem modelos preditivos em uso, demonstrando uma compreens\u00e3o b\u00e1sica de IA. Voc\u00ea est\u00e1 come\u00e7ando a integrar dados de terceiros em suas decis\u00f5es [&hellip;]\" \/>\n<meta property=\"og:url\" content=\"https:\/\/www.provenir.com\/pt\/ia-resultados-ingrid-0\/\" \/>\n<meta property=\"og:site_name\" content=\"Provenir-PTBR\" \/>\n<meta name=\"twitter:card\" content=\"summary_large_image\" \/>\n<meta name=\"twitter:label1\" content=\"Est. reading time\" \/>\n\t<meta name=\"twitter:data1\" content=\"1 minuto\" \/>\n<script type=\"application\/ld+json\" class=\"yoast-schema-graph\">{\"@context\":\"https:\\\/\\\/schema.org\",\"@graph\":[{\"@type\":\"WebPage\",\"@id\":\"https:\\\/\\\/www.provenir.com\\\/pt\\\/ia-resultados-ingrid-0\\\/\",\"url\":\"https:\\\/\\\/www.provenir.com\\\/pt\\\/ia-resultados-ingrid-0\\\/\",\"name\":\"ia-resultados-Ingrid-0 - Provenir-PTBR\",\"isPartOf\":{\"@id\":\"https:\\\/\\\/www.provenir.com\\\/pt\\\/#website\"},\"datePublished\":\"2026-01-07T17:20:41+00:00\",\"breadcrumb\":{\"@id\":\"https:\\\/\\\/www.provenir.com\\\/pt\\\/ia-resultados-ingrid-0\\\/#breadcrumb\"},\"inLanguage\":\"pt-BR\",\"potentialAction\":[{\"@type\":\"ReadAction\",\"target\":[\"https:\\\/\\\/www.provenir.com\\\/pt\\\/ia-resultados-ingrid-0\\\/\"]}]},{\"@type\":\"BreadcrumbList\",\"@id\":\"https:\\\/\\\/www.provenir.com\\\/pt\\\/ia-resultados-ingrid-0\\\/#breadcrumb\",\"itemListElement\":[{\"@type\":\"ListItem\",\"position\":1,\"name\":\"Home\",\"item\":\"https:\\\/\\\/www.provenir.com\\\/pt\\\/\"},{\"@type\":\"ListItem\",\"position\":2,\"name\":\"ia-resultados-Ingrid-0\"}]},{\"@type\":\"WebSite\",\"@id\":\"https:\\\/\\\/www.provenir.com\\\/pt\\\/#website\",\"url\":\"https:\\\/\\\/www.provenir.com\\\/pt\\\/\",\"name\":\"Provenir-PTBR\",\"description\":\"Decis\u00e3o de risco de cr\u00e9dito baseada em IA\",\"potentialAction\":[{\"@type\":\"SearchAction\",\"target\":{\"@type\":\"EntryPoint\",\"urlTemplate\":\"https:\\\/\\\/www.provenir.com\\\/pt\\\/?s={search_term_string}\"},\"query-input\":{\"@type\":\"PropertyValueSpecification\",\"valueRequired\":true,\"valueName\":\"search_term_string\"}}],\"inLanguage\":\"pt-BR\"}]}<\/script>\n<!-- \/ Yoast SEO Premium plugin. -->","yoast_head_json":{"title":"ia-resultados-Ingrid-0 - Provenir-PTBR","robots":{"index":"index","follow":"follow","max-snippet":"max-snippet:-1","max-image-preview":"max-image-preview:large","max-video-preview":"max-video-preview:-1"},"canonical":"https:\/\/www.provenir.com\/pt\/ia-resultados-ingrid-0\/","og_locale":"pt_BR","og_type":"article","og_title":"ia-resultados-Ingrid-0","og_description":"AI Assessment Results for Ingrid Pontua\u00e7\u00e3o Total: 40\/70 &#8211; Caminhar Sua organiza\u00e7\u00e3o est\u00e1 caminhando em dire\u00e7\u00e3o \u00e0 maturidade em IA, mas ainda h\u00e1 espa\u00e7o para crescimento e melhoria. Seus Pontos Fortes Sua organiza\u00e7\u00e3o tem modelos preditivos em uso, demonstrando uma compreens\u00e3o b\u00e1sica de IA. Voc\u00ea est\u00e1 come\u00e7ando a integrar dados de terceiros em suas decis\u00f5es [&hellip;]","og_url":"https:\/\/www.provenir.com\/pt\/ia-resultados-ingrid-0\/","og_site_name":"Provenir-PTBR","twitter_card":"summary_large_image","twitter_misc":{"Est. reading time":"1 minuto"},"schema":{"@context":"https:\/\/schema.org","@graph":[{"@type":"WebPage","@id":"https:\/\/www.provenir.com\/pt\/ia-resultados-ingrid-0\/","url":"https:\/\/www.provenir.com\/pt\/ia-resultados-ingrid-0\/","name":"ia-resultados-Ingrid-0 - Provenir-PTBR","isPartOf":{"@id":"https:\/\/www.provenir.com\/pt\/#website"},"datePublished":"2026-01-07T17:20:41+00:00","breadcrumb":{"@id":"https:\/\/www.provenir.com\/pt\/ia-resultados-ingrid-0\/#breadcrumb"},"inLanguage":"pt-BR","potentialAction":[{"@type":"ReadAction","target":["https:\/\/www.provenir.com\/pt\/ia-resultados-ingrid-0\/"]}]},{"@type":"BreadcrumbList","@id":"https:\/\/www.provenir.com\/pt\/ia-resultados-ingrid-0\/#breadcrumb","itemListElement":[{"@type":"ListItem","position":1,"name":"Home","item":"https:\/\/www.provenir.com\/pt\/"},{"@type":"ListItem","position":2,"name":"ia-resultados-Ingrid-0"}]},{"@type":"WebSite","@id":"https:\/\/www.provenir.com\/pt\/#website","url":"https:\/\/www.provenir.com\/pt\/","name":"Provenir-PTBR","description":"Decis\u00e3o de risco de cr\u00e9dito baseada em IA","potentialAction":[{"@type":"SearchAction","target":{"@type":"EntryPoint","urlTemplate":"https:\/\/www.provenir.com\/pt\/?s={search_term_string}"},"query-input":{"@type":"PropertyValueSpecification","valueRequired":true,"valueName":"search_term_string"}}],"inLanguage":"pt-BR"}]}},"_links":{"self":[{"href":"https:\/\/www.provenir.com\/pt\/wp-json\/wp\/v2\/pages\/1496","targetHints":{"allow":["GET"]}}],"collection":[{"href":"https:\/\/www.provenir.com\/pt\/wp-json\/wp\/v2\/pages"}],"about":[{"href":"https:\/\/www.provenir.com\/pt\/wp-json\/wp\/v2\/types\/page"}],"author":[{"embeddable":true,"href":"https:\/\/www.provenir.com\/pt\/wp-json\/wp\/v2\/users\/26"}],"replies":[{"embeddable":true,"href":"https:\/\/www.provenir.com\/pt\/wp-json\/wp\/v2\/comments?post=1496"}],"version-history":[{"count":0,"href":"https:\/\/www.provenir.com\/pt\/wp-json\/wp\/v2\/pages\/1496\/revisions"}],"wp:attachment":[{"href":"https:\/\/www.provenir.com\/pt\/wp-json\/wp\/v2\/media?parent=1496"}],"wp:term":[{"taxonomy":"industry","embeddable":true,"href":"https:\/\/www.provenir.com\/pt\/wp-json\/wp\/v2\/industry?post=1496"}],"curies":[{"name":"wp","href":"https:\/\/api.w.org\/{rel}","templated":true}]}}