{"id":1777,"date":"2026-02-24T05:56:28","date_gmt":"2026-02-24T05:56:28","guid":{"rendered":"https:\/\/www.provenir.com\/pt\/?page_id=1777"},"modified":"2026-03-26T09:51:28","modified_gmt":"2026-03-26T09:51:28","slug":"suporte","status":"publish","type":"page","link":"https:\/\/www.provenir.com\/pt\/suporte\/","title":{"rendered":"Suporte"},"content":{"rendered":"<h1>SUPORTE<\/h1>\n<h2><span class=\"uk-text-background\">Recursos globais<\/span> para que voc\u00ea possa obter o suporte necess\u00e1rio, quando precisar. <\/h2>\n<div>Com nosso modelo de suporte cont\u00ednuo, voc\u00ea pode aproveitar o suporte 24 horas por dia, 7 dias por semana, 365 dias por ano para problemas urgentes. <\/div>\n<ul>\n<li>\n<p>\n        <a href=\"https:\/\/provenir.atlassian.net\/servicedesk\">Login de Suporte <\/a>\n    <\/p>\n<\/li>\n<li>\n<p>\n        <a href=\"\/pt\/fale-conosco\/\">Fale Conosco <\/a>\n    <\/p>\n<\/li>\n<\/ul>\n<div>Investimos regularmente em nossa equipe de suporte para melhor atender \u00e0s suas necessidades e ajud\u00e1-lo a alcan\u00e7ar seus objetivos de neg\u00f3cios. Com nossa plataforma de suporte global e sistema de atendimento priorit\u00e1rio, voc\u00ea \u00e9 nossa prioridade. Entre em contato conosco a qualquer momento acessando a plataforma de suporte acima ou ligando para os n\u00fameros regionais abaixo:<\/div>\n<ul>\n<li>\n<h3>Estados Unidos <\/h3>\n<div>+1 973 316 8680 <\/div>\n<\/li>\n<li>\n<h3>Reino Unido <\/h3>\n<div>+44 2038 766471<\/div>\n<\/li>\n<li>\n<h3>Cingapura <\/h3>\n<div>+65 68132568<\/div>\n<\/li>\n<\/ul>\n<p><!--more--><br \/>\n<!-- {\"type\":\"layout\",\"children\":[{\"type\":\"section\",\"props\":{\"animation\":\"slide-bottom-small\",\"header_transparent\":true,\"header_transparent_noplaceholder\":true,\"header_transparent_text_color\":\"light\",\"image\":\"wp-content\\\/uploads\\\/2024\\\/10\\\/background-glow-03.svg\",\"image_position\":\"bottom-center\",\"image_size\":\"cover\",\"media_background\":\"#120226\",\"padding\":\"large\",\"padding_remove_bottom\":false,\"padding_remove_top\":false,\"style\":\"default\",\"title_breakpoint\":\"xl\",\"title_position\":\"top-left\",\"title_rotation\":\"left\",\"vertical_align\":\"\",\"width\":\"default\"},\"children\":[{\"type\":\"row\",\"children\":[{\"type\":\"column\",\"props\":{\"image_position\":\"center-center\",\"position_sticky_breakpoint\":\"m\"},\"children\":[{\"type\":\"headline\",\"props\":{\"class\":\"uk-text-uppercase\",\"content\":\"SUPORTE\",\"text_align\":\"center\",\"title_color\":\"warning\",\"title_element\":\"h1\",\"title_style\":\"h3\"}},{\"type\":\"headline\",\"props\":{\"content\":\"<span class=\\\"uk-text-background\\\">Recursos globais<\\\/span> para que voc\\u00ea possa obter o suporte necess\\u00e1rio, quando precisar. \",\"margin\":\"medium\",\"margin_remove_top\":true,\"text_align\":\"center\",\"title_element\":\"h2\",\"title_style\":\"heading-small\"},\"name\":\"H2 main page title\"},{\"type\":\"text\",\"props\":{\"block_align\":\"center\",\"column_breakpoint\":\"m\",\"content\":\"Com nosso modelo de suporte cont\\u00ednuo, voc\\u00ea pode aproveitar o suporte 24 horas por dia, 7 dias por semana, 365 dias por ano para problemas urgentes. \",\"margin\":\"\",\"maxwidth\":\"2xlarge\",\"text_align\":\"center\",\"text_style\":\"lead\"}},{\"type\":\"button\",\"props\":{\"fullwidth\":false,\"grid_column_gap\":\"medium\",\"grid_row_gap\":\"\",\"margin\":\"medium\",\"margin_remove_bottom\":false,\"margin_remove_top\":false,\"position\":\"relative\",\"position_z_index\":\"1\",\"text_align\":\"center\"},\"children\":[{\"type\":\"button_item\",\"props\":{\"button_style\":\"secondary\",\"content\":\"Login de Suporte \",\"dialog_layout\":\"modal\",\"dialog_offcanvas_flip\":true,\"icon\":\"\",\"icon_align\":\"left\",\"link\":\"https:\\\/\\\/provenir.atlassian.net\\\/servicedesk\",\"link_target\":\"blank\"}},{\"type\":\"button_item\",\"props\":{\"button_style\":\"default\",\"content\":\"Fale Conosco \",\"dialog_layout\":\"modal\",\"dialog_offcanvas_flip\":true,\"icon\":\"\",\"icon_align\":\"left\",\"link\":\"fale-conosco\\\/\",\"link_target\":\"blank\"}}]},{\"type\":\"text\",\"props\":{\"column_breakpoint\":\"m\",\"content\":\"Investimos regularmente em nossa equipe de suporte para melhor atender \\u00e0s suas necessidades e ajud\\u00e1-lo a alcan\\u00e7ar seus objetivos de neg\\u00f3cios. Com nossa plataforma de suporte global e sistema de atendimento priorit\\u00e1rio, voc\\u00ea \\u00e9 nossa prioridade. Entre em contato conosco a qualquer momento acessando a plataforma de suporte acima ou ligando para os n\\u00fameros regionais abaixo:\",\"margin\":\"default\",\"text_align\":\"center\"}}]}]},{\"type\":\"row\",\"props\":{\"layout\":\"1-3,1-3,1-3\"},\"children\":[{\"type\":\"column\",\"props\":{\"image_position\":\"center-center\",\"position_sticky_breakpoint\":\"m\",\"width_medium\":\"1-3\"}},{\"type\":\"column\",\"props\":{\"image_position\":\"center-center\",\"position_sticky_breakpoint\":\"m\",\"width_medium\":\"1-3\"},\"children\":[{\"type\":\"description_list\",\"props\":{\"class\":\"uk-text-meta\",\"column_breakpoint\":\"m\",\"layout\":\"grid-2\",\"list_element\":\"ul\",\"list_style\":\"divider\",\"meta_align\":\"below-content\",\"meta_style\":\"text-meta\",\"show_content\":true,\"show_link\":true,\"show_meta\":true,\"show_title\":true,\"text_align\":\"left\",\"title_colon\":false,\"title_element\":\"div\",\"title_grid_column_gap\":\"small\",\"title_grid_row_gap\":\"small\",\"title_grid_width\":\"expand\"},\"children\":[{\"type\":\"description_list_item\",\"props\":{\"content\":\"+1 973 316 8680 \",\"title\":\"Estados Unidos \"}},{\"type\":\"description_list_item\",\"props\":{\"content\":\"+44 2038 766471\",\"title\":\"Reino Unido \"}},{\"type\":\"description_list_item\",\"props\":{\"content\":\"+65 68132568\",\"title\":\"Cingapura \"}}]}]},{\"type\":\"column\",\"props\":{\"image_position\":\"center-center\",\"position_sticky_breakpoint\":\"m\",\"width_medium\":\"1-3\"}}]}],\"name\":\"home-hero\"}],\"version\":\"4.5.33\",\"yooessentialsVersion\":\"2.4.12\"} --><\/p>\n","protected":false},"excerpt":{"rendered":"<p>SUPORTE Recursos globais para que voc\u00ea possa obter o suporte necess\u00e1rio, quando precisar. Com nosso modelo de suporte cont\u00ednuo, voc\u00ea pode aproveitar o suporte 24 horas por dia, 7 dias por semana, 365 dias por ano para problemas urgentes. Login de Suporte Fale Conosco Investimos regularmente em nossa equipe de suporte para melhor atender \u00e0s [&hellip;]<\/p>\n","protected":false},"author":23,"featured_media":0,"parent":0,"menu_order":0,"comment_status":"closed","ping_status":"closed","template":"","meta":{"_acf_changed":false,"footnotes":""},"industry":[],"class_list":["post-1777","page","type-page","status-publish","hentry"],"acf":[],"yoast_head":"<!-- This site is optimized with the Yoast SEO Premium plugin v27.3 (Yoast SEO v27.3) - https:\/\/yoast.com\/product\/yoast-seo-premium-wordpress\/ -->\n<title>Suporte Provenir: assist\u00eancia global<\/title>\n<meta name=\"description\" content=\"Acesse o suporte global da Provenir 24\/7\/365 para problemas urgentes, com atendimento priorit\u00e1rio e recursos para ajudar voc\u00ea quando precisar.\" \/>\n<meta name=\"robots\" content=\"index, follow, max-snippet:-1, max-image-preview:large, max-video-preview:-1\" \/>\n<link rel=\"canonical\" href=\"https:\/\/www.provenir.com\/pt\/suporte\/\" \/>\n<meta property=\"og:locale\" content=\"pt_BR\" \/>\n<meta property=\"og:type\" content=\"article\" \/>\n<meta property=\"og:title\" content=\"Suporte\" \/>\n<meta property=\"og:description\" content=\"Acesse o suporte global da Provenir 24\/7\/365 para problemas urgentes, com atendimento priorit\u00e1rio e recursos para ajudar voc\u00ea quando precisar.\" \/>\n<meta property=\"og:url\" content=\"https:\/\/www.provenir.com\/pt\/suporte\/\" \/>\n<meta property=\"og:site_name\" content=\"Provenir-PTBR\" \/>\n<meta property=\"article:modified_time\" content=\"2026-03-26T09:51:28+00:00\" \/>\n<meta name=\"twitter:card\" content=\"summary_large_image\" \/>\n<meta name=\"twitter:label1\" content=\"Est. reading time\" \/>\n\t<meta name=\"twitter:data1\" content=\"1 minuto\" \/>\n<script type=\"application\/ld+json\" class=\"yoast-schema-graph\">{\"@context\":\"https:\\\/\\\/schema.org\",\"@graph\":[{\"@type\":\"WebPage\",\"@id\":\"https:\\\/\\\/www.provenir.com\\\/pt\\\/suporte\\\/\",\"url\":\"https:\\\/\\\/www.provenir.com\\\/pt\\\/suporte\\\/\",\"name\":\"Suporte Provenir: assist\u00eancia global\",\"isPartOf\":{\"@id\":\"https:\\\/\\\/www.provenir.com\\\/pt\\\/#website\"},\"datePublished\":\"2026-02-24T05:56:28+00:00\",\"dateModified\":\"2026-03-26T09:51:28+00:00\",\"description\":\"Acesse o suporte global da Provenir 24\\\/7\\\/365 para problemas urgentes, com atendimento priorit\u00e1rio e recursos para ajudar voc\u00ea quando precisar.\",\"breadcrumb\":{\"@id\":\"https:\\\/\\\/www.provenir.com\\\/pt\\\/suporte\\\/#breadcrumb\"},\"inLanguage\":\"pt-BR\",\"potentialAction\":[{\"@type\":\"ReadAction\",\"target\":[\"https:\\\/\\\/www.provenir.com\\\/pt\\\/suporte\\\/\"]}]},{\"@type\":\"BreadcrumbList\",\"@id\":\"https:\\\/\\\/www.provenir.com\\\/pt\\\/suporte\\\/#breadcrumb\",\"itemListElement\":[{\"@type\":\"ListItem\",\"position\":1,\"name\":\"Home\",\"item\":\"https:\\\/\\\/www.provenir.com\\\/pt\\\/\"},{\"@type\":\"ListItem\",\"position\":2,\"name\":\"Suporte\"}]},{\"@type\":\"WebSite\",\"@id\":\"https:\\\/\\\/www.provenir.com\\\/pt\\\/#website\",\"url\":\"https:\\\/\\\/www.provenir.com\\\/pt\\\/\",\"name\":\"Provenir-PTBR\",\"description\":\"Decis\u00e3o de risco de cr\u00e9dito baseada em IA\",\"potentialAction\":[{\"@type\":\"SearchAction\",\"target\":{\"@type\":\"EntryPoint\",\"urlTemplate\":\"https:\\\/\\\/www.provenir.com\\\/pt\\\/?s={search_term_string}\"},\"query-input\":{\"@type\":\"PropertyValueSpecification\",\"valueRequired\":true,\"valueName\":\"search_term_string\"}}],\"inLanguage\":\"pt-BR\"}]}<\/script>\n<!-- \/ Yoast SEO Premium plugin. -->","yoast_head_json":{"title":"Suporte Provenir: assist\u00eancia global","description":"Acesse o suporte global da Provenir 24\/7\/365 para problemas urgentes, com atendimento priorit\u00e1rio e recursos para ajudar voc\u00ea quando precisar.","robots":{"index":"index","follow":"follow","max-snippet":"max-snippet:-1","max-image-preview":"max-image-preview:large","max-video-preview":"max-video-preview:-1"},"canonical":"https:\/\/www.provenir.com\/pt\/suporte\/","og_locale":"pt_BR","og_type":"article","og_title":"Suporte","og_description":"Acesse o suporte global da Provenir 24\/7\/365 para problemas urgentes, com atendimento priorit\u00e1rio e recursos para ajudar voc\u00ea quando precisar.","og_url":"https:\/\/www.provenir.com\/pt\/suporte\/","og_site_name":"Provenir-PTBR","article_modified_time":"2026-03-26T09:51:28+00:00","twitter_card":"summary_large_image","twitter_misc":{"Est. reading time":"1 minuto"},"schema":{"@context":"https:\/\/schema.org","@graph":[{"@type":"WebPage","@id":"https:\/\/www.provenir.com\/pt\/suporte\/","url":"https:\/\/www.provenir.com\/pt\/suporte\/","name":"Suporte Provenir: assist\u00eancia global","isPartOf":{"@id":"https:\/\/www.provenir.com\/pt\/#website"},"datePublished":"2026-02-24T05:56:28+00:00","dateModified":"2026-03-26T09:51:28+00:00","description":"Acesse o suporte global da Provenir 24\/7\/365 para problemas urgentes, com atendimento priorit\u00e1rio e recursos para ajudar voc\u00ea quando precisar.","breadcrumb":{"@id":"https:\/\/www.provenir.com\/pt\/suporte\/#breadcrumb"},"inLanguage":"pt-BR","potentialAction":[{"@type":"ReadAction","target":["https:\/\/www.provenir.com\/pt\/suporte\/"]}]},{"@type":"BreadcrumbList","@id":"https:\/\/www.provenir.com\/pt\/suporte\/#breadcrumb","itemListElement":[{"@type":"ListItem","position":1,"name":"Home","item":"https:\/\/www.provenir.com\/pt\/"},{"@type":"ListItem","position":2,"name":"Suporte"}]},{"@type":"WebSite","@id":"https:\/\/www.provenir.com\/pt\/#website","url":"https:\/\/www.provenir.com\/pt\/","name":"Provenir-PTBR","description":"Decis\u00e3o de risco de cr\u00e9dito baseada em IA","potentialAction":[{"@type":"SearchAction","target":{"@type":"EntryPoint","urlTemplate":"https:\/\/www.provenir.com\/pt\/?s={search_term_string}"},"query-input":{"@type":"PropertyValueSpecification","valueRequired":true,"valueName":"search_term_string"}}],"inLanguage":"pt-BR"}]}},"_links":{"self":[{"href":"https:\/\/www.provenir.com\/pt\/wp-json\/wp\/v2\/pages\/1777","targetHints":{"allow":["GET"]}}],"collection":[{"href":"https:\/\/www.provenir.com\/pt\/wp-json\/wp\/v2\/pages"}],"about":[{"href":"https:\/\/www.provenir.com\/pt\/wp-json\/wp\/v2\/types\/page"}],"author":[{"embeddable":true,"href":"https:\/\/www.provenir.com\/pt\/wp-json\/wp\/v2\/users\/23"}],"replies":[{"embeddable":true,"href":"https:\/\/www.provenir.com\/pt\/wp-json\/wp\/v2\/comments?post=1777"}],"version-history":[{"count":0,"href":"https:\/\/www.provenir.com\/pt\/wp-json\/wp\/v2\/pages\/1777\/revisions"}],"wp:attachment":[{"href":"https:\/\/www.provenir.com\/pt\/wp-json\/wp\/v2\/media?parent=1777"}],"wp:term":[{"taxonomy":"industry","embeddable":true,"href":"https:\/\/www.provenir.com\/pt\/wp-json\/wp\/v2\/industry?post=1777"}],"curies":[{"name":"wp","href":"https:\/\/api.w.org\/{rel}","templated":true}]}}