{"id":1780,"date":"2026-02-26T12:00:51","date_gmt":"2026-02-26T12:00:51","guid":{"rendered":"https:\/\/www.provenir.com\/pt\/ia-resultados-liliane-santos-0\/"},"modified":"2026-02-26T12:00:51","modified_gmt":"2026-02-26T12:00:51","slug":"ia-resultados-liliane-santos-0","status":"publish","type":"page","link":"https:\/\/www.provenir.com\/pt\/ia-resultados-liliane-santos-0\/","title":{"rendered":"ia-resultados-Liliane Santos-0"},"content":{"rendered":"<style>\n.uk-margin-remove-adjacent+*, .uk-margin-remove-first-child>:first-child {\n    margin-top: -50px !important;\n}\n.uk-article-title {\n    font-size: 2.23125rem;\n    line-height: 1.2;\n    color: #fff;\n    font-family: Inter;\n    font-weight: 700;\n    text-transform: none;\n    letter-spacing: 0;\n    font-style: normal;\n    visibility: hidden;\n}\n<\/style>\n<h1 class=\"uk-text-background\">Resultados da Avalia\u00e7\u00e3o de IA par Liliane Santos<\/h1>\n<hr>\n<div class=\"uk-card uk-card-default uk-padding\">\n<h3 class=\"uk-text-warning uk-margin-remove-bottom\">Pontua\u00e7\u00e3o Total: 26\/70 &#8211; Rastejar<\/h3>\n<p class=\"uk-text-emphasis uk-text-lead uk-margin-remove-top\">Sua organiza\u00e7\u00e3o est\u00e1 no est\u00e1gio de rastejar em termos de maturidade em IA. Isso significa que sua organiza\u00e7\u00e3o est\u00e1 no in\u00edcio da ado\u00e7\u00e3o de IA, com sistemas isolados e decis\u00f5es baseadas em regras.<\/p>\n<\/div>\n<h3 class=\"uk-text-warning uk-margin-remove-bottom\">Seus Pontos Fortes<\/h3>\n<ul class=\"uk-text-emphasis uk-margin-remove-top\">\n<li>A sua organiza\u00e7\u00e3o est\u00e1 dando os primeiros passos em dire\u00e7\u00e3o \u00e0 ado\u00e7\u00e3o de IA, o que mostra uma mentalidade aberta e disposta a experimentar novas tecnologias.<\/li>\n<li>Com decis\u00f5es baseadas em regras, sua organiza\u00e7\u00e3o tem uma estrutura clara para lidar com problemas de forma consistente.<\/li>\n<li>Ao adotar a IA, sua organiza\u00e7\u00e3o pode ter uma vantagem competitiva em rela\u00e7\u00e3o a outras organiza\u00e7\u00f5es de servi\u00e7os financeiros que ainda n\u00e3o a adotaram.<\/li>\n<\/ul>\n<h3 class=\"uk-text-warning uk-margin-remove-bottom\">Oportunidades de Crescimento<\/h3>\n<p class=\"uk-text-emphasis uk-margin-remove-top\">Para avan\u00e7ar no est\u00e1gio de maturidade em IA, \u00e9 importante que sua organiza\u00e7\u00e3o comece a investir em modelos preditivos e na integra\u00e7\u00e3o do ciclo de vida dos dados. Isso permitir\u00e1 que sua organiza\u00e7\u00e3o tome decis\u00f5es mais informadas e eficazes, e possa obter uma vantagem ainda maior no mercado. Al\u00e9m disso, \u00e9 importante desenvolver uma governan\u00e7a forte em rela\u00e7\u00e3o \u00e0 IA, garantindo que as decis\u00f5es sejam tomadas de forma \u00e9tica e transparente.<\/p>\n<div class=\"uk-card uk-card-primary uk-padding\">\n<h3 class=\"uk-text-warning uk-margin-remove-bottom\">Como a Provenir Pode Ajudar<\/h3>\n<p class=\"uk-text-emphasis uk-text-default uk-margin-remove-top uk-text-lead\">A Provenir possui uma ampla gama de solu\u00e7\u00f5es em IA que podem ajudar sua organiza\u00e7\u00e3o a avan\u00e7ar no est\u00e1gio de maturidade. Nossas solu\u00e7\u00f5es de modelos preditivos e IA adaptativa podem fornecer insights valiosos para sua tomada de decis\u00e3o, e nossa governan\u00e7a de IA garante que essas decis\u00f5es sejam tomadas de forma \u00e9tica e transparente. Al\u00e9m disso, nossa experi\u00eancia no setor de servi\u00e7os financeiros nos permite entender as necessidades e desafios espec\u00edficos da sua organiza\u00e7\u00e3o, oferecendo solu\u00e7\u00f5es personalizadas para ajud\u00e1-lo a alcan\u00e7ar o sucesso em sua jornada de maturidade em IA.<\/p>\n<\/div>\n","protected":false},"excerpt":{"rendered":"<p>Resultados da Avalia\u00e7\u00e3o de IA par Liliane Santos Pontua\u00e7\u00e3o Total: 26\/70 &#8211; Rastejar Sua organiza\u00e7\u00e3o est\u00e1 no est\u00e1gio de rastejar em termos de maturidade em IA. Isso significa que sua organiza\u00e7\u00e3o est\u00e1 no in\u00edcio da ado\u00e7\u00e3o de IA, com sistemas isolados e decis\u00f5es baseadas em regras. Seus Pontos Fortes A sua organiza\u00e7\u00e3o est\u00e1 dando os [&hellip;]<\/p>\n","protected":false},"author":26,"featured_media":0,"parent":0,"menu_order":0,"comment_status":"closed","ping_status":"closed","template":"","meta":{"_acf_changed":false,"footnotes":""},"industry":[],"class_list":["post-1780","page","type-page","status-publish","hentry"],"acf":[],"yoast_head":"<!-- This site is optimized with the Yoast SEO Premium plugin v27.4 (Yoast SEO v27.4) - https:\/\/yoast.com\/product\/yoast-seo-premium-wordpress\/ -->\n<title>ia-resultados-Liliane Santos-0 - Provenir-PTBR<\/title>\n<meta name=\"robots\" content=\"index, follow, max-snippet:-1, max-image-preview:large, max-video-preview:-1\" \/>\n<link rel=\"canonical\" href=\"https:\/\/www.provenir.com\/pt\/ia-resultados-liliane-santos-0\/\" \/>\n<meta property=\"og:locale\" content=\"pt_BR\" \/>\n<meta property=\"og:type\" content=\"article\" \/>\n<meta property=\"og:title\" content=\"ia-resultados-Liliane Santos-0\" \/>\n<meta property=\"og:description\" content=\"Resultados da Avalia\u00e7\u00e3o de IA par Liliane Santos Pontua\u00e7\u00e3o Total: 26\/70 &#8211; Rastejar Sua organiza\u00e7\u00e3o est\u00e1 no est\u00e1gio de rastejar em termos de maturidade em IA. Isso significa que sua organiza\u00e7\u00e3o est\u00e1 no in\u00edcio da ado\u00e7\u00e3o de IA, com sistemas isolados e decis\u00f5es baseadas em regras. Seus Pontos Fortes A sua organiza\u00e7\u00e3o est\u00e1 dando os [&hellip;]\" \/>\n<meta property=\"og:url\" content=\"https:\/\/www.provenir.com\/pt\/ia-resultados-liliane-santos-0\/\" \/>\n<meta property=\"og:site_name\" content=\"Provenir-PTBR\" \/>\n<meta name=\"twitter:card\" content=\"summary_large_image\" \/>\n<meta name=\"twitter:label1\" content=\"Est. reading time\" \/>\n\t<meta name=\"twitter:data1\" content=\"2 minutos\" \/>\n<script type=\"application\/ld+json\" class=\"yoast-schema-graph\">{\"@context\":\"https:\\\/\\\/schema.org\",\"@graph\":[{\"@type\":\"WebPage\",\"@id\":\"https:\\\/\\\/www.provenir.com\\\/pt\\\/ia-resultados-liliane-santos-0\\\/\",\"url\":\"https:\\\/\\\/www.provenir.com\\\/pt\\\/ia-resultados-liliane-santos-0\\\/\",\"name\":\"ia-resultados-Liliane Santos-0 - Provenir-PTBR\",\"isPartOf\":{\"@id\":\"https:\\\/\\\/www.provenir.com\\\/pt\\\/#website\"},\"datePublished\":\"2026-02-26T12:00:51+00:00\",\"breadcrumb\":{\"@id\":\"https:\\\/\\\/www.provenir.com\\\/pt\\\/ia-resultados-liliane-santos-0\\\/#breadcrumb\"},\"inLanguage\":\"pt-BR\",\"potentialAction\":[{\"@type\":\"ReadAction\",\"target\":[\"https:\\\/\\\/www.provenir.com\\\/pt\\\/ia-resultados-liliane-santos-0\\\/\"]}]},{\"@type\":\"BreadcrumbList\",\"@id\":\"https:\\\/\\\/www.provenir.com\\\/pt\\\/ia-resultados-liliane-santos-0\\\/#breadcrumb\",\"itemListElement\":[{\"@type\":\"ListItem\",\"position\":1,\"name\":\"Home\",\"item\":\"https:\\\/\\\/www.provenir.com\\\/pt\\\/\"},{\"@type\":\"ListItem\",\"position\":2,\"name\":\"ia-resultados-Liliane Santos-0\"}]},{\"@type\":\"WebSite\",\"@id\":\"https:\\\/\\\/www.provenir.com\\\/pt\\\/#website\",\"url\":\"https:\\\/\\\/www.provenir.com\\\/pt\\\/\",\"name\":\"Provenir-PTBR\",\"description\":\"Decis\u00e3o de risco de cr\u00e9dito baseada em IA\",\"potentialAction\":[{\"@type\":\"SearchAction\",\"target\":{\"@type\":\"EntryPoint\",\"urlTemplate\":\"https:\\\/\\\/www.provenir.com\\\/pt\\\/?s={search_term_string}\"},\"query-input\":{\"@type\":\"PropertyValueSpecification\",\"valueRequired\":true,\"valueName\":\"search_term_string\"}}],\"inLanguage\":\"pt-BR\"}]}<\/script>\n<!-- \/ Yoast SEO Premium plugin. -->","yoast_head_json":{"title":"ia-resultados-Liliane Santos-0 - Provenir-PTBR","robots":{"index":"index","follow":"follow","max-snippet":"max-snippet:-1","max-image-preview":"max-image-preview:large","max-video-preview":"max-video-preview:-1"},"canonical":"https:\/\/www.provenir.com\/pt\/ia-resultados-liliane-santos-0\/","og_locale":"pt_BR","og_type":"article","og_title":"ia-resultados-Liliane Santos-0","og_description":"Resultados da Avalia\u00e7\u00e3o de IA par Liliane Santos Pontua\u00e7\u00e3o Total: 26\/70 &#8211; Rastejar Sua organiza\u00e7\u00e3o est\u00e1 no est\u00e1gio de rastejar em termos de maturidade em IA. Isso significa que sua organiza\u00e7\u00e3o est\u00e1 no in\u00edcio da ado\u00e7\u00e3o de IA, com sistemas isolados e decis\u00f5es baseadas em regras. Seus Pontos Fortes A sua organiza\u00e7\u00e3o est\u00e1 dando os [&hellip;]","og_url":"https:\/\/www.provenir.com\/pt\/ia-resultados-liliane-santos-0\/","og_site_name":"Provenir-PTBR","twitter_card":"summary_large_image","twitter_misc":{"Est. reading time":"2 minutos"},"schema":{"@context":"https:\/\/schema.org","@graph":[{"@type":"WebPage","@id":"https:\/\/www.provenir.com\/pt\/ia-resultados-liliane-santos-0\/","url":"https:\/\/www.provenir.com\/pt\/ia-resultados-liliane-santos-0\/","name":"ia-resultados-Liliane Santos-0 - Provenir-PTBR","isPartOf":{"@id":"https:\/\/www.provenir.com\/pt\/#website"},"datePublished":"2026-02-26T12:00:51+00:00","breadcrumb":{"@id":"https:\/\/www.provenir.com\/pt\/ia-resultados-liliane-santos-0\/#breadcrumb"},"inLanguage":"pt-BR","potentialAction":[{"@type":"ReadAction","target":["https:\/\/www.provenir.com\/pt\/ia-resultados-liliane-santos-0\/"]}]},{"@type":"BreadcrumbList","@id":"https:\/\/www.provenir.com\/pt\/ia-resultados-liliane-santos-0\/#breadcrumb","itemListElement":[{"@type":"ListItem","position":1,"name":"Home","item":"https:\/\/www.provenir.com\/pt\/"},{"@type":"ListItem","position":2,"name":"ia-resultados-Liliane Santos-0"}]},{"@type":"WebSite","@id":"https:\/\/www.provenir.com\/pt\/#website","url":"https:\/\/www.provenir.com\/pt\/","name":"Provenir-PTBR","description":"Decis\u00e3o de risco de cr\u00e9dito baseada em IA","potentialAction":[{"@type":"SearchAction","target":{"@type":"EntryPoint","urlTemplate":"https:\/\/www.provenir.com\/pt\/?s={search_term_string}"},"query-input":{"@type":"PropertyValueSpecification","valueRequired":true,"valueName":"search_term_string"}}],"inLanguage":"pt-BR"}]}},"_links":{"self":[{"href":"https:\/\/www.provenir.com\/pt\/wp-json\/wp\/v2\/pages\/1780","targetHints":{"allow":["GET"]}}],"collection":[{"href":"https:\/\/www.provenir.com\/pt\/wp-json\/wp\/v2\/pages"}],"about":[{"href":"https:\/\/www.provenir.com\/pt\/wp-json\/wp\/v2\/types\/page"}],"author":[{"embeddable":true,"href":"https:\/\/www.provenir.com\/pt\/wp-json\/wp\/v2\/users\/26"}],"replies":[{"embeddable":true,"href":"https:\/\/www.provenir.com\/pt\/wp-json\/wp\/v2\/comments?post=1780"}],"version-history":[{"count":0,"href":"https:\/\/www.provenir.com\/pt\/wp-json\/wp\/v2\/pages\/1780\/revisions"}],"wp:attachment":[{"href":"https:\/\/www.provenir.com\/pt\/wp-json\/wp\/v2\/media?parent=1780"}],"wp:term":[{"taxonomy":"industry","embeddable":true,"href":"https:\/\/www.provenir.com\/pt\/wp-json\/wp\/v2\/industry?post=1780"}],"curies":[{"name":"wp","href":"https:\/\/api.w.org\/{rel}","templated":true}]}}