{"id":1784,"date":"2026-02-28T23:16:56","date_gmt":"2026-02-28T23:16:56","guid":{"rendered":"https:\/\/www.provenir.com\/pt\/ia-resultados-waldomiro-rodrigues-0\/"},"modified":"2026-02-28T23:16:56","modified_gmt":"2026-02-28T23:16:56","slug":"ia-resultados-waldomiro-rodrigues-0","status":"publish","type":"page","link":"https:\/\/www.provenir.com\/pt\/ia-resultados-waldomiro-rodrigues-0\/","title":{"rendered":"ia-resultados-Waldomiro Rodrigues-0"},"content":{"rendered":"<style>\n.uk-margin-remove-adjacent+*, .uk-margin-remove-first-child>:first-child {\n    margin-top: -50px !important;\n}\n.uk-article-title {\n    font-size: 2.23125rem;\n    line-height: 1.2;\n    color: #fff;\n    font-family: Inter;\n    font-weight: 700;\n    text-transform: none;\n    letter-spacing: 0;\n    font-style: normal;\n    visibility: hidden;\n}\n<\/style>\n<h1 class=\"uk-text-background\">Resultados da Avalia\u00e7\u00e3o de IA par Waldomiro Rodrigues<\/h1>\n<hr>\n<div class=\"uk-card uk-card-default uk-padding\">\n<h3 class=\"uk-text-warning uk-margin-remove-bottom\">Pontos de Avalia\u00e7\u00e3o: 48\/70 &#8211; Caminhar<\/h3>\n<p class=\"uk-text-emphasis uk-text-lead uk-margin-remove-top\">Sua organiza\u00e7\u00e3o est\u00e1 no est\u00e1gio de Caminhar em termos de maturidade em IA. Isso significa que voc\u00ea j\u00e1 come\u00e7ou a implementar modelos preditivos em suas opera\u00e7\u00f5es, mas ainda est\u00e1 em uma fase inicial de ado\u00e7\u00e3o.<\/p>\n<\/div>\n<h3 class=\"uk-text-warning uk-margin-remove-bottom\">Seus Pontos Fortes<\/h3>\n<ul class=\"uk-text-emphasis uk-margin-remove-top\">\n<li>Voc\u00ea tem uma compreens\u00e3o b\u00e1sica de IA e est\u00e1 disposto a investir em sua implementa\u00e7\u00e3o.<\/li>\n<li>Sua organiza\u00e7\u00e3o j\u00e1 est\u00e1 utilizando alguns modelos preditivos em suas opera\u00e7\u00f5es, o que demonstra um esfor\u00e7o em adotar tecnologias avan\u00e7adas.<\/li>\n<li>Voc\u00ea tem uma abordagem estruturada para governan\u00e7a de dados, embora ainda n\u00e3o esteja totalmente desenvolvida.<\/li>\n<\/ul>\n<h3 class=\"uk-text-warning uk-margin-remove-bottom\">Oportunidades de Crescimento<\/h3>\n<p class=\"uk-text-emphasis uk-margin-remove-top\">Para evoluir para o pr\u00f3ximo est\u00e1gio de maturidade em IA, \u00e9 importante que sua organiza\u00e7\u00e3o aumente sua capacidade de implementar modelos preditivos em todo o ciclo de vida de seus processos de neg\u00f3cios. Al\u00e9m disso, \u00e9 necess\u00e1rio aprimorar sua governan\u00e7a de dados e expandir a utiliza\u00e7\u00e3o de dados de terceiros em suas opera\u00e7\u00f5es.<\/p>\n<div class=\"uk-card uk-card-primary uk-padding\">\n<h3 class=\"uk-text-warning uk-margin-remove-bottom\">Como a Provenir Pode Ajudar<\/h3>\n<p class=\"uk-text-emphasis uk-text-default uk-margin-remove-top uk-text-lead\">A Provenir pode ajudar sua organiza\u00e7\u00e3o a avan\u00e7ar para o pr\u00f3ximo est\u00e1gio de maturidade em IA, fornecendo solu\u00e7\u00f5es avan\u00e7adas de modelagem preditiva e an\u00e1lise de dados. Al\u00e9m disso, nossa plataforma de tomada de decis\u00e3o em tempo real pode ajud\u00e1-lo a integrar IA em todo o ciclo de vida de suas opera\u00e7\u00f5es e aprimorar sua governan\u00e7a de dados. Com nossa ajuda, voc\u00ea pode alcan\u00e7ar resultados ainda mais impactantes em seus neg\u00f3cios.<\/p>\n<\/div>\n","protected":false},"excerpt":{"rendered":"<p>Resultados da Avalia\u00e7\u00e3o de IA par Waldomiro Rodrigues Pontos de Avalia\u00e7\u00e3o: 48\/70 &#8211; Caminhar Sua organiza\u00e7\u00e3o est\u00e1 no est\u00e1gio de Caminhar em termos de maturidade em IA. Isso significa que voc\u00ea j\u00e1 come\u00e7ou a implementar modelos preditivos em suas opera\u00e7\u00f5es, mas ainda est\u00e1 em uma fase inicial de ado\u00e7\u00e3o. Seus Pontos Fortes Voc\u00ea tem uma [&hellip;]<\/p>\n","protected":false},"author":26,"featured_media":0,"parent":0,"menu_order":0,"comment_status":"closed","ping_status":"closed","template":"","meta":{"_acf_changed":false,"footnotes":""},"industry":[],"class_list":["post-1784","page","type-page","status-publish","hentry"],"acf":[],"yoast_head":"<!-- This site is optimized with the Yoast SEO Premium plugin v27.4 (Yoast SEO v27.4) - https:\/\/yoast.com\/product\/yoast-seo-premium-wordpress\/ -->\n<title>ia-resultados-Waldomiro Rodrigues-0 - Provenir-PTBR<\/title>\n<meta name=\"robots\" content=\"index, follow, max-snippet:-1, max-image-preview:large, max-video-preview:-1\" \/>\n<link rel=\"canonical\" href=\"https:\/\/www.provenir.com\/pt\/ia-resultados-waldomiro-rodrigues-0\/\" \/>\n<meta property=\"og:locale\" content=\"pt_BR\" \/>\n<meta property=\"og:type\" content=\"article\" \/>\n<meta property=\"og:title\" content=\"ia-resultados-Waldomiro Rodrigues-0\" \/>\n<meta property=\"og:description\" content=\"Resultados da Avalia\u00e7\u00e3o de IA par Waldomiro Rodrigues Pontos de Avalia\u00e7\u00e3o: 48\/70 &#8211; Caminhar Sua organiza\u00e7\u00e3o est\u00e1 no est\u00e1gio de Caminhar em termos de maturidade em IA. Isso significa que voc\u00ea j\u00e1 come\u00e7ou a implementar modelos preditivos em suas opera\u00e7\u00f5es, mas ainda est\u00e1 em uma fase inicial de ado\u00e7\u00e3o. Seus Pontos Fortes Voc\u00ea tem uma [&hellip;]\" \/>\n<meta property=\"og:url\" content=\"https:\/\/www.provenir.com\/pt\/ia-resultados-waldomiro-rodrigues-0\/\" \/>\n<meta property=\"og:site_name\" content=\"Provenir-PTBR\" \/>\n<meta name=\"twitter:card\" content=\"summary_large_image\" \/>\n<meta name=\"twitter:label1\" content=\"Est. reading time\" \/>\n\t<meta name=\"twitter:data1\" content=\"1 minuto\" \/>\n<script type=\"application\/ld+json\" class=\"yoast-schema-graph\">{\"@context\":\"https:\\\/\\\/schema.org\",\"@graph\":[{\"@type\":\"WebPage\",\"@id\":\"https:\\\/\\\/www.provenir.com\\\/pt\\\/ia-resultados-waldomiro-rodrigues-0\\\/\",\"url\":\"https:\\\/\\\/www.provenir.com\\\/pt\\\/ia-resultados-waldomiro-rodrigues-0\\\/\",\"name\":\"ia-resultados-Waldomiro Rodrigues-0 - Provenir-PTBR\",\"isPartOf\":{\"@id\":\"https:\\\/\\\/www.provenir.com\\\/pt\\\/#website\"},\"datePublished\":\"2026-02-28T23:16:56+00:00\",\"breadcrumb\":{\"@id\":\"https:\\\/\\\/www.provenir.com\\\/pt\\\/ia-resultados-waldomiro-rodrigues-0\\\/#breadcrumb\"},\"inLanguage\":\"pt-BR\",\"potentialAction\":[{\"@type\":\"ReadAction\",\"target\":[\"https:\\\/\\\/www.provenir.com\\\/pt\\\/ia-resultados-waldomiro-rodrigues-0\\\/\"]}]},{\"@type\":\"BreadcrumbList\",\"@id\":\"https:\\\/\\\/www.provenir.com\\\/pt\\\/ia-resultados-waldomiro-rodrigues-0\\\/#breadcrumb\",\"itemListElement\":[{\"@type\":\"ListItem\",\"position\":1,\"name\":\"Home\",\"item\":\"https:\\\/\\\/www.provenir.com\\\/pt\\\/\"},{\"@type\":\"ListItem\",\"position\":2,\"name\":\"ia-resultados-Waldomiro Rodrigues-0\"}]},{\"@type\":\"WebSite\",\"@id\":\"https:\\\/\\\/www.provenir.com\\\/pt\\\/#website\",\"url\":\"https:\\\/\\\/www.provenir.com\\\/pt\\\/\",\"name\":\"Provenir-PTBR\",\"description\":\"Decis\u00e3o de risco de cr\u00e9dito baseada em IA\",\"potentialAction\":[{\"@type\":\"SearchAction\",\"target\":{\"@type\":\"EntryPoint\",\"urlTemplate\":\"https:\\\/\\\/www.provenir.com\\\/pt\\\/?s={search_term_string}\"},\"query-input\":{\"@type\":\"PropertyValueSpecification\",\"valueRequired\":true,\"valueName\":\"search_term_string\"}}],\"inLanguage\":\"pt-BR\"}]}<\/script>\n<!-- \/ Yoast SEO Premium plugin. -->","yoast_head_json":{"title":"ia-resultados-Waldomiro Rodrigues-0 - Provenir-PTBR","robots":{"index":"index","follow":"follow","max-snippet":"max-snippet:-1","max-image-preview":"max-image-preview:large","max-video-preview":"max-video-preview:-1"},"canonical":"https:\/\/www.provenir.com\/pt\/ia-resultados-waldomiro-rodrigues-0\/","og_locale":"pt_BR","og_type":"article","og_title":"ia-resultados-Waldomiro Rodrigues-0","og_description":"Resultados da Avalia\u00e7\u00e3o de IA par Waldomiro Rodrigues Pontos de Avalia\u00e7\u00e3o: 48\/70 &#8211; Caminhar Sua organiza\u00e7\u00e3o est\u00e1 no est\u00e1gio de Caminhar em termos de maturidade em IA. Isso significa que voc\u00ea j\u00e1 come\u00e7ou a implementar modelos preditivos em suas opera\u00e7\u00f5es, mas ainda est\u00e1 em uma fase inicial de ado\u00e7\u00e3o. Seus Pontos Fortes Voc\u00ea tem uma [&hellip;]","og_url":"https:\/\/www.provenir.com\/pt\/ia-resultados-waldomiro-rodrigues-0\/","og_site_name":"Provenir-PTBR","twitter_card":"summary_large_image","twitter_misc":{"Est. reading time":"1 minuto"},"schema":{"@context":"https:\/\/schema.org","@graph":[{"@type":"WebPage","@id":"https:\/\/www.provenir.com\/pt\/ia-resultados-waldomiro-rodrigues-0\/","url":"https:\/\/www.provenir.com\/pt\/ia-resultados-waldomiro-rodrigues-0\/","name":"ia-resultados-Waldomiro Rodrigues-0 - Provenir-PTBR","isPartOf":{"@id":"https:\/\/www.provenir.com\/pt\/#website"},"datePublished":"2026-02-28T23:16:56+00:00","breadcrumb":{"@id":"https:\/\/www.provenir.com\/pt\/ia-resultados-waldomiro-rodrigues-0\/#breadcrumb"},"inLanguage":"pt-BR","potentialAction":[{"@type":"ReadAction","target":["https:\/\/www.provenir.com\/pt\/ia-resultados-waldomiro-rodrigues-0\/"]}]},{"@type":"BreadcrumbList","@id":"https:\/\/www.provenir.com\/pt\/ia-resultados-waldomiro-rodrigues-0\/#breadcrumb","itemListElement":[{"@type":"ListItem","position":1,"name":"Home","item":"https:\/\/www.provenir.com\/pt\/"},{"@type":"ListItem","position":2,"name":"ia-resultados-Waldomiro Rodrigues-0"}]},{"@type":"WebSite","@id":"https:\/\/www.provenir.com\/pt\/#website","url":"https:\/\/www.provenir.com\/pt\/","name":"Provenir-PTBR","description":"Decis\u00e3o de risco de cr\u00e9dito baseada em IA","potentialAction":[{"@type":"SearchAction","target":{"@type":"EntryPoint","urlTemplate":"https:\/\/www.provenir.com\/pt\/?s={search_term_string}"},"query-input":{"@type":"PropertyValueSpecification","valueRequired":true,"valueName":"search_term_string"}}],"inLanguage":"pt-BR"}]}},"_links":{"self":[{"href":"https:\/\/www.provenir.com\/pt\/wp-json\/wp\/v2\/pages\/1784","targetHints":{"allow":["GET"]}}],"collection":[{"href":"https:\/\/www.provenir.com\/pt\/wp-json\/wp\/v2\/pages"}],"about":[{"href":"https:\/\/www.provenir.com\/pt\/wp-json\/wp\/v2\/types\/page"}],"author":[{"embeddable":true,"href":"https:\/\/www.provenir.com\/pt\/wp-json\/wp\/v2\/users\/26"}],"replies":[{"embeddable":true,"href":"https:\/\/www.provenir.com\/pt\/wp-json\/wp\/v2\/comments?post=1784"}],"version-history":[{"count":0,"href":"https:\/\/www.provenir.com\/pt\/wp-json\/wp\/v2\/pages\/1784\/revisions"}],"wp:attachment":[{"href":"https:\/\/www.provenir.com\/pt\/wp-json\/wp\/v2\/media?parent=1784"}],"wp:term":[{"taxonomy":"industry","embeddable":true,"href":"https:\/\/www.provenir.com\/pt\/wp-json\/wp\/v2\/industry?post=1784"}],"curies":[{"name":"wp","href":"https:\/\/api.w.org\/{rel}","templated":true}]}}