{"id":1791,"date":"2026-03-06T15:06:24","date_gmt":"2026-03-06T15:06:24","guid":{"rendered":"https:\/\/www.provenir.com\/pt\/ia-resultados-ingrid-reila-0\/"},"modified":"2026-03-06T15:06:24","modified_gmt":"2026-03-06T15:06:24","slug":"ia-resultados-ingrid-reila-0","status":"publish","type":"page","link":"https:\/\/www.provenir.com\/pt\/ia-resultados-ingrid-reila-0\/","title":{"rendered":"ia-resultados-Ingrid Reila-0"},"content":{"rendered":"<style>\n.uk-margin-remove-adjacent+*, .uk-margin-remove-first-child>:first-child {\n    margin-top: -50px !important;\n}\n.uk-article-title {\n    font-size: 2.23125rem;\n    line-height: 1.2;\n    color: #fff;\n    font-family: Inter;\n    font-weight: 700;\n    text-transform: none;\n    letter-spacing: 0;\n    font-style: normal;\n    visibility: hidden;\n}\n<\/style>\n<h1 class=\"uk-text-background\">Resultados da Avalia\u00e7\u00e3o de IA par Ingrid Reila<\/h1>\n<hr>\n<div class=\"uk-card uk-card-default uk-padding\">\n<h3 class=\"uk-text-warning uk-margin-remove-bottom\">Pontua\u00e7\u00e3o Total: 46\/70 &#8211; Caminhar<\/h3>\n<p class=\"uk-text-emphasis uk-text-lead uk-margin-remove-top\">A sua organiza\u00e7\u00e3o est\u00e1 no est\u00e1gio de caminhar em maturidade em IA. Isso significa que voc\u00eas j\u00e1 deram os primeiros passos para adotar a intelig\u00eancia artificial, mas ainda h\u00e1 espa\u00e7o para crescimento e aprimoramento.<\/p>\n<\/div>\n<h3 class=\"uk-text-warning uk-margin-remove-bottom\">Seus Pontos Fortes<\/h3>\n<ul class=\"uk-text-emphasis uk-margin-remove-top\">\n<li>Seu progresso em adotar a IA mostra um compromisso em utilizar tecnologias inovadoras para impulsionar o sucesso da organiza\u00e7\u00e3o.<\/li>\n<li>Voc\u00eas j\u00e1 est\u00e3o utilizando modelos preditivos, o que demonstra uma compreens\u00e3o do potencial da IA para melhorar a tomada de decis\u00f5es.<\/li>\n<li>Sua organiza\u00e7\u00e3o est\u00e1 come\u00e7ando a desenvolver governan\u00e7a em torno do uso de IA, o que \u00e9 essencial para garantir o uso \u00e9tico e respons\u00e1vel da tecnologia.<\/li>\n<\/ul>\n<h3 class=\"uk-text-warning uk-margin-remove-bottom\">Oportunidades de Crescimento<\/h3>\n<p class=\"uk-text-emphasis uk-margin-remove-top\">Para alcan\u00e7ar o pr\u00f3ximo est\u00e1gio em maturidade em IA, \u00e9 importante que sua organiza\u00e7\u00e3o continue investindo em recursos e tecnologias que permitam a utiliza\u00e7\u00e3o de modelos prescritivos e tomada de decis\u00f5es em tempo real. Al\u00e9m disso, \u00e9 fundamental fortalecer a governan\u00e7a em torno do uso de IA, garantindo que os dados utilizados sejam \u00e9ticos e que as decis\u00f5es tomadas sejam transparentes e respons\u00e1veis.<\/p>\n<div class=\"uk-card uk-card-primary uk-padding\">\n<h3 class=\"uk-text-warning uk-margin-remove-bottom\">Como a Provenir Pode Ajudar<\/h3>\n<p class=\"uk-text-emphasis uk-text-default uk-margin-remove-top uk-text-lead\">A Provenir pode ajudar sua organiza\u00e7\u00e3o a alcan\u00e7ar o pr\u00f3ximo n\u00edvel de maturidade em IA, fornecendo tecnologias e solu\u00e7\u00f5es escal\u00e1veis para tomada de decis\u00f5es baseadas em modelos prescritivos e em tempo real. Al\u00e9m disso, nossas ferramentas de governan\u00e7a de dados e \u00e9tica podem ajudar a garantir que sua organiza\u00e7\u00e3o esteja tomando decis\u00f5es respons\u00e1veis e transparentes com o uso de IA.<\/p>\n<\/div>\n","protected":false},"excerpt":{"rendered":"<p>Resultados da Avalia\u00e7\u00e3o de IA par Ingrid Reila Pontua\u00e7\u00e3o Total: 46\/70 &#8211; Caminhar A sua organiza\u00e7\u00e3o est\u00e1 no est\u00e1gio de caminhar em maturidade em IA. Isso significa que voc\u00eas j\u00e1 deram os primeiros passos para adotar a intelig\u00eancia artificial, mas ainda h\u00e1 espa\u00e7o para crescimento e aprimoramento. Seus Pontos Fortes Seu progresso em adotar a [&hellip;]<\/p>\n","protected":false},"author":26,"featured_media":0,"parent":0,"menu_order":0,"comment_status":"closed","ping_status":"closed","template":"","meta":{"_acf_changed":false,"footnotes":""},"industry":[],"class_list":["post-1791","page","type-page","status-publish","hentry"],"acf":[],"yoast_head":"<!-- This site is optimized with the Yoast SEO Premium plugin v27.4 (Yoast SEO v27.4) - https:\/\/yoast.com\/product\/yoast-seo-premium-wordpress\/ -->\n<title>ia-resultados-Ingrid Reila-0 - Provenir-PTBR<\/title>\n<meta name=\"robots\" content=\"index, follow, max-snippet:-1, max-image-preview:large, max-video-preview:-1\" \/>\n<link rel=\"canonical\" href=\"https:\/\/www.provenir.com\/pt\/ia-resultados-ingrid-reila-0\/\" \/>\n<meta property=\"og:locale\" content=\"pt_BR\" \/>\n<meta property=\"og:type\" content=\"article\" \/>\n<meta property=\"og:title\" content=\"ia-resultados-Ingrid Reila-0\" \/>\n<meta property=\"og:description\" content=\"Resultados da Avalia\u00e7\u00e3o de IA par Ingrid Reila Pontua\u00e7\u00e3o Total: 46\/70 &#8211; Caminhar A sua organiza\u00e7\u00e3o est\u00e1 no est\u00e1gio de caminhar em maturidade em IA. Isso significa que voc\u00eas j\u00e1 deram os primeiros passos para adotar a intelig\u00eancia artificial, mas ainda h\u00e1 espa\u00e7o para crescimento e aprimoramento. Seus Pontos Fortes Seu progresso em adotar a [&hellip;]\" \/>\n<meta property=\"og:url\" content=\"https:\/\/www.provenir.com\/pt\/ia-resultados-ingrid-reila-0\/\" \/>\n<meta property=\"og:site_name\" content=\"Provenir-PTBR\" \/>\n<meta name=\"twitter:card\" content=\"summary_large_image\" \/>\n<meta name=\"twitter:label1\" content=\"Est. reading time\" \/>\n\t<meta name=\"twitter:data1\" content=\"1 minuto\" \/>\n<script type=\"application\/ld+json\" class=\"yoast-schema-graph\">{\"@context\":\"https:\\\/\\\/schema.org\",\"@graph\":[{\"@type\":\"WebPage\",\"@id\":\"https:\\\/\\\/www.provenir.com\\\/pt\\\/ia-resultados-ingrid-reila-0\\\/\",\"url\":\"https:\\\/\\\/www.provenir.com\\\/pt\\\/ia-resultados-ingrid-reila-0\\\/\",\"name\":\"ia-resultados-Ingrid Reila-0 - Provenir-PTBR\",\"isPartOf\":{\"@id\":\"https:\\\/\\\/www.provenir.com\\\/pt\\\/#website\"},\"datePublished\":\"2026-03-06T15:06:24+00:00\",\"breadcrumb\":{\"@id\":\"https:\\\/\\\/www.provenir.com\\\/pt\\\/ia-resultados-ingrid-reila-0\\\/#breadcrumb\"},\"inLanguage\":\"pt-BR\",\"potentialAction\":[{\"@type\":\"ReadAction\",\"target\":[\"https:\\\/\\\/www.provenir.com\\\/pt\\\/ia-resultados-ingrid-reila-0\\\/\"]}]},{\"@type\":\"BreadcrumbList\",\"@id\":\"https:\\\/\\\/www.provenir.com\\\/pt\\\/ia-resultados-ingrid-reila-0\\\/#breadcrumb\",\"itemListElement\":[{\"@type\":\"ListItem\",\"position\":1,\"name\":\"Home\",\"item\":\"https:\\\/\\\/www.provenir.com\\\/pt\\\/\"},{\"@type\":\"ListItem\",\"position\":2,\"name\":\"ia-resultados-Ingrid Reila-0\"}]},{\"@type\":\"WebSite\",\"@id\":\"https:\\\/\\\/www.provenir.com\\\/pt\\\/#website\",\"url\":\"https:\\\/\\\/www.provenir.com\\\/pt\\\/\",\"name\":\"Provenir-PTBR\",\"description\":\"Decis\u00e3o de risco de cr\u00e9dito baseada em IA\",\"potentialAction\":[{\"@type\":\"SearchAction\",\"target\":{\"@type\":\"EntryPoint\",\"urlTemplate\":\"https:\\\/\\\/www.provenir.com\\\/pt\\\/?s={search_term_string}\"},\"query-input\":{\"@type\":\"PropertyValueSpecification\",\"valueRequired\":true,\"valueName\":\"search_term_string\"}}],\"inLanguage\":\"pt-BR\"}]}<\/script>\n<!-- \/ Yoast SEO Premium plugin. -->","yoast_head_json":{"title":"ia-resultados-Ingrid Reila-0 - Provenir-PTBR","robots":{"index":"index","follow":"follow","max-snippet":"max-snippet:-1","max-image-preview":"max-image-preview:large","max-video-preview":"max-video-preview:-1"},"canonical":"https:\/\/www.provenir.com\/pt\/ia-resultados-ingrid-reila-0\/","og_locale":"pt_BR","og_type":"article","og_title":"ia-resultados-Ingrid Reila-0","og_description":"Resultados da Avalia\u00e7\u00e3o de IA par Ingrid Reila Pontua\u00e7\u00e3o Total: 46\/70 &#8211; Caminhar A sua organiza\u00e7\u00e3o est\u00e1 no est\u00e1gio de caminhar em maturidade em IA. Isso significa que voc\u00eas j\u00e1 deram os primeiros passos para adotar a intelig\u00eancia artificial, mas ainda h\u00e1 espa\u00e7o para crescimento e aprimoramento. Seus Pontos Fortes Seu progresso em adotar a [&hellip;]","og_url":"https:\/\/www.provenir.com\/pt\/ia-resultados-ingrid-reila-0\/","og_site_name":"Provenir-PTBR","twitter_card":"summary_large_image","twitter_misc":{"Est. reading time":"1 minuto"},"schema":{"@context":"https:\/\/schema.org","@graph":[{"@type":"WebPage","@id":"https:\/\/www.provenir.com\/pt\/ia-resultados-ingrid-reila-0\/","url":"https:\/\/www.provenir.com\/pt\/ia-resultados-ingrid-reila-0\/","name":"ia-resultados-Ingrid Reila-0 - Provenir-PTBR","isPartOf":{"@id":"https:\/\/www.provenir.com\/pt\/#website"},"datePublished":"2026-03-06T15:06:24+00:00","breadcrumb":{"@id":"https:\/\/www.provenir.com\/pt\/ia-resultados-ingrid-reila-0\/#breadcrumb"},"inLanguage":"pt-BR","potentialAction":[{"@type":"ReadAction","target":["https:\/\/www.provenir.com\/pt\/ia-resultados-ingrid-reila-0\/"]}]},{"@type":"BreadcrumbList","@id":"https:\/\/www.provenir.com\/pt\/ia-resultados-ingrid-reila-0\/#breadcrumb","itemListElement":[{"@type":"ListItem","position":1,"name":"Home","item":"https:\/\/www.provenir.com\/pt\/"},{"@type":"ListItem","position":2,"name":"ia-resultados-Ingrid Reila-0"}]},{"@type":"WebSite","@id":"https:\/\/www.provenir.com\/pt\/#website","url":"https:\/\/www.provenir.com\/pt\/","name":"Provenir-PTBR","description":"Decis\u00e3o de risco de cr\u00e9dito baseada em IA","potentialAction":[{"@type":"SearchAction","target":{"@type":"EntryPoint","urlTemplate":"https:\/\/www.provenir.com\/pt\/?s={search_term_string}"},"query-input":{"@type":"PropertyValueSpecification","valueRequired":true,"valueName":"search_term_string"}}],"inLanguage":"pt-BR"}]}},"_links":{"self":[{"href":"https:\/\/www.provenir.com\/pt\/wp-json\/wp\/v2\/pages\/1791","targetHints":{"allow":["GET"]}}],"collection":[{"href":"https:\/\/www.provenir.com\/pt\/wp-json\/wp\/v2\/pages"}],"about":[{"href":"https:\/\/www.provenir.com\/pt\/wp-json\/wp\/v2\/types\/page"}],"author":[{"embeddable":true,"href":"https:\/\/www.provenir.com\/pt\/wp-json\/wp\/v2\/users\/26"}],"replies":[{"embeddable":true,"href":"https:\/\/www.provenir.com\/pt\/wp-json\/wp\/v2\/comments?post=1791"}],"version-history":[{"count":0,"href":"https:\/\/www.provenir.com\/pt\/wp-json\/wp\/v2\/pages\/1791\/revisions"}],"wp:attachment":[{"href":"https:\/\/www.provenir.com\/pt\/wp-json\/wp\/v2\/media?parent=1791"}],"wp:term":[{"taxonomy":"industry","embeddable":true,"href":"https:\/\/www.provenir.com\/pt\/wp-json\/wp\/v2\/industry?post=1791"}],"curies":[{"name":"wp","href":"https:\/\/api.w.org\/{rel}","templated":true}]}}